{"id":29915,"date":"2023-05-10T14:18:55","date_gmt":"2023-05-10T12:18:55","guid":{"rendered":"https:\/\/librairie7l.com\/?post_type=product&#038;p=29915"},"modified":"2026-04-16T20:46:34","modified_gmt":"2026-04-16T18:46:34","slug":"trois-siecles-de-mode","status":"publish","type":"product","link":"https:\/\/librairie7l.com\/en\/produit\/trois-siecles-de-mode\/","title":{"rendered":"TROIS SI\u00c8CLES DE MODE"},"content":{"rendered":"<p>Ce livre d\u00e9voile une centaine des plus belles pi\u00e8ces de mode f\u00e9minine, masculine et enfantine de la collection du mus\u00e9e des Arts d\u00e9coratifs \u00e0 Paris : du XVIIIe si\u00e8cle \u00e0 aujourd&#8217;hui, costumes anciens, pi\u00e8ces de haute couture, silhouettes embl\u00e9matiques du pr\u00eat-\u00e0-porter, parfois accompagn\u00e9s d&#8217;accessoires, tous appartenant aux collections nationales fran\u00e7aises, forment une frise chronologique illustrant trois si\u00e8cles d&#8217;histoire de la mode. Ils dialoguent avec des objets d&#8217;art d\u00e9coratif conserv\u00e9s au mus\u00e9e &#8211; boiseries du XVIIIe si\u00e8cle, papiers peints panoramiques du XIXe si\u00e8cle, mobilier de d\u00e9corateurs des ann\u00e9es 1930 -, mais aussi avec des gravures de mode, des peintures, des photographies d&#8217;archives, des esquisses ou, pour l&#8217;\u00e9poque contemporaine, avec des photographies r\u00e9alis\u00e9es par les plus grands photographes de mode. Ce voyage au fil du temps dessine une histoire des attitudes et refl\u00e8te un art de vivre typiquement fran\u00e7ais. C&#8217;est tout un mus\u00e9e id\u00e9al de la mode qui d\u00e9file en images, dont les figures majeures sont Charles-Frederick Worth, Jacques Doucet, Paul Poiret, Jeanne Lanvin, Madeleine Vionnet, Gabrielle Chanel, Christian Dior et Yves Saint Laurent. Trois essais \u00e9crits par les conservateurs du mus\u00e9e abordent la question du syst\u00e8me de la mode, celle des rapports entre la mode et l&#8217;art, ou encore celle de la collection de mode dans les mus\u00e9es. Les photographies, r\u00e9alis\u00e9es sp\u00e9cialement pour ce livre sous la direction de Marc Ascoli, qui a \u00e9galement con\u00e7u la mise en pages, magnifient les formes et les mati\u00e8res et composent page apr\u00e8s page un fil conducteur d&#8217;une grande po\u00e9sie. Intemporelles, elles apportent aux v\u00eatements comme une touche d&#8217;\u00e9ternit\u00e9. Cet ouvrage est autant le catalogue d&#8217;une exposition que le grand livre attendu sur l&#8217;une des collections de mode les plus prestigieuses.<\/p>\n","protected":false},"excerpt":{"rendered":"<p>Ce livre d\u00e9voile une centaine des plus belles pi\u00e8ces de mode f\u00e9minine, masculine et enfantine de la collection du mus\u00e9e des Arts d\u00e9coratifs \u00e0 Paris : du XVIIIe si\u00e8cle \u00e0 aujourd&#8217;hui, costumes anciens, pi\u00e8ces de haute couture, silhouettes embl\u00e9matiques du pr\u00eat-\u00e0-porter, parfois accompagn\u00e9s d&#8217;accessoires, tous appartenant aux collections nationales fran\u00e7aises, forment une frise chronologique illustrant [&hellip;]<\/p>\n","protected":false},"featured_media":29913,"template":"","meta":[],"product_cat":[55,2948,2957,19],"product_tag":[],"acf":[],"yoast_head":"<!-- This site is optimized with the Yoast SEO plugin v20.11 - https:\/\/yoast.com\/wordpress\/plugins\/seo\/ -->\n<title>TROIS SI\u00c8CLES DE MODE - Librairie 7L<\/title>\n<meta name=\"robots\" content=\"index, follow, max-snippet:-1, max-image-preview:large, max-video-preview:-1\" \/>\n<link rel=\"canonical\" href=\"https:\/\/librairie7l.com\/en\/produit\/trois-siecles-de-mode\/\" \/>\n<meta property=\"og:locale\" content=\"en_US\" \/>\n<meta property=\"og:type\" content=\"article\" \/>\n<meta property=\"og:title\" content=\"TROIS SI\u00c8CLES DE MODE - Librairie 7L\" \/>\n<meta property=\"og:description\" content=\"Ce livre d\u00e9voile une centaine des plus belles pi\u00e8ces de mode f\u00e9minine, masculine et enfantine de la collection du mus\u00e9e des Arts d\u00e9coratifs \u00e0 Paris : du XVIIIe si\u00e8cle \u00e0 aujourd&#8217;hui, costumes anciens, pi\u00e8ces de haute couture, silhouettes embl\u00e9matiques du pr\u00eat-\u00e0-porter, parfois accompagn\u00e9s d&#8217;accessoires, tous appartenant aux collections nationales fran\u00e7aises, forment une frise chronologique illustrant [&hellip;]\" \/>\n<meta property=\"og:url\" content=\"https:\/\/librairie7l.com\/en\/produit\/trois-siecles-de-mode\/\" \/>\n<meta property=\"og:site_name\" content=\"Librairie 7L\" \/>\n<meta property=\"article:modified_time\" content=\"2026-04-16T18:46:34+00:00\" \/>\n<meta property=\"og:image\" content=\"https:\/\/librairie7l.com\/wp-content\/uploads\/2015\/12\/9782916914626_1_75.jpg\" \/>\n\t<meta property=\"og:image:width\" content=\"600\" \/>\n\t<meta property=\"og:image:height\" content=\"766\" \/>\n\t<meta property=\"og:image:type\" content=\"image\/jpeg\" \/>\n<meta name=\"twitter:card\" content=\"summary_large_image\" \/>\n<meta name=\"twitter:label1\" content=\"Est. reading time\" \/>\n\t<meta name=\"twitter:data1\" content=\"2 minutes\" \/>\n<script type=\"application\/ld+json\" class=\"yoast-schema-graph\">{\"@context\":\"https:\/\/schema.org\",\"@graph\":[{\"@type\":\"WebPage\",\"@id\":\"https:\/\/librairie7l.com\/en\/produit\/trois-siecles-de-mode\/\",\"url\":\"https:\/\/librairie7l.com\/en\/produit\/trois-siecles-de-mode\/\",\"name\":\"TROIS SI\u00c8CLES DE MODE - Librairie 7L\",\"isPartOf\":{\"@id\":\"https:\/\/librairie7l.com\/en\/#website\"},\"datePublished\":\"2023-05-10T12:18:55+00:00\",\"dateModified\":\"2026-04-16T18:46:34+00:00\",\"breadcrumb\":{\"@id\":\"https:\/\/librairie7l.com\/en\/produit\/trois-siecles-de-mode\/#breadcrumb\"},\"inLanguage\":\"en-US\",\"potentialAction\":[{\"@type\":\"ReadAction\",\"target\":[\"https:\/\/librairie7l.com\/en\/produit\/trois-siecles-de-mode\/\"]}]},{\"@type\":\"BreadcrumbList\",\"@id\":\"https:\/\/librairie7l.com\/en\/produit\/trois-siecles-de-mode\/#breadcrumb\",\"itemListElement\":[{\"@type\":\"ListItem\",\"position\":1,\"name\":\"Accueil\",\"item\":\"https:\/\/librairie7l.com\/en\/\"},{\"@type\":\"ListItem\",\"position\":2,\"name\":\"Shop\",\"item\":\"https:\/\/librairie7l.com\/en\/shop\/\"},{\"@type\":\"ListItem\",\"position\":3,\"name\":\"TROIS SI\u00c8CLES DE MODE\"}]},{\"@type\":\"WebSite\",\"@id\":\"https:\/\/librairie7l.com\/en\/#website\",\"url\":\"https:\/\/librairie7l.com\/en\/\",\"name\":\"Librairie 7L\",\"description\":\"Librairie fond\u00e9e en 1999 par Karl Lagerfeld \u00e0 Paris\",\"publisher\":{\"@id\":\"https:\/\/librairie7l.com\/en\/#organization\"},\"potentialAction\":[{\"@type\":\"SearchAction\",\"target\":{\"@type\":\"EntryPoint\",\"urlTemplate\":\"https:\/\/librairie7l.com\/en\/?s={search_term_string}\"},\"query-input\":\"required name=search_term_string\"}],\"inLanguage\":\"en-US\"},{\"@type\":\"Organization\",\"@id\":\"https:\/\/librairie7l.com\/en\/#organization\",\"name\":\"Librairie 7L\",\"url\":\"https:\/\/librairie7l.com\/en\/\",\"logo\":{\"@type\":\"ImageObject\",\"inLanguage\":\"en-US\",\"@id\":\"https:\/\/librairie7l.com\/en\/#\/schema\/logo\/image\/\",\"url\":\"https:\/\/librairie7l.com\/wp-content\/uploads\/2022\/08\/logo-1.png\",\"contentUrl\":\"https:\/\/librairie7l.com\/wp-content\/uploads\/2022\/08\/logo-1.png\",\"width\":227,\"height\":301,\"caption\":\"Librairie 7L\"},\"image\":{\"@id\":\"https:\/\/librairie7l.com\/en\/#\/schema\/logo\/image\/\"}}]}<\/script>\n<!-- \/ Yoast SEO plugin. -->","yoast_head_json":{"title":"TROIS SI\u00c8CLES DE MODE - Librairie 7L","robots":{"index":"index","follow":"follow","max-snippet":"max-snippet:-1","max-image-preview":"max-image-preview:large","max-video-preview":"max-video-preview:-1"},"canonical":"https:\/\/librairie7l.com\/en\/produit\/trois-siecles-de-mode\/","og_locale":"en_US","og_type":"article","og_title":"TROIS SI\u00c8CLES DE MODE - Librairie 7L","og_description":"Ce livre d\u00e9voile une centaine des plus belles pi\u00e8ces de mode f\u00e9minine, masculine et enfantine de la collection du mus\u00e9e des Arts d\u00e9coratifs \u00e0 Paris : du XVIIIe si\u00e8cle \u00e0 aujourd&#8217;hui, costumes anciens, pi\u00e8ces de haute couture, silhouettes embl\u00e9matiques du pr\u00eat-\u00e0-porter, parfois accompagn\u00e9s d&#8217;accessoires, tous appartenant aux collections nationales fran\u00e7aises, forment une frise chronologique illustrant [&hellip;]","og_url":"https:\/\/librairie7l.com\/en\/produit\/trois-siecles-de-mode\/","og_site_name":"Librairie 7L","article_modified_time":"2026-04-16T18:46:34+00:00","og_image":[{"width":600,"height":766,"url":"https:\/\/librairie7l.com\/wp-content\/uploads\/2015\/12\/9782916914626_1_75.jpg","type":"image\/jpeg"}],"twitter_card":"summary_large_image","twitter_misc":{"Est. reading time":"2 minutes"},"schema":{"@context":"https:\/\/schema.org","@graph":[{"@type":"WebPage","@id":"https:\/\/librairie7l.com\/en\/produit\/trois-siecles-de-mode\/","url":"https:\/\/librairie7l.com\/en\/produit\/trois-siecles-de-mode\/","name":"TROIS SI\u00c8CLES DE MODE - Librairie 7L","isPartOf":{"@id":"https:\/\/librairie7l.com\/en\/#website"},"datePublished":"2023-05-10T12:18:55+00:00","dateModified":"2026-04-16T18:46:34+00:00","breadcrumb":{"@id":"https:\/\/librairie7l.com\/en\/produit\/trois-siecles-de-mode\/#breadcrumb"},"inLanguage":"en-US","potentialAction":[{"@type":"ReadAction","target":["https:\/\/librairie7l.com\/en\/produit\/trois-siecles-de-mode\/"]}]},{"@type":"BreadcrumbList","@id":"https:\/\/librairie7l.com\/en\/produit\/trois-siecles-de-mode\/#breadcrumb","itemListElement":[{"@type":"ListItem","position":1,"name":"Accueil","item":"https:\/\/librairie7l.com\/en\/"},{"@type":"ListItem","position":2,"name":"Shop","item":"https:\/\/librairie7l.com\/en\/shop\/"},{"@type":"ListItem","position":3,"name":"TROIS SI\u00c8CLES DE MODE"}]},{"@type":"WebSite","@id":"https:\/\/librairie7l.com\/en\/#website","url":"https:\/\/librairie7l.com\/en\/","name":"Librairie 7L","description":"Librairie fond\u00e9e en 1999 par Karl Lagerfeld \u00e0 Paris","publisher":{"@id":"https:\/\/librairie7l.com\/en\/#organization"},"potentialAction":[{"@type":"SearchAction","target":{"@type":"EntryPoint","urlTemplate":"https:\/\/librairie7l.com\/en\/?s={search_term_string}"},"query-input":"required name=search_term_string"}],"inLanguage":"en-US"},{"@type":"Organization","@id":"https:\/\/librairie7l.com\/en\/#organization","name":"Librairie 7L","url":"https:\/\/librairie7l.com\/en\/","logo":{"@type":"ImageObject","inLanguage":"en-US","@id":"https:\/\/librairie7l.com\/en\/#\/schema\/logo\/image\/","url":"https:\/\/librairie7l.com\/wp-content\/uploads\/2022\/08\/logo-1.png","contentUrl":"https:\/\/librairie7l.com\/wp-content\/uploads\/2022\/08\/logo-1.png","width":227,"height":301,"caption":"Librairie 7L"},"image":{"@id":"https:\/\/librairie7l.com\/en\/#\/schema\/logo\/image\/"}}]}},"_links":{"self":[{"href":"https:\/\/librairie7l.com\/en\/wp-json\/wp\/v2\/product\/29915"}],"collection":[{"href":"https:\/\/librairie7l.com\/en\/wp-json\/wp\/v2\/product"}],"about":[{"href":"https:\/\/librairie7l.com\/en\/wp-json\/wp\/v2\/types\/product"}],"wp:featuredmedia":[{"embeddable":true,"href":"https:\/\/librairie7l.com\/en\/wp-json\/wp\/v2\/media\/29913"}],"wp:attachment":[{"href":"https:\/\/librairie7l.com\/en\/wp-json\/wp\/v2\/media?parent=29915"}],"wp:term":[{"taxonomy":"product_cat","embeddable":true,"href":"https:\/\/librairie7l.com\/en\/wp-json\/wp\/v2\/product_cat?post=29915"},{"taxonomy":"product_tag","embeddable":true,"href":"https:\/\/librairie7l.com\/en\/wp-json\/wp\/v2\/product_tag?post=29915"}],"curies":[{"name":"wp","href":"https:\/\/api.w.org\/{rel}","templated":true}]}}