{"id":29939,"date":"2023-05-10T14:19:39","date_gmt":"2023-05-10T12:19:39","guid":{"rendered":"https:\/\/librairie7l.com\/?post_type=product&#038;p=29939"},"modified":"2026-04-13T14:55:17","modified_gmt":"2026-04-13T12:55:17","slug":"chanel-eternal-instant-2","status":"publish","type":"product","link":"https:\/\/librairie7l.com\/en\/produit\/chanel-eternal-instant-2\/","title":{"rendered":"CHANEL ETERNAL INSTANT"},"content":{"rendered":"<p>En 2000, Chanel r\u00e9volutionne les codes de l&#8217;horlogerie traditionnelle avec la J12, premi\u00e8re montre ronde en c\u00e9ramique noire de l&#8217;histoire. Inspir\u00e9 des silhouettes des voiliers de l&#8217;America&#8217;s Cup, Jacques Helleu alors directeur artistique des parfums, des produits de beaut\u00e9, de l&#8217;horlogerie et de la joaillerie chez Chanel, invente un garde-temps in\u00e9dit dans lequel la technique est exclusivement mise au service d&#8217;un design \u00e9l\u00e9gant, rac\u00e9. En transformant la c\u00e9ramique en mat\u00e9riau pr\u00e9cieux, la J12 pose les nouveaux jalons de la montre de sport de luxe et devient la premi\u00e8re ic\u00f4ne horlog\u00e8re du XXI\u00e8me si\u00e8cle. Richement illustr\u00e9, cet ouvrage sign\u00e9 de Nicholas Foulkes retrace le destin fabuleux de la J12 et c\u00e9l\u00e8bre les vingt ans d&#8217;une montre qui incarne dans l&#8217;univers horloger la vision singuli\u00e8re et avant-gardiste de Chanel.<\/p>\n","protected":false},"excerpt":{"rendered":"<p>En 2000, Chanel r\u00e9volutionne les codes de l&#8217;horlogerie traditionnelle avec la J12, premi\u00e8re montre ronde en c\u00e9ramique noire de l&#8217;histoire. Inspir\u00e9 des silhouettes des voiliers de l&#8217;America&#8217;s Cup, Jacques Helleu alors directeur artistique des parfums, des produits de beaut\u00e9, de l&#8217;horlogerie et de la joaillerie chez Chanel, invente un garde-temps in\u00e9dit dans lequel la technique [&hellip;]<\/p>\n","protected":false},"featured_media":29937,"template":"","meta":[],"product_cat":[55,2948,2957,19],"product_tag":[],"acf":[],"yoast_head":"<!-- This site is optimized with the Yoast SEO plugin v20.11 - https:\/\/yoast.com\/wordpress\/plugins\/seo\/ -->\n<title>CHANEL ETERNAL INSTANT - Librairie 7L<\/title>\n<meta name=\"robots\" content=\"index, follow, max-snippet:-1, max-image-preview:large, max-video-preview:-1\" \/>\n<link rel=\"canonical\" href=\"https:\/\/librairie7l.com\/en\/produit\/chanel-eternal-instant-2\/\" \/>\n<meta property=\"og:locale\" content=\"en_US\" \/>\n<meta property=\"og:type\" content=\"article\" \/>\n<meta property=\"og:title\" content=\"CHANEL ETERNAL INSTANT - Librairie 7L\" \/>\n<meta property=\"og:description\" content=\"En 2000, Chanel r\u00e9volutionne les codes de l&#8217;horlogerie traditionnelle avec la J12, premi\u00e8re montre ronde en c\u00e9ramique noire de l&#8217;histoire. Inspir\u00e9 des silhouettes des voiliers de l&#8217;America&#8217;s Cup, Jacques Helleu alors directeur artistique des parfums, des produits de beaut\u00e9, de l&#8217;horlogerie et de la joaillerie chez Chanel, invente un garde-temps in\u00e9dit dans lequel la technique [&hellip;]\" \/>\n<meta property=\"og:url\" content=\"https:\/\/librairie7l.com\/en\/produit\/chanel-eternal-instant-2\/\" \/>\n<meta property=\"og:site_name\" content=\"Librairie 7L\" \/>\n<meta property=\"article:modified_time\" content=\"2026-04-13T12:55:17+00:00\" \/>\n<meta property=\"og:image\" content=\"https:\/\/librairie7l.com\/wp-content\/uploads\/2020\/12\/9780500023945_1_75.jpg\" \/>\n\t<meta property=\"og:image:width\" content=\"158\" \/>\n\t<meta property=\"og:image:height\" content=\"220\" \/>\n\t<meta property=\"og:image:type\" content=\"image\/jpeg\" \/>\n<meta name=\"twitter:card\" content=\"summary_large_image\" \/>\n<meta name=\"twitter:label1\" content=\"Est. reading time\" \/>\n\t<meta name=\"twitter:data1\" content=\"1 minute\" \/>\n<script type=\"application\/ld+json\" class=\"yoast-schema-graph\">{\"@context\":\"https:\/\/schema.org\",\"@graph\":[{\"@type\":\"WebPage\",\"@id\":\"https:\/\/librairie7l.com\/en\/produit\/chanel-eternal-instant-2\/\",\"url\":\"https:\/\/librairie7l.com\/en\/produit\/chanel-eternal-instant-2\/\",\"name\":\"CHANEL ETERNAL INSTANT - Librairie 7L\",\"isPartOf\":{\"@id\":\"https:\/\/librairie7l.com\/en\/#website\"},\"datePublished\":\"2023-05-10T12:19:39+00:00\",\"dateModified\":\"2026-04-13T12:55:17+00:00\",\"breadcrumb\":{\"@id\":\"https:\/\/librairie7l.com\/en\/produit\/chanel-eternal-instant-2\/#breadcrumb\"},\"inLanguage\":\"en-US\",\"potentialAction\":[{\"@type\":\"ReadAction\",\"target\":[\"https:\/\/librairie7l.com\/en\/produit\/chanel-eternal-instant-2\/\"]}]},{\"@type\":\"BreadcrumbList\",\"@id\":\"https:\/\/librairie7l.com\/en\/produit\/chanel-eternal-instant-2\/#breadcrumb\",\"itemListElement\":[{\"@type\":\"ListItem\",\"position\":1,\"name\":\"Accueil\",\"item\":\"https:\/\/librairie7l.com\/en\/\"},{\"@type\":\"ListItem\",\"position\":2,\"name\":\"Shop\",\"item\":\"https:\/\/librairie7l.com\/en\/shop\/\"},{\"@type\":\"ListItem\",\"position\":3,\"name\":\"CHANEL ETERNAL INSTANT\"}]},{\"@type\":\"WebSite\",\"@id\":\"https:\/\/librairie7l.com\/en\/#website\",\"url\":\"https:\/\/librairie7l.com\/en\/\",\"name\":\"Librairie 7L\",\"description\":\"Librairie fond\u00e9e en 1999 par Karl Lagerfeld \u00e0 Paris\",\"publisher\":{\"@id\":\"https:\/\/librairie7l.com\/en\/#organization\"},\"potentialAction\":[{\"@type\":\"SearchAction\",\"target\":{\"@type\":\"EntryPoint\",\"urlTemplate\":\"https:\/\/librairie7l.com\/en\/?s={search_term_string}\"},\"query-input\":\"required name=search_term_string\"}],\"inLanguage\":\"en-US\"},{\"@type\":\"Organization\",\"@id\":\"https:\/\/librairie7l.com\/en\/#organization\",\"name\":\"Librairie 7L\",\"url\":\"https:\/\/librairie7l.com\/en\/\",\"logo\":{\"@type\":\"ImageObject\",\"inLanguage\":\"en-US\",\"@id\":\"https:\/\/librairie7l.com\/en\/#\/schema\/logo\/image\/\",\"url\":\"https:\/\/librairie7l.com\/wp-content\/uploads\/2022\/08\/logo-1.png\",\"contentUrl\":\"https:\/\/librairie7l.com\/wp-content\/uploads\/2022\/08\/logo-1.png\",\"width\":227,\"height\":301,\"caption\":\"Librairie 7L\"},\"image\":{\"@id\":\"https:\/\/librairie7l.com\/en\/#\/schema\/logo\/image\/\"}}]}<\/script>\n<!-- \/ Yoast SEO plugin. -->","yoast_head_json":{"title":"CHANEL ETERNAL INSTANT - Librairie 7L","robots":{"index":"index","follow":"follow","max-snippet":"max-snippet:-1","max-image-preview":"max-image-preview:large","max-video-preview":"max-video-preview:-1"},"canonical":"https:\/\/librairie7l.com\/en\/produit\/chanel-eternal-instant-2\/","og_locale":"en_US","og_type":"article","og_title":"CHANEL ETERNAL INSTANT - Librairie 7L","og_description":"En 2000, Chanel r\u00e9volutionne les codes de l&#8217;horlogerie traditionnelle avec la J12, premi\u00e8re montre ronde en c\u00e9ramique noire de l&#8217;histoire. Inspir\u00e9 des silhouettes des voiliers de l&#8217;America&#8217;s Cup, Jacques Helleu alors directeur artistique des parfums, des produits de beaut\u00e9, de l&#8217;horlogerie et de la joaillerie chez Chanel, invente un garde-temps in\u00e9dit dans lequel la technique [&hellip;]","og_url":"https:\/\/librairie7l.com\/en\/produit\/chanel-eternal-instant-2\/","og_site_name":"Librairie 7L","article_modified_time":"2026-04-13T12:55:17+00:00","og_image":[{"width":158,"height":220,"url":"https:\/\/librairie7l.com\/wp-content\/uploads\/2020\/12\/9780500023945_1_75.jpg","type":"image\/jpeg"}],"twitter_card":"summary_large_image","twitter_misc":{"Est. reading time":"1 minute"},"schema":{"@context":"https:\/\/schema.org","@graph":[{"@type":"WebPage","@id":"https:\/\/librairie7l.com\/en\/produit\/chanel-eternal-instant-2\/","url":"https:\/\/librairie7l.com\/en\/produit\/chanel-eternal-instant-2\/","name":"CHANEL ETERNAL INSTANT - Librairie 7L","isPartOf":{"@id":"https:\/\/librairie7l.com\/en\/#website"},"datePublished":"2023-05-10T12:19:39+00:00","dateModified":"2026-04-13T12:55:17+00:00","breadcrumb":{"@id":"https:\/\/librairie7l.com\/en\/produit\/chanel-eternal-instant-2\/#breadcrumb"},"inLanguage":"en-US","potentialAction":[{"@type":"ReadAction","target":["https:\/\/librairie7l.com\/en\/produit\/chanel-eternal-instant-2\/"]}]},{"@type":"BreadcrumbList","@id":"https:\/\/librairie7l.com\/en\/produit\/chanel-eternal-instant-2\/#breadcrumb","itemListElement":[{"@type":"ListItem","position":1,"name":"Accueil","item":"https:\/\/librairie7l.com\/en\/"},{"@type":"ListItem","position":2,"name":"Shop","item":"https:\/\/librairie7l.com\/en\/shop\/"},{"@type":"ListItem","position":3,"name":"CHANEL ETERNAL INSTANT"}]},{"@type":"WebSite","@id":"https:\/\/librairie7l.com\/en\/#website","url":"https:\/\/librairie7l.com\/en\/","name":"Librairie 7L","description":"Librairie fond\u00e9e en 1999 par Karl Lagerfeld \u00e0 Paris","publisher":{"@id":"https:\/\/librairie7l.com\/en\/#organization"},"potentialAction":[{"@type":"SearchAction","target":{"@type":"EntryPoint","urlTemplate":"https:\/\/librairie7l.com\/en\/?s={search_term_string}"},"query-input":"required name=search_term_string"}],"inLanguage":"en-US"},{"@type":"Organization","@id":"https:\/\/librairie7l.com\/en\/#organization","name":"Librairie 7L","url":"https:\/\/librairie7l.com\/en\/","logo":{"@type":"ImageObject","inLanguage":"en-US","@id":"https:\/\/librairie7l.com\/en\/#\/schema\/logo\/image\/","url":"https:\/\/librairie7l.com\/wp-content\/uploads\/2022\/08\/logo-1.png","contentUrl":"https:\/\/librairie7l.com\/wp-content\/uploads\/2022\/08\/logo-1.png","width":227,"height":301,"caption":"Librairie 7L"},"image":{"@id":"https:\/\/librairie7l.com\/en\/#\/schema\/logo\/image\/"}}]}},"_links":{"self":[{"href":"https:\/\/librairie7l.com\/en\/wp-json\/wp\/v2\/product\/29939"}],"collection":[{"href":"https:\/\/librairie7l.com\/en\/wp-json\/wp\/v2\/product"}],"about":[{"href":"https:\/\/librairie7l.com\/en\/wp-json\/wp\/v2\/types\/product"}],"wp:featuredmedia":[{"embeddable":true,"href":"https:\/\/librairie7l.com\/en\/wp-json\/wp\/v2\/media\/29937"}],"wp:attachment":[{"href":"https:\/\/librairie7l.com\/en\/wp-json\/wp\/v2\/media?parent=29939"}],"wp:term":[{"taxonomy":"product_cat","embeddable":true,"href":"https:\/\/librairie7l.com\/en\/wp-json\/wp\/v2\/product_cat?post=29939"},{"taxonomy":"product_tag","embeddable":true,"href":"https:\/\/librairie7l.com\/en\/wp-json\/wp\/v2\/product_tag?post=29939"}],"curies":[{"name":"wp","href":"https:\/\/api.w.org\/{rel}","templated":true}]}}