{"id":29947,"date":"2023-05-10T14:19:50","date_gmt":"2023-05-10T12:19:50","guid":{"rendered":"https:\/\/librairie7l.com\/?post_type=product&#038;p=29947"},"modified":"2026-04-13T13:09:47","modified_gmt":"2026-04-13T11:09:47","slug":"jules-perahim-1914-2008-de-lavant-garde-a-lepanouissement-de-bucarest-a-pa","status":"publish","type":"product","link":"https:\/\/librairie7l.com\/en\/produit\/jules-perahim-1914-2008-de-lavant-garde-a-lepanouissement-de-bucarest-a-pa\/","title":{"rendered":"JULES PERAHIM, 1914-2008 ; DE L&#8217;AVANT-GARDE \u00c0 L&#8217;\u00c9PANOUISSEMENT, DE BUCAREST \u00c0 PARIS"},"content":{"rendered":"<p>Jules Perahim (1914-2008) repr\u00e9sente l&#8217;une des figures les plus marquantes de l&#8217;avant-garde roumaine des ann\u00e9es 1930. Il se fait conna\u00eetre autant par sa collaboration aux revues non conformistes, d&#8217;esprit dada et surr\u00e9aliste, Unu (dont le principal contributeur est Victor Brauner) et Alge (fond\u00e9e entre autres avec le po\u00e8te Gherasim Luca), que par ses expositions personnelles et ses dessins virulents publi\u00e9s dans des revues de contestation sociale et politique.<br \/>\nEn 1938, en route pour Paris, il s&#8217;arr\u00eate \u00e0 Prague, y rencontre les milieux de l&#8217;avant-garde tch\u00e8que, qui lui organisent une exposition personnelle, mais l&#8217;avanc\u00e9e des nazis en Europe centrale l&#8217;emp\u00eache de continuer son voyage. Apr\u00e8s la Seconde Guerre mondiale, ses convictions profondes d&#8217;un changement n\u00e9cessaire de la soci\u00e9t\u00e9 roumaine se voient \u00e9branl\u00e9es avec le temps par un climat hostile \u00e0 la cr\u00e9ation libre. Pendant des ann\u00e9es, il se consacre donc uniquement aux arts d\u00e9coratifs, \u00e0 la sc\u00e9nographie et \u00e0 l&#8217;illustration de livres tout en pratiquant pour sa \u00ab n\u00e9cessit\u00e9 int\u00e9rieure \u00bb un art \u00ab pour le tiroir \u00bb.<br \/>\n\u00c0 la fin des ann\u00e9es 1960, marqu\u00e9es par l&#8217;ascension du national communisme, Perahim quitte la Roumanie, refait sa vie et s&#8217;\u00e9tablit \u00e0 Paris. Sa cr\u00e9ation prend alors son envol dans la continuit\u00e9 des r\u00eaves qu&#8217;il avait abandonn\u00e9s. Il devient le peintre \u00e9panoui et prolifique d&#8217;une oeuvre po\u00e9tique et \u00e9nigmatique, d&#8217;une imagination foisonnante pleine de fantaisie et d&#8217;humour.<br \/>\nCet ouvrage, faisant la part belle aux peintures et aux dessins de l&#8217;artiste, s&#8217;articule autour de ces deux moments forts de cr\u00e9ation dans la carri\u00e8re de l&#8217;artiste : le temps de l&#8217;avant-garde \u00e0 Bucarest, durant les ann\u00e9es 1930, puis, \u00e0 partir des ann\u00e9es 1960, le renouveau des ann\u00e9es parisiennes qui correspondent au plein accomplissement de son art.<\/p>\n","protected":false},"excerpt":{"rendered":"<p>Jules Perahim (1914-2008) repr\u00e9sente l&#8217;une des figures les plus marquantes de l&#8217;avant-garde roumaine des ann\u00e9es 1930. Il se fait conna\u00eetre autant par sa collaboration aux revues non conformistes, d&#8217;esprit dada et surr\u00e9aliste, Unu (dont le principal contributeur est Victor Brauner) et Alge (fond\u00e9e entre autres avec le po\u00e8te Gherasim Luca), que par ses expositions personnelles [&hellip;]<\/p>\n","protected":false},"featured_media":29945,"template":"","meta":[],"product_cat":[55,2948,47,2953],"product_tag":[],"acf":[],"yoast_head":"<!-- This site is optimized with the Yoast SEO plugin v20.11 - https:\/\/yoast.com\/wordpress\/plugins\/seo\/ -->\n<title>JULES PERAHIM, 1914-2008 ; DE L&#039;AVANT-GARDE \u00c0 L&#039;\u00c9PANOUISSEMENT, DE BUCAREST \u00c0 PARIS - Librairie 7L<\/title>\n<meta name=\"robots\" content=\"index, follow, max-snippet:-1, max-image-preview:large, max-video-preview:-1\" \/>\n<link rel=\"canonical\" href=\"https:\/\/librairie7l.com\/en\/produit\/jules-perahim-1914-2008-de-lavant-garde-a-lepanouissement-de-bucarest-a-pa\/\" \/>\n<meta property=\"og:locale\" content=\"en_US\" \/>\n<meta property=\"og:type\" content=\"article\" \/>\n<meta property=\"og:title\" content=\"JULES PERAHIM, 1914-2008 ; DE L&#039;AVANT-GARDE \u00c0 L&#039;\u00c9PANOUISSEMENT, DE BUCAREST \u00c0 PARIS - Librairie 7L\" \/>\n<meta property=\"og:description\" content=\"Jules Perahim (1914-2008) repr\u00e9sente l&#8217;une des figures les plus marquantes de l&#8217;avant-garde roumaine des ann\u00e9es 1930. Il se fait conna\u00eetre autant par sa collaboration aux revues non conformistes, d&#8217;esprit dada et surr\u00e9aliste, Unu (dont le principal contributeur est Victor Brauner) et Alge (fond\u00e9e entre autres avec le po\u00e8te Gherasim Luca), que par ses expositions personnelles [&hellip;]\" \/>\n<meta property=\"og:url\" content=\"https:\/\/librairie7l.com\/en\/produit\/jules-perahim-1914-2008-de-lavant-garde-a-lepanouissement-de-bucarest-a-pa\/\" \/>\n<meta property=\"og:site_name\" content=\"Librairie 7L\" \/>\n<meta property=\"article:modified_time\" content=\"2026-04-13T11:09:47+00:00\" \/>\n<meta property=\"og:image\" content=\"https:\/\/librairie7l.com\/wp-content\/uploads\/2021\/01\/9782359063424_1_75.jpg\" \/>\n\t<meta property=\"og:image:width\" content=\"600\" \/>\n\t<meta property=\"og:image:height\" content=\"684\" \/>\n\t<meta property=\"og:image:type\" content=\"image\/jpeg\" \/>\n<meta name=\"twitter:card\" content=\"summary_large_image\" \/>\n<meta name=\"twitter:label1\" content=\"Est. reading time\" \/>\n\t<meta name=\"twitter:data1\" content=\"1 minute\" \/>\n<script type=\"application\/ld+json\" class=\"yoast-schema-graph\">{\"@context\":\"https:\/\/schema.org\",\"@graph\":[{\"@type\":\"WebPage\",\"@id\":\"https:\/\/librairie7l.com\/en\/produit\/jules-perahim-1914-2008-de-lavant-garde-a-lepanouissement-de-bucarest-a-pa\/\",\"url\":\"https:\/\/librairie7l.com\/en\/produit\/jules-perahim-1914-2008-de-lavant-garde-a-lepanouissement-de-bucarest-a-pa\/\",\"name\":\"JULES PERAHIM, 1914-2008 ; DE L'AVANT-GARDE \u00c0 L'\u00c9PANOUISSEMENT, DE BUCAREST \u00c0 PARIS - Librairie 7L\",\"isPartOf\":{\"@id\":\"https:\/\/librairie7l.com\/en\/#website\"},\"datePublished\":\"2023-05-10T12:19:50+00:00\",\"dateModified\":\"2026-04-13T11:09:47+00:00\",\"breadcrumb\":{\"@id\":\"https:\/\/librairie7l.com\/en\/produit\/jules-perahim-1914-2008-de-lavant-garde-a-lepanouissement-de-bucarest-a-pa\/#breadcrumb\"},\"inLanguage\":\"en-US\",\"potentialAction\":[{\"@type\":\"ReadAction\",\"target\":[\"https:\/\/librairie7l.com\/en\/produit\/jules-perahim-1914-2008-de-lavant-garde-a-lepanouissement-de-bucarest-a-pa\/\"]}]},{\"@type\":\"BreadcrumbList\",\"@id\":\"https:\/\/librairie7l.com\/en\/produit\/jules-perahim-1914-2008-de-lavant-garde-a-lepanouissement-de-bucarest-a-pa\/#breadcrumb\",\"itemListElement\":[{\"@type\":\"ListItem\",\"position\":1,\"name\":\"Accueil\",\"item\":\"https:\/\/librairie7l.com\/en\/\"},{\"@type\":\"ListItem\",\"position\":2,\"name\":\"Shop\",\"item\":\"https:\/\/librairie7l.com\/en\/shop\/\"},{\"@type\":\"ListItem\",\"position\":3,\"name\":\"JULES PERAHIM, 1914-2008 ; DE L&#8217;AVANT-GARDE \u00c0 L&#8217;\u00c9PANOUISSEMENT, DE BUCAREST \u00c0 PARIS\"}]},{\"@type\":\"WebSite\",\"@id\":\"https:\/\/librairie7l.com\/en\/#website\",\"url\":\"https:\/\/librairie7l.com\/en\/\",\"name\":\"Librairie 7L\",\"description\":\"Librairie fond\u00e9e en 1999 par Karl Lagerfeld \u00e0 Paris\",\"publisher\":{\"@id\":\"https:\/\/librairie7l.com\/en\/#organization\"},\"potentialAction\":[{\"@type\":\"SearchAction\",\"target\":{\"@type\":\"EntryPoint\",\"urlTemplate\":\"https:\/\/librairie7l.com\/en\/?s={search_term_string}\"},\"query-input\":\"required name=search_term_string\"}],\"inLanguage\":\"en-US\"},{\"@type\":\"Organization\",\"@id\":\"https:\/\/librairie7l.com\/en\/#organization\",\"name\":\"Librairie 7L\",\"url\":\"https:\/\/librairie7l.com\/en\/\",\"logo\":{\"@type\":\"ImageObject\",\"inLanguage\":\"en-US\",\"@id\":\"https:\/\/librairie7l.com\/en\/#\/schema\/logo\/image\/\",\"url\":\"https:\/\/librairie7l.com\/wp-content\/uploads\/2022\/08\/logo-1.png\",\"contentUrl\":\"https:\/\/librairie7l.com\/wp-content\/uploads\/2022\/08\/logo-1.png\",\"width\":227,\"height\":301,\"caption\":\"Librairie 7L\"},\"image\":{\"@id\":\"https:\/\/librairie7l.com\/en\/#\/schema\/logo\/image\/\"}}]}<\/script>\n<!-- \/ Yoast SEO plugin. -->","yoast_head_json":{"title":"JULES PERAHIM, 1914-2008 ; DE L'AVANT-GARDE \u00c0 L'\u00c9PANOUISSEMENT, DE BUCAREST \u00c0 PARIS - Librairie 7L","robots":{"index":"index","follow":"follow","max-snippet":"max-snippet:-1","max-image-preview":"max-image-preview:large","max-video-preview":"max-video-preview:-1"},"canonical":"https:\/\/librairie7l.com\/en\/produit\/jules-perahim-1914-2008-de-lavant-garde-a-lepanouissement-de-bucarest-a-pa\/","og_locale":"en_US","og_type":"article","og_title":"JULES PERAHIM, 1914-2008 ; DE L'AVANT-GARDE \u00c0 L'\u00c9PANOUISSEMENT, DE BUCAREST \u00c0 PARIS - Librairie 7L","og_description":"Jules Perahim (1914-2008) repr\u00e9sente l&#8217;une des figures les plus marquantes de l&#8217;avant-garde roumaine des ann\u00e9es 1930. Il se fait conna\u00eetre autant par sa collaboration aux revues non conformistes, d&#8217;esprit dada et surr\u00e9aliste, Unu (dont le principal contributeur est Victor Brauner) et Alge (fond\u00e9e entre autres avec le po\u00e8te Gherasim Luca), que par ses expositions personnelles [&hellip;]","og_url":"https:\/\/librairie7l.com\/en\/produit\/jules-perahim-1914-2008-de-lavant-garde-a-lepanouissement-de-bucarest-a-pa\/","og_site_name":"Librairie 7L","article_modified_time":"2026-04-13T11:09:47+00:00","og_image":[{"width":600,"height":684,"url":"https:\/\/librairie7l.com\/wp-content\/uploads\/2021\/01\/9782359063424_1_75.jpg","type":"image\/jpeg"}],"twitter_card":"summary_large_image","twitter_misc":{"Est. reading time":"1 minute"},"schema":{"@context":"https:\/\/schema.org","@graph":[{"@type":"WebPage","@id":"https:\/\/librairie7l.com\/en\/produit\/jules-perahim-1914-2008-de-lavant-garde-a-lepanouissement-de-bucarest-a-pa\/","url":"https:\/\/librairie7l.com\/en\/produit\/jules-perahim-1914-2008-de-lavant-garde-a-lepanouissement-de-bucarest-a-pa\/","name":"JULES PERAHIM, 1914-2008 ; DE L'AVANT-GARDE \u00c0 L'\u00c9PANOUISSEMENT, DE BUCAREST \u00c0 PARIS - Librairie 7L","isPartOf":{"@id":"https:\/\/librairie7l.com\/en\/#website"},"datePublished":"2023-05-10T12:19:50+00:00","dateModified":"2026-04-13T11:09:47+00:00","breadcrumb":{"@id":"https:\/\/librairie7l.com\/en\/produit\/jules-perahim-1914-2008-de-lavant-garde-a-lepanouissement-de-bucarest-a-pa\/#breadcrumb"},"inLanguage":"en-US","potentialAction":[{"@type":"ReadAction","target":["https:\/\/librairie7l.com\/en\/produit\/jules-perahim-1914-2008-de-lavant-garde-a-lepanouissement-de-bucarest-a-pa\/"]}]},{"@type":"BreadcrumbList","@id":"https:\/\/librairie7l.com\/en\/produit\/jules-perahim-1914-2008-de-lavant-garde-a-lepanouissement-de-bucarest-a-pa\/#breadcrumb","itemListElement":[{"@type":"ListItem","position":1,"name":"Accueil","item":"https:\/\/librairie7l.com\/en\/"},{"@type":"ListItem","position":2,"name":"Shop","item":"https:\/\/librairie7l.com\/en\/shop\/"},{"@type":"ListItem","position":3,"name":"JULES PERAHIM, 1914-2008 ; DE L&#8217;AVANT-GARDE \u00c0 L&#8217;\u00c9PANOUISSEMENT, DE BUCAREST \u00c0 PARIS"}]},{"@type":"WebSite","@id":"https:\/\/librairie7l.com\/en\/#website","url":"https:\/\/librairie7l.com\/en\/","name":"Librairie 7L","description":"Librairie fond\u00e9e en 1999 par Karl Lagerfeld \u00e0 Paris","publisher":{"@id":"https:\/\/librairie7l.com\/en\/#organization"},"potentialAction":[{"@type":"SearchAction","target":{"@type":"EntryPoint","urlTemplate":"https:\/\/librairie7l.com\/en\/?s={search_term_string}"},"query-input":"required name=search_term_string"}],"inLanguage":"en-US"},{"@type":"Organization","@id":"https:\/\/librairie7l.com\/en\/#organization","name":"Librairie 7L","url":"https:\/\/librairie7l.com\/en\/","logo":{"@type":"ImageObject","inLanguage":"en-US","@id":"https:\/\/librairie7l.com\/en\/#\/schema\/logo\/image\/","url":"https:\/\/librairie7l.com\/wp-content\/uploads\/2022\/08\/logo-1.png","contentUrl":"https:\/\/librairie7l.com\/wp-content\/uploads\/2022\/08\/logo-1.png","width":227,"height":301,"caption":"Librairie 7L"},"image":{"@id":"https:\/\/librairie7l.com\/en\/#\/schema\/logo\/image\/"}}]}},"_links":{"self":[{"href":"https:\/\/librairie7l.com\/en\/wp-json\/wp\/v2\/product\/29947"}],"collection":[{"href":"https:\/\/librairie7l.com\/en\/wp-json\/wp\/v2\/product"}],"about":[{"href":"https:\/\/librairie7l.com\/en\/wp-json\/wp\/v2\/types\/product"}],"wp:featuredmedia":[{"embeddable":true,"href":"https:\/\/librairie7l.com\/en\/wp-json\/wp\/v2\/media\/29945"}],"wp:attachment":[{"href":"https:\/\/librairie7l.com\/en\/wp-json\/wp\/v2\/media?parent=29947"}],"wp:term":[{"taxonomy":"product_cat","embeddable":true,"href":"https:\/\/librairie7l.com\/en\/wp-json\/wp\/v2\/product_cat?post=29947"},{"taxonomy":"product_tag","embeddable":true,"href":"https:\/\/librairie7l.com\/en\/wp-json\/wp\/v2\/product_tag?post=29947"}],"curies":[{"name":"wp","href":"https:\/\/api.w.org\/{rel}","templated":true}]}}