{"id":29963,"date":"2023-05-10T14:20:09","date_gmt":"2023-05-10T12:20:09","guid":{"rendered":"https:\/\/librairie7l.com\/?post_type=product&#038;p=29963"},"modified":"2026-04-28T05:16:12","modified_gmt":"2026-04-28T03:16:12","slug":"claude-parent-paul-virilio-architecture-principe","status":"publish","type":"product","link":"https:\/\/librairie7l.com\/en\/produit\/claude-parent-paul-virilio-architecture-principe\/","title":{"rendered":"CLAUDE PARENT PAUL VIRILIO : ARCHITECTURE PRINCIPE"},"content":{"rendered":"<p>Der eine &#8211; der Architekt Claude Parent (1923-2016) &#8211; war \u00abdaf\u00fcr gemacht, Formen zu erschaffen\u00bb, wie sein erster Arbeitspartner, der Architekt Ionel Schein, erkannte. Der andere &#8211; der Urbanist Paul Virilio (1932-2018) &#8211; suchte die Atlantikk\u00fcste nach Bunkern und die Nachkriegsst\u00e4dte nach \u00abAntiformen\u00bb ab. Zusammen bildeten Parent und Virilio von 1963 bis 1968 das Duo Architecture Principe, das mit seiner Theorie einer schr\u00e4gen Architektur (fonction oblique) und der Kirche Sainte-Bernadette du Banlay in Form eines Bunkers eines der kontroversesten Bauwerke des 20. Jahrhunderts schuf. Dieses Buch widmet sich erstmals der Entstehungsgeschichte von Architecture Principe. Es untersucht dabei Parents Entwicklung vor dem Hintergrund der architektonischen und k\u00fcnst-lerischen Diskurse, mit denen sich der Architekt vor seiner Zusammenarbeit mit Virilio besch\u00e4ftigte. Das Duo Architecture Principe bedeutete eine Z\u00e4sur in Parents Schaffen, w\u00e4hrend es im Gesamtwerk von Virilio eine weitgehend unbekannte Fr\u00fchphase darstellt, die bereits Elemente seiner viel diskutierten Geschwindigkeitskritik (Dromologie) enth\u00e4lt.<\/p>\n","protected":false},"excerpt":{"rendered":"<p>Der eine &#8211; der Architekt Claude Parent (1923-2016) &#8211; war \u00abdaf\u00fcr gemacht, Formen zu erschaffen\u00bb, wie sein erster Arbeitspartner, der Architekt Ionel Schein, erkannte. Der andere &#8211; der Urbanist Paul Virilio (1932-2018) &#8211; suchte die Atlantikk\u00fcste nach Bunkern und die Nachkriegsst\u00e4dte nach \u00abAntiformen\u00bb ab. Zusammen bildeten Parent und Virilio von 1963 bis 1968 das Duo [&hellip;]<\/p>\n","protected":false},"featured_media":29961,"template":"","meta":[],"product_cat":[55,2948,22,2950],"product_tag":[],"acf":[],"yoast_head":"<!-- This site is optimized with the Yoast SEO plugin v20.11 - https:\/\/yoast.com\/wordpress\/plugins\/seo\/ -->\n<title>CLAUDE PARENT PAUL VIRILIO : ARCHITECTURE PRINCIPE - Librairie 7L<\/title>\n<meta name=\"robots\" content=\"index, follow, max-snippet:-1, max-image-preview:large, max-video-preview:-1\" \/>\n<link rel=\"canonical\" href=\"https:\/\/librairie7l.com\/en\/produit\/claude-parent-paul-virilio-architecture-principe\/\" \/>\n<meta property=\"og:locale\" content=\"en_US\" \/>\n<meta property=\"og:type\" content=\"article\" \/>\n<meta property=\"og:title\" content=\"CLAUDE PARENT PAUL VIRILIO : ARCHITECTURE PRINCIPE - Librairie 7L\" \/>\n<meta property=\"og:description\" content=\"Der eine &#8211; der Architekt Claude Parent (1923-2016) &#8211; war \u00abdaf\u00fcr gemacht, Formen zu erschaffen\u00bb, wie sein erster Arbeitspartner, der Architekt Ionel Schein, erkannte. Der andere &#8211; der Urbanist Paul Virilio (1932-2018) &#8211; suchte die Atlantikk\u00fcste nach Bunkern und die Nachkriegsst\u00e4dte nach \u00abAntiformen\u00bb ab. Zusammen bildeten Parent und Virilio von 1963 bis 1968 das Duo [&hellip;]\" \/>\n<meta property=\"og:url\" content=\"https:\/\/librairie7l.com\/en\/produit\/claude-parent-paul-virilio-architecture-principe\/\" \/>\n<meta property=\"og:site_name\" content=\"Librairie 7L\" \/>\n<meta property=\"article:modified_time\" content=\"2026-04-28T03:16:12+00:00\" \/>\n<meta property=\"og:image\" content=\"https:\/\/librairie7l.com\/wp-content\/uploads\/2021\/01\/9783038602019_1_75.jpg\" \/>\n\t<meta property=\"og:image:width\" content=\"500\" \/>\n\t<meta property=\"og:image:height\" content=\"500\" \/>\n\t<meta property=\"og:image:type\" content=\"image\/jpeg\" \/>\n<meta name=\"twitter:card\" content=\"summary_large_image\" \/>\n<meta name=\"twitter:label1\" content=\"Est. reading time\" \/>\n\t<meta name=\"twitter:data1\" content=\"1 minute\" \/>\n<script type=\"application\/ld+json\" class=\"yoast-schema-graph\">{\"@context\":\"https:\/\/schema.org\",\"@graph\":[{\"@type\":\"WebPage\",\"@id\":\"https:\/\/librairie7l.com\/en\/produit\/claude-parent-paul-virilio-architecture-principe\/\",\"url\":\"https:\/\/librairie7l.com\/en\/produit\/claude-parent-paul-virilio-architecture-principe\/\",\"name\":\"CLAUDE PARENT PAUL VIRILIO : ARCHITECTURE PRINCIPE - Librairie 7L\",\"isPartOf\":{\"@id\":\"https:\/\/librairie7l.com\/en\/#website\"},\"datePublished\":\"2023-05-10T12:20:09+00:00\",\"dateModified\":\"2026-04-28T03:16:12+00:00\",\"breadcrumb\":{\"@id\":\"https:\/\/librairie7l.com\/en\/produit\/claude-parent-paul-virilio-architecture-principe\/#breadcrumb\"},\"inLanguage\":\"en-US\",\"potentialAction\":[{\"@type\":\"ReadAction\",\"target\":[\"https:\/\/librairie7l.com\/en\/produit\/claude-parent-paul-virilio-architecture-principe\/\"]}]},{\"@type\":\"BreadcrumbList\",\"@id\":\"https:\/\/librairie7l.com\/en\/produit\/claude-parent-paul-virilio-architecture-principe\/#breadcrumb\",\"itemListElement\":[{\"@type\":\"ListItem\",\"position\":1,\"name\":\"Accueil\",\"item\":\"https:\/\/librairie7l.com\/en\/\"},{\"@type\":\"ListItem\",\"position\":2,\"name\":\"Shop\",\"item\":\"https:\/\/librairie7l.com\/en\/shop\/\"},{\"@type\":\"ListItem\",\"position\":3,\"name\":\"CLAUDE PARENT PAUL VIRILIO : ARCHITECTURE PRINCIPE\"}]},{\"@type\":\"WebSite\",\"@id\":\"https:\/\/librairie7l.com\/en\/#website\",\"url\":\"https:\/\/librairie7l.com\/en\/\",\"name\":\"Librairie 7L\",\"description\":\"Librairie fond\u00e9e en 1999 par Karl Lagerfeld \u00e0 Paris\",\"publisher\":{\"@id\":\"https:\/\/librairie7l.com\/en\/#organization\"},\"potentialAction\":[{\"@type\":\"SearchAction\",\"target\":{\"@type\":\"EntryPoint\",\"urlTemplate\":\"https:\/\/librairie7l.com\/en\/?s={search_term_string}\"},\"query-input\":\"required name=search_term_string\"}],\"inLanguage\":\"en-US\"},{\"@type\":\"Organization\",\"@id\":\"https:\/\/librairie7l.com\/en\/#organization\",\"name\":\"Librairie 7L\",\"url\":\"https:\/\/librairie7l.com\/en\/\",\"logo\":{\"@type\":\"ImageObject\",\"inLanguage\":\"en-US\",\"@id\":\"https:\/\/librairie7l.com\/en\/#\/schema\/logo\/image\/\",\"url\":\"https:\/\/librairie7l.com\/wp-content\/uploads\/2022\/08\/logo-1.png\",\"contentUrl\":\"https:\/\/librairie7l.com\/wp-content\/uploads\/2022\/08\/logo-1.png\",\"width\":227,\"height\":301,\"caption\":\"Librairie 7L\"},\"image\":{\"@id\":\"https:\/\/librairie7l.com\/en\/#\/schema\/logo\/image\/\"}}]}<\/script>\n<!-- \/ Yoast SEO plugin. -->","yoast_head_json":{"title":"CLAUDE PARENT PAUL VIRILIO : ARCHITECTURE PRINCIPE - Librairie 7L","robots":{"index":"index","follow":"follow","max-snippet":"max-snippet:-1","max-image-preview":"max-image-preview:large","max-video-preview":"max-video-preview:-1"},"canonical":"https:\/\/librairie7l.com\/en\/produit\/claude-parent-paul-virilio-architecture-principe\/","og_locale":"en_US","og_type":"article","og_title":"CLAUDE PARENT PAUL VIRILIO : ARCHITECTURE PRINCIPE - Librairie 7L","og_description":"Der eine &#8211; der Architekt Claude Parent (1923-2016) &#8211; war \u00abdaf\u00fcr gemacht, Formen zu erschaffen\u00bb, wie sein erster Arbeitspartner, der Architekt Ionel Schein, erkannte. Der andere &#8211; der Urbanist Paul Virilio (1932-2018) &#8211; suchte die Atlantikk\u00fcste nach Bunkern und die Nachkriegsst\u00e4dte nach \u00abAntiformen\u00bb ab. Zusammen bildeten Parent und Virilio von 1963 bis 1968 das Duo [&hellip;]","og_url":"https:\/\/librairie7l.com\/en\/produit\/claude-parent-paul-virilio-architecture-principe\/","og_site_name":"Librairie 7L","article_modified_time":"2026-04-28T03:16:12+00:00","og_image":[{"width":500,"height":500,"url":"https:\/\/librairie7l.com\/wp-content\/uploads\/2021\/01\/9783038602019_1_75.jpg","type":"image\/jpeg"}],"twitter_card":"summary_large_image","twitter_misc":{"Est. reading time":"1 minute"},"schema":{"@context":"https:\/\/schema.org","@graph":[{"@type":"WebPage","@id":"https:\/\/librairie7l.com\/en\/produit\/claude-parent-paul-virilio-architecture-principe\/","url":"https:\/\/librairie7l.com\/en\/produit\/claude-parent-paul-virilio-architecture-principe\/","name":"CLAUDE PARENT PAUL VIRILIO : ARCHITECTURE PRINCIPE - Librairie 7L","isPartOf":{"@id":"https:\/\/librairie7l.com\/en\/#website"},"datePublished":"2023-05-10T12:20:09+00:00","dateModified":"2026-04-28T03:16:12+00:00","breadcrumb":{"@id":"https:\/\/librairie7l.com\/en\/produit\/claude-parent-paul-virilio-architecture-principe\/#breadcrumb"},"inLanguage":"en-US","potentialAction":[{"@type":"ReadAction","target":["https:\/\/librairie7l.com\/en\/produit\/claude-parent-paul-virilio-architecture-principe\/"]}]},{"@type":"BreadcrumbList","@id":"https:\/\/librairie7l.com\/en\/produit\/claude-parent-paul-virilio-architecture-principe\/#breadcrumb","itemListElement":[{"@type":"ListItem","position":1,"name":"Accueil","item":"https:\/\/librairie7l.com\/en\/"},{"@type":"ListItem","position":2,"name":"Shop","item":"https:\/\/librairie7l.com\/en\/shop\/"},{"@type":"ListItem","position":3,"name":"CLAUDE PARENT PAUL VIRILIO : ARCHITECTURE PRINCIPE"}]},{"@type":"WebSite","@id":"https:\/\/librairie7l.com\/en\/#website","url":"https:\/\/librairie7l.com\/en\/","name":"Librairie 7L","description":"Librairie fond\u00e9e en 1999 par Karl Lagerfeld \u00e0 Paris","publisher":{"@id":"https:\/\/librairie7l.com\/en\/#organization"},"potentialAction":[{"@type":"SearchAction","target":{"@type":"EntryPoint","urlTemplate":"https:\/\/librairie7l.com\/en\/?s={search_term_string}"},"query-input":"required name=search_term_string"}],"inLanguage":"en-US"},{"@type":"Organization","@id":"https:\/\/librairie7l.com\/en\/#organization","name":"Librairie 7L","url":"https:\/\/librairie7l.com\/en\/","logo":{"@type":"ImageObject","inLanguage":"en-US","@id":"https:\/\/librairie7l.com\/en\/#\/schema\/logo\/image\/","url":"https:\/\/librairie7l.com\/wp-content\/uploads\/2022\/08\/logo-1.png","contentUrl":"https:\/\/librairie7l.com\/wp-content\/uploads\/2022\/08\/logo-1.png","width":227,"height":301,"caption":"Librairie 7L"},"image":{"@id":"https:\/\/librairie7l.com\/en\/#\/schema\/logo\/image\/"}}]}},"_links":{"self":[{"href":"https:\/\/librairie7l.com\/en\/wp-json\/wp\/v2\/product\/29963"}],"collection":[{"href":"https:\/\/librairie7l.com\/en\/wp-json\/wp\/v2\/product"}],"about":[{"href":"https:\/\/librairie7l.com\/en\/wp-json\/wp\/v2\/types\/product"}],"wp:featuredmedia":[{"embeddable":true,"href":"https:\/\/librairie7l.com\/en\/wp-json\/wp\/v2\/media\/29961"}],"wp:attachment":[{"href":"https:\/\/librairie7l.com\/en\/wp-json\/wp\/v2\/media?parent=29963"}],"wp:term":[{"taxonomy":"product_cat","embeddable":true,"href":"https:\/\/librairie7l.com\/en\/wp-json\/wp\/v2\/product_cat?post=29963"},{"taxonomy":"product_tag","embeddable":true,"href":"https:\/\/librairie7l.com\/en\/wp-json\/wp\/v2\/product_tag?post=29963"}],"curies":[{"name":"wp","href":"https:\/\/api.w.org\/{rel}","templated":true}]}}