{"id":29975,"date":"2023-05-10T14:20:24","date_gmt":"2023-05-10T12:20:24","guid":{"rendered":"https:\/\/librairie7l.com\/?post_type=product&#038;p=29975"},"modified":"2026-04-07T16:07:51","modified_gmt":"2026-04-07T14:07:51","slug":"couleurs-premieres-une-utopie-moderniste-de-theo-van-doesburg-jean-arp-et-sop","status":"publish","type":"product","link":"https:\/\/librairie7l.com\/en\/produit\/couleurs-premieres-une-utopie-moderniste-de-theo-van-doesburg-jean-arp-et-sop\/","title":{"rendered":"COULEURS PREMI\u00c8RES ; UNE UTOPIE MODERNISTE DE TH\u00c9O VAN DOESBURG, JEAN ARP ET SOPHIE TAEUBER-ARP"},"content":{"rendered":"<p>Un r\u00eave en couleur. L&#8217;Aubette 1928, une oeuvre totale de Theo Van Doesburg, Jean Arp et Sophie Taeuber-Arp. Le 16 f\u00e9vrier 1928, Jean Arp, Sophie Taeuber-Arp et Theo Van Doesburg f\u00eatent l&#8217;inauguration de leur projet d&#8217;envergure : la transformation de l&#8217;Aubette, ancien b\u00e2timent militaire de 1765, en un grand complexe de loisirs et de divertissements sur quatre niveaux. V\u00e9ritable opportunit\u00e9 pour ces artistes d&#8217;avant-garde, l&#8217;am\u00e9nagement des salles d\u00e9fend le principe de collaboration entre les diff\u00e9rentes disciplines (peinture, design, architecture, etc.) afin de r\u00e9aliser une oeuvre d&#8217;art totale, commune et in\u00e9dite.<br \/>\nLongtemps dissimul\u00e9es sous des couches de peintures, ce n&#8217;est qu&#8217;\u00e0 la fin des ann\u00e9es 1970 que les premiers vestiges sont mis au jour et conduisent \u00e0 la restauration du premier \u00e9tage du complexe, aujourd&#8217;hui offert au visiteur dans son \u00e9clat initial. Ce num\u00e9ro du Cabinet de l&#8217;amateur vient mettre en avant la notion de d\u00e9construction de l&#8217;espace, essentielle \u00e0 cette &#8220;Chapelle Sixtine de l&#8217;art moderne&#8221;.<br \/>\nChaque d\u00e9tail participe de la mise en espace d&#8217;une r\u00e9flexion th\u00e9orique avant-gardiste et d&#8217;une esth\u00e9tique n\u00e9o-plastique, jouant avec les formes g\u00e9om\u00e9triques et les couleurs pour souligner ou perturber l&#8217;architecture originelle du b\u00e2timent, invitant ainsi le visiteur \u00e0 se perdre dans ces espaces \u00e9poustouflants.<\/p>\n","protected":false},"excerpt":{"rendered":"<p>Un r\u00eave en couleur. L&#8217;Aubette 1928, une oeuvre totale de Theo Van Doesburg, Jean Arp et Sophie Taeuber-Arp. Le 16 f\u00e9vrier 1928, Jean Arp, Sophie Taeuber-Arp et Theo Van Doesburg f\u00eatent l&#8217;inauguration de leur projet d&#8217;envergure : la transformation de l&#8217;Aubette, ancien b\u00e2timent militaire de 1765, en un grand complexe de loisirs et de divertissements [&hellip;]<\/p>\n","protected":false},"featured_media":29973,"template":"","meta":[],"product_cat":[2948,2950],"product_tag":[],"acf":[],"yoast_head":"<!-- This site is optimized with the Yoast SEO plugin v20.11 - https:\/\/yoast.com\/wordpress\/plugins\/seo\/ -->\n<title>COULEURS PREMI\u00c8RES ; UNE UTOPIE MODERNISTE DE TH\u00c9O VAN DOESBURG, JEAN ARP ET SOPHIE TAEUBER-ARP - Librairie 7L<\/title>\n<meta name=\"robots\" content=\"index, follow, max-snippet:-1, max-image-preview:large, max-video-preview:-1\" \/>\n<link rel=\"canonical\" href=\"https:\/\/librairie7l.com\/en\/produit\/couleurs-premieres-une-utopie-moderniste-de-theo-van-doesburg-jean-arp-et-sop\/\" \/>\n<meta property=\"og:locale\" content=\"en_US\" \/>\n<meta property=\"og:type\" content=\"article\" \/>\n<meta property=\"og:title\" content=\"COULEURS PREMI\u00c8RES ; UNE UTOPIE MODERNISTE DE TH\u00c9O VAN DOESBURG, JEAN ARP ET SOPHIE TAEUBER-ARP - Librairie 7L\" \/>\n<meta property=\"og:description\" content=\"Un r\u00eave en couleur. L&#8217;Aubette 1928, une oeuvre totale de Theo Van Doesburg, Jean Arp et Sophie Taeuber-Arp. Le 16 f\u00e9vrier 1928, Jean Arp, Sophie Taeuber-Arp et Theo Van Doesburg f\u00eatent l&#8217;inauguration de leur projet d&#8217;envergure : la transformation de l&#8217;Aubette, ancien b\u00e2timent militaire de 1765, en un grand complexe de loisirs et de divertissements [&hellip;]\" \/>\n<meta property=\"og:url\" content=\"https:\/\/librairie7l.com\/en\/produit\/couleurs-premieres-une-utopie-moderniste-de-theo-van-doesburg-jean-arp-et-sop\/\" \/>\n<meta property=\"og:site_name\" content=\"Librairie 7L\" \/>\n<meta property=\"article:modified_time\" content=\"2026-04-07T14:07:51+00:00\" \/>\n<meta property=\"og:image\" content=\"https:\/\/librairie7l.com\/wp-content\/uploads\/2016\/04\/9782351251447_1_75.jpg\" \/>\n\t<meta property=\"og:image:width\" content=\"400\" \/>\n\t<meta property=\"og:image:height\" content=\"570\" \/>\n\t<meta property=\"og:image:type\" content=\"image\/jpeg\" \/>\n<meta name=\"twitter:card\" content=\"summary_large_image\" \/>\n<meta name=\"twitter:label1\" content=\"Est. reading time\" \/>\n\t<meta name=\"twitter:data1\" content=\"1 minute\" \/>\n<script type=\"application\/ld+json\" class=\"yoast-schema-graph\">{\"@context\":\"https:\/\/schema.org\",\"@graph\":[{\"@type\":\"WebPage\",\"@id\":\"https:\/\/librairie7l.com\/en\/produit\/couleurs-premieres-une-utopie-moderniste-de-theo-van-doesburg-jean-arp-et-sop\/\",\"url\":\"https:\/\/librairie7l.com\/en\/produit\/couleurs-premieres-une-utopie-moderniste-de-theo-van-doesburg-jean-arp-et-sop\/\",\"name\":\"COULEURS PREMI\u00c8RES ; UNE UTOPIE MODERNISTE DE TH\u00c9O VAN DOESBURG, JEAN ARP ET SOPHIE TAEUBER-ARP - Librairie 7L\",\"isPartOf\":{\"@id\":\"https:\/\/librairie7l.com\/en\/#website\"},\"datePublished\":\"2023-05-10T12:20:24+00:00\",\"dateModified\":\"2026-04-07T14:07:51+00:00\",\"breadcrumb\":{\"@id\":\"https:\/\/librairie7l.com\/en\/produit\/couleurs-premieres-une-utopie-moderniste-de-theo-van-doesburg-jean-arp-et-sop\/#breadcrumb\"},\"inLanguage\":\"en-US\",\"potentialAction\":[{\"@type\":\"ReadAction\",\"target\":[\"https:\/\/librairie7l.com\/en\/produit\/couleurs-premieres-une-utopie-moderniste-de-theo-van-doesburg-jean-arp-et-sop\/\"]}]},{\"@type\":\"BreadcrumbList\",\"@id\":\"https:\/\/librairie7l.com\/en\/produit\/couleurs-premieres-une-utopie-moderniste-de-theo-van-doesburg-jean-arp-et-sop\/#breadcrumb\",\"itemListElement\":[{\"@type\":\"ListItem\",\"position\":1,\"name\":\"Accueil\",\"item\":\"https:\/\/librairie7l.com\/en\/\"},{\"@type\":\"ListItem\",\"position\":2,\"name\":\"Shop\",\"item\":\"https:\/\/librairie7l.com\/en\/shop\/\"},{\"@type\":\"ListItem\",\"position\":3,\"name\":\"COULEURS PREMI\u00c8RES ; UNE UTOPIE MODERNISTE DE TH\u00c9O VAN DOESBURG, JEAN ARP ET SOPHIE TAEUBER-ARP\"}]},{\"@type\":\"WebSite\",\"@id\":\"https:\/\/librairie7l.com\/en\/#website\",\"url\":\"https:\/\/librairie7l.com\/en\/\",\"name\":\"Librairie 7L\",\"description\":\"Librairie fond\u00e9e en 1999 par Karl Lagerfeld \u00e0 Paris\",\"publisher\":{\"@id\":\"https:\/\/librairie7l.com\/en\/#organization\"},\"potentialAction\":[{\"@type\":\"SearchAction\",\"target\":{\"@type\":\"EntryPoint\",\"urlTemplate\":\"https:\/\/librairie7l.com\/en\/?s={search_term_string}\"},\"query-input\":\"required name=search_term_string\"}],\"inLanguage\":\"en-US\"},{\"@type\":\"Organization\",\"@id\":\"https:\/\/librairie7l.com\/en\/#organization\",\"name\":\"Librairie 7L\",\"url\":\"https:\/\/librairie7l.com\/en\/\",\"logo\":{\"@type\":\"ImageObject\",\"inLanguage\":\"en-US\",\"@id\":\"https:\/\/librairie7l.com\/en\/#\/schema\/logo\/image\/\",\"url\":\"https:\/\/librairie7l.com\/wp-content\/uploads\/2022\/08\/logo-1.png\",\"contentUrl\":\"https:\/\/librairie7l.com\/wp-content\/uploads\/2022\/08\/logo-1.png\",\"width\":227,\"height\":301,\"caption\":\"Librairie 7L\"},\"image\":{\"@id\":\"https:\/\/librairie7l.com\/en\/#\/schema\/logo\/image\/\"}}]}<\/script>\n<!-- \/ Yoast SEO plugin. -->","yoast_head_json":{"title":"COULEURS PREMI\u00c8RES ; UNE UTOPIE MODERNISTE DE TH\u00c9O VAN DOESBURG, JEAN ARP ET SOPHIE TAEUBER-ARP - Librairie 7L","robots":{"index":"index","follow":"follow","max-snippet":"max-snippet:-1","max-image-preview":"max-image-preview:large","max-video-preview":"max-video-preview:-1"},"canonical":"https:\/\/librairie7l.com\/en\/produit\/couleurs-premieres-une-utopie-moderniste-de-theo-van-doesburg-jean-arp-et-sop\/","og_locale":"en_US","og_type":"article","og_title":"COULEURS PREMI\u00c8RES ; UNE UTOPIE MODERNISTE DE TH\u00c9O VAN DOESBURG, JEAN ARP ET SOPHIE TAEUBER-ARP - Librairie 7L","og_description":"Un r\u00eave en couleur. L&#8217;Aubette 1928, une oeuvre totale de Theo Van Doesburg, Jean Arp et Sophie Taeuber-Arp. Le 16 f\u00e9vrier 1928, Jean Arp, Sophie Taeuber-Arp et Theo Van Doesburg f\u00eatent l&#8217;inauguration de leur projet d&#8217;envergure : la transformation de l&#8217;Aubette, ancien b\u00e2timent militaire de 1765, en un grand complexe de loisirs et de divertissements [&hellip;]","og_url":"https:\/\/librairie7l.com\/en\/produit\/couleurs-premieres-une-utopie-moderniste-de-theo-van-doesburg-jean-arp-et-sop\/","og_site_name":"Librairie 7L","article_modified_time":"2026-04-07T14:07:51+00:00","og_image":[{"width":400,"height":570,"url":"https:\/\/librairie7l.com\/wp-content\/uploads\/2016\/04\/9782351251447_1_75.jpg","type":"image\/jpeg"}],"twitter_card":"summary_large_image","twitter_misc":{"Est. reading time":"1 minute"},"schema":{"@context":"https:\/\/schema.org","@graph":[{"@type":"WebPage","@id":"https:\/\/librairie7l.com\/en\/produit\/couleurs-premieres-une-utopie-moderniste-de-theo-van-doesburg-jean-arp-et-sop\/","url":"https:\/\/librairie7l.com\/en\/produit\/couleurs-premieres-une-utopie-moderniste-de-theo-van-doesburg-jean-arp-et-sop\/","name":"COULEURS PREMI\u00c8RES ; UNE UTOPIE MODERNISTE DE TH\u00c9O VAN DOESBURG, JEAN ARP ET SOPHIE TAEUBER-ARP - Librairie 7L","isPartOf":{"@id":"https:\/\/librairie7l.com\/en\/#website"},"datePublished":"2023-05-10T12:20:24+00:00","dateModified":"2026-04-07T14:07:51+00:00","breadcrumb":{"@id":"https:\/\/librairie7l.com\/en\/produit\/couleurs-premieres-une-utopie-moderniste-de-theo-van-doesburg-jean-arp-et-sop\/#breadcrumb"},"inLanguage":"en-US","potentialAction":[{"@type":"ReadAction","target":["https:\/\/librairie7l.com\/en\/produit\/couleurs-premieres-une-utopie-moderniste-de-theo-van-doesburg-jean-arp-et-sop\/"]}]},{"@type":"BreadcrumbList","@id":"https:\/\/librairie7l.com\/en\/produit\/couleurs-premieres-une-utopie-moderniste-de-theo-van-doesburg-jean-arp-et-sop\/#breadcrumb","itemListElement":[{"@type":"ListItem","position":1,"name":"Accueil","item":"https:\/\/librairie7l.com\/en\/"},{"@type":"ListItem","position":2,"name":"Shop","item":"https:\/\/librairie7l.com\/en\/shop\/"},{"@type":"ListItem","position":3,"name":"COULEURS PREMI\u00c8RES ; UNE UTOPIE MODERNISTE DE TH\u00c9O VAN DOESBURG, JEAN ARP ET SOPHIE TAEUBER-ARP"}]},{"@type":"WebSite","@id":"https:\/\/librairie7l.com\/en\/#website","url":"https:\/\/librairie7l.com\/en\/","name":"Librairie 7L","description":"Librairie fond\u00e9e en 1999 par Karl Lagerfeld \u00e0 Paris","publisher":{"@id":"https:\/\/librairie7l.com\/en\/#organization"},"potentialAction":[{"@type":"SearchAction","target":{"@type":"EntryPoint","urlTemplate":"https:\/\/librairie7l.com\/en\/?s={search_term_string}"},"query-input":"required name=search_term_string"}],"inLanguage":"en-US"},{"@type":"Organization","@id":"https:\/\/librairie7l.com\/en\/#organization","name":"Librairie 7L","url":"https:\/\/librairie7l.com\/en\/","logo":{"@type":"ImageObject","inLanguage":"en-US","@id":"https:\/\/librairie7l.com\/en\/#\/schema\/logo\/image\/","url":"https:\/\/librairie7l.com\/wp-content\/uploads\/2022\/08\/logo-1.png","contentUrl":"https:\/\/librairie7l.com\/wp-content\/uploads\/2022\/08\/logo-1.png","width":227,"height":301,"caption":"Librairie 7L"},"image":{"@id":"https:\/\/librairie7l.com\/en\/#\/schema\/logo\/image\/"}}]}},"_links":{"self":[{"href":"https:\/\/librairie7l.com\/en\/wp-json\/wp\/v2\/product\/29975"}],"collection":[{"href":"https:\/\/librairie7l.com\/en\/wp-json\/wp\/v2\/product"}],"about":[{"href":"https:\/\/librairie7l.com\/en\/wp-json\/wp\/v2\/types\/product"}],"wp:featuredmedia":[{"embeddable":true,"href":"https:\/\/librairie7l.com\/en\/wp-json\/wp\/v2\/media\/29973"}],"wp:attachment":[{"href":"https:\/\/librairie7l.com\/en\/wp-json\/wp\/v2\/media?parent=29975"}],"wp:term":[{"taxonomy":"product_cat","embeddable":true,"href":"https:\/\/librairie7l.com\/en\/wp-json\/wp\/v2\/product_cat?post=29975"},{"taxonomy":"product_tag","embeddable":true,"href":"https:\/\/librairie7l.com\/en\/wp-json\/wp\/v2\/product_tag?post=29975"}],"curies":[{"name":"wp","href":"https:\/\/api.w.org\/{rel}","templated":true}]}}