{"id":30003,"date":"2023-05-10T14:21:18","date_gmt":"2023-05-10T12:21:18","guid":{"rendered":"https:\/\/librairie7l.com\/?post_type=product&#038;p=30003"},"modified":"2026-04-06T03:25:56","modified_gmt":"2026-04-06T01:25:56","slug":"sapphire-a-celebration-of-colour","status":"publish","type":"product","link":"https:\/\/librairie7l.com\/en\/produit\/sapphire-a-celebration-of-colour\/","title":{"rendered":"SAPPHIRE : A CELEBRATION OF COLOUR"},"content":{"rendered":"<p>Apr\u00e8s l&#8217;\u00e9meraude et le rubis, ce troisi\u00e8me d&#8217;une s\u00e9rie de grands volumes sur les bijoux est consacr\u00e9 au saphir. Il pr\u00e9sente en d\u00e9tail plus de 60 exemples des bijoux les plus c\u00e9l\u00e8bres qui emploient cette pierre pr\u00e9cieuse, souvent bleue mais pas toujours. Il revient sur son histoire, les routes de commerce et les histoires parfois sombres qui ont apport\u00e9 le saphir jusqu&#8217;\u00e0 nous, les pouvoirs magiques que certains lui pr\u00eatent, et les cr\u00e9ations modernes et contemporaines qui le mettent en valeur.<\/p>\n","protected":false},"excerpt":{"rendered":"<p>Apr\u00e8s l&#8217;\u00e9meraude et le rubis, ce troisi\u00e8me d&#8217;une s\u00e9rie de grands volumes sur les bijoux est consacr\u00e9 au saphir. Il pr\u00e9sente en d\u00e9tail plus de 60 exemples des bijoux les plus c\u00e9l\u00e8bres qui emploient cette pierre pr\u00e9cieuse, souvent bleue mais pas toujours. Il revient sur son histoire, les routes de commerce et les histoires parfois [&hellip;]<\/p>\n","protected":false},"featured_media":30001,"template":"","meta":[],"product_cat":[55,2948,2957,19],"product_tag":[],"acf":[],"yoast_head":"<!-- This site is optimized with the Yoast SEO plugin v20.11 - https:\/\/yoast.com\/wordpress\/plugins\/seo\/ -->\n<title>SAPPHIRE : A CELEBRATION OF COLOUR - Librairie 7L<\/title>\n<meta name=\"robots\" content=\"index, follow, max-snippet:-1, max-image-preview:large, max-video-preview:-1\" \/>\n<link rel=\"canonical\" href=\"https:\/\/librairie7l.com\/en\/produit\/sapphire-a-celebration-of-colour\/\" \/>\n<meta property=\"og:locale\" content=\"en_US\" \/>\n<meta property=\"og:type\" content=\"article\" \/>\n<meta property=\"og:title\" content=\"SAPPHIRE : A CELEBRATION OF COLOUR - Librairie 7L\" \/>\n<meta property=\"og:description\" content=\"Apr\u00e8s l&#8217;\u00e9meraude et le rubis, ce troisi\u00e8me d&#8217;une s\u00e9rie de grands volumes sur les bijoux est consacr\u00e9 au saphir. Il pr\u00e9sente en d\u00e9tail plus de 60 exemples des bijoux les plus c\u00e9l\u00e8bres qui emploient cette pierre pr\u00e9cieuse, souvent bleue mais pas toujours. Il revient sur son histoire, les routes de commerce et les histoires parfois [&hellip;]\" \/>\n<meta property=\"og:url\" content=\"https:\/\/librairie7l.com\/en\/produit\/sapphire-a-celebration-of-colour\/\" \/>\n<meta property=\"og:site_name\" content=\"Librairie 7L\" \/>\n<meta property=\"article:modified_time\" content=\"2026-04-06T01:25:56+00:00\" \/>\n<meta property=\"og:image\" content=\"https:\/\/librairie7l.com\/wp-content\/uploads\/2021\/07\/9780500024775_1_75.jpg\" \/>\n\t<meta property=\"og:image:width\" content=\"359\" \/>\n\t<meta property=\"og:image:height\" content=\"500\" \/>\n\t<meta property=\"og:image:type\" content=\"image\/jpeg\" \/>\n<meta name=\"twitter:card\" content=\"summary_large_image\" \/>\n<script type=\"application\/ld+json\" class=\"yoast-schema-graph\">{\"@context\":\"https:\/\/schema.org\",\"@graph\":[{\"@type\":\"WebPage\",\"@id\":\"https:\/\/librairie7l.com\/en\/produit\/sapphire-a-celebration-of-colour\/\",\"url\":\"https:\/\/librairie7l.com\/en\/produit\/sapphire-a-celebration-of-colour\/\",\"name\":\"SAPPHIRE : A CELEBRATION OF COLOUR - Librairie 7L\",\"isPartOf\":{\"@id\":\"https:\/\/librairie7l.com\/en\/#website\"},\"datePublished\":\"2023-05-10T12:21:18+00:00\",\"dateModified\":\"2026-04-06T01:25:56+00:00\",\"breadcrumb\":{\"@id\":\"https:\/\/librairie7l.com\/en\/produit\/sapphire-a-celebration-of-colour\/#breadcrumb\"},\"inLanguage\":\"en-US\",\"potentialAction\":[{\"@type\":\"ReadAction\",\"target\":[\"https:\/\/librairie7l.com\/en\/produit\/sapphire-a-celebration-of-colour\/\"]}]},{\"@type\":\"BreadcrumbList\",\"@id\":\"https:\/\/librairie7l.com\/en\/produit\/sapphire-a-celebration-of-colour\/#breadcrumb\",\"itemListElement\":[{\"@type\":\"ListItem\",\"position\":1,\"name\":\"Accueil\",\"item\":\"https:\/\/librairie7l.com\/en\/\"},{\"@type\":\"ListItem\",\"position\":2,\"name\":\"Shop\",\"item\":\"https:\/\/librairie7l.com\/en\/shop\/\"},{\"@type\":\"ListItem\",\"position\":3,\"name\":\"SAPPHIRE : A CELEBRATION OF COLOUR\"}]},{\"@type\":\"WebSite\",\"@id\":\"https:\/\/librairie7l.com\/en\/#website\",\"url\":\"https:\/\/librairie7l.com\/en\/\",\"name\":\"Librairie 7L\",\"description\":\"Librairie fond\u00e9e en 1999 par Karl Lagerfeld \u00e0 Paris\",\"publisher\":{\"@id\":\"https:\/\/librairie7l.com\/en\/#organization\"},\"potentialAction\":[{\"@type\":\"SearchAction\",\"target\":{\"@type\":\"EntryPoint\",\"urlTemplate\":\"https:\/\/librairie7l.com\/en\/?s={search_term_string}\"},\"query-input\":\"required name=search_term_string\"}],\"inLanguage\":\"en-US\"},{\"@type\":\"Organization\",\"@id\":\"https:\/\/librairie7l.com\/en\/#organization\",\"name\":\"Librairie 7L\",\"url\":\"https:\/\/librairie7l.com\/en\/\",\"logo\":{\"@type\":\"ImageObject\",\"inLanguage\":\"en-US\",\"@id\":\"https:\/\/librairie7l.com\/en\/#\/schema\/logo\/image\/\",\"url\":\"https:\/\/librairie7l.com\/wp-content\/uploads\/2022\/08\/logo-1.png\",\"contentUrl\":\"https:\/\/librairie7l.com\/wp-content\/uploads\/2022\/08\/logo-1.png\",\"width\":227,\"height\":301,\"caption\":\"Librairie 7L\"},\"image\":{\"@id\":\"https:\/\/librairie7l.com\/en\/#\/schema\/logo\/image\/\"}}]}<\/script>\n<!-- \/ Yoast SEO plugin. -->","yoast_head_json":{"title":"SAPPHIRE : A CELEBRATION OF COLOUR - Librairie 7L","robots":{"index":"index","follow":"follow","max-snippet":"max-snippet:-1","max-image-preview":"max-image-preview:large","max-video-preview":"max-video-preview:-1"},"canonical":"https:\/\/librairie7l.com\/en\/produit\/sapphire-a-celebration-of-colour\/","og_locale":"en_US","og_type":"article","og_title":"SAPPHIRE : A CELEBRATION OF COLOUR - Librairie 7L","og_description":"Apr\u00e8s l&#8217;\u00e9meraude et le rubis, ce troisi\u00e8me d&#8217;une s\u00e9rie de grands volumes sur les bijoux est consacr\u00e9 au saphir. Il pr\u00e9sente en d\u00e9tail plus de 60 exemples des bijoux les plus c\u00e9l\u00e8bres qui emploient cette pierre pr\u00e9cieuse, souvent bleue mais pas toujours. Il revient sur son histoire, les routes de commerce et les histoires parfois [&hellip;]","og_url":"https:\/\/librairie7l.com\/en\/produit\/sapphire-a-celebration-of-colour\/","og_site_name":"Librairie 7L","article_modified_time":"2026-04-06T01:25:56+00:00","og_image":[{"width":359,"height":500,"url":"https:\/\/librairie7l.com\/wp-content\/uploads\/2021\/07\/9780500024775_1_75.jpg","type":"image\/jpeg"}],"twitter_card":"summary_large_image","schema":{"@context":"https:\/\/schema.org","@graph":[{"@type":"WebPage","@id":"https:\/\/librairie7l.com\/en\/produit\/sapphire-a-celebration-of-colour\/","url":"https:\/\/librairie7l.com\/en\/produit\/sapphire-a-celebration-of-colour\/","name":"SAPPHIRE : A CELEBRATION OF COLOUR - Librairie 7L","isPartOf":{"@id":"https:\/\/librairie7l.com\/en\/#website"},"datePublished":"2023-05-10T12:21:18+00:00","dateModified":"2026-04-06T01:25:56+00:00","breadcrumb":{"@id":"https:\/\/librairie7l.com\/en\/produit\/sapphire-a-celebration-of-colour\/#breadcrumb"},"inLanguage":"en-US","potentialAction":[{"@type":"ReadAction","target":["https:\/\/librairie7l.com\/en\/produit\/sapphire-a-celebration-of-colour\/"]}]},{"@type":"BreadcrumbList","@id":"https:\/\/librairie7l.com\/en\/produit\/sapphire-a-celebration-of-colour\/#breadcrumb","itemListElement":[{"@type":"ListItem","position":1,"name":"Accueil","item":"https:\/\/librairie7l.com\/en\/"},{"@type":"ListItem","position":2,"name":"Shop","item":"https:\/\/librairie7l.com\/en\/shop\/"},{"@type":"ListItem","position":3,"name":"SAPPHIRE : A CELEBRATION OF COLOUR"}]},{"@type":"WebSite","@id":"https:\/\/librairie7l.com\/en\/#website","url":"https:\/\/librairie7l.com\/en\/","name":"Librairie 7L","description":"Librairie fond\u00e9e en 1999 par Karl Lagerfeld \u00e0 Paris","publisher":{"@id":"https:\/\/librairie7l.com\/en\/#organization"},"potentialAction":[{"@type":"SearchAction","target":{"@type":"EntryPoint","urlTemplate":"https:\/\/librairie7l.com\/en\/?s={search_term_string}"},"query-input":"required name=search_term_string"}],"inLanguage":"en-US"},{"@type":"Organization","@id":"https:\/\/librairie7l.com\/en\/#organization","name":"Librairie 7L","url":"https:\/\/librairie7l.com\/en\/","logo":{"@type":"ImageObject","inLanguage":"en-US","@id":"https:\/\/librairie7l.com\/en\/#\/schema\/logo\/image\/","url":"https:\/\/librairie7l.com\/wp-content\/uploads\/2022\/08\/logo-1.png","contentUrl":"https:\/\/librairie7l.com\/wp-content\/uploads\/2022\/08\/logo-1.png","width":227,"height":301,"caption":"Librairie 7L"},"image":{"@id":"https:\/\/librairie7l.com\/en\/#\/schema\/logo\/image\/"}}]}},"_links":{"self":[{"href":"https:\/\/librairie7l.com\/en\/wp-json\/wp\/v2\/product\/30003"}],"collection":[{"href":"https:\/\/librairie7l.com\/en\/wp-json\/wp\/v2\/product"}],"about":[{"href":"https:\/\/librairie7l.com\/en\/wp-json\/wp\/v2\/types\/product"}],"wp:featuredmedia":[{"embeddable":true,"href":"https:\/\/librairie7l.com\/en\/wp-json\/wp\/v2\/media\/30001"}],"wp:attachment":[{"href":"https:\/\/librairie7l.com\/en\/wp-json\/wp\/v2\/media?parent=30003"}],"wp:term":[{"taxonomy":"product_cat","embeddable":true,"href":"https:\/\/librairie7l.com\/en\/wp-json\/wp\/v2\/product_cat?post=30003"},{"taxonomy":"product_tag","embeddable":true,"href":"https:\/\/librairie7l.com\/en\/wp-json\/wp\/v2\/product_tag?post=30003"}],"curies":[{"name":"wp","href":"https:\/\/api.w.org\/{rel}","templated":true}]}}