{"id":30111,"date":"2023-05-10T14:24:19","date_gmt":"2023-05-10T12:24:19","guid":{"rendered":"https:\/\/librairie7l.com\/?post_type=product&#038;p=30111"},"modified":"2026-04-07T00:15:23","modified_gmt":"2026-04-06T22:15:23","slug":"les-objets-des-maharajahs","status":"publish","type":"product","link":"https:\/\/librairie7l.com\/en\/produit\/les-objets-des-maharajahs\/","title":{"rendered":"LES OBJETS DES MAHARADJAHS"},"content":{"rendered":"<p>La fascination des maharajahs pour l&#8217;Occident et ses produits de luxe trouve ses origines dans l&#8217;histoire coloniale de l&#8217;Inde. C&#8217;est sous la domination britannique que cet engouement prit toute son ampleur. Les princes, voyageant d\u00e9sormais en Europe, prirent go\u00fbt aux raffinements d&#8217;un savoir-vivre nouveau, et eurent t\u00f4t fait de s&#8217;approprier ses modes de vie et ses attributs les plus sophistiqu\u00e9s. Symboles de puissance et de majest\u00e9, bijoux inestimables, habits d&#8217;apparat, palais somptueux, mobiliers pr\u00e9cieux ou voitures modernes confortaient en apparence une souverainet\u00e9, de fait affaiblie par l&#8217;occupant. Ainsi commandes et achats prestigieux offrirent aux grandes maisons de luxe des \u00e9pisodes \u00e9clatants de leur histoire. En explorant les archives de ces maisons comme les collections palatiales et priv\u00e9es, l&#8217;auteur met au jour le r\u00f4le exerc\u00e9 par les maharajahs en des temps o\u00f9 ils pouvaient d\u00e9penser sans compter. Pour la premi\u00e8re fois est relat\u00e9 le dialogue cr\u00e9atif \u00e9tabli jadis entre les maharajahs et les commer\u00e7ants qui s&#8217;ing\u00e9ni\u00e8rent \u00e0 les contenter. Truff\u00e9 d&#8217;anecdotes et richement illustr\u00e9, ce livre redonne vie \u00e0 des cr\u00e9ations aussi somptueuses qu&#8217;inventives, parfois m\u00e9mo d\u00e9lirantes, r\u00e9pondant aux d\u00e9sirs de ces princes aux extravagances l\u00e9gendaires.<\/p>\n","protected":false},"excerpt":{"rendered":"<p>La fascination des maharajahs pour l&#8217;Occident et ses produits de luxe trouve ses origines dans l&#8217;histoire coloniale de l&#8217;Inde. C&#8217;est sous la domination britannique que cet engouement prit toute son ampleur. Les princes, voyageant d\u00e9sormais en Europe, prirent go\u00fbt aux raffinements d&#8217;un savoir-vivre nouveau, et eurent t\u00f4t fait de s&#8217;approprier ses modes de vie et [&hellip;]<\/p>\n","protected":false},"featured_media":30109,"template":"","meta":[],"product_cat":[55,2948,2957,19],"product_tag":[],"acf":[],"yoast_head":"<!-- This site is optimized with the Yoast SEO plugin v20.11 - https:\/\/yoast.com\/wordpress\/plugins\/seo\/ -->\n<title>LES OBJETS DES MAHARADJAHS - Librairie 7L<\/title>\n<meta name=\"robots\" content=\"index, follow, max-snippet:-1, max-image-preview:large, max-video-preview:-1\" \/>\n<link rel=\"canonical\" href=\"https:\/\/librairie7l.com\/en\/produit\/les-objets-des-maharajahs\/\" \/>\n<meta property=\"og:locale\" content=\"en_US\" \/>\n<meta property=\"og:type\" content=\"article\" \/>\n<meta property=\"og:title\" content=\"LES OBJETS DES MAHARADJAHS - Librairie 7L\" \/>\n<meta property=\"og:description\" content=\"La fascination des maharajahs pour l&#8217;Occident et ses produits de luxe trouve ses origines dans l&#8217;histoire coloniale de l&#8217;Inde. C&#8217;est sous la domination britannique que cet engouement prit toute son ampleur. Les princes, voyageant d\u00e9sormais en Europe, prirent go\u00fbt aux raffinements d&#8217;un savoir-vivre nouveau, et eurent t\u00f4t fait de s&#8217;approprier ses modes de vie et [&hellip;]\" \/>\n<meta property=\"og:url\" content=\"https:\/\/librairie7l.com\/en\/produit\/les-objets-des-maharajahs\/\" \/>\n<meta property=\"og:site_name\" content=\"Librairie 7L\" \/>\n<meta property=\"article:modified_time\" content=\"2026-04-06T22:15:23+00:00\" \/>\n<meta property=\"og:image\" content=\"https:\/\/librairie7l.com\/wp-content\/uploads\/2007\/07\/9782850882388_1_75.jpg\" \/>\n\t<meta property=\"og:image:width\" content=\"250\" \/>\n\t<meta property=\"og:image:height\" content=\"286\" \/>\n\t<meta property=\"og:image:type\" content=\"image\/jpeg\" \/>\n<meta name=\"twitter:card\" content=\"summary_large_image\" \/>\n<meta name=\"twitter:label1\" content=\"Est. reading time\" \/>\n\t<meta name=\"twitter:data1\" content=\"1 minute\" \/>\n<script type=\"application\/ld+json\" class=\"yoast-schema-graph\">{\"@context\":\"https:\/\/schema.org\",\"@graph\":[{\"@type\":\"WebPage\",\"@id\":\"https:\/\/librairie7l.com\/en\/produit\/les-objets-des-maharajahs\/\",\"url\":\"https:\/\/librairie7l.com\/en\/produit\/les-objets-des-maharajahs\/\",\"name\":\"LES OBJETS DES MAHARADJAHS - Librairie 7L\",\"isPartOf\":{\"@id\":\"https:\/\/librairie7l.com\/en\/#website\"},\"datePublished\":\"2023-05-10T12:24:19+00:00\",\"dateModified\":\"2026-04-06T22:15:23+00:00\",\"breadcrumb\":{\"@id\":\"https:\/\/librairie7l.com\/en\/produit\/les-objets-des-maharajahs\/#breadcrumb\"},\"inLanguage\":\"en-US\",\"potentialAction\":[{\"@type\":\"ReadAction\",\"target\":[\"https:\/\/librairie7l.com\/en\/produit\/les-objets-des-maharajahs\/\"]}]},{\"@type\":\"BreadcrumbList\",\"@id\":\"https:\/\/librairie7l.com\/en\/produit\/les-objets-des-maharajahs\/#breadcrumb\",\"itemListElement\":[{\"@type\":\"ListItem\",\"position\":1,\"name\":\"Accueil\",\"item\":\"https:\/\/librairie7l.com\/en\/\"},{\"@type\":\"ListItem\",\"position\":2,\"name\":\"Shop\",\"item\":\"https:\/\/librairie7l.com\/en\/shop\/\"},{\"@type\":\"ListItem\",\"position\":3,\"name\":\"LES OBJETS DES MAHARADJAHS\"}]},{\"@type\":\"WebSite\",\"@id\":\"https:\/\/librairie7l.com\/en\/#website\",\"url\":\"https:\/\/librairie7l.com\/en\/\",\"name\":\"Librairie 7L\",\"description\":\"Librairie fond\u00e9e en 1999 par Karl Lagerfeld \u00e0 Paris\",\"publisher\":{\"@id\":\"https:\/\/librairie7l.com\/en\/#organization\"},\"potentialAction\":[{\"@type\":\"SearchAction\",\"target\":{\"@type\":\"EntryPoint\",\"urlTemplate\":\"https:\/\/librairie7l.com\/en\/?s={search_term_string}\"},\"query-input\":\"required name=search_term_string\"}],\"inLanguage\":\"en-US\"},{\"@type\":\"Organization\",\"@id\":\"https:\/\/librairie7l.com\/en\/#organization\",\"name\":\"Librairie 7L\",\"url\":\"https:\/\/librairie7l.com\/en\/\",\"logo\":{\"@type\":\"ImageObject\",\"inLanguage\":\"en-US\",\"@id\":\"https:\/\/librairie7l.com\/en\/#\/schema\/logo\/image\/\",\"url\":\"https:\/\/librairie7l.com\/wp-content\/uploads\/2022\/08\/logo-1.png\",\"contentUrl\":\"https:\/\/librairie7l.com\/wp-content\/uploads\/2022\/08\/logo-1.png\",\"width\":227,\"height\":301,\"caption\":\"Librairie 7L\"},\"image\":{\"@id\":\"https:\/\/librairie7l.com\/en\/#\/schema\/logo\/image\/\"}}]}<\/script>\n<!-- \/ Yoast SEO plugin. -->","yoast_head_json":{"title":"LES OBJETS DES MAHARADJAHS - Librairie 7L","robots":{"index":"index","follow":"follow","max-snippet":"max-snippet:-1","max-image-preview":"max-image-preview:large","max-video-preview":"max-video-preview:-1"},"canonical":"https:\/\/librairie7l.com\/en\/produit\/les-objets-des-maharajahs\/","og_locale":"en_US","og_type":"article","og_title":"LES OBJETS DES MAHARADJAHS - Librairie 7L","og_description":"La fascination des maharajahs pour l&#8217;Occident et ses produits de luxe trouve ses origines dans l&#8217;histoire coloniale de l&#8217;Inde. C&#8217;est sous la domination britannique que cet engouement prit toute son ampleur. Les princes, voyageant d\u00e9sormais en Europe, prirent go\u00fbt aux raffinements d&#8217;un savoir-vivre nouveau, et eurent t\u00f4t fait de s&#8217;approprier ses modes de vie et [&hellip;]","og_url":"https:\/\/librairie7l.com\/en\/produit\/les-objets-des-maharajahs\/","og_site_name":"Librairie 7L","article_modified_time":"2026-04-06T22:15:23+00:00","og_image":[{"width":250,"height":286,"url":"https:\/\/librairie7l.com\/wp-content\/uploads\/2007\/07\/9782850882388_1_75.jpg","type":"image\/jpeg"}],"twitter_card":"summary_large_image","twitter_misc":{"Est. reading time":"1 minute"},"schema":{"@context":"https:\/\/schema.org","@graph":[{"@type":"WebPage","@id":"https:\/\/librairie7l.com\/en\/produit\/les-objets-des-maharajahs\/","url":"https:\/\/librairie7l.com\/en\/produit\/les-objets-des-maharajahs\/","name":"LES OBJETS DES MAHARADJAHS - Librairie 7L","isPartOf":{"@id":"https:\/\/librairie7l.com\/en\/#website"},"datePublished":"2023-05-10T12:24:19+00:00","dateModified":"2026-04-06T22:15:23+00:00","breadcrumb":{"@id":"https:\/\/librairie7l.com\/en\/produit\/les-objets-des-maharajahs\/#breadcrumb"},"inLanguage":"en-US","potentialAction":[{"@type":"ReadAction","target":["https:\/\/librairie7l.com\/en\/produit\/les-objets-des-maharajahs\/"]}]},{"@type":"BreadcrumbList","@id":"https:\/\/librairie7l.com\/en\/produit\/les-objets-des-maharajahs\/#breadcrumb","itemListElement":[{"@type":"ListItem","position":1,"name":"Accueil","item":"https:\/\/librairie7l.com\/en\/"},{"@type":"ListItem","position":2,"name":"Shop","item":"https:\/\/librairie7l.com\/en\/shop\/"},{"@type":"ListItem","position":3,"name":"LES OBJETS DES MAHARADJAHS"}]},{"@type":"WebSite","@id":"https:\/\/librairie7l.com\/en\/#website","url":"https:\/\/librairie7l.com\/en\/","name":"Librairie 7L","description":"Librairie fond\u00e9e en 1999 par Karl Lagerfeld \u00e0 Paris","publisher":{"@id":"https:\/\/librairie7l.com\/en\/#organization"},"potentialAction":[{"@type":"SearchAction","target":{"@type":"EntryPoint","urlTemplate":"https:\/\/librairie7l.com\/en\/?s={search_term_string}"},"query-input":"required name=search_term_string"}],"inLanguage":"en-US"},{"@type":"Organization","@id":"https:\/\/librairie7l.com\/en\/#organization","name":"Librairie 7L","url":"https:\/\/librairie7l.com\/en\/","logo":{"@type":"ImageObject","inLanguage":"en-US","@id":"https:\/\/librairie7l.com\/en\/#\/schema\/logo\/image\/","url":"https:\/\/librairie7l.com\/wp-content\/uploads\/2022\/08\/logo-1.png","contentUrl":"https:\/\/librairie7l.com\/wp-content\/uploads\/2022\/08\/logo-1.png","width":227,"height":301,"caption":"Librairie 7L"},"image":{"@id":"https:\/\/librairie7l.com\/en\/#\/schema\/logo\/image\/"}}]}},"_links":{"self":[{"href":"https:\/\/librairie7l.com\/en\/wp-json\/wp\/v2\/product\/30111"}],"collection":[{"href":"https:\/\/librairie7l.com\/en\/wp-json\/wp\/v2\/product"}],"about":[{"href":"https:\/\/librairie7l.com\/en\/wp-json\/wp\/v2\/types\/product"}],"wp:featuredmedia":[{"embeddable":true,"href":"https:\/\/librairie7l.com\/en\/wp-json\/wp\/v2\/media\/30109"}],"wp:attachment":[{"href":"https:\/\/librairie7l.com\/en\/wp-json\/wp\/v2\/media?parent=30111"}],"wp:term":[{"taxonomy":"product_cat","embeddable":true,"href":"https:\/\/librairie7l.com\/en\/wp-json\/wp\/v2\/product_cat?post=30111"},{"taxonomy":"product_tag","embeddable":true,"href":"https:\/\/librairie7l.com\/en\/wp-json\/wp\/v2\/product_tag?post=30111"}],"curies":[{"name":"wp","href":"https:\/\/api.w.org\/{rel}","templated":true}]}}