{"id":30127,"date":"2023-05-10T14:24:41","date_gmt":"2023-05-10T12:24:41","guid":{"rendered":"https:\/\/librairie7l.com\/?post_type=product&#038;p=30127"},"modified":"2026-04-09T10:48:56","modified_gmt":"2026-04-09T08:48:56","slug":"julio-le-parc","status":"publish","type":"product","link":"https:\/\/librairie7l.com\/en\/produit\/julio-le-parc\/","title":{"rendered":"JULIO LE PARC"},"content":{"rendered":"<p>R\u00e9alis\u00e9 \u00e0 l&#8217;occasion de l&#8217;exposition \u00e9ponyme \u00e0 la galerie Perrotin \u00e0 Paris, cet ouvrage monographique pr\u00e9sente de nombreuses oeuvres de Julio Le Parc, dont ses tableaux les plus r\u00e9cents, t\u00e9moignant d&#8217;un int\u00e9r\u00eat intact pour l&#8217;\u00e9tude de la lumi\u00e8re et du mouvement. La publication comprend \u00e9galement un texte de Hans Ulrich Obrist, un entretien conduit par J\u00e9r\u00f4me Sans et une chronologie \u00e9crite par l&#8217;artiste.<br \/>\n\u00ab L&#8217;art de Julio Le Parc d\u00e9borde d&#8217;une \u00e9nergie sans limites. Dans son atelier de Cachan, en banlieue parisienne, l&#8217;artiste d\u00e9gage une impression de jeunesse et d&#8217;exp\u00e9rimentation perp\u00e9tuelle. N\u00e9 en Argentine en 1928 et install\u00e9 en France, il est c\u00e9l\u00e8bre pour son utilisation de la lumi\u00e8re \u00e0 travers des projections, des mouvements et des reflets dans des oeuvres d&#8217;art qui donnent une impression de flux constant et t\u00e9moignent d&#8217;une \u00e9nergie aussi vive aujourd&#8217;hui qu&#8217;\u00e0 l&#8217;\u00e9poque de leur cr\u00e9ation. Au coeur de sa pratique se trouve le d\u00e9sir de mettre en question notre rapport \u00e0 l&#8217;art et la mani\u00e8re dont on le per\u00e7oit, bouleversant ainsi notre vision des r\u00f4les jou\u00e9s par l&#8217;artiste, par le spectateur et par l&#8217;institution, mais aussi une croyance profonde dans le potentiel d&#8217;insurrection de l&#8217;art. Dans une note publi\u00e9e sur Instagram au moment de sa derni\u00e8re exposition \u00e0 la Serpentine Sackler Gallery, \u00e0 Londres, en 2014, il \u00e9crivait : \u00abOptimismo siempre\u00bb (l&#8217;optimisme toujours), une id\u00e9e dont son oeuvre ludique et irr\u00e9v\u00e9rencieuse se fait l&#8217;\u00e9cho. \u00bb Hans Ulrich Obrist.<\/p>\n","protected":false},"excerpt":{"rendered":"<p>R\u00e9alis\u00e9 \u00e0 l&#8217;occasion de l&#8217;exposition \u00e9ponyme \u00e0 la galerie Perrotin \u00e0 Paris, cet ouvrage monographique pr\u00e9sente de nombreuses oeuvres de Julio Le Parc, dont ses tableaux les plus r\u00e9cents, t\u00e9moignant d&#8217;un int\u00e9r\u00eat intact pour l&#8217;\u00e9tude de la lumi\u00e8re et du mouvement. La publication comprend \u00e9galement un texte de Hans Ulrich Obrist, un entretien conduit par [&hellip;]<\/p>\n","protected":false},"featured_media":30125,"template":"","meta":[],"product_cat":[55,2948,47,2953],"product_tag":[],"acf":[],"yoast_head":"<!-- This site is optimized with the Yoast SEO plugin v20.11 - https:\/\/yoast.com\/wordpress\/plugins\/seo\/ -->\n<title>JULIO LE PARC - Librairie 7L<\/title>\n<meta name=\"robots\" content=\"index, follow, max-snippet:-1, max-image-preview:large, max-video-preview:-1\" \/>\n<link rel=\"canonical\" href=\"https:\/\/librairie7l.com\/en\/produit\/julio-le-parc\/\" \/>\n<meta property=\"og:locale\" content=\"en_US\" \/>\n<meta property=\"og:type\" content=\"article\" \/>\n<meta property=\"og:title\" content=\"JULIO LE PARC - Librairie 7L\" \/>\n<meta property=\"og:description\" content=\"R\u00e9alis\u00e9 \u00e0 l&#8217;occasion de l&#8217;exposition \u00e9ponyme \u00e0 la galerie Perrotin \u00e0 Paris, cet ouvrage monographique pr\u00e9sente de nombreuses oeuvres de Julio Le Parc, dont ses tableaux les plus r\u00e9cents, t\u00e9moignant d&#8217;un int\u00e9r\u00eat intact pour l&#8217;\u00e9tude de la lumi\u00e8re et du mouvement. La publication comprend \u00e9galement un texte de Hans Ulrich Obrist, un entretien conduit par [&hellip;]\" \/>\n<meta property=\"og:url\" content=\"https:\/\/librairie7l.com\/en\/produit\/julio-le-parc\/\" \/>\n<meta property=\"og:site_name\" content=\"Librairie 7L\" \/>\n<meta property=\"article:modified_time\" content=\"2026-04-09T08:48:56+00:00\" \/>\n<meta property=\"og:image\" content=\"https:\/\/librairie7l.com\/wp-content\/uploads\/2017\/11\/9791091539098_1_75.jpg\" \/>\n\t<meta property=\"og:image:width\" content=\"248\" \/>\n\t<meta property=\"og:image:height\" content=\"300\" \/>\n\t<meta property=\"og:image:type\" content=\"image\/jpeg\" \/>\n<meta name=\"twitter:card\" content=\"summary_large_image\" \/>\n<meta name=\"twitter:label1\" content=\"Est. reading time\" \/>\n\t<meta name=\"twitter:data1\" content=\"1 minute\" \/>\n<script type=\"application\/ld+json\" class=\"yoast-schema-graph\">{\"@context\":\"https:\/\/schema.org\",\"@graph\":[{\"@type\":\"WebPage\",\"@id\":\"https:\/\/librairie7l.com\/en\/produit\/julio-le-parc\/\",\"url\":\"https:\/\/librairie7l.com\/en\/produit\/julio-le-parc\/\",\"name\":\"JULIO LE PARC - Librairie 7L\",\"isPartOf\":{\"@id\":\"https:\/\/librairie7l.com\/en\/#website\"},\"datePublished\":\"2023-05-10T12:24:41+00:00\",\"dateModified\":\"2026-04-09T08:48:56+00:00\",\"breadcrumb\":{\"@id\":\"https:\/\/librairie7l.com\/en\/produit\/julio-le-parc\/#breadcrumb\"},\"inLanguage\":\"en-US\",\"potentialAction\":[{\"@type\":\"ReadAction\",\"target\":[\"https:\/\/librairie7l.com\/en\/produit\/julio-le-parc\/\"]}]},{\"@type\":\"BreadcrumbList\",\"@id\":\"https:\/\/librairie7l.com\/en\/produit\/julio-le-parc\/#breadcrumb\",\"itemListElement\":[{\"@type\":\"ListItem\",\"position\":1,\"name\":\"Accueil\",\"item\":\"https:\/\/librairie7l.com\/en\/\"},{\"@type\":\"ListItem\",\"position\":2,\"name\":\"Shop\",\"item\":\"https:\/\/librairie7l.com\/en\/shop\/\"},{\"@type\":\"ListItem\",\"position\":3,\"name\":\"JULIO LE PARC\"}]},{\"@type\":\"WebSite\",\"@id\":\"https:\/\/librairie7l.com\/en\/#website\",\"url\":\"https:\/\/librairie7l.com\/en\/\",\"name\":\"Librairie 7L\",\"description\":\"Librairie fond\u00e9e en 1999 par Karl Lagerfeld \u00e0 Paris\",\"publisher\":{\"@id\":\"https:\/\/librairie7l.com\/en\/#organization\"},\"potentialAction\":[{\"@type\":\"SearchAction\",\"target\":{\"@type\":\"EntryPoint\",\"urlTemplate\":\"https:\/\/librairie7l.com\/en\/?s={search_term_string}\"},\"query-input\":\"required name=search_term_string\"}],\"inLanguage\":\"en-US\"},{\"@type\":\"Organization\",\"@id\":\"https:\/\/librairie7l.com\/en\/#organization\",\"name\":\"Librairie 7L\",\"url\":\"https:\/\/librairie7l.com\/en\/\",\"logo\":{\"@type\":\"ImageObject\",\"inLanguage\":\"en-US\",\"@id\":\"https:\/\/librairie7l.com\/en\/#\/schema\/logo\/image\/\",\"url\":\"https:\/\/librairie7l.com\/wp-content\/uploads\/2022\/08\/logo-1.png\",\"contentUrl\":\"https:\/\/librairie7l.com\/wp-content\/uploads\/2022\/08\/logo-1.png\",\"width\":227,\"height\":301,\"caption\":\"Librairie 7L\"},\"image\":{\"@id\":\"https:\/\/librairie7l.com\/en\/#\/schema\/logo\/image\/\"}}]}<\/script>\n<!-- \/ Yoast SEO plugin. -->","yoast_head_json":{"title":"JULIO LE PARC - Librairie 7L","robots":{"index":"index","follow":"follow","max-snippet":"max-snippet:-1","max-image-preview":"max-image-preview:large","max-video-preview":"max-video-preview:-1"},"canonical":"https:\/\/librairie7l.com\/en\/produit\/julio-le-parc\/","og_locale":"en_US","og_type":"article","og_title":"JULIO LE PARC - Librairie 7L","og_description":"R\u00e9alis\u00e9 \u00e0 l&#8217;occasion de l&#8217;exposition \u00e9ponyme \u00e0 la galerie Perrotin \u00e0 Paris, cet ouvrage monographique pr\u00e9sente de nombreuses oeuvres de Julio Le Parc, dont ses tableaux les plus r\u00e9cents, t\u00e9moignant d&#8217;un int\u00e9r\u00eat intact pour l&#8217;\u00e9tude de la lumi\u00e8re et du mouvement. La publication comprend \u00e9galement un texte de Hans Ulrich Obrist, un entretien conduit par [&hellip;]","og_url":"https:\/\/librairie7l.com\/en\/produit\/julio-le-parc\/","og_site_name":"Librairie 7L","article_modified_time":"2026-04-09T08:48:56+00:00","og_image":[{"width":248,"height":300,"url":"https:\/\/librairie7l.com\/wp-content\/uploads\/2017\/11\/9791091539098_1_75.jpg","type":"image\/jpeg"}],"twitter_card":"summary_large_image","twitter_misc":{"Est. reading time":"1 minute"},"schema":{"@context":"https:\/\/schema.org","@graph":[{"@type":"WebPage","@id":"https:\/\/librairie7l.com\/en\/produit\/julio-le-parc\/","url":"https:\/\/librairie7l.com\/en\/produit\/julio-le-parc\/","name":"JULIO LE PARC - Librairie 7L","isPartOf":{"@id":"https:\/\/librairie7l.com\/en\/#website"},"datePublished":"2023-05-10T12:24:41+00:00","dateModified":"2026-04-09T08:48:56+00:00","breadcrumb":{"@id":"https:\/\/librairie7l.com\/en\/produit\/julio-le-parc\/#breadcrumb"},"inLanguage":"en-US","potentialAction":[{"@type":"ReadAction","target":["https:\/\/librairie7l.com\/en\/produit\/julio-le-parc\/"]}]},{"@type":"BreadcrumbList","@id":"https:\/\/librairie7l.com\/en\/produit\/julio-le-parc\/#breadcrumb","itemListElement":[{"@type":"ListItem","position":1,"name":"Accueil","item":"https:\/\/librairie7l.com\/en\/"},{"@type":"ListItem","position":2,"name":"Shop","item":"https:\/\/librairie7l.com\/en\/shop\/"},{"@type":"ListItem","position":3,"name":"JULIO LE PARC"}]},{"@type":"WebSite","@id":"https:\/\/librairie7l.com\/en\/#website","url":"https:\/\/librairie7l.com\/en\/","name":"Librairie 7L","description":"Librairie fond\u00e9e en 1999 par Karl Lagerfeld \u00e0 Paris","publisher":{"@id":"https:\/\/librairie7l.com\/en\/#organization"},"potentialAction":[{"@type":"SearchAction","target":{"@type":"EntryPoint","urlTemplate":"https:\/\/librairie7l.com\/en\/?s={search_term_string}"},"query-input":"required name=search_term_string"}],"inLanguage":"en-US"},{"@type":"Organization","@id":"https:\/\/librairie7l.com\/en\/#organization","name":"Librairie 7L","url":"https:\/\/librairie7l.com\/en\/","logo":{"@type":"ImageObject","inLanguage":"en-US","@id":"https:\/\/librairie7l.com\/en\/#\/schema\/logo\/image\/","url":"https:\/\/librairie7l.com\/wp-content\/uploads\/2022\/08\/logo-1.png","contentUrl":"https:\/\/librairie7l.com\/wp-content\/uploads\/2022\/08\/logo-1.png","width":227,"height":301,"caption":"Librairie 7L"},"image":{"@id":"https:\/\/librairie7l.com\/en\/#\/schema\/logo\/image\/"}}]}},"_links":{"self":[{"href":"https:\/\/librairie7l.com\/en\/wp-json\/wp\/v2\/product\/30127"}],"collection":[{"href":"https:\/\/librairie7l.com\/en\/wp-json\/wp\/v2\/product"}],"about":[{"href":"https:\/\/librairie7l.com\/en\/wp-json\/wp\/v2\/types\/product"}],"wp:featuredmedia":[{"embeddable":true,"href":"https:\/\/librairie7l.com\/en\/wp-json\/wp\/v2\/media\/30125"}],"wp:attachment":[{"href":"https:\/\/librairie7l.com\/en\/wp-json\/wp\/v2\/media?parent=30127"}],"wp:term":[{"taxonomy":"product_cat","embeddable":true,"href":"https:\/\/librairie7l.com\/en\/wp-json\/wp\/v2\/product_cat?post=30127"},{"taxonomy":"product_tag","embeddable":true,"href":"https:\/\/librairie7l.com\/en\/wp-json\/wp\/v2\/product_tag?post=30127"}],"curies":[{"name":"wp","href":"https:\/\/api.w.org\/{rel}","templated":true}]}}