{"id":30135,"date":"2023-05-10T14:24:55","date_gmt":"2023-05-10T12:24:55","guid":{"rendered":"https:\/\/librairie7l.com\/?post_type=product&#038;p=30135"},"modified":"2026-04-16T11:07:03","modified_gmt":"2026-04-16T09:07:03","slug":"contes-de-fees-des-histoires-de-costumes-de-scene","status":"publish","type":"product","link":"https:\/\/librairie7l.com\/en\/produit\/contes-de-fees-des-histoires-de-costumes-de-scene\/","title":{"rendered":"CONTES DE F\u00c9ES ; DES HISTOIRES DE COSTUMES DE SC\u00c8NE"},"content":{"rendered":"<p>L&#8217;exposition, en images et en costumes de sc\u00e8ne, s&#8217;attachera \u00e0 \u00e9tudier comment, au fil des si\u00e8cles, les costumiers vont interpr\u00e9ter les personnages de contes de f\u00e9es, avec quelle esth\u00e9tique, quel choix de formes, de textiles, d&#8217;ornements, de teintes.<\/p>\n<p>Par exemple, les costumes classiques ou historiques, renvoyant aux modes moyen\u00e2geuses, ou encore \u00e0 celles des XVIIe et XVIIIe si\u00e8cles. Soieries et velours, orn\u00e9s de broderies, d&#8217;or, de perles et de rubans. F\u00e9es \u00ab \u00e0 baguette \u00bb, coiff\u00e9es de hennins. Rois et reines en pseudo-costumes du sacre, comme \u00e0 la cour de Louis XIV. En hommage au XIXe si\u00e8cle, r\u00e8gne le tulle &#8211; ballet oblige &#8211; souvent blanc ou de couleur pastel, avec des tenues plus l\u00e9g\u00e8res, tr\u00e8s orn\u00e9es de feuillages et de fleurs. Les codes couleurs renseignent tout de suite sur le caract\u00e8re du personnage, rose, mauve ou bleu pour les bonnes f\u00e9es, rouge, noir et violet pour les m\u00e9chantes et leur suite.<\/p>\n<p>Le XXe si\u00e8cle, r\u00e9visant l&#8217;affaire \u00e0 sa mani\u00e8re, nous offre \u00ab les d\u00e9jant\u00e9s \u00bb, cuir et chaine, latex, nuisette, bondage, noir int\u00e9gral, masques effrayants, coiffures extravagantes, maquillages outr\u00e9s.<br \/>\nOu encore \u00ab les contemporains \u00bb, smokings et robes du soir.<br \/>\nPeu importe le parti pris, la fantaisie r\u00e8gne toujours, m\u00e9langeant les styles, r\u00e9interpr\u00e9tant les codes.<\/p>\n<p>Une place sp\u00e9ciale sera donn\u00e9e \u00e0 l&#8217;inventaire des accessoires qui tiennent dans les contes un grand r\u00f4le et sont des symboles : baguette magique, miroir, pomme, chaussure, bottes de sept lieues, grimoire, \u00e9p\u00e9e magique, rose, quenouille, rouet&#8230;<br \/>\nEnfin, des extraits de films viendront compl\u00e9ter le propos.<\/p>\n","protected":false},"excerpt":{"rendered":"<p>L&#8217;exposition, en images et en costumes de sc\u00e8ne, s&#8217;attachera \u00e0 \u00e9tudier comment, au fil des si\u00e8cles, les costumiers vont interpr\u00e9ter les personnages de contes de f\u00e9es, avec quelle esth\u00e9tique, quel choix de formes, de textiles, d&#8217;ornements, de teintes. Par exemple, les costumes classiques ou historiques, renvoyant aux modes moyen\u00e2geuses, ou encore \u00e0 celles des XVIIe [&hellip;]<\/p>\n","protected":false},"featured_media":30133,"template":"","meta":[],"product_cat":[55,2948,2957,19],"product_tag":[],"acf":[],"yoast_head":"<!-- This site is optimized with the Yoast SEO plugin v20.11 - https:\/\/yoast.com\/wordpress\/plugins\/seo\/ -->\n<title>CONTES DE F\u00c9ES ; DES HISTOIRES DE COSTUMES DE SC\u00c8NE - Librairie 7L<\/title>\n<meta name=\"robots\" content=\"index, follow, max-snippet:-1, max-image-preview:large, max-video-preview:-1\" \/>\n<link rel=\"canonical\" href=\"https:\/\/librairie7l.com\/en\/produit\/contes-de-fees-des-histoires-de-costumes-de-scene\/\" \/>\n<meta property=\"og:locale\" content=\"en_US\" \/>\n<meta property=\"og:type\" content=\"article\" \/>\n<meta property=\"og:title\" content=\"CONTES DE F\u00c9ES ; DES HISTOIRES DE COSTUMES DE SC\u00c8NE - Librairie 7L\" \/>\n<meta property=\"og:description\" content=\"L&#8217;exposition, en images et en costumes de sc\u00e8ne, s&#8217;attachera \u00e0 \u00e9tudier comment, au fil des si\u00e8cles, les costumiers vont interpr\u00e9ter les personnages de contes de f\u00e9es, avec quelle esth\u00e9tique, quel choix de formes, de textiles, d&#8217;ornements, de teintes. Par exemple, les costumes classiques ou historiques, renvoyant aux modes moyen\u00e2geuses, ou encore \u00e0 celles des XVIIe [&hellip;]\" \/>\n<meta property=\"og:url\" content=\"https:\/\/librairie7l.com\/en\/produit\/contes-de-fees-des-histoires-de-costumes-de-scene\/\" \/>\n<meta property=\"og:site_name\" content=\"Librairie 7L\" \/>\n<meta property=\"article:modified_time\" content=\"2026-04-16T09:07:03+00:00\" \/>\n<meta property=\"og:image\" content=\"https:\/\/librairie7l.com\/wp-content\/uploads\/2017\/12\/9788836637317_1_75.jpg\" \/>\n\t<meta property=\"og:image:width\" content=\"404\" \/>\n\t<meta property=\"og:image:height\" content=\"500\" \/>\n\t<meta property=\"og:image:type\" content=\"image\/jpeg\" \/>\n<meta name=\"twitter:card\" content=\"summary_large_image\" \/>\n<meta name=\"twitter:label1\" content=\"Est. reading time\" \/>\n\t<meta name=\"twitter:data1\" content=\"1 minute\" \/>\n<script type=\"application\/ld+json\" class=\"yoast-schema-graph\">{\"@context\":\"https:\/\/schema.org\",\"@graph\":[{\"@type\":\"WebPage\",\"@id\":\"https:\/\/librairie7l.com\/en\/produit\/contes-de-fees-des-histoires-de-costumes-de-scene\/\",\"url\":\"https:\/\/librairie7l.com\/en\/produit\/contes-de-fees-des-histoires-de-costumes-de-scene\/\",\"name\":\"CONTES DE F\u00c9ES ; DES HISTOIRES DE COSTUMES DE SC\u00c8NE - Librairie 7L\",\"isPartOf\":{\"@id\":\"https:\/\/librairie7l.com\/en\/#website\"},\"datePublished\":\"2023-05-10T12:24:55+00:00\",\"dateModified\":\"2026-04-16T09:07:03+00:00\",\"breadcrumb\":{\"@id\":\"https:\/\/librairie7l.com\/en\/produit\/contes-de-fees-des-histoires-de-costumes-de-scene\/#breadcrumb\"},\"inLanguage\":\"en-US\",\"potentialAction\":[{\"@type\":\"ReadAction\",\"target\":[\"https:\/\/librairie7l.com\/en\/produit\/contes-de-fees-des-histoires-de-costumes-de-scene\/\"]}]},{\"@type\":\"BreadcrumbList\",\"@id\":\"https:\/\/librairie7l.com\/en\/produit\/contes-de-fees-des-histoires-de-costumes-de-scene\/#breadcrumb\",\"itemListElement\":[{\"@type\":\"ListItem\",\"position\":1,\"name\":\"Accueil\",\"item\":\"https:\/\/librairie7l.com\/en\/\"},{\"@type\":\"ListItem\",\"position\":2,\"name\":\"Shop\",\"item\":\"https:\/\/librairie7l.com\/en\/shop\/\"},{\"@type\":\"ListItem\",\"position\":3,\"name\":\"CONTES DE F\u00c9ES ; DES HISTOIRES DE COSTUMES DE SC\u00c8NE\"}]},{\"@type\":\"WebSite\",\"@id\":\"https:\/\/librairie7l.com\/en\/#website\",\"url\":\"https:\/\/librairie7l.com\/en\/\",\"name\":\"Librairie 7L\",\"description\":\"Librairie fond\u00e9e en 1999 par Karl Lagerfeld \u00e0 Paris\",\"publisher\":{\"@id\":\"https:\/\/librairie7l.com\/en\/#organization\"},\"potentialAction\":[{\"@type\":\"SearchAction\",\"target\":{\"@type\":\"EntryPoint\",\"urlTemplate\":\"https:\/\/librairie7l.com\/en\/?s={search_term_string}\"},\"query-input\":\"required name=search_term_string\"}],\"inLanguage\":\"en-US\"},{\"@type\":\"Organization\",\"@id\":\"https:\/\/librairie7l.com\/en\/#organization\",\"name\":\"Librairie 7L\",\"url\":\"https:\/\/librairie7l.com\/en\/\",\"logo\":{\"@type\":\"ImageObject\",\"inLanguage\":\"en-US\",\"@id\":\"https:\/\/librairie7l.com\/en\/#\/schema\/logo\/image\/\",\"url\":\"https:\/\/librairie7l.com\/wp-content\/uploads\/2022\/08\/logo-1.png\",\"contentUrl\":\"https:\/\/librairie7l.com\/wp-content\/uploads\/2022\/08\/logo-1.png\",\"width\":227,\"height\":301,\"caption\":\"Librairie 7L\"},\"image\":{\"@id\":\"https:\/\/librairie7l.com\/en\/#\/schema\/logo\/image\/\"}}]}<\/script>\n<!-- \/ Yoast SEO plugin. -->","yoast_head_json":{"title":"CONTES DE F\u00c9ES ; DES HISTOIRES DE COSTUMES DE SC\u00c8NE - Librairie 7L","robots":{"index":"index","follow":"follow","max-snippet":"max-snippet:-1","max-image-preview":"max-image-preview:large","max-video-preview":"max-video-preview:-1"},"canonical":"https:\/\/librairie7l.com\/en\/produit\/contes-de-fees-des-histoires-de-costumes-de-scene\/","og_locale":"en_US","og_type":"article","og_title":"CONTES DE F\u00c9ES ; DES HISTOIRES DE COSTUMES DE SC\u00c8NE - Librairie 7L","og_description":"L&#8217;exposition, en images et en costumes de sc\u00e8ne, s&#8217;attachera \u00e0 \u00e9tudier comment, au fil des si\u00e8cles, les costumiers vont interpr\u00e9ter les personnages de contes de f\u00e9es, avec quelle esth\u00e9tique, quel choix de formes, de textiles, d&#8217;ornements, de teintes. Par exemple, les costumes classiques ou historiques, renvoyant aux modes moyen\u00e2geuses, ou encore \u00e0 celles des XVIIe [&hellip;]","og_url":"https:\/\/librairie7l.com\/en\/produit\/contes-de-fees-des-histoires-de-costumes-de-scene\/","og_site_name":"Librairie 7L","article_modified_time":"2026-04-16T09:07:03+00:00","og_image":[{"width":404,"height":500,"url":"https:\/\/librairie7l.com\/wp-content\/uploads\/2017\/12\/9788836637317_1_75.jpg","type":"image\/jpeg"}],"twitter_card":"summary_large_image","twitter_misc":{"Est. reading time":"1 minute"},"schema":{"@context":"https:\/\/schema.org","@graph":[{"@type":"WebPage","@id":"https:\/\/librairie7l.com\/en\/produit\/contes-de-fees-des-histoires-de-costumes-de-scene\/","url":"https:\/\/librairie7l.com\/en\/produit\/contes-de-fees-des-histoires-de-costumes-de-scene\/","name":"CONTES DE F\u00c9ES ; DES HISTOIRES DE COSTUMES DE SC\u00c8NE - Librairie 7L","isPartOf":{"@id":"https:\/\/librairie7l.com\/en\/#website"},"datePublished":"2023-05-10T12:24:55+00:00","dateModified":"2026-04-16T09:07:03+00:00","breadcrumb":{"@id":"https:\/\/librairie7l.com\/en\/produit\/contes-de-fees-des-histoires-de-costumes-de-scene\/#breadcrumb"},"inLanguage":"en-US","potentialAction":[{"@type":"ReadAction","target":["https:\/\/librairie7l.com\/en\/produit\/contes-de-fees-des-histoires-de-costumes-de-scene\/"]}]},{"@type":"BreadcrumbList","@id":"https:\/\/librairie7l.com\/en\/produit\/contes-de-fees-des-histoires-de-costumes-de-scene\/#breadcrumb","itemListElement":[{"@type":"ListItem","position":1,"name":"Accueil","item":"https:\/\/librairie7l.com\/en\/"},{"@type":"ListItem","position":2,"name":"Shop","item":"https:\/\/librairie7l.com\/en\/shop\/"},{"@type":"ListItem","position":3,"name":"CONTES DE F\u00c9ES ; DES HISTOIRES DE COSTUMES DE SC\u00c8NE"}]},{"@type":"WebSite","@id":"https:\/\/librairie7l.com\/en\/#website","url":"https:\/\/librairie7l.com\/en\/","name":"Librairie 7L","description":"Librairie fond\u00e9e en 1999 par Karl Lagerfeld \u00e0 Paris","publisher":{"@id":"https:\/\/librairie7l.com\/en\/#organization"},"potentialAction":[{"@type":"SearchAction","target":{"@type":"EntryPoint","urlTemplate":"https:\/\/librairie7l.com\/en\/?s={search_term_string}"},"query-input":"required name=search_term_string"}],"inLanguage":"en-US"},{"@type":"Organization","@id":"https:\/\/librairie7l.com\/en\/#organization","name":"Librairie 7L","url":"https:\/\/librairie7l.com\/en\/","logo":{"@type":"ImageObject","inLanguage":"en-US","@id":"https:\/\/librairie7l.com\/en\/#\/schema\/logo\/image\/","url":"https:\/\/librairie7l.com\/wp-content\/uploads\/2022\/08\/logo-1.png","contentUrl":"https:\/\/librairie7l.com\/wp-content\/uploads\/2022\/08\/logo-1.png","width":227,"height":301,"caption":"Librairie 7L"},"image":{"@id":"https:\/\/librairie7l.com\/en\/#\/schema\/logo\/image\/"}}]}},"_links":{"self":[{"href":"https:\/\/librairie7l.com\/en\/wp-json\/wp\/v2\/product\/30135"}],"collection":[{"href":"https:\/\/librairie7l.com\/en\/wp-json\/wp\/v2\/product"}],"about":[{"href":"https:\/\/librairie7l.com\/en\/wp-json\/wp\/v2\/types\/product"}],"wp:featuredmedia":[{"embeddable":true,"href":"https:\/\/librairie7l.com\/en\/wp-json\/wp\/v2\/media\/30133"}],"wp:attachment":[{"href":"https:\/\/librairie7l.com\/en\/wp-json\/wp\/v2\/media?parent=30135"}],"wp:term":[{"taxonomy":"product_cat","embeddable":true,"href":"https:\/\/librairie7l.com\/en\/wp-json\/wp\/v2\/product_cat?post=30135"},{"taxonomy":"product_tag","embeddable":true,"href":"https:\/\/librairie7l.com\/en\/wp-json\/wp\/v2\/product_tag?post=30135"}],"curies":[{"name":"wp","href":"https:\/\/api.w.org\/{rel}","templated":true}]}}