{"id":30191,"date":"2023-05-10T14:26:58","date_gmt":"2023-05-10T12:26:58","guid":{"rendered":"https:\/\/librairie7l.com\/?post_type=product&#038;p=30191"},"modified":"2026-04-07T14:28:11","modified_gmt":"2026-04-07T12:28:11","slug":"bibliotheque-dun-amateur-richard-princes-publications","status":"publish","type":"product","link":"https:\/\/librairie7l.com\/en\/produit\/bibliotheque-dun-amateur-richard-princes-publications\/","title":{"rendered":"BIBLIOTH\u00c8QUE D&#8217;UN AMATEUR : RICHARD PRINCE&#8217;S PUBLICATIONS"},"content":{"rendered":"<p>Parmi les \u00e9l\u00e9ments de culture populaire recycl\u00e9s par Richard Prince se trouvent bien entendu les magazines et livres dont il est un collectionneur compulsif, notamment ceux de la contre-culture am\u00e9ricaine qui vont nourrir son oeuvre picturale, photographique mais aussi ses propres livres qui occupent une place centrale dans le corpus de son oeuvre. C&#8217;est ainsi qu&#8217;il a utilise \/ recycle les couvertures de romans de gare pour ses \u00ab Nurses paintings \u00bb ou r\u00e9-organise, juxtapose diverses images issues de cette culture populaire afin de r\u00e9aliser ses propres livres. \u00c0 cette iconographie populaire, celle des bikers, des magazines pornographiques, s&#8217;ajoute celle du livre lui-m\u00eame, ceux de sa collection. En effet, et de fa\u00e7on r\u00e9currente, ils sont constamment re-pr\u00e9sent\u00e9s. Ainsi, dans 4 x 4 publi\u00e9 en 1997 pr\u00e9sente-t-il une partie de sa collection de livres de Nabokov. Dans American\/English publi\u00e9 en 2003, il juxtapose \/ compare une suite de livres dans leurs \u00e9ditions anglaises et am\u00e9ricaines. Le livre devient comme une sorte d&#8217;inventaire, de biblioth\u00e8que avec une constante, celle de sa repr\u00e9sentation presque toujours frontale, comme si le livre n&#8217;\u00e9tait qu&#8217;une couverture, voire le troph\u00e9e d&#8217;un collectionneur Et si de par nature, le livre qui doit \u00eatre manipul\u00e9, feuillet\u00e9, s&#8217;expose difficilement, tel n&#8217;est pas le cas en l&#8217;occurrence, puisque qu&#8217;\u00e0 leur tour, les livres de Richard Prince qui constituent cette biblioth\u00e8que d&#8217;un amateur deviennent, en s&#8217;exposant, une suite de couvertures, d&#8217;images.<\/p>\n","protected":false},"excerpt":{"rendered":"<p>Parmi les \u00e9l\u00e9ments de culture populaire recycl\u00e9s par Richard Prince se trouvent bien entendu les magazines et livres dont il est un collectionneur compulsif, notamment ceux de la contre-culture am\u00e9ricaine qui vont nourrir son oeuvre picturale, photographique mais aussi ses propres livres qui occupent une place centrale dans le corpus de son oeuvre. C&#8217;est ainsi [&hellip;]<\/p>\n","protected":false},"featured_media":30189,"template":"","meta":[],"product_cat":[55,2948,47,2953],"product_tag":[],"acf":[],"yoast_head":"<!-- This site is optimized with the Yoast SEO plugin v20.11 - https:\/\/yoast.com\/wordpress\/plugins\/seo\/ -->\n<title>BIBLIOTH\u00c8QUE D&#039;UN AMATEUR : RICHARD PRINCE&#039;S PUBLICATIONS - Librairie 7L<\/title>\n<meta name=\"robots\" content=\"index, follow, max-snippet:-1, max-image-preview:large, max-video-preview:-1\" \/>\n<link rel=\"canonical\" href=\"https:\/\/librairie7l.com\/en\/produit\/bibliotheque-dun-amateur-richard-princes-publications\/\" \/>\n<meta property=\"og:locale\" content=\"en_US\" \/>\n<meta property=\"og:type\" content=\"article\" \/>\n<meta property=\"og:title\" content=\"BIBLIOTH\u00c8QUE D&#039;UN AMATEUR : RICHARD PRINCE&#039;S PUBLICATIONS - Librairie 7L\" \/>\n<meta property=\"og:description\" content=\"Parmi les \u00e9l\u00e9ments de culture populaire recycl\u00e9s par Richard Prince se trouvent bien entendu les magazines et livres dont il est un collectionneur compulsif, notamment ceux de la contre-culture am\u00e9ricaine qui vont nourrir son oeuvre picturale, photographique mais aussi ses propres livres qui occupent une place centrale dans le corpus de son oeuvre. C&#8217;est ainsi [&hellip;]\" \/>\n<meta property=\"og:url\" content=\"https:\/\/librairie7l.com\/en\/produit\/bibliotheque-dun-amateur-richard-princes-publications\/\" \/>\n<meta property=\"og:site_name\" content=\"Librairie 7L\" \/>\n<meta property=\"article:modified_time\" content=\"2026-04-07T12:28:11+00:00\" \/>\n<meta property=\"og:image\" content=\"https:\/\/librairie7l.com\/wp-content\/uploads\/2022\/07\/9788897753711_1_75.jpg\" \/>\n\t<meta property=\"og:image:width\" content=\"600\" \/>\n\t<meta property=\"og:image:height\" content=\"846\" \/>\n\t<meta property=\"og:image:type\" content=\"image\/jpeg\" \/>\n<meta name=\"twitter:card\" content=\"summary_large_image\" \/>\n<meta name=\"twitter:label1\" content=\"Est. reading time\" \/>\n\t<meta name=\"twitter:data1\" content=\"1 minute\" \/>\n<script type=\"application\/ld+json\" class=\"yoast-schema-graph\">{\"@context\":\"https:\/\/schema.org\",\"@graph\":[{\"@type\":\"WebPage\",\"@id\":\"https:\/\/librairie7l.com\/en\/produit\/bibliotheque-dun-amateur-richard-princes-publications\/\",\"url\":\"https:\/\/librairie7l.com\/en\/produit\/bibliotheque-dun-amateur-richard-princes-publications\/\",\"name\":\"BIBLIOTH\u00c8QUE D'UN AMATEUR : RICHARD PRINCE'S PUBLICATIONS - Librairie 7L\",\"isPartOf\":{\"@id\":\"https:\/\/librairie7l.com\/en\/#website\"},\"datePublished\":\"2023-05-10T12:26:58+00:00\",\"dateModified\":\"2026-04-07T12:28:11+00:00\",\"breadcrumb\":{\"@id\":\"https:\/\/librairie7l.com\/en\/produit\/bibliotheque-dun-amateur-richard-princes-publications\/#breadcrumb\"},\"inLanguage\":\"en-US\",\"potentialAction\":[{\"@type\":\"ReadAction\",\"target\":[\"https:\/\/librairie7l.com\/en\/produit\/bibliotheque-dun-amateur-richard-princes-publications\/\"]}]},{\"@type\":\"BreadcrumbList\",\"@id\":\"https:\/\/librairie7l.com\/en\/produit\/bibliotheque-dun-amateur-richard-princes-publications\/#breadcrumb\",\"itemListElement\":[{\"@type\":\"ListItem\",\"position\":1,\"name\":\"Accueil\",\"item\":\"https:\/\/librairie7l.com\/en\/\"},{\"@type\":\"ListItem\",\"position\":2,\"name\":\"Shop\",\"item\":\"https:\/\/librairie7l.com\/en\/shop\/\"},{\"@type\":\"ListItem\",\"position\":3,\"name\":\"BIBLIOTH\u00c8QUE D&#8217;UN AMATEUR : RICHARD PRINCE&#8217;S PUBLICATIONS\"}]},{\"@type\":\"WebSite\",\"@id\":\"https:\/\/librairie7l.com\/en\/#website\",\"url\":\"https:\/\/librairie7l.com\/en\/\",\"name\":\"Librairie 7L\",\"description\":\"Librairie fond\u00e9e en 1999 par Karl Lagerfeld \u00e0 Paris\",\"publisher\":{\"@id\":\"https:\/\/librairie7l.com\/en\/#organization\"},\"potentialAction\":[{\"@type\":\"SearchAction\",\"target\":{\"@type\":\"EntryPoint\",\"urlTemplate\":\"https:\/\/librairie7l.com\/en\/?s={search_term_string}\"},\"query-input\":\"required name=search_term_string\"}],\"inLanguage\":\"en-US\"},{\"@type\":\"Organization\",\"@id\":\"https:\/\/librairie7l.com\/en\/#organization\",\"name\":\"Librairie 7L\",\"url\":\"https:\/\/librairie7l.com\/en\/\",\"logo\":{\"@type\":\"ImageObject\",\"inLanguage\":\"en-US\",\"@id\":\"https:\/\/librairie7l.com\/en\/#\/schema\/logo\/image\/\",\"url\":\"https:\/\/librairie7l.com\/wp-content\/uploads\/2022\/08\/logo-1.png\",\"contentUrl\":\"https:\/\/librairie7l.com\/wp-content\/uploads\/2022\/08\/logo-1.png\",\"width\":227,\"height\":301,\"caption\":\"Librairie 7L\"},\"image\":{\"@id\":\"https:\/\/librairie7l.com\/en\/#\/schema\/logo\/image\/\"}}]}<\/script>\n<!-- \/ Yoast SEO plugin. -->","yoast_head_json":{"title":"BIBLIOTH\u00c8QUE D'UN AMATEUR : RICHARD PRINCE'S PUBLICATIONS - Librairie 7L","robots":{"index":"index","follow":"follow","max-snippet":"max-snippet:-1","max-image-preview":"max-image-preview:large","max-video-preview":"max-video-preview:-1"},"canonical":"https:\/\/librairie7l.com\/en\/produit\/bibliotheque-dun-amateur-richard-princes-publications\/","og_locale":"en_US","og_type":"article","og_title":"BIBLIOTH\u00c8QUE D'UN AMATEUR : RICHARD PRINCE'S PUBLICATIONS - Librairie 7L","og_description":"Parmi les \u00e9l\u00e9ments de culture populaire recycl\u00e9s par Richard Prince se trouvent bien entendu les magazines et livres dont il est un collectionneur compulsif, notamment ceux de la contre-culture am\u00e9ricaine qui vont nourrir son oeuvre picturale, photographique mais aussi ses propres livres qui occupent une place centrale dans le corpus de son oeuvre. C&#8217;est ainsi [&hellip;]","og_url":"https:\/\/librairie7l.com\/en\/produit\/bibliotheque-dun-amateur-richard-princes-publications\/","og_site_name":"Librairie 7L","article_modified_time":"2026-04-07T12:28:11+00:00","og_image":[{"width":600,"height":846,"url":"https:\/\/librairie7l.com\/wp-content\/uploads\/2022\/07\/9788897753711_1_75.jpg","type":"image\/jpeg"}],"twitter_card":"summary_large_image","twitter_misc":{"Est. reading time":"1 minute"},"schema":{"@context":"https:\/\/schema.org","@graph":[{"@type":"WebPage","@id":"https:\/\/librairie7l.com\/en\/produit\/bibliotheque-dun-amateur-richard-princes-publications\/","url":"https:\/\/librairie7l.com\/en\/produit\/bibliotheque-dun-amateur-richard-princes-publications\/","name":"BIBLIOTH\u00c8QUE D'UN AMATEUR : RICHARD PRINCE'S PUBLICATIONS - Librairie 7L","isPartOf":{"@id":"https:\/\/librairie7l.com\/en\/#website"},"datePublished":"2023-05-10T12:26:58+00:00","dateModified":"2026-04-07T12:28:11+00:00","breadcrumb":{"@id":"https:\/\/librairie7l.com\/en\/produit\/bibliotheque-dun-amateur-richard-princes-publications\/#breadcrumb"},"inLanguage":"en-US","potentialAction":[{"@type":"ReadAction","target":["https:\/\/librairie7l.com\/en\/produit\/bibliotheque-dun-amateur-richard-princes-publications\/"]}]},{"@type":"BreadcrumbList","@id":"https:\/\/librairie7l.com\/en\/produit\/bibliotheque-dun-amateur-richard-princes-publications\/#breadcrumb","itemListElement":[{"@type":"ListItem","position":1,"name":"Accueil","item":"https:\/\/librairie7l.com\/en\/"},{"@type":"ListItem","position":2,"name":"Shop","item":"https:\/\/librairie7l.com\/en\/shop\/"},{"@type":"ListItem","position":3,"name":"BIBLIOTH\u00c8QUE D&#8217;UN AMATEUR : RICHARD PRINCE&#8217;S PUBLICATIONS"}]},{"@type":"WebSite","@id":"https:\/\/librairie7l.com\/en\/#website","url":"https:\/\/librairie7l.com\/en\/","name":"Librairie 7L","description":"Librairie fond\u00e9e en 1999 par Karl Lagerfeld \u00e0 Paris","publisher":{"@id":"https:\/\/librairie7l.com\/en\/#organization"},"potentialAction":[{"@type":"SearchAction","target":{"@type":"EntryPoint","urlTemplate":"https:\/\/librairie7l.com\/en\/?s={search_term_string}"},"query-input":"required name=search_term_string"}],"inLanguage":"en-US"},{"@type":"Organization","@id":"https:\/\/librairie7l.com\/en\/#organization","name":"Librairie 7L","url":"https:\/\/librairie7l.com\/en\/","logo":{"@type":"ImageObject","inLanguage":"en-US","@id":"https:\/\/librairie7l.com\/en\/#\/schema\/logo\/image\/","url":"https:\/\/librairie7l.com\/wp-content\/uploads\/2022\/08\/logo-1.png","contentUrl":"https:\/\/librairie7l.com\/wp-content\/uploads\/2022\/08\/logo-1.png","width":227,"height":301,"caption":"Librairie 7L"},"image":{"@id":"https:\/\/librairie7l.com\/en\/#\/schema\/logo\/image\/"}}]}},"_links":{"self":[{"href":"https:\/\/librairie7l.com\/en\/wp-json\/wp\/v2\/product\/30191"}],"collection":[{"href":"https:\/\/librairie7l.com\/en\/wp-json\/wp\/v2\/product"}],"about":[{"href":"https:\/\/librairie7l.com\/en\/wp-json\/wp\/v2\/types\/product"}],"wp:featuredmedia":[{"embeddable":true,"href":"https:\/\/librairie7l.com\/en\/wp-json\/wp\/v2\/media\/30189"}],"wp:attachment":[{"href":"https:\/\/librairie7l.com\/en\/wp-json\/wp\/v2\/media?parent=30191"}],"wp:term":[{"taxonomy":"product_cat","embeddable":true,"href":"https:\/\/librairie7l.com\/en\/wp-json\/wp\/v2\/product_cat?post=30191"},{"taxonomy":"product_tag","embeddable":true,"href":"https:\/\/librairie7l.com\/en\/wp-json\/wp\/v2\/product_tag?post=30191"}],"curies":[{"name":"wp","href":"https:\/\/api.w.org\/{rel}","templated":true}]}}