{"id":30203,"date":"2023-05-10T14:27:18","date_gmt":"2023-05-10T12:27:18","guid":{"rendered":"https:\/\/librairie7l.com\/?post_type=product&#038;p=30203"},"modified":"2026-05-12T23:02:30","modified_gmt":"2026-05-12T21:02:30","slug":"home-stories-100-years-20-visionary-interiors","status":"publish","type":"product","link":"https:\/\/librairie7l.com\/en\/produit\/home-stories-100-years-20-visionary-interiors\/","title":{"rendered":"HOME STORIES 100 YEARS 20 VISIONARY INTERIORS"},"content":{"rendered":"<p>Une histoire du design d&#8217;int\u00e9rieur et la fa\u00e7on dont il fa\u00e7onne nos vies, \u00e0 travers une s\u00e9rie d&#8217;int\u00e9rieurs embl\u00e9matiques. Cet ouvrage nous fait visiter 20 int\u00e9rieurs r\u00e9sidentiels embl\u00e9matiques des ann\u00e9es 20 \u00e0 aujourd&#8217;hui, par des architectes, des artistes et des designers tels que Assemble, Cecil Beaton, Lina Bo Bardi, Arno Brandlhuber, Elsie de Wolfe, Elii, Josef Frank, Andrew Geller, IKEA, Finn Juhl , Michael Graves, Kisho Kurokawa, Adolf Loos, Claude Parent, Bernard Rudofsky, Margarete Sch\u00fctte-Lihotzky, Alison et Peter Smithson, Jacques Tati, Mies van der Rohe et Andy Warhol. Incluant des photographies historiques et r\u00e9centes, des dessins et des plans, le livre explore ces \u00e9tudes de cas comme des moments cl\u00e9s de l&#8217;histoire de l&#8217;int\u00e9rieur moderne.<\/p>\n","protected":false},"excerpt":{"rendered":"<p>Une histoire du design d&#8217;int\u00e9rieur et la fa\u00e7on dont il fa\u00e7onne nos vies, \u00e0 travers une s\u00e9rie d&#8217;int\u00e9rieurs embl\u00e9matiques. Cet ouvrage nous fait visiter 20 int\u00e9rieurs r\u00e9sidentiels embl\u00e9matiques des ann\u00e9es 20 \u00e0 aujourd&#8217;hui, par des architectes, des artistes et des designers tels que Assemble, Cecil Beaton, Lina Bo Bardi, Arno Brandlhuber, Elsie de Wolfe, Elii, [&hellip;]<\/p>\n","protected":false},"featured_media":30201,"template":"","meta":[],"product_cat":[55,2948,22,2950],"product_tag":[],"acf":[],"yoast_head":"<!-- This site is optimized with the Yoast SEO plugin v20.11 - https:\/\/yoast.com\/wordpress\/plugins\/seo\/ -->\n<title>HOME STORIES 100 YEARS 20 VISIONARY INTERIORS - Librairie 7L<\/title>\n<meta name=\"robots\" content=\"index, follow, max-snippet:-1, max-image-preview:large, max-video-preview:-1\" \/>\n<link rel=\"canonical\" href=\"https:\/\/librairie7l.com\/en\/produit\/home-stories-100-years-20-visionary-interiors\/\" \/>\n<meta property=\"og:locale\" content=\"en_US\" \/>\n<meta property=\"og:type\" content=\"article\" \/>\n<meta property=\"og:title\" content=\"HOME STORIES 100 YEARS 20 VISIONARY INTERIORS - Librairie 7L\" \/>\n<meta property=\"og:description\" content=\"Une histoire du design d&#8217;int\u00e9rieur et la fa\u00e7on dont il fa\u00e7onne nos vies, \u00e0 travers une s\u00e9rie d&#8217;int\u00e9rieurs embl\u00e9matiques. Cet ouvrage nous fait visiter 20 int\u00e9rieurs r\u00e9sidentiels embl\u00e9matiques des ann\u00e9es 20 \u00e0 aujourd&#8217;hui, par des architectes, des artistes et des designers tels que Assemble, Cecil Beaton, Lina Bo Bardi, Arno Brandlhuber, Elsie de Wolfe, Elii, [&hellip;]\" \/>\n<meta property=\"og:url\" content=\"https:\/\/librairie7l.com\/en\/produit\/home-stories-100-years-20-visionary-interiors\/\" \/>\n<meta property=\"og:site_name\" content=\"Librairie 7L\" \/>\n<meta property=\"article:modified_time\" content=\"2026-05-12T21:02:30+00:00\" \/>\n<meta property=\"og:image\" content=\"https:\/\/librairie7l.com\/wp-content\/uploads\/2020\/01\/9783945852385_1_75.jpg\" \/>\n\t<meta property=\"og:image:width\" content=\"300\" \/>\n\t<meta property=\"og:image:height\" content=\"286\" \/>\n\t<meta property=\"og:image:type\" content=\"image\/jpeg\" \/>\n<meta name=\"twitter:card\" content=\"summary_large_image\" \/>\n<meta name=\"twitter:label1\" content=\"Est. reading time\" \/>\n\t<meta name=\"twitter:data1\" content=\"1 minute\" \/>\n<script type=\"application\/ld+json\" class=\"yoast-schema-graph\">{\"@context\":\"https:\/\/schema.org\",\"@graph\":[{\"@type\":\"WebPage\",\"@id\":\"https:\/\/librairie7l.com\/en\/produit\/home-stories-100-years-20-visionary-interiors\/\",\"url\":\"https:\/\/librairie7l.com\/en\/produit\/home-stories-100-years-20-visionary-interiors\/\",\"name\":\"HOME STORIES 100 YEARS 20 VISIONARY INTERIORS - Librairie 7L\",\"isPartOf\":{\"@id\":\"https:\/\/librairie7l.com\/en\/#website\"},\"datePublished\":\"2023-05-10T12:27:18+00:00\",\"dateModified\":\"2026-05-12T21:02:30+00:00\",\"breadcrumb\":{\"@id\":\"https:\/\/librairie7l.com\/en\/produit\/home-stories-100-years-20-visionary-interiors\/#breadcrumb\"},\"inLanguage\":\"en-US\",\"potentialAction\":[{\"@type\":\"ReadAction\",\"target\":[\"https:\/\/librairie7l.com\/en\/produit\/home-stories-100-years-20-visionary-interiors\/\"]}]},{\"@type\":\"BreadcrumbList\",\"@id\":\"https:\/\/librairie7l.com\/en\/produit\/home-stories-100-years-20-visionary-interiors\/#breadcrumb\",\"itemListElement\":[{\"@type\":\"ListItem\",\"position\":1,\"name\":\"Accueil\",\"item\":\"https:\/\/librairie7l.com\/en\/\"},{\"@type\":\"ListItem\",\"position\":2,\"name\":\"Shop\",\"item\":\"https:\/\/librairie7l.com\/en\/shop\/\"},{\"@type\":\"ListItem\",\"position\":3,\"name\":\"HOME STORIES 100 YEARS 20 VISIONARY INTERIORS\"}]},{\"@type\":\"WebSite\",\"@id\":\"https:\/\/librairie7l.com\/en\/#website\",\"url\":\"https:\/\/librairie7l.com\/en\/\",\"name\":\"Librairie 7L\",\"description\":\"Librairie fond\u00e9e en 1999 par Karl Lagerfeld \u00e0 Paris\",\"publisher\":{\"@id\":\"https:\/\/librairie7l.com\/en\/#organization\"},\"potentialAction\":[{\"@type\":\"SearchAction\",\"target\":{\"@type\":\"EntryPoint\",\"urlTemplate\":\"https:\/\/librairie7l.com\/en\/?s={search_term_string}\"},\"query-input\":\"required name=search_term_string\"}],\"inLanguage\":\"en-US\"},{\"@type\":\"Organization\",\"@id\":\"https:\/\/librairie7l.com\/en\/#organization\",\"name\":\"Librairie 7L\",\"url\":\"https:\/\/librairie7l.com\/en\/\",\"logo\":{\"@type\":\"ImageObject\",\"inLanguage\":\"en-US\",\"@id\":\"https:\/\/librairie7l.com\/en\/#\/schema\/logo\/image\/\",\"url\":\"https:\/\/librairie7l.com\/wp-content\/uploads\/2022\/08\/logo-1.png\",\"contentUrl\":\"https:\/\/librairie7l.com\/wp-content\/uploads\/2022\/08\/logo-1.png\",\"width\":227,\"height\":301,\"caption\":\"Librairie 7L\"},\"image\":{\"@id\":\"https:\/\/librairie7l.com\/en\/#\/schema\/logo\/image\/\"}}]}<\/script>\n<!-- \/ Yoast SEO plugin. -->","yoast_head_json":{"title":"HOME STORIES 100 YEARS 20 VISIONARY INTERIORS - Librairie 7L","robots":{"index":"index","follow":"follow","max-snippet":"max-snippet:-1","max-image-preview":"max-image-preview:large","max-video-preview":"max-video-preview:-1"},"canonical":"https:\/\/librairie7l.com\/en\/produit\/home-stories-100-years-20-visionary-interiors\/","og_locale":"en_US","og_type":"article","og_title":"HOME STORIES 100 YEARS 20 VISIONARY INTERIORS - Librairie 7L","og_description":"Une histoire du design d&#8217;int\u00e9rieur et la fa\u00e7on dont il fa\u00e7onne nos vies, \u00e0 travers une s\u00e9rie d&#8217;int\u00e9rieurs embl\u00e9matiques. Cet ouvrage nous fait visiter 20 int\u00e9rieurs r\u00e9sidentiels embl\u00e9matiques des ann\u00e9es 20 \u00e0 aujourd&#8217;hui, par des architectes, des artistes et des designers tels que Assemble, Cecil Beaton, Lina Bo Bardi, Arno Brandlhuber, Elsie de Wolfe, Elii, [&hellip;]","og_url":"https:\/\/librairie7l.com\/en\/produit\/home-stories-100-years-20-visionary-interiors\/","og_site_name":"Librairie 7L","article_modified_time":"2026-05-12T21:02:30+00:00","og_image":[{"width":300,"height":286,"url":"https:\/\/librairie7l.com\/wp-content\/uploads\/2020\/01\/9783945852385_1_75.jpg","type":"image\/jpeg"}],"twitter_card":"summary_large_image","twitter_misc":{"Est. reading time":"1 minute"},"schema":{"@context":"https:\/\/schema.org","@graph":[{"@type":"WebPage","@id":"https:\/\/librairie7l.com\/en\/produit\/home-stories-100-years-20-visionary-interiors\/","url":"https:\/\/librairie7l.com\/en\/produit\/home-stories-100-years-20-visionary-interiors\/","name":"HOME STORIES 100 YEARS 20 VISIONARY INTERIORS - Librairie 7L","isPartOf":{"@id":"https:\/\/librairie7l.com\/en\/#website"},"datePublished":"2023-05-10T12:27:18+00:00","dateModified":"2026-05-12T21:02:30+00:00","breadcrumb":{"@id":"https:\/\/librairie7l.com\/en\/produit\/home-stories-100-years-20-visionary-interiors\/#breadcrumb"},"inLanguage":"en-US","potentialAction":[{"@type":"ReadAction","target":["https:\/\/librairie7l.com\/en\/produit\/home-stories-100-years-20-visionary-interiors\/"]}]},{"@type":"BreadcrumbList","@id":"https:\/\/librairie7l.com\/en\/produit\/home-stories-100-years-20-visionary-interiors\/#breadcrumb","itemListElement":[{"@type":"ListItem","position":1,"name":"Accueil","item":"https:\/\/librairie7l.com\/en\/"},{"@type":"ListItem","position":2,"name":"Shop","item":"https:\/\/librairie7l.com\/en\/shop\/"},{"@type":"ListItem","position":3,"name":"HOME STORIES 100 YEARS 20 VISIONARY INTERIORS"}]},{"@type":"WebSite","@id":"https:\/\/librairie7l.com\/en\/#website","url":"https:\/\/librairie7l.com\/en\/","name":"Librairie 7L","description":"Librairie fond\u00e9e en 1999 par Karl Lagerfeld \u00e0 Paris","publisher":{"@id":"https:\/\/librairie7l.com\/en\/#organization"},"potentialAction":[{"@type":"SearchAction","target":{"@type":"EntryPoint","urlTemplate":"https:\/\/librairie7l.com\/en\/?s={search_term_string}"},"query-input":"required name=search_term_string"}],"inLanguage":"en-US"},{"@type":"Organization","@id":"https:\/\/librairie7l.com\/en\/#organization","name":"Librairie 7L","url":"https:\/\/librairie7l.com\/en\/","logo":{"@type":"ImageObject","inLanguage":"en-US","@id":"https:\/\/librairie7l.com\/en\/#\/schema\/logo\/image\/","url":"https:\/\/librairie7l.com\/wp-content\/uploads\/2022\/08\/logo-1.png","contentUrl":"https:\/\/librairie7l.com\/wp-content\/uploads\/2022\/08\/logo-1.png","width":227,"height":301,"caption":"Librairie 7L"},"image":{"@id":"https:\/\/librairie7l.com\/en\/#\/schema\/logo\/image\/"}}]}},"_links":{"self":[{"href":"https:\/\/librairie7l.com\/en\/wp-json\/wp\/v2\/product\/30203"}],"collection":[{"href":"https:\/\/librairie7l.com\/en\/wp-json\/wp\/v2\/product"}],"about":[{"href":"https:\/\/librairie7l.com\/en\/wp-json\/wp\/v2\/types\/product"}],"wp:featuredmedia":[{"embeddable":true,"href":"https:\/\/librairie7l.com\/en\/wp-json\/wp\/v2\/media\/30201"}],"wp:attachment":[{"href":"https:\/\/librairie7l.com\/en\/wp-json\/wp\/v2\/media?parent=30203"}],"wp:term":[{"taxonomy":"product_cat","embeddable":true,"href":"https:\/\/librairie7l.com\/en\/wp-json\/wp\/v2\/product_cat?post=30203"},{"taxonomy":"product_tag","embeddable":true,"href":"https:\/\/librairie7l.com\/en\/wp-json\/wp\/v2\/product_tag?post=30203"}],"curies":[{"name":"wp","href":"https:\/\/api.w.org\/{rel}","templated":true}]}}