{"id":30227,"date":"2023-05-10T14:28:36","date_gmt":"2023-05-10T12:28:36","guid":{"rendered":"https:\/\/librairie7l.com\/?post_type=product&#038;p=30227"},"modified":"2026-04-06T01:10:44","modified_gmt":"2026-04-05T23:10:44","slug":"michele-rosier","status":"publish","type":"product","link":"https:\/\/librairie7l.com\/en\/produit\/michele-rosier\/","title":{"rendered":"MICH\u00c8LE ROSIER"},"content":{"rendered":"<p>Styliste fran\u00e7aise (Paris, 1929). Apr\u00e8s une enfance pass\u00e9e aux Etats-Unis avec sa m\u00e8re, H\u00e9l\u00e8ne Gordon-Lazareff, Mich\u00e8le Rosier travaille \u00e0 France-Soir avant de devenir r\u00e9dactrice en chef du Nouveau Femina. Elle quitte le journalisme en 1959, et int\u00e8gre Hauser-Sport dont s&#8217;occupe son ami Jean-Pierre Bamberger. En 1962, ils fondent ensemble V de V (V\u00eatements de Vacances). Mich\u00e8le Rosier travaille \u00e9galement pour Pierre d&#8217;Alby, Monsieur Z et &#8211; aux c\u00f4t\u00e9s de Karl Lagerfeld, Graziella Fontana et Tan Giudicelli &#8211; pour Chlo\u00e9. Elle quitte la mode en 1972 pour se consacrer au cin\u00e9ma. Pionni\u00e8re du sportswear en France, elle utilise et m\u00e9lange les couleurs primaires, lance la couleur argent pour les tenues de jour et introduit de nouveaux mat\u00e9riaux tels que le vinyle ou le nylon-plume pour des v\u00eatements destin\u00e9s aux citadines actives.<\/p>\n","protected":false},"excerpt":{"rendered":"<p>Styliste fran\u00e7aise (Paris, 1929). Apr\u00e8s une enfance pass\u00e9e aux Etats-Unis avec sa m\u00e8re, H\u00e9l\u00e8ne Gordon-Lazareff, Mich\u00e8le Rosier travaille \u00e0 France-Soir avant de devenir r\u00e9dactrice en chef du Nouveau Femina. Elle quitte le journalisme en 1959, et int\u00e8gre Hauser-Sport dont s&#8217;occupe son ami Jean-Pierre Bamberger. En 1962, ils fondent ensemble V de V (V\u00eatements de Vacances). [&hellip;]<\/p>\n","protected":false},"featured_media":30225,"template":"","meta":[],"product_cat":[55,2948,2957,19],"product_tag":[],"acf":[],"yoast_head":"<!-- This site is optimized with the Yoast SEO plugin v20.11 - https:\/\/yoast.com\/wordpress\/plugins\/seo\/ -->\n<title>MICH\u00c8LE ROSIER - Librairie 7L<\/title>\n<meta name=\"robots\" content=\"index, follow, max-snippet:-1, max-image-preview:large, max-video-preview:-1\" \/>\n<link rel=\"canonical\" href=\"https:\/\/librairie7l.com\/en\/produit\/michele-rosier\/\" \/>\n<meta property=\"og:locale\" content=\"en_US\" \/>\n<meta property=\"og:type\" content=\"article\" \/>\n<meta property=\"og:title\" content=\"MICH\u00c8LE ROSIER - Librairie 7L\" \/>\n<meta property=\"og:description\" content=\"Styliste fran\u00e7aise (Paris, 1929). Apr\u00e8s une enfance pass\u00e9e aux Etats-Unis avec sa m\u00e8re, H\u00e9l\u00e8ne Gordon-Lazareff, Mich\u00e8le Rosier travaille \u00e0 France-Soir avant de devenir r\u00e9dactrice en chef du Nouveau Femina. Elle quitte le journalisme en 1959, et int\u00e8gre Hauser-Sport dont s&#8217;occupe son ami Jean-Pierre Bamberger. En 1962, ils fondent ensemble V de V (V\u00eatements de Vacances). [&hellip;]\" \/>\n<meta property=\"og:url\" content=\"https:\/\/librairie7l.com\/en\/produit\/michele-rosier\/\" \/>\n<meta property=\"og:site_name\" content=\"Librairie 7L\" \/>\n<meta property=\"article:modified_time\" content=\"2026-04-05T23:10:44+00:00\" \/>\n<meta property=\"og:image\" content=\"https:\/\/librairie7l.com\/wp-content\/uploads\/2014\/04\/9782841053230_1_75.jpg\" \/>\n\t<meta property=\"og:image:width\" content=\"400\" \/>\n\t<meta property=\"og:image:height\" content=\"565\" \/>\n\t<meta property=\"og:image:type\" content=\"image\/jpeg\" \/>\n<meta name=\"twitter:card\" content=\"summary_large_image\" \/>\n<meta name=\"twitter:label1\" content=\"Est. reading time\" \/>\n\t<meta name=\"twitter:data1\" content=\"1 minute\" \/>\n<script type=\"application\/ld+json\" class=\"yoast-schema-graph\">{\"@context\":\"https:\/\/schema.org\",\"@graph\":[{\"@type\":\"WebPage\",\"@id\":\"https:\/\/librairie7l.com\/en\/produit\/michele-rosier\/\",\"url\":\"https:\/\/librairie7l.com\/en\/produit\/michele-rosier\/\",\"name\":\"MICH\u00c8LE ROSIER - Librairie 7L\",\"isPartOf\":{\"@id\":\"https:\/\/librairie7l.com\/en\/#website\"},\"datePublished\":\"2023-05-10T12:28:36+00:00\",\"dateModified\":\"2026-04-05T23:10:44+00:00\",\"breadcrumb\":{\"@id\":\"https:\/\/librairie7l.com\/en\/produit\/michele-rosier\/#breadcrumb\"},\"inLanguage\":\"en-US\",\"potentialAction\":[{\"@type\":\"ReadAction\",\"target\":[\"https:\/\/librairie7l.com\/en\/produit\/michele-rosier\/\"]}]},{\"@type\":\"BreadcrumbList\",\"@id\":\"https:\/\/librairie7l.com\/en\/produit\/michele-rosier\/#breadcrumb\",\"itemListElement\":[{\"@type\":\"ListItem\",\"position\":1,\"name\":\"Accueil\",\"item\":\"https:\/\/librairie7l.com\/en\/\"},{\"@type\":\"ListItem\",\"position\":2,\"name\":\"Shop\",\"item\":\"https:\/\/librairie7l.com\/en\/shop\/\"},{\"@type\":\"ListItem\",\"position\":3,\"name\":\"MICH\u00c8LE ROSIER\"}]},{\"@type\":\"WebSite\",\"@id\":\"https:\/\/librairie7l.com\/en\/#website\",\"url\":\"https:\/\/librairie7l.com\/en\/\",\"name\":\"Librairie 7L\",\"description\":\"Librairie fond\u00e9e en 1999 par Karl Lagerfeld \u00e0 Paris\",\"publisher\":{\"@id\":\"https:\/\/librairie7l.com\/en\/#organization\"},\"potentialAction\":[{\"@type\":\"SearchAction\",\"target\":{\"@type\":\"EntryPoint\",\"urlTemplate\":\"https:\/\/librairie7l.com\/en\/?s={search_term_string}\"},\"query-input\":\"required name=search_term_string\"}],\"inLanguage\":\"en-US\"},{\"@type\":\"Organization\",\"@id\":\"https:\/\/librairie7l.com\/en\/#organization\",\"name\":\"Librairie 7L\",\"url\":\"https:\/\/librairie7l.com\/en\/\",\"logo\":{\"@type\":\"ImageObject\",\"inLanguage\":\"en-US\",\"@id\":\"https:\/\/librairie7l.com\/en\/#\/schema\/logo\/image\/\",\"url\":\"https:\/\/librairie7l.com\/wp-content\/uploads\/2022\/08\/logo-1.png\",\"contentUrl\":\"https:\/\/librairie7l.com\/wp-content\/uploads\/2022\/08\/logo-1.png\",\"width\":227,\"height\":301,\"caption\":\"Librairie 7L\"},\"image\":{\"@id\":\"https:\/\/librairie7l.com\/en\/#\/schema\/logo\/image\/\"}}]}<\/script>\n<!-- \/ Yoast SEO plugin. -->","yoast_head_json":{"title":"MICH\u00c8LE ROSIER - Librairie 7L","robots":{"index":"index","follow":"follow","max-snippet":"max-snippet:-1","max-image-preview":"max-image-preview:large","max-video-preview":"max-video-preview:-1"},"canonical":"https:\/\/librairie7l.com\/en\/produit\/michele-rosier\/","og_locale":"en_US","og_type":"article","og_title":"MICH\u00c8LE ROSIER - Librairie 7L","og_description":"Styliste fran\u00e7aise (Paris, 1929). Apr\u00e8s une enfance pass\u00e9e aux Etats-Unis avec sa m\u00e8re, H\u00e9l\u00e8ne Gordon-Lazareff, Mich\u00e8le Rosier travaille \u00e0 France-Soir avant de devenir r\u00e9dactrice en chef du Nouveau Femina. Elle quitte le journalisme en 1959, et int\u00e8gre Hauser-Sport dont s&#8217;occupe son ami Jean-Pierre Bamberger. En 1962, ils fondent ensemble V de V (V\u00eatements de Vacances). [&hellip;]","og_url":"https:\/\/librairie7l.com\/en\/produit\/michele-rosier\/","og_site_name":"Librairie 7L","article_modified_time":"2026-04-05T23:10:44+00:00","og_image":[{"width":400,"height":565,"url":"https:\/\/librairie7l.com\/wp-content\/uploads\/2014\/04\/9782841053230_1_75.jpg","type":"image\/jpeg"}],"twitter_card":"summary_large_image","twitter_misc":{"Est. reading time":"1 minute"},"schema":{"@context":"https:\/\/schema.org","@graph":[{"@type":"WebPage","@id":"https:\/\/librairie7l.com\/en\/produit\/michele-rosier\/","url":"https:\/\/librairie7l.com\/en\/produit\/michele-rosier\/","name":"MICH\u00c8LE ROSIER - Librairie 7L","isPartOf":{"@id":"https:\/\/librairie7l.com\/en\/#website"},"datePublished":"2023-05-10T12:28:36+00:00","dateModified":"2026-04-05T23:10:44+00:00","breadcrumb":{"@id":"https:\/\/librairie7l.com\/en\/produit\/michele-rosier\/#breadcrumb"},"inLanguage":"en-US","potentialAction":[{"@type":"ReadAction","target":["https:\/\/librairie7l.com\/en\/produit\/michele-rosier\/"]}]},{"@type":"BreadcrumbList","@id":"https:\/\/librairie7l.com\/en\/produit\/michele-rosier\/#breadcrumb","itemListElement":[{"@type":"ListItem","position":1,"name":"Accueil","item":"https:\/\/librairie7l.com\/en\/"},{"@type":"ListItem","position":2,"name":"Shop","item":"https:\/\/librairie7l.com\/en\/shop\/"},{"@type":"ListItem","position":3,"name":"MICH\u00c8LE ROSIER"}]},{"@type":"WebSite","@id":"https:\/\/librairie7l.com\/en\/#website","url":"https:\/\/librairie7l.com\/en\/","name":"Librairie 7L","description":"Librairie fond\u00e9e en 1999 par Karl Lagerfeld \u00e0 Paris","publisher":{"@id":"https:\/\/librairie7l.com\/en\/#organization"},"potentialAction":[{"@type":"SearchAction","target":{"@type":"EntryPoint","urlTemplate":"https:\/\/librairie7l.com\/en\/?s={search_term_string}"},"query-input":"required name=search_term_string"}],"inLanguage":"en-US"},{"@type":"Organization","@id":"https:\/\/librairie7l.com\/en\/#organization","name":"Librairie 7L","url":"https:\/\/librairie7l.com\/en\/","logo":{"@type":"ImageObject","inLanguage":"en-US","@id":"https:\/\/librairie7l.com\/en\/#\/schema\/logo\/image\/","url":"https:\/\/librairie7l.com\/wp-content\/uploads\/2022\/08\/logo-1.png","contentUrl":"https:\/\/librairie7l.com\/wp-content\/uploads\/2022\/08\/logo-1.png","width":227,"height":301,"caption":"Librairie 7L"},"image":{"@id":"https:\/\/librairie7l.com\/en\/#\/schema\/logo\/image\/"}}]}},"_links":{"self":[{"href":"https:\/\/librairie7l.com\/en\/wp-json\/wp\/v2\/product\/30227"}],"collection":[{"href":"https:\/\/librairie7l.com\/en\/wp-json\/wp\/v2\/product"}],"about":[{"href":"https:\/\/librairie7l.com\/en\/wp-json\/wp\/v2\/types\/product"}],"wp:featuredmedia":[{"embeddable":true,"href":"https:\/\/librairie7l.com\/en\/wp-json\/wp\/v2\/media\/30225"}],"wp:attachment":[{"href":"https:\/\/librairie7l.com\/en\/wp-json\/wp\/v2\/media?parent=30227"}],"wp:term":[{"taxonomy":"product_cat","embeddable":true,"href":"https:\/\/librairie7l.com\/en\/wp-json\/wp\/v2\/product_cat?post=30227"},{"taxonomy":"product_tag","embeddable":true,"href":"https:\/\/librairie7l.com\/en\/wp-json\/wp\/v2\/product_tag?post=30227"}],"curies":[{"name":"wp","href":"https:\/\/api.w.org\/{rel}","templated":true}]}}