{"id":30235,"date":"2023-05-10T14:28:47","date_gmt":"2023-05-10T12:28:47","guid":{"rendered":"https:\/\/librairie7l.com\/?post_type=product&#038;p=30235"},"modified":"2026-04-26T08:06:47","modified_gmt":"2026-04-26T06:06:47","slug":"dictionnaire-international-du-bijou","status":"publish","type":"product","link":"https:\/\/librairie7l.com\/en\/produit\/dictionnaire-international-du-bijou\/","title":{"rendered":"DICTIONNAIRE INTERNATIONAL DU BIJOU"},"content":{"rendered":"<p>Sentimental, arme de la s\u00e9duction, attribut du pouvoir, patrimoine culturel, monnaie d&#8217;\u00e9change, ornement de la beaut\u00e9 pa\u00efenne, repr\u00e9sentation symbolique des religions, objet rituel, instrument initiatique ou simple parure.<br \/>\n En or, en bronze, en plumes, en ivoire, orn\u00e9 de pierres pr\u00e9cieuses, en cristal de roche, de verre.  ou de mati\u00e8res insolites sinon vulgaires, le bijou se d\u00e9plie \u00e0 travers toutes les civilisations et ceci depuis &#8211; pourrait-on dire &#8211; la cr\u00e9ation du monde.  afin de mieux se mouvoir dans ce paysage au spectre illimit\u00e9, il \u00e9tait n\u00e9cessaire de disposer d&#8217;un outil simple permettant d&#8217;embrasser sa culture, sa technique, son histoire, son \u00e9conomie, sa g\u00e9ographie ou son actualit\u00e9 au travers de 2 500 entr\u00e9es repr\u00e9sentatives de ces diff\u00e9rents champs d&#8217;action.<br \/>\n Ce dictionnaire propose, aupr\u00e8s des entr\u00e9es biographiques, des entr\u00e9es th\u00e9matiques inscrites dans l&#8217;ordre alphab\u00e9tique, qui abordent des sujets n\u00e9cessitant un d\u00e9veloppement plus ample tels que les entit\u00e9s stylistiques, les courants historiques, les ethnies, les continents, les gemmes.  le vocabulaire du bijou, les mat\u00e9riaux &#8211; pr\u00e9cieux ou pauvres -, les auteurs qui se sont pench\u00e9s sur le sujet, les institutions, les collections sont \u00e9galement abord\u00e9es.<\/p>\n<p>Le dictionnaire international du bijou se veut \u00eatre un outil concret dont l&#8217;opulente iconographie permet au lecteur d&#8217;un simple regard d&#8217;en appr\u00e9cier aussi toute la richesse.<\/p>\n","protected":false},"excerpt":{"rendered":"<p>Sentimental, arme de la s\u00e9duction, attribut du pouvoir, patrimoine culturel, monnaie d&#8217;\u00e9change, ornement de la beaut\u00e9 pa\u00efenne, repr\u00e9sentation symbolique des religions, objet rituel, instrument initiatique ou simple parure. En or, en bronze, en plumes, en ivoire, orn\u00e9 de pierres pr\u00e9cieuses, en cristal de roche, de verre. ou de mati\u00e8res insolites sinon vulgaires, le bijou se [&hellip;]<\/p>\n","protected":false},"featured_media":30233,"template":"","meta":[],"product_cat":[55,2948,2957,19],"product_tag":[],"acf":[],"yoast_head":"<!-- This site is optimized with the Yoast SEO plugin v20.11 - https:\/\/yoast.com\/wordpress\/plugins\/seo\/ -->\n<title>DICTIONNAIRE INTERNATIONAL DU BIJOU - Librairie 7L<\/title>\n<meta name=\"robots\" content=\"index, follow, max-snippet:-1, max-image-preview:large, max-video-preview:-1\" \/>\n<link rel=\"canonical\" href=\"https:\/\/librairie7l.com\/en\/produit\/dictionnaire-international-du-bijou\/\" \/>\n<meta property=\"og:locale\" content=\"en_US\" \/>\n<meta property=\"og:type\" content=\"article\" \/>\n<meta property=\"og:title\" content=\"DICTIONNAIRE INTERNATIONAL DU BIJOU - Librairie 7L\" \/>\n<meta property=\"og:description\" content=\"Sentimental, arme de la s\u00e9duction, attribut du pouvoir, patrimoine culturel, monnaie d&#8217;\u00e9change, ornement de la beaut\u00e9 pa\u00efenne, repr\u00e9sentation symbolique des religions, objet rituel, instrument initiatique ou simple parure. En or, en bronze, en plumes, en ivoire, orn\u00e9 de pierres pr\u00e9cieuses, en cristal de roche, de verre. ou de mati\u00e8res insolites sinon vulgaires, le bijou se [&hellip;]\" \/>\n<meta property=\"og:url\" content=\"https:\/\/librairie7l.com\/en\/produit\/dictionnaire-international-du-bijou\/\" \/>\n<meta property=\"og:site_name\" content=\"Librairie 7L\" \/>\n<meta property=\"article:modified_time\" content=\"2026-04-26T06:06:47+00:00\" \/>\n<meta property=\"og:image\" content=\"https:\/\/librairie7l.com\/wp-content\/uploads\/1998\/11\/9782903370985_1_75.jpg\" \/>\n\t<meta property=\"og:image:width\" content=\"400\" \/>\n\t<meta property=\"og:image:height\" content=\"536\" \/>\n\t<meta property=\"og:image:type\" content=\"image\/jpeg\" \/>\n<meta name=\"twitter:card\" content=\"summary_large_image\" \/>\n<meta name=\"twitter:label1\" content=\"Est. reading time\" \/>\n\t<meta name=\"twitter:data1\" content=\"1 minute\" \/>\n<script type=\"application\/ld+json\" class=\"yoast-schema-graph\">{\"@context\":\"https:\/\/schema.org\",\"@graph\":[{\"@type\":\"WebPage\",\"@id\":\"https:\/\/librairie7l.com\/en\/produit\/dictionnaire-international-du-bijou\/\",\"url\":\"https:\/\/librairie7l.com\/en\/produit\/dictionnaire-international-du-bijou\/\",\"name\":\"DICTIONNAIRE INTERNATIONAL DU BIJOU - Librairie 7L\",\"isPartOf\":{\"@id\":\"https:\/\/librairie7l.com\/en\/#website\"},\"datePublished\":\"2023-05-10T12:28:47+00:00\",\"dateModified\":\"2026-04-26T06:06:47+00:00\",\"breadcrumb\":{\"@id\":\"https:\/\/librairie7l.com\/en\/produit\/dictionnaire-international-du-bijou\/#breadcrumb\"},\"inLanguage\":\"en-US\",\"potentialAction\":[{\"@type\":\"ReadAction\",\"target\":[\"https:\/\/librairie7l.com\/en\/produit\/dictionnaire-international-du-bijou\/\"]}]},{\"@type\":\"BreadcrumbList\",\"@id\":\"https:\/\/librairie7l.com\/en\/produit\/dictionnaire-international-du-bijou\/#breadcrumb\",\"itemListElement\":[{\"@type\":\"ListItem\",\"position\":1,\"name\":\"Accueil\",\"item\":\"https:\/\/librairie7l.com\/en\/\"},{\"@type\":\"ListItem\",\"position\":2,\"name\":\"Shop\",\"item\":\"https:\/\/librairie7l.com\/en\/shop\/\"},{\"@type\":\"ListItem\",\"position\":3,\"name\":\"DICTIONNAIRE INTERNATIONAL DU BIJOU\"}]},{\"@type\":\"WebSite\",\"@id\":\"https:\/\/librairie7l.com\/en\/#website\",\"url\":\"https:\/\/librairie7l.com\/en\/\",\"name\":\"Librairie 7L\",\"description\":\"Librairie fond\u00e9e en 1999 par Karl Lagerfeld \u00e0 Paris\",\"publisher\":{\"@id\":\"https:\/\/librairie7l.com\/en\/#organization\"},\"potentialAction\":[{\"@type\":\"SearchAction\",\"target\":{\"@type\":\"EntryPoint\",\"urlTemplate\":\"https:\/\/librairie7l.com\/en\/?s={search_term_string}\"},\"query-input\":\"required name=search_term_string\"}],\"inLanguage\":\"en-US\"},{\"@type\":\"Organization\",\"@id\":\"https:\/\/librairie7l.com\/en\/#organization\",\"name\":\"Librairie 7L\",\"url\":\"https:\/\/librairie7l.com\/en\/\",\"logo\":{\"@type\":\"ImageObject\",\"inLanguage\":\"en-US\",\"@id\":\"https:\/\/librairie7l.com\/en\/#\/schema\/logo\/image\/\",\"url\":\"https:\/\/librairie7l.com\/wp-content\/uploads\/2022\/08\/logo-1.png\",\"contentUrl\":\"https:\/\/librairie7l.com\/wp-content\/uploads\/2022\/08\/logo-1.png\",\"width\":227,\"height\":301,\"caption\":\"Librairie 7L\"},\"image\":{\"@id\":\"https:\/\/librairie7l.com\/en\/#\/schema\/logo\/image\/\"}}]}<\/script>\n<!-- \/ Yoast SEO plugin. -->","yoast_head_json":{"title":"DICTIONNAIRE INTERNATIONAL DU BIJOU - Librairie 7L","robots":{"index":"index","follow":"follow","max-snippet":"max-snippet:-1","max-image-preview":"max-image-preview:large","max-video-preview":"max-video-preview:-1"},"canonical":"https:\/\/librairie7l.com\/en\/produit\/dictionnaire-international-du-bijou\/","og_locale":"en_US","og_type":"article","og_title":"DICTIONNAIRE INTERNATIONAL DU BIJOU - Librairie 7L","og_description":"Sentimental, arme de la s\u00e9duction, attribut du pouvoir, patrimoine culturel, monnaie d&#8217;\u00e9change, ornement de la beaut\u00e9 pa\u00efenne, repr\u00e9sentation symbolique des religions, objet rituel, instrument initiatique ou simple parure. En or, en bronze, en plumes, en ivoire, orn\u00e9 de pierres pr\u00e9cieuses, en cristal de roche, de verre. ou de mati\u00e8res insolites sinon vulgaires, le bijou se [&hellip;]","og_url":"https:\/\/librairie7l.com\/en\/produit\/dictionnaire-international-du-bijou\/","og_site_name":"Librairie 7L","article_modified_time":"2026-04-26T06:06:47+00:00","og_image":[{"width":400,"height":536,"url":"https:\/\/librairie7l.com\/wp-content\/uploads\/1998\/11\/9782903370985_1_75.jpg","type":"image\/jpeg"}],"twitter_card":"summary_large_image","twitter_misc":{"Est. reading time":"1 minute"},"schema":{"@context":"https:\/\/schema.org","@graph":[{"@type":"WebPage","@id":"https:\/\/librairie7l.com\/en\/produit\/dictionnaire-international-du-bijou\/","url":"https:\/\/librairie7l.com\/en\/produit\/dictionnaire-international-du-bijou\/","name":"DICTIONNAIRE INTERNATIONAL DU BIJOU - Librairie 7L","isPartOf":{"@id":"https:\/\/librairie7l.com\/en\/#website"},"datePublished":"2023-05-10T12:28:47+00:00","dateModified":"2026-04-26T06:06:47+00:00","breadcrumb":{"@id":"https:\/\/librairie7l.com\/en\/produit\/dictionnaire-international-du-bijou\/#breadcrumb"},"inLanguage":"en-US","potentialAction":[{"@type":"ReadAction","target":["https:\/\/librairie7l.com\/en\/produit\/dictionnaire-international-du-bijou\/"]}]},{"@type":"BreadcrumbList","@id":"https:\/\/librairie7l.com\/en\/produit\/dictionnaire-international-du-bijou\/#breadcrumb","itemListElement":[{"@type":"ListItem","position":1,"name":"Accueil","item":"https:\/\/librairie7l.com\/en\/"},{"@type":"ListItem","position":2,"name":"Shop","item":"https:\/\/librairie7l.com\/en\/shop\/"},{"@type":"ListItem","position":3,"name":"DICTIONNAIRE INTERNATIONAL DU BIJOU"}]},{"@type":"WebSite","@id":"https:\/\/librairie7l.com\/en\/#website","url":"https:\/\/librairie7l.com\/en\/","name":"Librairie 7L","description":"Librairie fond\u00e9e en 1999 par Karl Lagerfeld \u00e0 Paris","publisher":{"@id":"https:\/\/librairie7l.com\/en\/#organization"},"potentialAction":[{"@type":"SearchAction","target":{"@type":"EntryPoint","urlTemplate":"https:\/\/librairie7l.com\/en\/?s={search_term_string}"},"query-input":"required name=search_term_string"}],"inLanguage":"en-US"},{"@type":"Organization","@id":"https:\/\/librairie7l.com\/en\/#organization","name":"Librairie 7L","url":"https:\/\/librairie7l.com\/en\/","logo":{"@type":"ImageObject","inLanguage":"en-US","@id":"https:\/\/librairie7l.com\/en\/#\/schema\/logo\/image\/","url":"https:\/\/librairie7l.com\/wp-content\/uploads\/2022\/08\/logo-1.png","contentUrl":"https:\/\/librairie7l.com\/wp-content\/uploads\/2022\/08\/logo-1.png","width":227,"height":301,"caption":"Librairie 7L"},"image":{"@id":"https:\/\/librairie7l.com\/en\/#\/schema\/logo\/image\/"}}]}},"_links":{"self":[{"href":"https:\/\/librairie7l.com\/en\/wp-json\/wp\/v2\/product\/30235"}],"collection":[{"href":"https:\/\/librairie7l.com\/en\/wp-json\/wp\/v2\/product"}],"about":[{"href":"https:\/\/librairie7l.com\/en\/wp-json\/wp\/v2\/types\/product"}],"wp:featuredmedia":[{"embeddable":true,"href":"https:\/\/librairie7l.com\/en\/wp-json\/wp\/v2\/media\/30233"}],"wp:attachment":[{"href":"https:\/\/librairie7l.com\/en\/wp-json\/wp\/v2\/media?parent=30235"}],"wp:term":[{"taxonomy":"product_cat","embeddable":true,"href":"https:\/\/librairie7l.com\/en\/wp-json\/wp\/v2\/product_cat?post=30235"},{"taxonomy":"product_tag","embeddable":true,"href":"https:\/\/librairie7l.com\/en\/wp-json\/wp\/v2\/product_tag?post=30235"}],"curies":[{"name":"wp","href":"https:\/\/api.w.org\/{rel}","templated":true}]}}