{"id":30291,"date":"2023-05-10T14:30:00","date_gmt":"2023-05-10T12:30:00","guid":{"rendered":"https:\/\/librairie7l.com\/?post_type=product&#038;p=30291"},"modified":"2026-04-21T10:30:37","modified_gmt":"2026-04-21T08:30:37","slug":"le-cabinet-de-lamateur-luxe-et-vanites","status":"publish","type":"product","link":"https:\/\/librairie7l.com\/en\/produit\/le-cabinet-de-lamateur-luxe-et-vanites\/","title":{"rendered":"LE CABINET DE L&#8217;AMATEUR ; LUXE ET VANIT\u00c9S"},"content":{"rendered":"<p>Le Mus\u00e9e de l&#8217;oeuvre Notre-Dame conserve dans ses collections de nombreux objets d&#8217;arts d\u00e9coratifs relevant pr\u00e9cis\u00e9ment du \u00ab cabinet de curiosit\u00e9s \u00bb. Parmi les objets profanes : coupes en formes d&#8217;ananas, gobelets formant hottes sur le dos de vignerons, nautiles ou noix de coco mont\u00e9s en hanaps, coupes surcharg\u00e9es d\u00e9cors exub\u00e9rants &#8211; autant de pi\u00e8ces d&#8217;exception et de chefs-d&#8217;oeuvre d&#8217;orf\u00e8vrerie destin\u00e9s aux patriciens de Strasbourg du xvie et du xviie si\u00e8cle. Les objets religieux se distinguent par la m\u00eame habilet\u00e9 technique et un sens fascinant de la miniature. Ces objets \u00e0 la fois exotiques et raffin\u00e9s sont mis en relation dans l&#8217;ouvrage, dans une fascinante mise en abyme, avec des tableaux qui leur sont contemporains : les \u00ab Vanit\u00e9s \u00bb et \u00ab Natures mortes \u00bb de S\u00e9bastien Stosskopf, peintre strasbourgeois du xviie si\u00e8cle, qui rassemblent des objets similaires, puisque ce sont eux qui ont servi, il y a de cela trois si\u00e8cles, de mod\u00e8les aux peintures. Ses \u00ab Corbeilles de verre \u00bb d&#8217;une virtuosit\u00e9 \u00e9tonnante, entre opacit\u00e9 et lumi\u00e8re, sont autant de rappels \u00e0 un autre th\u00e8me important du cabinet de curiosit\u00e9, la fragilit\u00e9 de la vie humaine : \u00ab Devant la mort, L\u00e0 \u00e0 rien ne sert la force : tu es verre \u00bb (Andreas Gryphius, 1616-1664).<\/p>\n","protected":false},"excerpt":{"rendered":"<p>Le Mus\u00e9e de l&#8217;oeuvre Notre-Dame conserve dans ses collections de nombreux objets d&#8217;arts d\u00e9coratifs relevant pr\u00e9cis\u00e9ment du \u00ab cabinet de curiosit\u00e9s \u00bb. Parmi les objets profanes : coupes en formes d&#8217;ananas, gobelets formant hottes sur le dos de vignerons, nautiles ou noix de coco mont\u00e9s en hanaps, coupes surcharg\u00e9es d\u00e9cors exub\u00e9rants &#8211; autant de pi\u00e8ces [&hellip;]<\/p>\n","protected":false},"featured_media":30289,"template":"","meta":[],"product_cat":[2948,2952],"product_tag":[],"acf":[],"yoast_head":"<!-- This site is optimized with the Yoast SEO plugin v20.11 - https:\/\/yoast.com\/wordpress\/plugins\/seo\/ -->\n<title>LE CABINET DE L&#039;AMATEUR ; LUXE ET VANIT\u00c9S - Librairie 7L<\/title>\n<meta name=\"robots\" content=\"index, follow, max-snippet:-1, max-image-preview:large, max-video-preview:-1\" \/>\n<link rel=\"canonical\" href=\"https:\/\/librairie7l.com\/en\/produit\/le-cabinet-de-lamateur-luxe-et-vanites\/\" \/>\n<meta property=\"og:locale\" content=\"en_US\" \/>\n<meta property=\"og:type\" content=\"article\" \/>\n<meta property=\"og:title\" content=\"LE CABINET DE L&#039;AMATEUR ; LUXE ET VANIT\u00c9S - Librairie 7L\" \/>\n<meta property=\"og:description\" content=\"Le Mus\u00e9e de l&#8217;oeuvre Notre-Dame conserve dans ses collections de nombreux objets d&#8217;arts d\u00e9coratifs relevant pr\u00e9cis\u00e9ment du \u00ab cabinet de curiosit\u00e9s \u00bb. Parmi les objets profanes : coupes en formes d&#8217;ananas, gobelets formant hottes sur le dos de vignerons, nautiles ou noix de coco mont\u00e9s en hanaps, coupes surcharg\u00e9es d\u00e9cors exub\u00e9rants &#8211; autant de pi\u00e8ces [&hellip;]\" \/>\n<meta property=\"og:url\" content=\"https:\/\/librairie7l.com\/en\/produit\/le-cabinet-de-lamateur-luxe-et-vanites\/\" \/>\n<meta property=\"og:site_name\" content=\"Librairie 7L\" \/>\n<meta property=\"article:modified_time\" content=\"2026-04-21T08:30:37+00:00\" \/>\n<meta property=\"og:image\" content=\"https:\/\/librairie7l.com\/wp-content\/uploads\/2015\/01\/9782351251324_1_75.jpg\" \/>\n\t<meta property=\"og:image:width\" content=\"1000\" \/>\n\t<meta property=\"og:image:height\" content=\"1478\" \/>\n\t<meta property=\"og:image:type\" content=\"image\/jpeg\" \/>\n<meta name=\"twitter:card\" content=\"summary_large_image\" \/>\n<meta name=\"twitter:label1\" content=\"Est. reading time\" \/>\n\t<meta name=\"twitter:data1\" content=\"1 minute\" \/>\n<script type=\"application\/ld+json\" class=\"yoast-schema-graph\">{\"@context\":\"https:\/\/schema.org\",\"@graph\":[{\"@type\":\"WebPage\",\"@id\":\"https:\/\/librairie7l.com\/en\/produit\/le-cabinet-de-lamateur-luxe-et-vanites\/\",\"url\":\"https:\/\/librairie7l.com\/en\/produit\/le-cabinet-de-lamateur-luxe-et-vanites\/\",\"name\":\"LE CABINET DE L'AMATEUR ; LUXE ET VANIT\u00c9S - Librairie 7L\",\"isPartOf\":{\"@id\":\"https:\/\/librairie7l.com\/en\/#website\"},\"datePublished\":\"2023-05-10T12:30:00+00:00\",\"dateModified\":\"2026-04-21T08:30:37+00:00\",\"breadcrumb\":{\"@id\":\"https:\/\/librairie7l.com\/en\/produit\/le-cabinet-de-lamateur-luxe-et-vanites\/#breadcrumb\"},\"inLanguage\":\"en-US\",\"potentialAction\":[{\"@type\":\"ReadAction\",\"target\":[\"https:\/\/librairie7l.com\/en\/produit\/le-cabinet-de-lamateur-luxe-et-vanites\/\"]}]},{\"@type\":\"BreadcrumbList\",\"@id\":\"https:\/\/librairie7l.com\/en\/produit\/le-cabinet-de-lamateur-luxe-et-vanites\/#breadcrumb\",\"itemListElement\":[{\"@type\":\"ListItem\",\"position\":1,\"name\":\"Accueil\",\"item\":\"https:\/\/librairie7l.com\/en\/\"},{\"@type\":\"ListItem\",\"position\":2,\"name\":\"Shop\",\"item\":\"https:\/\/librairie7l.com\/en\/shop\/\"},{\"@type\":\"ListItem\",\"position\":3,\"name\":\"LE CABINET DE L&#8217;AMATEUR ; LUXE ET VANIT\u00c9S\"}]},{\"@type\":\"WebSite\",\"@id\":\"https:\/\/librairie7l.com\/en\/#website\",\"url\":\"https:\/\/librairie7l.com\/en\/\",\"name\":\"Librairie 7L\",\"description\":\"Librairie fond\u00e9e en 1999 par Karl Lagerfeld \u00e0 Paris\",\"publisher\":{\"@id\":\"https:\/\/librairie7l.com\/en\/#organization\"},\"potentialAction\":[{\"@type\":\"SearchAction\",\"target\":{\"@type\":\"EntryPoint\",\"urlTemplate\":\"https:\/\/librairie7l.com\/en\/?s={search_term_string}\"},\"query-input\":\"required name=search_term_string\"}],\"inLanguage\":\"en-US\"},{\"@type\":\"Organization\",\"@id\":\"https:\/\/librairie7l.com\/en\/#organization\",\"name\":\"Librairie 7L\",\"url\":\"https:\/\/librairie7l.com\/en\/\",\"logo\":{\"@type\":\"ImageObject\",\"inLanguage\":\"en-US\",\"@id\":\"https:\/\/librairie7l.com\/en\/#\/schema\/logo\/image\/\",\"url\":\"https:\/\/librairie7l.com\/wp-content\/uploads\/2022\/08\/logo-1.png\",\"contentUrl\":\"https:\/\/librairie7l.com\/wp-content\/uploads\/2022\/08\/logo-1.png\",\"width\":227,\"height\":301,\"caption\":\"Librairie 7L\"},\"image\":{\"@id\":\"https:\/\/librairie7l.com\/en\/#\/schema\/logo\/image\/\"}}]}<\/script>\n<!-- \/ Yoast SEO plugin. -->","yoast_head_json":{"title":"LE CABINET DE L'AMATEUR ; LUXE ET VANIT\u00c9S - Librairie 7L","robots":{"index":"index","follow":"follow","max-snippet":"max-snippet:-1","max-image-preview":"max-image-preview:large","max-video-preview":"max-video-preview:-1"},"canonical":"https:\/\/librairie7l.com\/en\/produit\/le-cabinet-de-lamateur-luxe-et-vanites\/","og_locale":"en_US","og_type":"article","og_title":"LE CABINET DE L'AMATEUR ; LUXE ET VANIT\u00c9S - Librairie 7L","og_description":"Le Mus\u00e9e de l&#8217;oeuvre Notre-Dame conserve dans ses collections de nombreux objets d&#8217;arts d\u00e9coratifs relevant pr\u00e9cis\u00e9ment du \u00ab cabinet de curiosit\u00e9s \u00bb. Parmi les objets profanes : coupes en formes d&#8217;ananas, gobelets formant hottes sur le dos de vignerons, nautiles ou noix de coco mont\u00e9s en hanaps, coupes surcharg\u00e9es d\u00e9cors exub\u00e9rants &#8211; autant de pi\u00e8ces [&hellip;]","og_url":"https:\/\/librairie7l.com\/en\/produit\/le-cabinet-de-lamateur-luxe-et-vanites\/","og_site_name":"Librairie 7L","article_modified_time":"2026-04-21T08:30:37+00:00","og_image":[{"width":1000,"height":1478,"url":"https:\/\/librairie7l.com\/wp-content\/uploads\/2015\/01\/9782351251324_1_75.jpg","type":"image\/jpeg"}],"twitter_card":"summary_large_image","twitter_misc":{"Est. reading time":"1 minute"},"schema":{"@context":"https:\/\/schema.org","@graph":[{"@type":"WebPage","@id":"https:\/\/librairie7l.com\/en\/produit\/le-cabinet-de-lamateur-luxe-et-vanites\/","url":"https:\/\/librairie7l.com\/en\/produit\/le-cabinet-de-lamateur-luxe-et-vanites\/","name":"LE CABINET DE L'AMATEUR ; LUXE ET VANIT\u00c9S - Librairie 7L","isPartOf":{"@id":"https:\/\/librairie7l.com\/en\/#website"},"datePublished":"2023-05-10T12:30:00+00:00","dateModified":"2026-04-21T08:30:37+00:00","breadcrumb":{"@id":"https:\/\/librairie7l.com\/en\/produit\/le-cabinet-de-lamateur-luxe-et-vanites\/#breadcrumb"},"inLanguage":"en-US","potentialAction":[{"@type":"ReadAction","target":["https:\/\/librairie7l.com\/en\/produit\/le-cabinet-de-lamateur-luxe-et-vanites\/"]}]},{"@type":"BreadcrumbList","@id":"https:\/\/librairie7l.com\/en\/produit\/le-cabinet-de-lamateur-luxe-et-vanites\/#breadcrumb","itemListElement":[{"@type":"ListItem","position":1,"name":"Accueil","item":"https:\/\/librairie7l.com\/en\/"},{"@type":"ListItem","position":2,"name":"Shop","item":"https:\/\/librairie7l.com\/en\/shop\/"},{"@type":"ListItem","position":3,"name":"LE CABINET DE L&#8217;AMATEUR ; LUXE ET VANIT\u00c9S"}]},{"@type":"WebSite","@id":"https:\/\/librairie7l.com\/en\/#website","url":"https:\/\/librairie7l.com\/en\/","name":"Librairie 7L","description":"Librairie fond\u00e9e en 1999 par Karl Lagerfeld \u00e0 Paris","publisher":{"@id":"https:\/\/librairie7l.com\/en\/#organization"},"potentialAction":[{"@type":"SearchAction","target":{"@type":"EntryPoint","urlTemplate":"https:\/\/librairie7l.com\/en\/?s={search_term_string}"},"query-input":"required name=search_term_string"}],"inLanguage":"en-US"},{"@type":"Organization","@id":"https:\/\/librairie7l.com\/en\/#organization","name":"Librairie 7L","url":"https:\/\/librairie7l.com\/en\/","logo":{"@type":"ImageObject","inLanguage":"en-US","@id":"https:\/\/librairie7l.com\/en\/#\/schema\/logo\/image\/","url":"https:\/\/librairie7l.com\/wp-content\/uploads\/2022\/08\/logo-1.png","contentUrl":"https:\/\/librairie7l.com\/wp-content\/uploads\/2022\/08\/logo-1.png","width":227,"height":301,"caption":"Librairie 7L"},"image":{"@id":"https:\/\/librairie7l.com\/en\/#\/schema\/logo\/image\/"}}]}},"_links":{"self":[{"href":"https:\/\/librairie7l.com\/en\/wp-json\/wp\/v2\/product\/30291"}],"collection":[{"href":"https:\/\/librairie7l.com\/en\/wp-json\/wp\/v2\/product"}],"about":[{"href":"https:\/\/librairie7l.com\/en\/wp-json\/wp\/v2\/types\/product"}],"wp:featuredmedia":[{"embeddable":true,"href":"https:\/\/librairie7l.com\/en\/wp-json\/wp\/v2\/media\/30289"}],"wp:attachment":[{"href":"https:\/\/librairie7l.com\/en\/wp-json\/wp\/v2\/media?parent=30291"}],"wp:term":[{"taxonomy":"product_cat","embeddable":true,"href":"https:\/\/librairie7l.com\/en\/wp-json\/wp\/v2\/product_cat?post=30291"},{"taxonomy":"product_tag","embeddable":true,"href":"https:\/\/librairie7l.com\/en\/wp-json\/wp\/v2\/product_tag?post=30291"}],"curies":[{"name":"wp","href":"https:\/\/api.w.org\/{rel}","templated":true}]}}