{"id":30303,"date":"2023-05-10T14:30:24","date_gmt":"2023-05-10T12:30:24","guid":{"rendered":"https:\/\/librairie7l.com\/?post_type=product&#038;p=30303"},"modified":"2026-04-11T00:07:07","modified_gmt":"2026-04-10T22:07:07","slug":"du-genie-de-la-fabrique-au-genie-2-0-excellence-creation-et-innovation-des-industries-textiles-de-lyon-et-sa-region-du-xviiie-siecle-a-nos-jours","status":"publish","type":"product","link":"https:\/\/librairie7l.com\/en\/produit\/du-genie-de-la-fabrique-au-genie-2-0-excellence-creation-et-innovation-des-industries-textiles-de-lyon-et-sa-region-du-xviiie-siecle-a-nos-jours\/","title":{"rendered":"DU G\u00c9NIE DE LA FABRIQUE AU G\u00c9NIE 2.0 ; EXCELLENCE, CR\u00c9ATION ET INNOVATION DES INDUSTRIES TEXTILES DE LYON ET SA R\u00c9GION DU XVIIIE SI\u00c8CLE \u00c0 NOS JOURS"},"content":{"rendered":"<p>Du G\u00e9nie de la Fabrique au G\u00e9nie 2.0 est un hommage \u00e0 la ville de Lyon et \u00e0 ceux de ses enfants qui ont su, par leur incroyable exigence et leur inventivit\u00e9, \u00e9lever le tissage des \u00e9toffes fa\u00e7onn\u00e9es non plus seulement au rang d&#8217;un artisanat remarquable, mais \u00e0 celui d&#8217;un art v\u00e9ritable. Cette conqu\u00eate, qui a dur\u00e9 pr\u00e8s de trois si\u00e8cles, a d\u00e9termin\u00e9 l&#8217;histoire de la ville et pr\u00e9par\u00e9 son avenir.<br \/>\nLe mus\u00e9e des Tissus, fond\u00e9 pour t\u00e9moigner de cette histoire, pour en perp\u00e9tuer le souvenir et le renouveler, conserve les plus grands chefs-d&#8217;oeuvre produits par la Fabrique.<br \/>\nEn 2015, le mus\u00e9e des Tissus inaugurait une grande exposition consacr\u00e9e \u00e0 la production de soieries \u00e0 Lyon entre le XVII&#8217; et le d\u00e9but du XX, si\u00e8cle, intitul\u00e9e Le G\u00e9nie de la Fabrique. Le parcours, \u00e0 travers les commandes royales ou imp\u00e9riales, \u00e0 travers les chefs-d&#8217; oeuvre techniques, artistiques ou les pi\u00e8ces historiques, permettait de comprendre que toute la ville de Lyon, et sa r\u00e9gion, avaient v\u00e9cu au rythme des mouvements du m\u00e9tier \u00e0 tisser, afin de satisfaire les commanditaires les plus exigeants. Une part imponante de l&#8217;exposition \u00e9tait consacr\u00e9e aux pi\u00e8ces pr\u00e9sent\u00e9es et prim\u00e9es aux expositions universelles depuis 1851, rappelant que ces \u00e9v\u00e9nements constituaient un enjeu majeur de l&#8217;\u00e9mulation et de l&#8217;excellence lyonnaise.<\/p>\n","protected":false},"excerpt":{"rendered":"<p>Du G\u00e9nie de la Fabrique au G\u00e9nie 2.0 est un hommage \u00e0 la ville de Lyon et \u00e0 ceux de ses enfants qui ont su, par leur incroyable exigence et leur inventivit\u00e9, \u00e9lever le tissage des \u00e9toffes fa\u00e7onn\u00e9es non plus seulement au rang d&#8217;un artisanat remarquable, mais \u00e0 celui d&#8217;un art v\u00e9ritable. Cette conqu\u00eate, qui [&hellip;]<\/p>\n","protected":false},"featured_media":30301,"template":"","meta":[],"product_cat":[55,2948,2957,19],"product_tag":[],"acf":[],"yoast_head":"<!-- This site is optimized with the Yoast SEO plugin v20.11 - https:\/\/yoast.com\/wordpress\/plugins\/seo\/ -->\n<title>DU G\u00c9NIE DE LA FABRIQUE AU G\u00c9NIE 2.0 ; EXCELLENCE, CR\u00c9ATION ET INNOVATION DES INDUSTRIES TEXTILES DE LYON ET SA R\u00c9GION DU XVIIIE SI\u00c8CLE \u00c0 NOS JOURS - Librairie 7L<\/title>\n<meta name=\"robots\" content=\"index, follow, max-snippet:-1, max-image-preview:large, max-video-preview:-1\" \/>\n<link rel=\"canonical\" href=\"https:\/\/librairie7l.com\/en\/produit\/du-genie-de-la-fabrique-au-genie-2-0-excellence-creation-et-innovation-des-industries-textiles-de-lyon-et-sa-region-du-xviiie-siecle-a-nos-jours\/\" \/>\n<meta property=\"og:locale\" content=\"en_US\" \/>\n<meta property=\"og:type\" content=\"article\" \/>\n<meta property=\"og:title\" content=\"DU G\u00c9NIE DE LA FABRIQUE AU G\u00c9NIE 2.0 ; EXCELLENCE, CR\u00c9ATION ET INNOVATION DES INDUSTRIES TEXTILES DE LYON ET SA R\u00c9GION DU XVIIIE SI\u00c8CLE \u00c0 NOS JOURS - Librairie 7L\" \/>\n<meta property=\"og:description\" content=\"Du G\u00e9nie de la Fabrique au G\u00e9nie 2.0 est un hommage \u00e0 la ville de Lyon et \u00e0 ceux de ses enfants qui ont su, par leur incroyable exigence et leur inventivit\u00e9, \u00e9lever le tissage des \u00e9toffes fa\u00e7onn\u00e9es non plus seulement au rang d&#8217;un artisanat remarquable, mais \u00e0 celui d&#8217;un art v\u00e9ritable. Cette conqu\u00eate, qui [&hellip;]\" \/>\n<meta property=\"og:url\" content=\"https:\/\/librairie7l.com\/en\/produit\/du-genie-de-la-fabrique-au-genie-2-0-excellence-creation-et-innovation-des-industries-textiles-de-lyon-et-sa-region-du-xviiie-siecle-a-nos-jours\/\" \/>\n<meta property=\"og:site_name\" content=\"Librairie 7L\" \/>\n<meta property=\"article:modified_time\" content=\"2026-04-10T22:07:07+00:00\" \/>\n<meta property=\"og:image\" content=\"https:\/\/librairie7l.com\/wp-content\/uploads\/2016\/05\/9782849754375_1_75.jpg\" \/>\n\t<meta property=\"og:image:width\" content=\"1000\" \/>\n\t<meta property=\"og:image:height\" content=\"1308\" \/>\n\t<meta property=\"og:image:type\" content=\"image\/jpeg\" \/>\n<meta name=\"twitter:card\" content=\"summary_large_image\" \/>\n<meta name=\"twitter:label1\" content=\"Est. reading time\" \/>\n\t<meta name=\"twitter:data1\" content=\"1 minute\" \/>\n<script type=\"application\/ld+json\" class=\"yoast-schema-graph\">{\"@context\":\"https:\/\/schema.org\",\"@graph\":[{\"@type\":\"WebPage\",\"@id\":\"https:\/\/librairie7l.com\/en\/produit\/du-genie-de-la-fabrique-au-genie-2-0-excellence-creation-et-innovation-des-industries-textiles-de-lyon-et-sa-region-du-xviiie-siecle-a-nos-jours\/\",\"url\":\"https:\/\/librairie7l.com\/en\/produit\/du-genie-de-la-fabrique-au-genie-2-0-excellence-creation-et-innovation-des-industries-textiles-de-lyon-et-sa-region-du-xviiie-siecle-a-nos-jours\/\",\"name\":\"DU G\u00c9NIE DE LA FABRIQUE AU G\u00c9NIE 2.0 ; EXCELLENCE, CR\u00c9ATION ET INNOVATION DES INDUSTRIES TEXTILES DE LYON ET SA R\u00c9GION DU XVIIIE SI\u00c8CLE \u00c0 NOS JOURS - Librairie 7L\",\"isPartOf\":{\"@id\":\"https:\/\/librairie7l.com\/en\/#website\"},\"datePublished\":\"2023-05-10T12:30:24+00:00\",\"dateModified\":\"2026-04-10T22:07:07+00:00\",\"breadcrumb\":{\"@id\":\"https:\/\/librairie7l.com\/en\/produit\/du-genie-de-la-fabrique-au-genie-2-0-excellence-creation-et-innovation-des-industries-textiles-de-lyon-et-sa-region-du-xviiie-siecle-a-nos-jours\/#breadcrumb\"},\"inLanguage\":\"en-US\",\"potentialAction\":[{\"@type\":\"ReadAction\",\"target\":[\"https:\/\/librairie7l.com\/en\/produit\/du-genie-de-la-fabrique-au-genie-2-0-excellence-creation-et-innovation-des-industries-textiles-de-lyon-et-sa-region-du-xviiie-siecle-a-nos-jours\/\"]}]},{\"@type\":\"BreadcrumbList\",\"@id\":\"https:\/\/librairie7l.com\/en\/produit\/du-genie-de-la-fabrique-au-genie-2-0-excellence-creation-et-innovation-des-industries-textiles-de-lyon-et-sa-region-du-xviiie-siecle-a-nos-jours\/#breadcrumb\",\"itemListElement\":[{\"@type\":\"ListItem\",\"position\":1,\"name\":\"Accueil\",\"item\":\"https:\/\/librairie7l.com\/en\/\"},{\"@type\":\"ListItem\",\"position\":2,\"name\":\"Shop\",\"item\":\"https:\/\/librairie7l.com\/en\/shop\/\"},{\"@type\":\"ListItem\",\"position\":3,\"name\":\"DU G\u00c9NIE DE LA FABRIQUE AU G\u00c9NIE 2.0 ; EXCELLENCE, CR\u00c9ATION ET INNOVATION DES INDUSTRIES TEXTILES DE LYON ET SA R\u00c9GION DU XVIIIE SI\u00c8CLE \u00c0 NOS JOURS\"}]},{\"@type\":\"WebSite\",\"@id\":\"https:\/\/librairie7l.com\/en\/#website\",\"url\":\"https:\/\/librairie7l.com\/en\/\",\"name\":\"Librairie 7L\",\"description\":\"Librairie fond\u00e9e en 1999 par Karl Lagerfeld \u00e0 Paris\",\"publisher\":{\"@id\":\"https:\/\/librairie7l.com\/en\/#organization\"},\"potentialAction\":[{\"@type\":\"SearchAction\",\"target\":{\"@type\":\"EntryPoint\",\"urlTemplate\":\"https:\/\/librairie7l.com\/en\/?s={search_term_string}\"},\"query-input\":\"required name=search_term_string\"}],\"inLanguage\":\"en-US\"},{\"@type\":\"Organization\",\"@id\":\"https:\/\/librairie7l.com\/en\/#organization\",\"name\":\"Librairie 7L\",\"url\":\"https:\/\/librairie7l.com\/en\/\",\"logo\":{\"@type\":\"ImageObject\",\"inLanguage\":\"en-US\",\"@id\":\"https:\/\/librairie7l.com\/en\/#\/schema\/logo\/image\/\",\"url\":\"https:\/\/librairie7l.com\/wp-content\/uploads\/2022\/08\/logo-1.png\",\"contentUrl\":\"https:\/\/librairie7l.com\/wp-content\/uploads\/2022\/08\/logo-1.png\",\"width\":227,\"height\":301,\"caption\":\"Librairie 7L\"},\"image\":{\"@id\":\"https:\/\/librairie7l.com\/en\/#\/schema\/logo\/image\/\"}}]}<\/script>\n<!-- \/ Yoast SEO plugin. -->","yoast_head_json":{"title":"DU G\u00c9NIE DE LA FABRIQUE AU G\u00c9NIE 2.0 ; EXCELLENCE, CR\u00c9ATION ET INNOVATION DES INDUSTRIES TEXTILES DE LYON ET SA R\u00c9GION DU XVIIIE SI\u00c8CLE \u00c0 NOS JOURS - Librairie 7L","robots":{"index":"index","follow":"follow","max-snippet":"max-snippet:-1","max-image-preview":"max-image-preview:large","max-video-preview":"max-video-preview:-1"},"canonical":"https:\/\/librairie7l.com\/en\/produit\/du-genie-de-la-fabrique-au-genie-2-0-excellence-creation-et-innovation-des-industries-textiles-de-lyon-et-sa-region-du-xviiie-siecle-a-nos-jours\/","og_locale":"en_US","og_type":"article","og_title":"DU G\u00c9NIE DE LA FABRIQUE AU G\u00c9NIE 2.0 ; EXCELLENCE, CR\u00c9ATION ET INNOVATION DES INDUSTRIES TEXTILES DE LYON ET SA R\u00c9GION DU XVIIIE SI\u00c8CLE \u00c0 NOS JOURS - Librairie 7L","og_description":"Du G\u00e9nie de la Fabrique au G\u00e9nie 2.0 est un hommage \u00e0 la ville de Lyon et \u00e0 ceux de ses enfants qui ont su, par leur incroyable exigence et leur inventivit\u00e9, \u00e9lever le tissage des \u00e9toffes fa\u00e7onn\u00e9es non plus seulement au rang d&#8217;un artisanat remarquable, mais \u00e0 celui d&#8217;un art v\u00e9ritable. Cette conqu\u00eate, qui [&hellip;]","og_url":"https:\/\/librairie7l.com\/en\/produit\/du-genie-de-la-fabrique-au-genie-2-0-excellence-creation-et-innovation-des-industries-textiles-de-lyon-et-sa-region-du-xviiie-siecle-a-nos-jours\/","og_site_name":"Librairie 7L","article_modified_time":"2026-04-10T22:07:07+00:00","og_image":[{"width":1000,"height":1308,"url":"https:\/\/librairie7l.com\/wp-content\/uploads\/2016\/05\/9782849754375_1_75.jpg","type":"image\/jpeg"}],"twitter_card":"summary_large_image","twitter_misc":{"Est. reading time":"1 minute"},"schema":{"@context":"https:\/\/schema.org","@graph":[{"@type":"WebPage","@id":"https:\/\/librairie7l.com\/en\/produit\/du-genie-de-la-fabrique-au-genie-2-0-excellence-creation-et-innovation-des-industries-textiles-de-lyon-et-sa-region-du-xviiie-siecle-a-nos-jours\/","url":"https:\/\/librairie7l.com\/en\/produit\/du-genie-de-la-fabrique-au-genie-2-0-excellence-creation-et-innovation-des-industries-textiles-de-lyon-et-sa-region-du-xviiie-siecle-a-nos-jours\/","name":"DU G\u00c9NIE DE LA FABRIQUE AU G\u00c9NIE 2.0 ; EXCELLENCE, CR\u00c9ATION ET INNOVATION DES INDUSTRIES TEXTILES DE LYON ET SA R\u00c9GION DU XVIIIE SI\u00c8CLE \u00c0 NOS JOURS - Librairie 7L","isPartOf":{"@id":"https:\/\/librairie7l.com\/en\/#website"},"datePublished":"2023-05-10T12:30:24+00:00","dateModified":"2026-04-10T22:07:07+00:00","breadcrumb":{"@id":"https:\/\/librairie7l.com\/en\/produit\/du-genie-de-la-fabrique-au-genie-2-0-excellence-creation-et-innovation-des-industries-textiles-de-lyon-et-sa-region-du-xviiie-siecle-a-nos-jours\/#breadcrumb"},"inLanguage":"en-US","potentialAction":[{"@type":"ReadAction","target":["https:\/\/librairie7l.com\/en\/produit\/du-genie-de-la-fabrique-au-genie-2-0-excellence-creation-et-innovation-des-industries-textiles-de-lyon-et-sa-region-du-xviiie-siecle-a-nos-jours\/"]}]},{"@type":"BreadcrumbList","@id":"https:\/\/librairie7l.com\/en\/produit\/du-genie-de-la-fabrique-au-genie-2-0-excellence-creation-et-innovation-des-industries-textiles-de-lyon-et-sa-region-du-xviiie-siecle-a-nos-jours\/#breadcrumb","itemListElement":[{"@type":"ListItem","position":1,"name":"Accueil","item":"https:\/\/librairie7l.com\/en\/"},{"@type":"ListItem","position":2,"name":"Shop","item":"https:\/\/librairie7l.com\/en\/shop\/"},{"@type":"ListItem","position":3,"name":"DU G\u00c9NIE DE LA FABRIQUE AU G\u00c9NIE 2.0 ; EXCELLENCE, CR\u00c9ATION ET INNOVATION DES INDUSTRIES TEXTILES DE LYON ET SA R\u00c9GION DU XVIIIE SI\u00c8CLE \u00c0 NOS JOURS"}]},{"@type":"WebSite","@id":"https:\/\/librairie7l.com\/en\/#website","url":"https:\/\/librairie7l.com\/en\/","name":"Librairie 7L","description":"Librairie fond\u00e9e en 1999 par Karl Lagerfeld \u00e0 Paris","publisher":{"@id":"https:\/\/librairie7l.com\/en\/#organization"},"potentialAction":[{"@type":"SearchAction","target":{"@type":"EntryPoint","urlTemplate":"https:\/\/librairie7l.com\/en\/?s={search_term_string}"},"query-input":"required name=search_term_string"}],"inLanguage":"en-US"},{"@type":"Organization","@id":"https:\/\/librairie7l.com\/en\/#organization","name":"Librairie 7L","url":"https:\/\/librairie7l.com\/en\/","logo":{"@type":"ImageObject","inLanguage":"en-US","@id":"https:\/\/librairie7l.com\/en\/#\/schema\/logo\/image\/","url":"https:\/\/librairie7l.com\/wp-content\/uploads\/2022\/08\/logo-1.png","contentUrl":"https:\/\/librairie7l.com\/wp-content\/uploads\/2022\/08\/logo-1.png","width":227,"height":301,"caption":"Librairie 7L"},"image":{"@id":"https:\/\/librairie7l.com\/en\/#\/schema\/logo\/image\/"}}]}},"_links":{"self":[{"href":"https:\/\/librairie7l.com\/en\/wp-json\/wp\/v2\/product\/30303"}],"collection":[{"href":"https:\/\/librairie7l.com\/en\/wp-json\/wp\/v2\/product"}],"about":[{"href":"https:\/\/librairie7l.com\/en\/wp-json\/wp\/v2\/types\/product"}],"wp:featuredmedia":[{"embeddable":true,"href":"https:\/\/librairie7l.com\/en\/wp-json\/wp\/v2\/media\/30301"}],"wp:attachment":[{"href":"https:\/\/librairie7l.com\/en\/wp-json\/wp\/v2\/media?parent=30303"}],"wp:term":[{"taxonomy":"product_cat","embeddable":true,"href":"https:\/\/librairie7l.com\/en\/wp-json\/wp\/v2\/product_cat?post=30303"},{"taxonomy":"product_tag","embeddable":true,"href":"https:\/\/librairie7l.com\/en\/wp-json\/wp\/v2\/product_tag?post=30303"}],"curies":[{"name":"wp","href":"https:\/\/api.w.org\/{rel}","templated":true}]}}