{"id":30363,"date":"2023-05-10T14:31:58","date_gmt":"2023-05-10T12:31:58","guid":{"rendered":"https:\/\/librairie7l.com\/?post_type=product&#038;p=30363"},"modified":"2026-04-11T12:25:41","modified_gmt":"2026-04-11T10:25:41","slug":"visions-of-the-bauhaus-books-exploring-connections-to-contemporary-graphic-des","status":"publish","type":"product","link":"https:\/\/librairie7l.com\/en\/produit\/visions-of-the-bauhaus-books-exploring-connections-to-contemporary-graphic-des\/","title":{"rendered":"VISIONS OF THE BAUHAUS BOOKS ; EXPLORING CONNECTIONS TO CONTEMPORARY GRAPHIC DESIGN PRACTICE"},"content":{"rendered":"<p>Les quatorze ouvrages que le mouvement du Bauhaus a publi\u00e9s entre 1925 et 1930 abordent sous diverses perspectives les principes fondamentaux et la pratique du design.<\/p>\n<p>Johannes Rinkenburger s&#8217;est pench\u00e9 sur le contenu de ces publications d&#8217;avant-garde afin d&#8217;une part de mettre en \u00e9vidence les concepts qu&#8217;elles ont formul\u00e9s ainsi que le contexte de leur publication, d&#8217;autre part de souligner leur impact jusque dans les \u00e9coles de design de notre \u00e9poque. Se basant sur les exp\u00e9riences de jadis, l&#8217;auteur \u00e9tablit des corr\u00e9lations avec le pr\u00e9sent, soulignant ainsi \u00e0 la fois la valeur de l&#8217;h\u00e9ritage du Bauhaus et son rayonnement dans le monde entier. De nombreuses illustrations rendent compte des concepts et m\u00e9thodes pr\u00e9sent\u00e9s dans les publications du Bauhaus et les met en rapport avec l&#8217;approche de notre \u00e9poque en mati\u00e8re de graphisme. <\/p>\n<p>An analytical and practical adaptation of the Bauhaus Books showing remarkable possibilities for graphic design today The 14 Bauhaus Books, edited by Walter Gropius and L\u00e0szlo Moholy-Nagy, were published between 1925 and 1930. Their authors discussed design principles, practices, and art studies approaches from various perspectives. Johannes Rinkenburger has examined and analyzed the contents and key concepts of this avant-garde book series along with their background and context and elaborates their application and importance for current design schools.<\/p>\n","protected":false},"excerpt":{"rendered":"<p>Les quatorze ouvrages que le mouvement du Bauhaus a publi\u00e9s entre 1925 et 1930 abordent sous diverses perspectives les principes fondamentaux et la pratique du design. Johannes Rinkenburger s&#8217;est pench\u00e9 sur le contenu de ces publications d&#8217;avant-garde afin d&#8217;une part de mettre en \u00e9vidence les concepts qu&#8217;elles ont formul\u00e9s ainsi que le contexte de leur [&hellip;]<\/p>\n","protected":false},"featured_media":30361,"template":"","meta":[],"product_cat":[55,2948,18,2952],"product_tag":[],"acf":[],"yoast_head":"<!-- This site is optimized with the Yoast SEO plugin v20.11 - https:\/\/yoast.com\/wordpress\/plugins\/seo\/ -->\n<title>VISIONS OF THE BAUHAUS BOOKS ; EXPLORING CONNECTIONS TO CONTEMPORARY GRAPHIC DESIGN PRACTICE - Librairie 7L<\/title>\n<meta name=\"robots\" content=\"index, follow, max-snippet:-1, max-image-preview:large, max-video-preview:-1\" \/>\n<link rel=\"canonical\" href=\"https:\/\/librairie7l.com\/en\/produit\/visions-of-the-bauhaus-books-exploring-connections-to-contemporary-graphic-des\/\" \/>\n<meta property=\"og:locale\" content=\"en_US\" \/>\n<meta property=\"og:type\" content=\"article\" \/>\n<meta property=\"og:title\" content=\"VISIONS OF THE BAUHAUS BOOKS ; EXPLORING CONNECTIONS TO CONTEMPORARY GRAPHIC DESIGN PRACTICE - Librairie 7L\" \/>\n<meta property=\"og:description\" content=\"Les quatorze ouvrages que le mouvement du Bauhaus a publi\u00e9s entre 1925 et 1930 abordent sous diverses perspectives les principes fondamentaux et la pratique du design. Johannes Rinkenburger s&#8217;est pench\u00e9 sur le contenu de ces publications d&#8217;avant-garde afin d&#8217;une part de mettre en \u00e9vidence les concepts qu&#8217;elles ont formul\u00e9s ainsi que le contexte de leur [&hellip;]\" \/>\n<meta property=\"og:url\" content=\"https:\/\/librairie7l.com\/en\/produit\/visions-of-the-bauhaus-books-exploring-connections-to-contemporary-graphic-des\/\" \/>\n<meta property=\"og:site_name\" content=\"Librairie 7L\" \/>\n<meta property=\"article:modified_time\" content=\"2026-04-11T10:25:41+00:00\" \/>\n<meta property=\"og:image\" content=\"https:\/\/librairie7l.com\/wp-content\/uploads\/2018\/12\/9783721209921_1_75.jpg\" \/>\n\t<meta property=\"og:image:width\" content=\"600\" \/>\n\t<meta property=\"og:image:height\" content=\"742\" \/>\n\t<meta property=\"og:image:type\" content=\"image\/jpeg\" \/>\n<meta name=\"twitter:card\" content=\"summary_large_image\" \/>\n<meta name=\"twitter:label1\" content=\"Est. reading time\" \/>\n\t<meta name=\"twitter:data1\" content=\"1 minute\" \/>\n<script type=\"application\/ld+json\" class=\"yoast-schema-graph\">{\"@context\":\"https:\/\/schema.org\",\"@graph\":[{\"@type\":\"WebPage\",\"@id\":\"https:\/\/librairie7l.com\/en\/produit\/visions-of-the-bauhaus-books-exploring-connections-to-contemporary-graphic-des\/\",\"url\":\"https:\/\/librairie7l.com\/en\/produit\/visions-of-the-bauhaus-books-exploring-connections-to-contemporary-graphic-des\/\",\"name\":\"VISIONS OF THE BAUHAUS BOOKS ; EXPLORING CONNECTIONS TO CONTEMPORARY GRAPHIC DESIGN PRACTICE - Librairie 7L\",\"isPartOf\":{\"@id\":\"https:\/\/librairie7l.com\/en\/#website\"},\"datePublished\":\"2023-05-10T12:31:58+00:00\",\"dateModified\":\"2026-04-11T10:25:41+00:00\",\"breadcrumb\":{\"@id\":\"https:\/\/librairie7l.com\/en\/produit\/visions-of-the-bauhaus-books-exploring-connections-to-contemporary-graphic-des\/#breadcrumb\"},\"inLanguage\":\"en-US\",\"potentialAction\":[{\"@type\":\"ReadAction\",\"target\":[\"https:\/\/librairie7l.com\/en\/produit\/visions-of-the-bauhaus-books-exploring-connections-to-contemporary-graphic-des\/\"]}]},{\"@type\":\"BreadcrumbList\",\"@id\":\"https:\/\/librairie7l.com\/en\/produit\/visions-of-the-bauhaus-books-exploring-connections-to-contemporary-graphic-des\/#breadcrumb\",\"itemListElement\":[{\"@type\":\"ListItem\",\"position\":1,\"name\":\"Accueil\",\"item\":\"https:\/\/librairie7l.com\/en\/\"},{\"@type\":\"ListItem\",\"position\":2,\"name\":\"Shop\",\"item\":\"https:\/\/librairie7l.com\/en\/shop\/\"},{\"@type\":\"ListItem\",\"position\":3,\"name\":\"VISIONS OF THE BAUHAUS BOOKS ; EXPLORING CONNECTIONS TO CONTEMPORARY GRAPHIC DESIGN PRACTICE\"}]},{\"@type\":\"WebSite\",\"@id\":\"https:\/\/librairie7l.com\/en\/#website\",\"url\":\"https:\/\/librairie7l.com\/en\/\",\"name\":\"Librairie 7L\",\"description\":\"Librairie fond\u00e9e en 1999 par Karl Lagerfeld \u00e0 Paris\",\"publisher\":{\"@id\":\"https:\/\/librairie7l.com\/en\/#organization\"},\"potentialAction\":[{\"@type\":\"SearchAction\",\"target\":{\"@type\":\"EntryPoint\",\"urlTemplate\":\"https:\/\/librairie7l.com\/en\/?s={search_term_string}\"},\"query-input\":\"required name=search_term_string\"}],\"inLanguage\":\"en-US\"},{\"@type\":\"Organization\",\"@id\":\"https:\/\/librairie7l.com\/en\/#organization\",\"name\":\"Librairie 7L\",\"url\":\"https:\/\/librairie7l.com\/en\/\",\"logo\":{\"@type\":\"ImageObject\",\"inLanguage\":\"en-US\",\"@id\":\"https:\/\/librairie7l.com\/en\/#\/schema\/logo\/image\/\",\"url\":\"https:\/\/librairie7l.com\/wp-content\/uploads\/2022\/08\/logo-1.png\",\"contentUrl\":\"https:\/\/librairie7l.com\/wp-content\/uploads\/2022\/08\/logo-1.png\",\"width\":227,\"height\":301,\"caption\":\"Librairie 7L\"},\"image\":{\"@id\":\"https:\/\/librairie7l.com\/en\/#\/schema\/logo\/image\/\"}}]}<\/script>\n<!-- \/ Yoast SEO plugin. -->","yoast_head_json":{"title":"VISIONS OF THE BAUHAUS BOOKS ; EXPLORING CONNECTIONS TO CONTEMPORARY GRAPHIC DESIGN PRACTICE - Librairie 7L","robots":{"index":"index","follow":"follow","max-snippet":"max-snippet:-1","max-image-preview":"max-image-preview:large","max-video-preview":"max-video-preview:-1"},"canonical":"https:\/\/librairie7l.com\/en\/produit\/visions-of-the-bauhaus-books-exploring-connections-to-contemporary-graphic-des\/","og_locale":"en_US","og_type":"article","og_title":"VISIONS OF THE BAUHAUS BOOKS ; EXPLORING CONNECTIONS TO CONTEMPORARY GRAPHIC DESIGN PRACTICE - Librairie 7L","og_description":"Les quatorze ouvrages que le mouvement du Bauhaus a publi\u00e9s entre 1925 et 1930 abordent sous diverses perspectives les principes fondamentaux et la pratique du design. Johannes Rinkenburger s&#8217;est pench\u00e9 sur le contenu de ces publications d&#8217;avant-garde afin d&#8217;une part de mettre en \u00e9vidence les concepts qu&#8217;elles ont formul\u00e9s ainsi que le contexte de leur [&hellip;]","og_url":"https:\/\/librairie7l.com\/en\/produit\/visions-of-the-bauhaus-books-exploring-connections-to-contemporary-graphic-des\/","og_site_name":"Librairie 7L","article_modified_time":"2026-04-11T10:25:41+00:00","og_image":[{"width":600,"height":742,"url":"https:\/\/librairie7l.com\/wp-content\/uploads\/2018\/12\/9783721209921_1_75.jpg","type":"image\/jpeg"}],"twitter_card":"summary_large_image","twitter_misc":{"Est. reading time":"1 minute"},"schema":{"@context":"https:\/\/schema.org","@graph":[{"@type":"WebPage","@id":"https:\/\/librairie7l.com\/en\/produit\/visions-of-the-bauhaus-books-exploring-connections-to-contemporary-graphic-des\/","url":"https:\/\/librairie7l.com\/en\/produit\/visions-of-the-bauhaus-books-exploring-connections-to-contemporary-graphic-des\/","name":"VISIONS OF THE BAUHAUS BOOKS ; EXPLORING CONNECTIONS TO CONTEMPORARY GRAPHIC DESIGN PRACTICE - Librairie 7L","isPartOf":{"@id":"https:\/\/librairie7l.com\/en\/#website"},"datePublished":"2023-05-10T12:31:58+00:00","dateModified":"2026-04-11T10:25:41+00:00","breadcrumb":{"@id":"https:\/\/librairie7l.com\/en\/produit\/visions-of-the-bauhaus-books-exploring-connections-to-contemporary-graphic-des\/#breadcrumb"},"inLanguage":"en-US","potentialAction":[{"@type":"ReadAction","target":["https:\/\/librairie7l.com\/en\/produit\/visions-of-the-bauhaus-books-exploring-connections-to-contemporary-graphic-des\/"]}]},{"@type":"BreadcrumbList","@id":"https:\/\/librairie7l.com\/en\/produit\/visions-of-the-bauhaus-books-exploring-connections-to-contemporary-graphic-des\/#breadcrumb","itemListElement":[{"@type":"ListItem","position":1,"name":"Accueil","item":"https:\/\/librairie7l.com\/en\/"},{"@type":"ListItem","position":2,"name":"Shop","item":"https:\/\/librairie7l.com\/en\/shop\/"},{"@type":"ListItem","position":3,"name":"VISIONS OF THE BAUHAUS BOOKS ; EXPLORING CONNECTIONS TO CONTEMPORARY GRAPHIC DESIGN PRACTICE"}]},{"@type":"WebSite","@id":"https:\/\/librairie7l.com\/en\/#website","url":"https:\/\/librairie7l.com\/en\/","name":"Librairie 7L","description":"Librairie fond\u00e9e en 1999 par Karl Lagerfeld \u00e0 Paris","publisher":{"@id":"https:\/\/librairie7l.com\/en\/#organization"},"potentialAction":[{"@type":"SearchAction","target":{"@type":"EntryPoint","urlTemplate":"https:\/\/librairie7l.com\/en\/?s={search_term_string}"},"query-input":"required name=search_term_string"}],"inLanguage":"en-US"},{"@type":"Organization","@id":"https:\/\/librairie7l.com\/en\/#organization","name":"Librairie 7L","url":"https:\/\/librairie7l.com\/en\/","logo":{"@type":"ImageObject","inLanguage":"en-US","@id":"https:\/\/librairie7l.com\/en\/#\/schema\/logo\/image\/","url":"https:\/\/librairie7l.com\/wp-content\/uploads\/2022\/08\/logo-1.png","contentUrl":"https:\/\/librairie7l.com\/wp-content\/uploads\/2022\/08\/logo-1.png","width":227,"height":301,"caption":"Librairie 7L"},"image":{"@id":"https:\/\/librairie7l.com\/en\/#\/schema\/logo\/image\/"}}]}},"_links":{"self":[{"href":"https:\/\/librairie7l.com\/en\/wp-json\/wp\/v2\/product\/30363"}],"collection":[{"href":"https:\/\/librairie7l.com\/en\/wp-json\/wp\/v2\/product"}],"about":[{"href":"https:\/\/librairie7l.com\/en\/wp-json\/wp\/v2\/types\/product"}],"wp:featuredmedia":[{"embeddable":true,"href":"https:\/\/librairie7l.com\/en\/wp-json\/wp\/v2\/media\/30361"}],"wp:attachment":[{"href":"https:\/\/librairie7l.com\/en\/wp-json\/wp\/v2\/media?parent=30363"}],"wp:term":[{"taxonomy":"product_cat","embeddable":true,"href":"https:\/\/librairie7l.com\/en\/wp-json\/wp\/v2\/product_cat?post=30363"},{"taxonomy":"product_tag","embeddable":true,"href":"https:\/\/librairie7l.com\/en\/wp-json\/wp\/v2\/product_tag?post=30363"}],"curies":[{"name":"wp","href":"https:\/\/api.w.org\/{rel}","templated":true}]}}