{"id":30387,"date":"2023-05-10T14:32:38","date_gmt":"2023-05-10T12:32:38","guid":{"rendered":"https:\/\/librairie7l.com\/?post_type=product&#038;p=30387"},"modified":"2026-04-24T04:06:03","modified_gmt":"2026-04-24T02:06:03","slug":"peter-saville-editions","status":"publish","type":"product","link":"https:\/\/librairie7l.com\/en\/produit\/peter-saville-editions\/","title":{"rendered":"PETER SAVILLE EDITIONS"},"content":{"rendered":"<p>Directeur artistique britannique culte dans le milieu de la musique, Peter Saville est \u00e0 l&#8217;origine de pochettes d&#8217;album pour Joy Division et New Order ainsi que d&#8217;autres artistes de la Factory Records, mais aussi, plus tard, pour Roxy Music, DuranDuran ou Wham!. Il travaille \u00e9galement pour de nombreux grands noms de la mode, parfois en collaboration avec Nick Knight. Ce livre rassemble pour la premi\u00e8re fois toutes les oeuvres produites par Peter Saville en \u00e9dition limit\u00e9e de 2003 \u00e0 2018.<\/p>\n","protected":false},"excerpt":{"rendered":"<p>Directeur artistique britannique culte dans le milieu de la musique, Peter Saville est \u00e0 l&#8217;origine de pochettes d&#8217;album pour Joy Division et New Order ainsi que d&#8217;autres artistes de la Factory Records, mais aussi, plus tard, pour Roxy Music, DuranDuran ou Wham!. Il travaille \u00e9galement pour de nombreux grands noms de la mode, parfois en [&hellip;]<\/p>\n","protected":false},"featured_media":30385,"template":"","meta":[],"product_cat":[55,2948,18,2952],"product_tag":[],"acf":[],"yoast_head":"<!-- This site is optimized with the Yoast SEO plugin v20.11 - https:\/\/yoast.com\/wordpress\/plugins\/seo\/ -->\n<title>PETER SAVILLE EDITIONS - Librairie 7L<\/title>\n<meta name=\"robots\" content=\"index, follow, max-snippet:-1, max-image-preview:large, max-video-preview:-1\" \/>\n<link rel=\"canonical\" href=\"https:\/\/librairie7l.com\/en\/produit\/peter-saville-editions\/\" \/>\n<meta property=\"og:locale\" content=\"en_US\" \/>\n<meta property=\"og:type\" content=\"article\" \/>\n<meta property=\"og:title\" content=\"PETER SAVILLE EDITIONS - Librairie 7L\" \/>\n<meta property=\"og:description\" content=\"Directeur artistique britannique culte dans le milieu de la musique, Peter Saville est \u00e0 l&#8217;origine de pochettes d&#8217;album pour Joy Division et New Order ainsi que d&#8217;autres artistes de la Factory Records, mais aussi, plus tard, pour Roxy Music, DuranDuran ou Wham!. Il travaille \u00e9galement pour de nombreux grands noms de la mode, parfois en [&hellip;]\" \/>\n<meta property=\"og:url\" content=\"https:\/\/librairie7l.com\/en\/produit\/peter-saville-editions\/\" \/>\n<meta property=\"og:site_name\" content=\"Librairie 7L\" \/>\n<meta property=\"article:modified_time\" content=\"2026-04-24T02:06:03+00:00\" \/>\n<meta property=\"og:image\" content=\"https:\/\/librairie7l.com\/wp-content\/uploads\/2019\/07\/9781916023307_1_75.jpg\" \/>\n\t<meta property=\"og:image:width\" content=\"490\" \/>\n\t<meta property=\"og:image:height\" content=\"600\" \/>\n\t<meta property=\"og:image:type\" content=\"image\/jpeg\" \/>\n<meta name=\"twitter:card\" content=\"summary_large_image\" \/>\n<script type=\"application\/ld+json\" class=\"yoast-schema-graph\">{\"@context\":\"https:\/\/schema.org\",\"@graph\":[{\"@type\":\"WebPage\",\"@id\":\"https:\/\/librairie7l.com\/en\/produit\/peter-saville-editions\/\",\"url\":\"https:\/\/librairie7l.com\/en\/produit\/peter-saville-editions\/\",\"name\":\"PETER SAVILLE EDITIONS - Librairie 7L\",\"isPartOf\":{\"@id\":\"https:\/\/librairie7l.com\/en\/#website\"},\"datePublished\":\"2023-05-10T12:32:38+00:00\",\"dateModified\":\"2026-04-24T02:06:03+00:00\",\"breadcrumb\":{\"@id\":\"https:\/\/librairie7l.com\/en\/produit\/peter-saville-editions\/#breadcrumb\"},\"inLanguage\":\"en-US\",\"potentialAction\":[{\"@type\":\"ReadAction\",\"target\":[\"https:\/\/librairie7l.com\/en\/produit\/peter-saville-editions\/\"]}]},{\"@type\":\"BreadcrumbList\",\"@id\":\"https:\/\/librairie7l.com\/en\/produit\/peter-saville-editions\/#breadcrumb\",\"itemListElement\":[{\"@type\":\"ListItem\",\"position\":1,\"name\":\"Accueil\",\"item\":\"https:\/\/librairie7l.com\/en\/\"},{\"@type\":\"ListItem\",\"position\":2,\"name\":\"Shop\",\"item\":\"https:\/\/librairie7l.com\/en\/shop\/\"},{\"@type\":\"ListItem\",\"position\":3,\"name\":\"PETER SAVILLE EDITIONS\"}]},{\"@type\":\"WebSite\",\"@id\":\"https:\/\/librairie7l.com\/en\/#website\",\"url\":\"https:\/\/librairie7l.com\/en\/\",\"name\":\"Librairie 7L\",\"description\":\"Librairie fond\u00e9e en 1999 par Karl Lagerfeld \u00e0 Paris\",\"publisher\":{\"@id\":\"https:\/\/librairie7l.com\/en\/#organization\"},\"potentialAction\":[{\"@type\":\"SearchAction\",\"target\":{\"@type\":\"EntryPoint\",\"urlTemplate\":\"https:\/\/librairie7l.com\/en\/?s={search_term_string}\"},\"query-input\":\"required name=search_term_string\"}],\"inLanguage\":\"en-US\"},{\"@type\":\"Organization\",\"@id\":\"https:\/\/librairie7l.com\/en\/#organization\",\"name\":\"Librairie 7L\",\"url\":\"https:\/\/librairie7l.com\/en\/\",\"logo\":{\"@type\":\"ImageObject\",\"inLanguage\":\"en-US\",\"@id\":\"https:\/\/librairie7l.com\/en\/#\/schema\/logo\/image\/\",\"url\":\"https:\/\/librairie7l.com\/wp-content\/uploads\/2022\/08\/logo-1.png\",\"contentUrl\":\"https:\/\/librairie7l.com\/wp-content\/uploads\/2022\/08\/logo-1.png\",\"width\":227,\"height\":301,\"caption\":\"Librairie 7L\"},\"image\":{\"@id\":\"https:\/\/librairie7l.com\/en\/#\/schema\/logo\/image\/\"}}]}<\/script>\n<!-- \/ Yoast SEO plugin. -->","yoast_head_json":{"title":"PETER SAVILLE EDITIONS - Librairie 7L","robots":{"index":"index","follow":"follow","max-snippet":"max-snippet:-1","max-image-preview":"max-image-preview:large","max-video-preview":"max-video-preview:-1"},"canonical":"https:\/\/librairie7l.com\/en\/produit\/peter-saville-editions\/","og_locale":"en_US","og_type":"article","og_title":"PETER SAVILLE EDITIONS - Librairie 7L","og_description":"Directeur artistique britannique culte dans le milieu de la musique, Peter Saville est \u00e0 l&#8217;origine de pochettes d&#8217;album pour Joy Division et New Order ainsi que d&#8217;autres artistes de la Factory Records, mais aussi, plus tard, pour Roxy Music, DuranDuran ou Wham!. Il travaille \u00e9galement pour de nombreux grands noms de la mode, parfois en [&hellip;]","og_url":"https:\/\/librairie7l.com\/en\/produit\/peter-saville-editions\/","og_site_name":"Librairie 7L","article_modified_time":"2026-04-24T02:06:03+00:00","og_image":[{"width":490,"height":600,"url":"https:\/\/librairie7l.com\/wp-content\/uploads\/2019\/07\/9781916023307_1_75.jpg","type":"image\/jpeg"}],"twitter_card":"summary_large_image","schema":{"@context":"https:\/\/schema.org","@graph":[{"@type":"WebPage","@id":"https:\/\/librairie7l.com\/en\/produit\/peter-saville-editions\/","url":"https:\/\/librairie7l.com\/en\/produit\/peter-saville-editions\/","name":"PETER SAVILLE EDITIONS - Librairie 7L","isPartOf":{"@id":"https:\/\/librairie7l.com\/en\/#website"},"datePublished":"2023-05-10T12:32:38+00:00","dateModified":"2026-04-24T02:06:03+00:00","breadcrumb":{"@id":"https:\/\/librairie7l.com\/en\/produit\/peter-saville-editions\/#breadcrumb"},"inLanguage":"en-US","potentialAction":[{"@type":"ReadAction","target":["https:\/\/librairie7l.com\/en\/produit\/peter-saville-editions\/"]}]},{"@type":"BreadcrumbList","@id":"https:\/\/librairie7l.com\/en\/produit\/peter-saville-editions\/#breadcrumb","itemListElement":[{"@type":"ListItem","position":1,"name":"Accueil","item":"https:\/\/librairie7l.com\/en\/"},{"@type":"ListItem","position":2,"name":"Shop","item":"https:\/\/librairie7l.com\/en\/shop\/"},{"@type":"ListItem","position":3,"name":"PETER SAVILLE EDITIONS"}]},{"@type":"WebSite","@id":"https:\/\/librairie7l.com\/en\/#website","url":"https:\/\/librairie7l.com\/en\/","name":"Librairie 7L","description":"Librairie fond\u00e9e en 1999 par Karl Lagerfeld \u00e0 Paris","publisher":{"@id":"https:\/\/librairie7l.com\/en\/#organization"},"potentialAction":[{"@type":"SearchAction","target":{"@type":"EntryPoint","urlTemplate":"https:\/\/librairie7l.com\/en\/?s={search_term_string}"},"query-input":"required name=search_term_string"}],"inLanguage":"en-US"},{"@type":"Organization","@id":"https:\/\/librairie7l.com\/en\/#organization","name":"Librairie 7L","url":"https:\/\/librairie7l.com\/en\/","logo":{"@type":"ImageObject","inLanguage":"en-US","@id":"https:\/\/librairie7l.com\/en\/#\/schema\/logo\/image\/","url":"https:\/\/librairie7l.com\/wp-content\/uploads\/2022\/08\/logo-1.png","contentUrl":"https:\/\/librairie7l.com\/wp-content\/uploads\/2022\/08\/logo-1.png","width":227,"height":301,"caption":"Librairie 7L"},"image":{"@id":"https:\/\/librairie7l.com\/en\/#\/schema\/logo\/image\/"}}]}},"_links":{"self":[{"href":"https:\/\/librairie7l.com\/en\/wp-json\/wp\/v2\/product\/30387"}],"collection":[{"href":"https:\/\/librairie7l.com\/en\/wp-json\/wp\/v2\/product"}],"about":[{"href":"https:\/\/librairie7l.com\/en\/wp-json\/wp\/v2\/types\/product"}],"wp:featuredmedia":[{"embeddable":true,"href":"https:\/\/librairie7l.com\/en\/wp-json\/wp\/v2\/media\/30385"}],"wp:attachment":[{"href":"https:\/\/librairie7l.com\/en\/wp-json\/wp\/v2\/media?parent=30387"}],"wp:term":[{"taxonomy":"product_cat","embeddable":true,"href":"https:\/\/librairie7l.com\/en\/wp-json\/wp\/v2\/product_cat?post=30387"},{"taxonomy":"product_tag","embeddable":true,"href":"https:\/\/librairie7l.com\/en\/wp-json\/wp\/v2\/product_tag?post=30387"}],"curies":[{"name":"wp","href":"https:\/\/api.w.org\/{rel}","templated":true}]}}