{"id":30399,"date":"2023-05-10T14:32:48","date_gmt":"2023-05-10T12:32:48","guid":{"rendered":"https:\/\/librairie7l.com\/?post_type=product&#038;p=30399"},"modified":"2026-04-23T16:06:15","modified_gmt":"2026-04-23T14:06:15","slug":"mode-matieres-et-revolutions-par-premiere-vision","status":"publish","type":"product","link":"https:\/\/librairie7l.com\/en\/produit\/mode-matieres-et-revolutions-par-premiere-vision\/","title":{"rendered":"MODE, MATI\u00c8RES ET R\u00c9VOLUTIONS ; PAR PREMI\u00c8RE VISION"},"content":{"rendered":"<p>La mode avant la mode : pas de mode sans mati\u00e8res !<br \/>\nL&#8217;apparition de la maille, la vague du Lurex\u00ae ou celle du polyamide, le sacre de l&#8217;accessoire, l&#8217;av\u00e8nement de mati\u00e8res \u00e9co-responsables et du v\u00eatement connect\u00e9&#8230; autant de tournants audacieux et spectaculaires qui chacun signe une r\u00e9volution de mode et raconte l&#8217;incroyable cr\u00e9ativit\u00e9 des fabricants.<br \/>\nDepuis cinq d\u00e9cennies, le salon Premi\u00e8re Vision les r\u00e9unit chaque saison et rel\u00e8ve les m\u00eames d\u00e9fis : anticiper et d\u00e9crypter les tendances qui feront les collections de demain, \u00eatre source d&#8217;inspiration pour les professionnels de la mode du monde entier.<br \/>\nLevant le voile sur le r\u00f4le cl\u00e9 jou\u00e9 par l&#8217;innovation des mati\u00e8res et les avanc\u00e9es technologiques, cet ouvrage r\u00e9v\u00e8le les facettes m\u00e9connues des processus de cr\u00e9ation et retrace la saga de Premi\u00e8re Vision, acteur incontournable des industries de la mode et de la cr\u00e9ation. Une plong\u00e9e dans un univers secret et fascinant de la mode avant la mode&#8230;<\/p>\n<p>Le groupe Premi\u00e8re Vision est \u00e0 la source de l&#8217;inspiration et de la cr\u00e9ation des professionnels de la mode du monde entier : il nourrit, inspire et d\u00e9crypte les tendances. V\u00e9ritable cr\u00e9ateur de rencontres et d&#8217;opportunit\u00e9s, historiquement via ses salons devenus incontournables pour tous les acteurs de la fili\u00e8re &#8211; cr\u00e9ateurs, stylistes, dirigeants&#8230; &#8211; qui y viennent pour cr\u00e9er et concevoir leurs futures collections avec les fabricants de fils, tissus, cuir, dessins, accessoires, confection etc.<br \/>\n45 ans d&#8217;histoire, 45 ans au service d&#8217;une seule et m\u00eame cause : guider, accompagner les professionnels de la \u00ab mode cr\u00e9ative \u00bb pour faire de leurs collections un succ\u00e8s, le leur !<\/p>\n","protected":false},"excerpt":{"rendered":"<p>La mode avant la mode : pas de mode sans mati\u00e8res ! L&#8217;apparition de la maille, la vague du Lurex\u00ae ou celle du polyamide, le sacre de l&#8217;accessoire, l&#8217;av\u00e8nement de mati\u00e8res \u00e9co-responsables et du v\u00eatement connect\u00e9&#8230; autant de tournants audacieux et spectaculaires qui chacun signe une r\u00e9volution de mode et raconte l&#8217;incroyable cr\u00e9ativit\u00e9 des fabricants. [&hellip;]<\/p>\n","protected":false},"featured_media":30397,"template":"","meta":[],"product_cat":[55,2948,2957,19],"product_tag":[],"acf":[],"yoast_head":"<!-- This site is optimized with the Yoast SEO plugin v20.11 - https:\/\/yoast.com\/wordpress\/plugins\/seo\/ -->\n<title>MODE, MATI\u00c8RES ET R\u00c9VOLUTIONS ; PAR PREMI\u00c8RE VISION - Librairie 7L<\/title>\n<meta name=\"robots\" content=\"index, follow, max-snippet:-1, max-image-preview:large, max-video-preview:-1\" \/>\n<link rel=\"canonical\" href=\"https:\/\/librairie7l.com\/en\/produit\/mode-matieres-et-revolutions-par-premiere-vision\/\" \/>\n<meta property=\"og:locale\" content=\"en_US\" \/>\n<meta property=\"og:type\" content=\"article\" \/>\n<meta property=\"og:title\" content=\"MODE, MATI\u00c8RES ET R\u00c9VOLUTIONS ; PAR PREMI\u00c8RE VISION - Librairie 7L\" \/>\n<meta property=\"og:description\" content=\"La mode avant la mode : pas de mode sans mati\u00e8res ! L&#8217;apparition de la maille, la vague du Lurex\u00ae ou celle du polyamide, le sacre de l&#8217;accessoire, l&#8217;av\u00e8nement de mati\u00e8res \u00e9co-responsables et du v\u00eatement connect\u00e9&#8230; autant de tournants audacieux et spectaculaires qui chacun signe une r\u00e9volution de mode et raconte l&#8217;incroyable cr\u00e9ativit\u00e9 des fabricants. [&hellip;]\" \/>\n<meta property=\"og:url\" content=\"https:\/\/librairie7l.com\/en\/produit\/mode-matieres-et-revolutions-par-premiere-vision\/\" \/>\n<meta property=\"og:site_name\" content=\"Librairie 7L\" \/>\n<meta property=\"article:modified_time\" content=\"2026-04-23T14:06:15+00:00\" \/>\n<meta property=\"og:image\" content=\"https:\/\/librairie7l.com\/wp-content\/uploads\/2019\/07\/9782732490809_1_75.jpg\" \/>\n\t<meta property=\"og:image:width\" content=\"400\" \/>\n\t<meta property=\"og:image:height\" content=\"491\" \/>\n\t<meta property=\"og:image:type\" content=\"image\/jpeg\" \/>\n<meta name=\"twitter:card\" content=\"summary_large_image\" \/>\n<meta name=\"twitter:label1\" content=\"Est. reading time\" \/>\n\t<meta name=\"twitter:data1\" content=\"1 minute\" \/>\n<script type=\"application\/ld+json\" class=\"yoast-schema-graph\">{\"@context\":\"https:\/\/schema.org\",\"@graph\":[{\"@type\":\"WebPage\",\"@id\":\"https:\/\/librairie7l.com\/en\/produit\/mode-matieres-et-revolutions-par-premiere-vision\/\",\"url\":\"https:\/\/librairie7l.com\/en\/produit\/mode-matieres-et-revolutions-par-premiere-vision\/\",\"name\":\"MODE, MATI\u00c8RES ET R\u00c9VOLUTIONS ; PAR PREMI\u00c8RE VISION - Librairie 7L\",\"isPartOf\":{\"@id\":\"https:\/\/librairie7l.com\/en\/#website\"},\"datePublished\":\"2023-05-10T12:32:48+00:00\",\"dateModified\":\"2026-04-23T14:06:15+00:00\",\"breadcrumb\":{\"@id\":\"https:\/\/librairie7l.com\/en\/produit\/mode-matieres-et-revolutions-par-premiere-vision\/#breadcrumb\"},\"inLanguage\":\"en-US\",\"potentialAction\":[{\"@type\":\"ReadAction\",\"target\":[\"https:\/\/librairie7l.com\/en\/produit\/mode-matieres-et-revolutions-par-premiere-vision\/\"]}]},{\"@type\":\"BreadcrumbList\",\"@id\":\"https:\/\/librairie7l.com\/en\/produit\/mode-matieres-et-revolutions-par-premiere-vision\/#breadcrumb\",\"itemListElement\":[{\"@type\":\"ListItem\",\"position\":1,\"name\":\"Accueil\",\"item\":\"https:\/\/librairie7l.com\/en\/\"},{\"@type\":\"ListItem\",\"position\":2,\"name\":\"Shop\",\"item\":\"https:\/\/librairie7l.com\/en\/shop\/\"},{\"@type\":\"ListItem\",\"position\":3,\"name\":\"MODE, MATI\u00c8RES ET R\u00c9VOLUTIONS ; PAR PREMI\u00c8RE VISION\"}]},{\"@type\":\"WebSite\",\"@id\":\"https:\/\/librairie7l.com\/en\/#website\",\"url\":\"https:\/\/librairie7l.com\/en\/\",\"name\":\"Librairie 7L\",\"description\":\"Librairie fond\u00e9e en 1999 par Karl Lagerfeld \u00e0 Paris\",\"publisher\":{\"@id\":\"https:\/\/librairie7l.com\/en\/#organization\"},\"potentialAction\":[{\"@type\":\"SearchAction\",\"target\":{\"@type\":\"EntryPoint\",\"urlTemplate\":\"https:\/\/librairie7l.com\/en\/?s={search_term_string}\"},\"query-input\":\"required name=search_term_string\"}],\"inLanguage\":\"en-US\"},{\"@type\":\"Organization\",\"@id\":\"https:\/\/librairie7l.com\/en\/#organization\",\"name\":\"Librairie 7L\",\"url\":\"https:\/\/librairie7l.com\/en\/\",\"logo\":{\"@type\":\"ImageObject\",\"inLanguage\":\"en-US\",\"@id\":\"https:\/\/librairie7l.com\/en\/#\/schema\/logo\/image\/\",\"url\":\"https:\/\/librairie7l.com\/wp-content\/uploads\/2022\/08\/logo-1.png\",\"contentUrl\":\"https:\/\/librairie7l.com\/wp-content\/uploads\/2022\/08\/logo-1.png\",\"width\":227,\"height\":301,\"caption\":\"Librairie 7L\"},\"image\":{\"@id\":\"https:\/\/librairie7l.com\/en\/#\/schema\/logo\/image\/\"}}]}<\/script>\n<!-- \/ Yoast SEO plugin. -->","yoast_head_json":{"title":"MODE, MATI\u00c8RES ET R\u00c9VOLUTIONS ; PAR PREMI\u00c8RE VISION - Librairie 7L","robots":{"index":"index","follow":"follow","max-snippet":"max-snippet:-1","max-image-preview":"max-image-preview:large","max-video-preview":"max-video-preview:-1"},"canonical":"https:\/\/librairie7l.com\/en\/produit\/mode-matieres-et-revolutions-par-premiere-vision\/","og_locale":"en_US","og_type":"article","og_title":"MODE, MATI\u00c8RES ET R\u00c9VOLUTIONS ; PAR PREMI\u00c8RE VISION - Librairie 7L","og_description":"La mode avant la mode : pas de mode sans mati\u00e8res ! L&#8217;apparition de la maille, la vague du Lurex\u00ae ou celle du polyamide, le sacre de l&#8217;accessoire, l&#8217;av\u00e8nement de mati\u00e8res \u00e9co-responsables et du v\u00eatement connect\u00e9&#8230; autant de tournants audacieux et spectaculaires qui chacun signe une r\u00e9volution de mode et raconte l&#8217;incroyable cr\u00e9ativit\u00e9 des fabricants. [&hellip;]","og_url":"https:\/\/librairie7l.com\/en\/produit\/mode-matieres-et-revolutions-par-premiere-vision\/","og_site_name":"Librairie 7L","article_modified_time":"2026-04-23T14:06:15+00:00","og_image":[{"width":400,"height":491,"url":"https:\/\/librairie7l.com\/wp-content\/uploads\/2019\/07\/9782732490809_1_75.jpg","type":"image\/jpeg"}],"twitter_card":"summary_large_image","twitter_misc":{"Est. reading time":"1 minute"},"schema":{"@context":"https:\/\/schema.org","@graph":[{"@type":"WebPage","@id":"https:\/\/librairie7l.com\/en\/produit\/mode-matieres-et-revolutions-par-premiere-vision\/","url":"https:\/\/librairie7l.com\/en\/produit\/mode-matieres-et-revolutions-par-premiere-vision\/","name":"MODE, MATI\u00c8RES ET R\u00c9VOLUTIONS ; PAR PREMI\u00c8RE VISION - Librairie 7L","isPartOf":{"@id":"https:\/\/librairie7l.com\/en\/#website"},"datePublished":"2023-05-10T12:32:48+00:00","dateModified":"2026-04-23T14:06:15+00:00","breadcrumb":{"@id":"https:\/\/librairie7l.com\/en\/produit\/mode-matieres-et-revolutions-par-premiere-vision\/#breadcrumb"},"inLanguage":"en-US","potentialAction":[{"@type":"ReadAction","target":["https:\/\/librairie7l.com\/en\/produit\/mode-matieres-et-revolutions-par-premiere-vision\/"]}]},{"@type":"BreadcrumbList","@id":"https:\/\/librairie7l.com\/en\/produit\/mode-matieres-et-revolutions-par-premiere-vision\/#breadcrumb","itemListElement":[{"@type":"ListItem","position":1,"name":"Accueil","item":"https:\/\/librairie7l.com\/en\/"},{"@type":"ListItem","position":2,"name":"Shop","item":"https:\/\/librairie7l.com\/en\/shop\/"},{"@type":"ListItem","position":3,"name":"MODE, MATI\u00c8RES ET R\u00c9VOLUTIONS ; PAR PREMI\u00c8RE VISION"}]},{"@type":"WebSite","@id":"https:\/\/librairie7l.com\/en\/#website","url":"https:\/\/librairie7l.com\/en\/","name":"Librairie 7L","description":"Librairie fond\u00e9e en 1999 par Karl Lagerfeld \u00e0 Paris","publisher":{"@id":"https:\/\/librairie7l.com\/en\/#organization"},"potentialAction":[{"@type":"SearchAction","target":{"@type":"EntryPoint","urlTemplate":"https:\/\/librairie7l.com\/en\/?s={search_term_string}"},"query-input":"required name=search_term_string"}],"inLanguage":"en-US"},{"@type":"Organization","@id":"https:\/\/librairie7l.com\/en\/#organization","name":"Librairie 7L","url":"https:\/\/librairie7l.com\/en\/","logo":{"@type":"ImageObject","inLanguage":"en-US","@id":"https:\/\/librairie7l.com\/en\/#\/schema\/logo\/image\/","url":"https:\/\/librairie7l.com\/wp-content\/uploads\/2022\/08\/logo-1.png","contentUrl":"https:\/\/librairie7l.com\/wp-content\/uploads\/2022\/08\/logo-1.png","width":227,"height":301,"caption":"Librairie 7L"},"image":{"@id":"https:\/\/librairie7l.com\/en\/#\/schema\/logo\/image\/"}}]}},"_links":{"self":[{"href":"https:\/\/librairie7l.com\/en\/wp-json\/wp\/v2\/product\/30399"}],"collection":[{"href":"https:\/\/librairie7l.com\/en\/wp-json\/wp\/v2\/product"}],"about":[{"href":"https:\/\/librairie7l.com\/en\/wp-json\/wp\/v2\/types\/product"}],"wp:featuredmedia":[{"embeddable":true,"href":"https:\/\/librairie7l.com\/en\/wp-json\/wp\/v2\/media\/30397"}],"wp:attachment":[{"href":"https:\/\/librairie7l.com\/en\/wp-json\/wp\/v2\/media?parent=30399"}],"wp:term":[{"taxonomy":"product_cat","embeddable":true,"href":"https:\/\/librairie7l.com\/en\/wp-json\/wp\/v2\/product_cat?post=30399"},{"taxonomy":"product_tag","embeddable":true,"href":"https:\/\/librairie7l.com\/en\/wp-json\/wp\/v2\/product_tag?post=30399"}],"curies":[{"name":"wp","href":"https:\/\/api.w.org\/{rel}","templated":true}]}}