{"id":30411,"date":"2023-05-10T14:33:07","date_gmt":"2023-05-10T12:33:07","guid":{"rendered":"https:\/\/librairie7l.com\/?post_type=product&#038;p=30411"},"modified":"2026-04-23T19:06:22","modified_gmt":"2026-04-23T17:06:22","slug":"tyler-mitchell-i-can-make-you-feel-good","status":"publish","type":"product","link":"https:\/\/librairie7l.com\/en\/produit\/tyler-mitchell-i-can-make-you-feel-good\/","title":{"rendered":"TYLER MITCHELL I CAN MAKE YOU FEEL GOOD"},"content":{"rendered":"<p>Avant m\u00eame de devenir le premier photographe afro-am\u00e9ricain \u00e0 signer la couverture de Vogue en septembre 2018 avec un portrait embl\u00e9matique de Beyonc\u00e9, Tyler Mitchell se faisait un nom en tant que photographe et r\u00e9alisateur vid\u00e9o ax\u00e9 sur la culture des jeunes afro-am\u00e9ricain et sur l&#8217;identit\u00e9 raciale. Dans son premier livre intitul\u00e9 I Can Make You Feel Good il regroupe certains de ses clich\u00e9s plus c\u00e9l\u00e8bres accompagn\u00e9s de nombreux portraits in\u00e9dits. La s\u00e9lection comprend la s\u00e9rie prise \u00e0 Cuba, ainsi que des collaborations avec Marc Jacobs, American Eagle et Converse.<\/p>\n","protected":false},"excerpt":{"rendered":"<p>Avant m\u00eame de devenir le premier photographe afro-am\u00e9ricain \u00e0 signer la couverture de Vogue en septembre 2018 avec un portrait embl\u00e9matique de Beyonc\u00e9, Tyler Mitchell se faisait un nom en tant que photographe et r\u00e9alisateur vid\u00e9o ax\u00e9 sur la culture des jeunes afro-am\u00e9ricain et sur l&#8217;identit\u00e9 raciale. Dans son premier livre intitul\u00e9 I Can Make [&hellip;]<\/p>\n","protected":false},"featured_media":30409,"template":"","meta":[],"product_cat":[55,2948,2958,17],"product_tag":[],"acf":[],"yoast_head":"<!-- This site is optimized with the Yoast SEO plugin v20.11 - https:\/\/yoast.com\/wordpress\/plugins\/seo\/ -->\n<title>TYLER MITCHELL I CAN MAKE YOU FEEL GOOD - Librairie 7L<\/title>\n<meta name=\"robots\" content=\"index, follow, max-snippet:-1, max-image-preview:large, max-video-preview:-1\" \/>\n<link rel=\"canonical\" href=\"https:\/\/librairie7l.com\/en\/produit\/tyler-mitchell-i-can-make-you-feel-good\/\" \/>\n<meta property=\"og:locale\" content=\"en_US\" \/>\n<meta property=\"og:type\" content=\"article\" \/>\n<meta property=\"og:title\" content=\"TYLER MITCHELL I CAN MAKE YOU FEEL GOOD - Librairie 7L\" \/>\n<meta property=\"og:description\" content=\"Avant m\u00eame de devenir le premier photographe afro-am\u00e9ricain \u00e0 signer la couverture de Vogue en septembre 2018 avec un portrait embl\u00e9matique de Beyonc\u00e9, Tyler Mitchell se faisait un nom en tant que photographe et r\u00e9alisateur vid\u00e9o ax\u00e9 sur la culture des jeunes afro-am\u00e9ricain et sur l&#8217;identit\u00e9 raciale. Dans son premier livre intitul\u00e9 I Can Make [&hellip;]\" \/>\n<meta property=\"og:url\" content=\"https:\/\/librairie7l.com\/en\/produit\/tyler-mitchell-i-can-make-you-feel-good\/\" \/>\n<meta property=\"og:site_name\" content=\"Librairie 7L\" \/>\n<meta property=\"article:modified_time\" content=\"2026-04-23T17:06:22+00:00\" \/>\n<meta property=\"og:image\" content=\"https:\/\/librairie7l.com\/wp-content\/uploads\/2019\/12\/9783791386089_1_75.jpg\" \/>\n\t<meta property=\"og:image:width\" content=\"350\" \/>\n\t<meta property=\"og:image:height\" content=\"461\" \/>\n\t<meta property=\"og:image:type\" content=\"image\/jpeg\" \/>\n<meta name=\"twitter:card\" content=\"summary_large_image\" \/>\n<meta name=\"twitter:label1\" content=\"Est. reading time\" \/>\n\t<meta name=\"twitter:data1\" content=\"1 minute\" \/>\n<script type=\"application\/ld+json\" class=\"yoast-schema-graph\">{\"@context\":\"https:\/\/schema.org\",\"@graph\":[{\"@type\":\"WebPage\",\"@id\":\"https:\/\/librairie7l.com\/en\/produit\/tyler-mitchell-i-can-make-you-feel-good\/\",\"url\":\"https:\/\/librairie7l.com\/en\/produit\/tyler-mitchell-i-can-make-you-feel-good\/\",\"name\":\"TYLER MITCHELL I CAN MAKE YOU FEEL GOOD - Librairie 7L\",\"isPartOf\":{\"@id\":\"https:\/\/librairie7l.com\/en\/#website\"},\"datePublished\":\"2023-05-10T12:33:07+00:00\",\"dateModified\":\"2026-04-23T17:06:22+00:00\",\"breadcrumb\":{\"@id\":\"https:\/\/librairie7l.com\/en\/produit\/tyler-mitchell-i-can-make-you-feel-good\/#breadcrumb\"},\"inLanguage\":\"en-US\",\"potentialAction\":[{\"@type\":\"ReadAction\",\"target\":[\"https:\/\/librairie7l.com\/en\/produit\/tyler-mitchell-i-can-make-you-feel-good\/\"]}]},{\"@type\":\"BreadcrumbList\",\"@id\":\"https:\/\/librairie7l.com\/en\/produit\/tyler-mitchell-i-can-make-you-feel-good\/#breadcrumb\",\"itemListElement\":[{\"@type\":\"ListItem\",\"position\":1,\"name\":\"Accueil\",\"item\":\"https:\/\/librairie7l.com\/en\/\"},{\"@type\":\"ListItem\",\"position\":2,\"name\":\"Shop\",\"item\":\"https:\/\/librairie7l.com\/en\/shop\/\"},{\"@type\":\"ListItem\",\"position\":3,\"name\":\"TYLER MITCHELL I CAN MAKE YOU FEEL GOOD\"}]},{\"@type\":\"WebSite\",\"@id\":\"https:\/\/librairie7l.com\/en\/#website\",\"url\":\"https:\/\/librairie7l.com\/en\/\",\"name\":\"Librairie 7L\",\"description\":\"Librairie fond\u00e9e en 1999 par Karl Lagerfeld \u00e0 Paris\",\"publisher\":{\"@id\":\"https:\/\/librairie7l.com\/en\/#organization\"},\"potentialAction\":[{\"@type\":\"SearchAction\",\"target\":{\"@type\":\"EntryPoint\",\"urlTemplate\":\"https:\/\/librairie7l.com\/en\/?s={search_term_string}\"},\"query-input\":\"required name=search_term_string\"}],\"inLanguage\":\"en-US\"},{\"@type\":\"Organization\",\"@id\":\"https:\/\/librairie7l.com\/en\/#organization\",\"name\":\"Librairie 7L\",\"url\":\"https:\/\/librairie7l.com\/en\/\",\"logo\":{\"@type\":\"ImageObject\",\"inLanguage\":\"en-US\",\"@id\":\"https:\/\/librairie7l.com\/en\/#\/schema\/logo\/image\/\",\"url\":\"https:\/\/librairie7l.com\/wp-content\/uploads\/2022\/08\/logo-1.png\",\"contentUrl\":\"https:\/\/librairie7l.com\/wp-content\/uploads\/2022\/08\/logo-1.png\",\"width\":227,\"height\":301,\"caption\":\"Librairie 7L\"},\"image\":{\"@id\":\"https:\/\/librairie7l.com\/en\/#\/schema\/logo\/image\/\"}}]}<\/script>\n<!-- \/ Yoast SEO plugin. -->","yoast_head_json":{"title":"TYLER MITCHELL I CAN MAKE YOU FEEL GOOD - Librairie 7L","robots":{"index":"index","follow":"follow","max-snippet":"max-snippet:-1","max-image-preview":"max-image-preview:large","max-video-preview":"max-video-preview:-1"},"canonical":"https:\/\/librairie7l.com\/en\/produit\/tyler-mitchell-i-can-make-you-feel-good\/","og_locale":"en_US","og_type":"article","og_title":"TYLER MITCHELL I CAN MAKE YOU FEEL GOOD - Librairie 7L","og_description":"Avant m\u00eame de devenir le premier photographe afro-am\u00e9ricain \u00e0 signer la couverture de Vogue en septembre 2018 avec un portrait embl\u00e9matique de Beyonc\u00e9, Tyler Mitchell se faisait un nom en tant que photographe et r\u00e9alisateur vid\u00e9o ax\u00e9 sur la culture des jeunes afro-am\u00e9ricain et sur l&#8217;identit\u00e9 raciale. Dans son premier livre intitul\u00e9 I Can Make [&hellip;]","og_url":"https:\/\/librairie7l.com\/en\/produit\/tyler-mitchell-i-can-make-you-feel-good\/","og_site_name":"Librairie 7L","article_modified_time":"2026-04-23T17:06:22+00:00","og_image":[{"width":350,"height":461,"url":"https:\/\/librairie7l.com\/wp-content\/uploads\/2019\/12\/9783791386089_1_75.jpg","type":"image\/jpeg"}],"twitter_card":"summary_large_image","twitter_misc":{"Est. reading time":"1 minute"},"schema":{"@context":"https:\/\/schema.org","@graph":[{"@type":"WebPage","@id":"https:\/\/librairie7l.com\/en\/produit\/tyler-mitchell-i-can-make-you-feel-good\/","url":"https:\/\/librairie7l.com\/en\/produit\/tyler-mitchell-i-can-make-you-feel-good\/","name":"TYLER MITCHELL I CAN MAKE YOU FEEL GOOD - Librairie 7L","isPartOf":{"@id":"https:\/\/librairie7l.com\/en\/#website"},"datePublished":"2023-05-10T12:33:07+00:00","dateModified":"2026-04-23T17:06:22+00:00","breadcrumb":{"@id":"https:\/\/librairie7l.com\/en\/produit\/tyler-mitchell-i-can-make-you-feel-good\/#breadcrumb"},"inLanguage":"en-US","potentialAction":[{"@type":"ReadAction","target":["https:\/\/librairie7l.com\/en\/produit\/tyler-mitchell-i-can-make-you-feel-good\/"]}]},{"@type":"BreadcrumbList","@id":"https:\/\/librairie7l.com\/en\/produit\/tyler-mitchell-i-can-make-you-feel-good\/#breadcrumb","itemListElement":[{"@type":"ListItem","position":1,"name":"Accueil","item":"https:\/\/librairie7l.com\/en\/"},{"@type":"ListItem","position":2,"name":"Shop","item":"https:\/\/librairie7l.com\/en\/shop\/"},{"@type":"ListItem","position":3,"name":"TYLER MITCHELL I CAN MAKE YOU FEEL GOOD"}]},{"@type":"WebSite","@id":"https:\/\/librairie7l.com\/en\/#website","url":"https:\/\/librairie7l.com\/en\/","name":"Librairie 7L","description":"Librairie fond\u00e9e en 1999 par Karl Lagerfeld \u00e0 Paris","publisher":{"@id":"https:\/\/librairie7l.com\/en\/#organization"},"potentialAction":[{"@type":"SearchAction","target":{"@type":"EntryPoint","urlTemplate":"https:\/\/librairie7l.com\/en\/?s={search_term_string}"},"query-input":"required name=search_term_string"}],"inLanguage":"en-US"},{"@type":"Organization","@id":"https:\/\/librairie7l.com\/en\/#organization","name":"Librairie 7L","url":"https:\/\/librairie7l.com\/en\/","logo":{"@type":"ImageObject","inLanguage":"en-US","@id":"https:\/\/librairie7l.com\/en\/#\/schema\/logo\/image\/","url":"https:\/\/librairie7l.com\/wp-content\/uploads\/2022\/08\/logo-1.png","contentUrl":"https:\/\/librairie7l.com\/wp-content\/uploads\/2022\/08\/logo-1.png","width":227,"height":301,"caption":"Librairie 7L"},"image":{"@id":"https:\/\/librairie7l.com\/en\/#\/schema\/logo\/image\/"}}]}},"_links":{"self":[{"href":"https:\/\/librairie7l.com\/en\/wp-json\/wp\/v2\/product\/30411"}],"collection":[{"href":"https:\/\/librairie7l.com\/en\/wp-json\/wp\/v2\/product"}],"about":[{"href":"https:\/\/librairie7l.com\/en\/wp-json\/wp\/v2\/types\/product"}],"wp:featuredmedia":[{"embeddable":true,"href":"https:\/\/librairie7l.com\/en\/wp-json\/wp\/v2\/media\/30409"}],"wp:attachment":[{"href":"https:\/\/librairie7l.com\/en\/wp-json\/wp\/v2\/media?parent=30411"}],"wp:term":[{"taxonomy":"product_cat","embeddable":true,"href":"https:\/\/librairie7l.com\/en\/wp-json\/wp\/v2\/product_cat?post=30411"},{"taxonomy":"product_tag","embeddable":true,"href":"https:\/\/librairie7l.com\/en\/wp-json\/wp\/v2\/product_tag?post=30411"}],"curies":[{"name":"wp","href":"https:\/\/api.w.org\/{rel}","templated":true}]}}