{"id":30455,"date":"2023-05-10T14:34:13","date_gmt":"2023-05-10T12:34:13","guid":{"rendered":"https:\/\/librairie7l.com\/?post_type=product&#038;p=30455"},"modified":"2026-04-24T06:36:36","modified_gmt":"2026-04-24T04:36:36","slug":"atelier-national-de-recherche-typographique-anrt-archives-1985-2006","status":"publish","type":"product","link":"https:\/\/librairie7l.com\/en\/produit\/atelier-national-de-recherche-typographique-anrt-archives-1985-2006\/","title":{"rendered":"ATELIER NATIONAL DE RECHERCHE TYPOGRAPHIQUE ANRT ; ARCHIVES 1985-2006"},"content":{"rendered":"<p>A travers plus de 650 images tir\u00e9es des archives enti\u00e8rement in\u00e9dites de l&#8217;Atelier national de recherche typographique, cet ouvrage dresse pour la premi\u00e8re fois l&#8217;histoire d&#8217;une p\u00e9riode marqu\u00e9e par de profondes mutations technologiques. Il d\u00e9voile l&#8217;univers m\u00e9connu de la cr\u00e9ation typographique \u00e0 travers une large s\u00e9lection de projets qui t\u00e9moignent aussi bien d&#8217;un savoir-faire s\u00e9culaire que de l&#8217;innovation la plus radicale.<\/p>\n<p>L&#8217;Atelier national de recherche typographique (ANRT) a \u00e9t\u00e9 cr\u00e9\u00e9 en 1985 par l&#8217;Etat pour redynamiser un secteur alors en crise : la cr\u00e9ation de caract\u00e8res pour l&#8217;imprimerie. Sa mission a \u00e9t\u00e9 rapidement \u00e9largie \u00e0 des champs d&#8217;exploration et d&#8217;application plus \u00e9tendus, toujours li\u00e9s \u00e0 la typographie. D&#8217;abord situ\u00e9 \u00e0 l&#8217;Imprimerie Nationale, puis \u00e0 l&#8217;Ecole nationale sup\u00e9rieure des arts d\u00e9coratifs de Paris et enfin \u00e0 l&#8217;Ecole nationale sup\u00e9rieure d&#8217;art et de design de Nancy, il a accueilli entre 1985 et 2006 une centaine de stagiaires-chercheurs, participant au renouveau spectaculaire de la sc\u00e8ne fran\u00e7aise. Apr\u00e8s une parenth\u00e8se de six ans, l&#8217;Atelier a rouvert \u00e0 Nancy avec une nouvelle \u00e9quipe et un nouveau projet scientifique.<\/p>\n<p>Publi\u00e9 \u00e0 l&#8217;occasion de l&#8217;exposition des affiches de L&#8217;ANRT, Minist\u00e8re de la Culture et de la Communication, Paris, du 18 f\u00e9vrier au 3 mars 2016.<\/p>\n","protected":false},"excerpt":{"rendered":"<p>A travers plus de 650 images tir\u00e9es des archives enti\u00e8rement in\u00e9dites de l&#8217;Atelier national de recherche typographique, cet ouvrage dresse pour la premi\u00e8re fois l&#8217;histoire d&#8217;une p\u00e9riode marqu\u00e9e par de profondes mutations technologiques. Il d\u00e9voile l&#8217;univers m\u00e9connu de la cr\u00e9ation typographique \u00e0 travers une large s\u00e9lection de projets qui t\u00e9moignent aussi bien d&#8217;un savoir-faire s\u00e9culaire [&hellip;]<\/p>\n","protected":false},"featured_media":30453,"template":"","meta":[],"product_cat":[55,2948,18,2952],"product_tag":[],"acf":[],"yoast_head":"<!-- This site is optimized with the Yoast SEO plugin v20.11 - https:\/\/yoast.com\/wordpress\/plugins\/seo\/ -->\n<title>ATELIER NATIONAL DE RECHERCHE TYPOGRAPHIQUE ANRT ; ARCHIVES 1985-2006 - Librairie 7L<\/title>\n<meta name=\"robots\" content=\"index, follow, max-snippet:-1, max-image-preview:large, max-video-preview:-1\" \/>\n<link rel=\"canonical\" href=\"https:\/\/librairie7l.com\/en\/produit\/atelier-national-de-recherche-typographique-anrt-archives-1985-2006\/\" \/>\n<meta property=\"og:locale\" content=\"en_US\" \/>\n<meta property=\"og:type\" content=\"article\" \/>\n<meta property=\"og:title\" content=\"ATELIER NATIONAL DE RECHERCHE TYPOGRAPHIQUE ANRT ; ARCHIVES 1985-2006 - Librairie 7L\" \/>\n<meta property=\"og:description\" content=\"A travers plus de 650 images tir\u00e9es des archives enti\u00e8rement in\u00e9dites de l&#8217;Atelier national de recherche typographique, cet ouvrage dresse pour la premi\u00e8re fois l&#8217;histoire d&#8217;une p\u00e9riode marqu\u00e9e par de profondes mutations technologiques. Il d\u00e9voile l&#8217;univers m\u00e9connu de la cr\u00e9ation typographique \u00e0 travers une large s\u00e9lection de projets qui t\u00e9moignent aussi bien d&#8217;un savoir-faire s\u00e9culaire [&hellip;]\" \/>\n<meta property=\"og:url\" content=\"https:\/\/librairie7l.com\/en\/produit\/atelier-national-de-recherche-typographique-anrt-archives-1985-2006\/\" \/>\n<meta property=\"og:site_name\" content=\"Librairie 7L\" \/>\n<meta property=\"article:modified_time\" content=\"2026-04-24T04:36:36+00:00\" \/>\n<meta property=\"og:image\" content=\"https:\/\/librairie7l.com\/wp-content\/uploads\/2016\/03\/9782840668541_1_75.jpg\" \/>\n\t<meta property=\"og:image:width\" content=\"220\" \/>\n\t<meta property=\"og:image:height\" content=\"300\" \/>\n\t<meta property=\"og:image:type\" content=\"image\/jpeg\" \/>\n<meta name=\"twitter:card\" content=\"summary_large_image\" \/>\n<meta name=\"twitter:label1\" content=\"Est. reading time\" \/>\n\t<meta name=\"twitter:data1\" content=\"1 minute\" \/>\n<script type=\"application\/ld+json\" class=\"yoast-schema-graph\">{\"@context\":\"https:\/\/schema.org\",\"@graph\":[{\"@type\":\"WebPage\",\"@id\":\"https:\/\/librairie7l.com\/en\/produit\/atelier-national-de-recherche-typographique-anrt-archives-1985-2006\/\",\"url\":\"https:\/\/librairie7l.com\/en\/produit\/atelier-national-de-recherche-typographique-anrt-archives-1985-2006\/\",\"name\":\"ATELIER NATIONAL DE RECHERCHE TYPOGRAPHIQUE ANRT ; ARCHIVES 1985-2006 - Librairie 7L\",\"isPartOf\":{\"@id\":\"https:\/\/librairie7l.com\/en\/#website\"},\"datePublished\":\"2023-05-10T12:34:13+00:00\",\"dateModified\":\"2026-04-24T04:36:36+00:00\",\"breadcrumb\":{\"@id\":\"https:\/\/librairie7l.com\/en\/produit\/atelier-national-de-recherche-typographique-anrt-archives-1985-2006\/#breadcrumb\"},\"inLanguage\":\"en-US\",\"potentialAction\":[{\"@type\":\"ReadAction\",\"target\":[\"https:\/\/librairie7l.com\/en\/produit\/atelier-national-de-recherche-typographique-anrt-archives-1985-2006\/\"]}]},{\"@type\":\"BreadcrumbList\",\"@id\":\"https:\/\/librairie7l.com\/en\/produit\/atelier-national-de-recherche-typographique-anrt-archives-1985-2006\/#breadcrumb\",\"itemListElement\":[{\"@type\":\"ListItem\",\"position\":1,\"name\":\"Accueil\",\"item\":\"https:\/\/librairie7l.com\/en\/\"},{\"@type\":\"ListItem\",\"position\":2,\"name\":\"Shop\",\"item\":\"https:\/\/librairie7l.com\/en\/shop\/\"},{\"@type\":\"ListItem\",\"position\":3,\"name\":\"ATELIER NATIONAL DE RECHERCHE TYPOGRAPHIQUE ANRT ; ARCHIVES 1985-2006\"}]},{\"@type\":\"WebSite\",\"@id\":\"https:\/\/librairie7l.com\/en\/#website\",\"url\":\"https:\/\/librairie7l.com\/en\/\",\"name\":\"Librairie 7L\",\"description\":\"Librairie fond\u00e9e en 1999 par Karl Lagerfeld \u00e0 Paris\",\"publisher\":{\"@id\":\"https:\/\/librairie7l.com\/en\/#organization\"},\"potentialAction\":[{\"@type\":\"SearchAction\",\"target\":{\"@type\":\"EntryPoint\",\"urlTemplate\":\"https:\/\/librairie7l.com\/en\/?s={search_term_string}\"},\"query-input\":\"required name=search_term_string\"}],\"inLanguage\":\"en-US\"},{\"@type\":\"Organization\",\"@id\":\"https:\/\/librairie7l.com\/en\/#organization\",\"name\":\"Librairie 7L\",\"url\":\"https:\/\/librairie7l.com\/en\/\",\"logo\":{\"@type\":\"ImageObject\",\"inLanguage\":\"en-US\",\"@id\":\"https:\/\/librairie7l.com\/en\/#\/schema\/logo\/image\/\",\"url\":\"https:\/\/librairie7l.com\/wp-content\/uploads\/2022\/08\/logo-1.png\",\"contentUrl\":\"https:\/\/librairie7l.com\/wp-content\/uploads\/2022\/08\/logo-1.png\",\"width\":227,\"height\":301,\"caption\":\"Librairie 7L\"},\"image\":{\"@id\":\"https:\/\/librairie7l.com\/en\/#\/schema\/logo\/image\/\"}}]}<\/script>\n<!-- \/ Yoast SEO plugin. -->","yoast_head_json":{"title":"ATELIER NATIONAL DE RECHERCHE TYPOGRAPHIQUE ANRT ; ARCHIVES 1985-2006 - Librairie 7L","robots":{"index":"index","follow":"follow","max-snippet":"max-snippet:-1","max-image-preview":"max-image-preview:large","max-video-preview":"max-video-preview:-1"},"canonical":"https:\/\/librairie7l.com\/en\/produit\/atelier-national-de-recherche-typographique-anrt-archives-1985-2006\/","og_locale":"en_US","og_type":"article","og_title":"ATELIER NATIONAL DE RECHERCHE TYPOGRAPHIQUE ANRT ; ARCHIVES 1985-2006 - Librairie 7L","og_description":"A travers plus de 650 images tir\u00e9es des archives enti\u00e8rement in\u00e9dites de l&#8217;Atelier national de recherche typographique, cet ouvrage dresse pour la premi\u00e8re fois l&#8217;histoire d&#8217;une p\u00e9riode marqu\u00e9e par de profondes mutations technologiques. Il d\u00e9voile l&#8217;univers m\u00e9connu de la cr\u00e9ation typographique \u00e0 travers une large s\u00e9lection de projets qui t\u00e9moignent aussi bien d&#8217;un savoir-faire s\u00e9culaire [&hellip;]","og_url":"https:\/\/librairie7l.com\/en\/produit\/atelier-national-de-recherche-typographique-anrt-archives-1985-2006\/","og_site_name":"Librairie 7L","article_modified_time":"2026-04-24T04:36:36+00:00","og_image":[{"width":220,"height":300,"url":"https:\/\/librairie7l.com\/wp-content\/uploads\/2016\/03\/9782840668541_1_75.jpg","type":"image\/jpeg"}],"twitter_card":"summary_large_image","twitter_misc":{"Est. reading time":"1 minute"},"schema":{"@context":"https:\/\/schema.org","@graph":[{"@type":"WebPage","@id":"https:\/\/librairie7l.com\/en\/produit\/atelier-national-de-recherche-typographique-anrt-archives-1985-2006\/","url":"https:\/\/librairie7l.com\/en\/produit\/atelier-national-de-recherche-typographique-anrt-archives-1985-2006\/","name":"ATELIER NATIONAL DE RECHERCHE TYPOGRAPHIQUE ANRT ; ARCHIVES 1985-2006 - Librairie 7L","isPartOf":{"@id":"https:\/\/librairie7l.com\/en\/#website"},"datePublished":"2023-05-10T12:34:13+00:00","dateModified":"2026-04-24T04:36:36+00:00","breadcrumb":{"@id":"https:\/\/librairie7l.com\/en\/produit\/atelier-national-de-recherche-typographique-anrt-archives-1985-2006\/#breadcrumb"},"inLanguage":"en-US","potentialAction":[{"@type":"ReadAction","target":["https:\/\/librairie7l.com\/en\/produit\/atelier-national-de-recherche-typographique-anrt-archives-1985-2006\/"]}]},{"@type":"BreadcrumbList","@id":"https:\/\/librairie7l.com\/en\/produit\/atelier-national-de-recherche-typographique-anrt-archives-1985-2006\/#breadcrumb","itemListElement":[{"@type":"ListItem","position":1,"name":"Accueil","item":"https:\/\/librairie7l.com\/en\/"},{"@type":"ListItem","position":2,"name":"Shop","item":"https:\/\/librairie7l.com\/en\/shop\/"},{"@type":"ListItem","position":3,"name":"ATELIER NATIONAL DE RECHERCHE TYPOGRAPHIQUE ANRT ; ARCHIVES 1985-2006"}]},{"@type":"WebSite","@id":"https:\/\/librairie7l.com\/en\/#website","url":"https:\/\/librairie7l.com\/en\/","name":"Librairie 7L","description":"Librairie fond\u00e9e en 1999 par Karl Lagerfeld \u00e0 Paris","publisher":{"@id":"https:\/\/librairie7l.com\/en\/#organization"},"potentialAction":[{"@type":"SearchAction","target":{"@type":"EntryPoint","urlTemplate":"https:\/\/librairie7l.com\/en\/?s={search_term_string}"},"query-input":"required name=search_term_string"}],"inLanguage":"en-US"},{"@type":"Organization","@id":"https:\/\/librairie7l.com\/en\/#organization","name":"Librairie 7L","url":"https:\/\/librairie7l.com\/en\/","logo":{"@type":"ImageObject","inLanguage":"en-US","@id":"https:\/\/librairie7l.com\/en\/#\/schema\/logo\/image\/","url":"https:\/\/librairie7l.com\/wp-content\/uploads\/2022\/08\/logo-1.png","contentUrl":"https:\/\/librairie7l.com\/wp-content\/uploads\/2022\/08\/logo-1.png","width":227,"height":301,"caption":"Librairie 7L"},"image":{"@id":"https:\/\/librairie7l.com\/en\/#\/schema\/logo\/image\/"}}]}},"_links":{"self":[{"href":"https:\/\/librairie7l.com\/en\/wp-json\/wp\/v2\/product\/30455"}],"collection":[{"href":"https:\/\/librairie7l.com\/en\/wp-json\/wp\/v2\/product"}],"about":[{"href":"https:\/\/librairie7l.com\/en\/wp-json\/wp\/v2\/types\/product"}],"wp:featuredmedia":[{"embeddable":true,"href":"https:\/\/librairie7l.com\/en\/wp-json\/wp\/v2\/media\/30453"}],"wp:attachment":[{"href":"https:\/\/librairie7l.com\/en\/wp-json\/wp\/v2\/media?parent=30455"}],"wp:term":[{"taxonomy":"product_cat","embeddable":true,"href":"https:\/\/librairie7l.com\/en\/wp-json\/wp\/v2\/product_cat?post=30455"},{"taxonomy":"product_tag","embeddable":true,"href":"https:\/\/librairie7l.com\/en\/wp-json\/wp\/v2\/product_tag?post=30455"}],"curies":[{"name":"wp","href":"https:\/\/api.w.org\/{rel}","templated":true}]}}