{"id":30459,"date":"2023-05-10T14:34:20","date_gmt":"2023-05-10T12:34:20","guid":{"rendered":"https:\/\/librairie7l.com\/?post_type=product&#038;p=30459"},"modified":"2026-04-21T13:16:30","modified_gmt":"2026-04-21T11:16:30","slug":"magazine-aperture-243-new-delhi-looking-out-looking-in","status":"publish","type":"product","link":"https:\/\/librairie7l.com\/en\/produit\/magazine-aperture-243-new-delhi-looking-out-looking-in\/","title":{"rendered":"MAGAZINE APERTURE 243 NEW DELHI: LOOKING OUT\/LOOKING IN"},"content":{"rendered":"<p>Le magazine Aperture pr\u00e9sente un num\u00e9ro sp\u00e9cial ax\u00e9 sur la relation entre la photographie, lurbanisme et les trajectoires militantes \u00e0 lint\u00e9rieur et \u00e0 lext\u00e9rieur de DelhiInvit\u00e9 sous la direction de Rahaab Allana, la conservatrice principale de la Fondation Alkazi, le num\u00e9ro explore de multiples incarnations de la culture photographique de la ville, des oeuvres exp\u00e9rimentales dO. P. Sharma des ann\u00e9es 1960 aux tableaux intimes dAditi Jain de la communaut\u00e9 trans de Delhi aujourdhui. Des entretiens avec l\u00e9crivain v\u00e9n\u00e9r\u00e9 Arundhati Roy et avec le photojournaliste le plus connu du Bangladesh, Shahidul Alam, \u00e9clairent les sites de protestation dans la ville et dans toute lAsie du Sud. Skye Arundhati Thomas revisite les portraits f\u00e9ministes mis en sc\u00e8ne de Sheba Chhachhi dans les ann\u00e9es 80 et 90. Mettant en vedette un \u00e9chantillon de cr\u00e9ateurs dimages et de penseurs dynamiques, tels que Jyoti Dhar, Sunil Gupta, Ishan Tankha et Anshika Varma, et les voix \u00e9mergentes Uzma Mohsin et Prathna Singh, le num\u00e9ro est une m\u00e9ditation distinctive sur le r\u00e9gionalisme, la politique et lidentit\u00e9, \u00e0 travers des points de vue photographiques archivistiques et contemporains.<\/p>\n","protected":false},"excerpt":{"rendered":"<p>Le magazine Aperture pr\u00e9sente un num\u00e9ro sp\u00e9cial ax\u00e9 sur la relation entre la photographie, lurbanisme et les trajectoires militantes \u00e0 lint\u00e9rieur et \u00e0 lext\u00e9rieur de DelhiInvit\u00e9 sous la direction de Rahaab Allana, la conservatrice principale de la Fondation Alkazi, le num\u00e9ro explore de multiples incarnations de la culture photographique de la ville, des oeuvres exp\u00e9rimentales [&hellip;]<\/p>\n","protected":false},"featured_media":30457,"template":"","meta":[],"product_cat":[55,2948,2958,17],"product_tag":[],"acf":[],"yoast_head":"<!-- This site is optimized with the Yoast SEO plugin v20.11 - https:\/\/yoast.com\/wordpress\/plugins\/seo\/ -->\n<title>MAGAZINE APERTURE 243 NEW DELHI: LOOKING OUT\/LOOKING IN - Librairie 7L<\/title>\n<meta name=\"robots\" content=\"index, follow, max-snippet:-1, max-image-preview:large, max-video-preview:-1\" \/>\n<link rel=\"canonical\" href=\"https:\/\/librairie7l.com\/en\/produit\/magazine-aperture-243-new-delhi-looking-out-looking-in\/\" \/>\n<meta property=\"og:locale\" content=\"en_US\" \/>\n<meta property=\"og:type\" content=\"article\" \/>\n<meta property=\"og:title\" content=\"MAGAZINE APERTURE 243 NEW DELHI: LOOKING OUT\/LOOKING IN - Librairie 7L\" \/>\n<meta property=\"og:description\" content=\"Le magazine Aperture pr\u00e9sente un num\u00e9ro sp\u00e9cial ax\u00e9 sur la relation entre la photographie, lurbanisme et les trajectoires militantes \u00e0 lint\u00e9rieur et \u00e0 lext\u00e9rieur de DelhiInvit\u00e9 sous la direction de Rahaab Allana, la conservatrice principale de la Fondation Alkazi, le num\u00e9ro explore de multiples incarnations de la culture photographique de la ville, des oeuvres exp\u00e9rimentales [&hellip;]\" \/>\n<meta property=\"og:url\" content=\"https:\/\/librairie7l.com\/en\/produit\/magazine-aperture-243-new-delhi-looking-out-looking-in\/\" \/>\n<meta property=\"og:site_name\" content=\"Librairie 7L\" \/>\n<meta property=\"article:modified_time\" content=\"2026-04-21T11:16:30+00:00\" \/>\n<meta property=\"og:image\" content=\"https:\/\/librairie7l.com\/wp-content\/uploads\/2021\/01\/9781597115049_1_75.jpg\" \/>\n\t<meta property=\"og:image:width\" content=\"385\" \/>\n\t<meta property=\"og:image:height\" content=\"500\" \/>\n\t<meta property=\"og:image:type\" content=\"image\/jpeg\" \/>\n<meta name=\"twitter:card\" content=\"summary_large_image\" \/>\n<meta name=\"twitter:label1\" content=\"Est. reading time\" \/>\n\t<meta name=\"twitter:data1\" content=\"1 minute\" \/>\n<script type=\"application\/ld+json\" class=\"yoast-schema-graph\">{\"@context\":\"https:\/\/schema.org\",\"@graph\":[{\"@type\":\"WebPage\",\"@id\":\"https:\/\/librairie7l.com\/en\/produit\/magazine-aperture-243-new-delhi-looking-out-looking-in\/\",\"url\":\"https:\/\/librairie7l.com\/en\/produit\/magazine-aperture-243-new-delhi-looking-out-looking-in\/\",\"name\":\"MAGAZINE APERTURE 243 NEW DELHI: LOOKING OUT\/LOOKING IN - Librairie 7L\",\"isPartOf\":{\"@id\":\"https:\/\/librairie7l.com\/en\/#website\"},\"datePublished\":\"2023-05-10T12:34:20+00:00\",\"dateModified\":\"2026-04-21T11:16:30+00:00\",\"breadcrumb\":{\"@id\":\"https:\/\/librairie7l.com\/en\/produit\/magazine-aperture-243-new-delhi-looking-out-looking-in\/#breadcrumb\"},\"inLanguage\":\"en-US\",\"potentialAction\":[{\"@type\":\"ReadAction\",\"target\":[\"https:\/\/librairie7l.com\/en\/produit\/magazine-aperture-243-new-delhi-looking-out-looking-in\/\"]}]},{\"@type\":\"BreadcrumbList\",\"@id\":\"https:\/\/librairie7l.com\/en\/produit\/magazine-aperture-243-new-delhi-looking-out-looking-in\/#breadcrumb\",\"itemListElement\":[{\"@type\":\"ListItem\",\"position\":1,\"name\":\"Accueil\",\"item\":\"https:\/\/librairie7l.com\/en\/\"},{\"@type\":\"ListItem\",\"position\":2,\"name\":\"Shop\",\"item\":\"https:\/\/librairie7l.com\/en\/shop\/\"},{\"@type\":\"ListItem\",\"position\":3,\"name\":\"MAGAZINE APERTURE 243 NEW DELHI: LOOKING OUT\/LOOKING IN\"}]},{\"@type\":\"WebSite\",\"@id\":\"https:\/\/librairie7l.com\/en\/#website\",\"url\":\"https:\/\/librairie7l.com\/en\/\",\"name\":\"Librairie 7L\",\"description\":\"Librairie fond\u00e9e en 1999 par Karl Lagerfeld \u00e0 Paris\",\"publisher\":{\"@id\":\"https:\/\/librairie7l.com\/en\/#organization\"},\"potentialAction\":[{\"@type\":\"SearchAction\",\"target\":{\"@type\":\"EntryPoint\",\"urlTemplate\":\"https:\/\/librairie7l.com\/en\/?s={search_term_string}\"},\"query-input\":\"required name=search_term_string\"}],\"inLanguage\":\"en-US\"},{\"@type\":\"Organization\",\"@id\":\"https:\/\/librairie7l.com\/en\/#organization\",\"name\":\"Librairie 7L\",\"url\":\"https:\/\/librairie7l.com\/en\/\",\"logo\":{\"@type\":\"ImageObject\",\"inLanguage\":\"en-US\",\"@id\":\"https:\/\/librairie7l.com\/en\/#\/schema\/logo\/image\/\",\"url\":\"https:\/\/librairie7l.com\/wp-content\/uploads\/2022\/08\/logo-1.png\",\"contentUrl\":\"https:\/\/librairie7l.com\/wp-content\/uploads\/2022\/08\/logo-1.png\",\"width\":227,\"height\":301,\"caption\":\"Librairie 7L\"},\"image\":{\"@id\":\"https:\/\/librairie7l.com\/en\/#\/schema\/logo\/image\/\"}}]}<\/script>\n<!-- \/ Yoast SEO plugin. -->","yoast_head_json":{"title":"MAGAZINE APERTURE 243 NEW DELHI: LOOKING OUT\/LOOKING IN - Librairie 7L","robots":{"index":"index","follow":"follow","max-snippet":"max-snippet:-1","max-image-preview":"max-image-preview:large","max-video-preview":"max-video-preview:-1"},"canonical":"https:\/\/librairie7l.com\/en\/produit\/magazine-aperture-243-new-delhi-looking-out-looking-in\/","og_locale":"en_US","og_type":"article","og_title":"MAGAZINE APERTURE 243 NEW DELHI: LOOKING OUT\/LOOKING IN - Librairie 7L","og_description":"Le magazine Aperture pr\u00e9sente un num\u00e9ro sp\u00e9cial ax\u00e9 sur la relation entre la photographie, lurbanisme et les trajectoires militantes \u00e0 lint\u00e9rieur et \u00e0 lext\u00e9rieur de DelhiInvit\u00e9 sous la direction de Rahaab Allana, la conservatrice principale de la Fondation Alkazi, le num\u00e9ro explore de multiples incarnations de la culture photographique de la ville, des oeuvres exp\u00e9rimentales [&hellip;]","og_url":"https:\/\/librairie7l.com\/en\/produit\/magazine-aperture-243-new-delhi-looking-out-looking-in\/","og_site_name":"Librairie 7L","article_modified_time":"2026-04-21T11:16:30+00:00","og_image":[{"width":385,"height":500,"url":"https:\/\/librairie7l.com\/wp-content\/uploads\/2021\/01\/9781597115049_1_75.jpg","type":"image\/jpeg"}],"twitter_card":"summary_large_image","twitter_misc":{"Est. reading time":"1 minute"},"schema":{"@context":"https:\/\/schema.org","@graph":[{"@type":"WebPage","@id":"https:\/\/librairie7l.com\/en\/produit\/magazine-aperture-243-new-delhi-looking-out-looking-in\/","url":"https:\/\/librairie7l.com\/en\/produit\/magazine-aperture-243-new-delhi-looking-out-looking-in\/","name":"MAGAZINE APERTURE 243 NEW DELHI: LOOKING OUT\/LOOKING IN - Librairie 7L","isPartOf":{"@id":"https:\/\/librairie7l.com\/en\/#website"},"datePublished":"2023-05-10T12:34:20+00:00","dateModified":"2026-04-21T11:16:30+00:00","breadcrumb":{"@id":"https:\/\/librairie7l.com\/en\/produit\/magazine-aperture-243-new-delhi-looking-out-looking-in\/#breadcrumb"},"inLanguage":"en-US","potentialAction":[{"@type":"ReadAction","target":["https:\/\/librairie7l.com\/en\/produit\/magazine-aperture-243-new-delhi-looking-out-looking-in\/"]}]},{"@type":"BreadcrumbList","@id":"https:\/\/librairie7l.com\/en\/produit\/magazine-aperture-243-new-delhi-looking-out-looking-in\/#breadcrumb","itemListElement":[{"@type":"ListItem","position":1,"name":"Accueil","item":"https:\/\/librairie7l.com\/en\/"},{"@type":"ListItem","position":2,"name":"Shop","item":"https:\/\/librairie7l.com\/en\/shop\/"},{"@type":"ListItem","position":3,"name":"MAGAZINE APERTURE 243 NEW DELHI: LOOKING OUT\/LOOKING IN"}]},{"@type":"WebSite","@id":"https:\/\/librairie7l.com\/en\/#website","url":"https:\/\/librairie7l.com\/en\/","name":"Librairie 7L","description":"Librairie fond\u00e9e en 1999 par Karl Lagerfeld \u00e0 Paris","publisher":{"@id":"https:\/\/librairie7l.com\/en\/#organization"},"potentialAction":[{"@type":"SearchAction","target":{"@type":"EntryPoint","urlTemplate":"https:\/\/librairie7l.com\/en\/?s={search_term_string}"},"query-input":"required name=search_term_string"}],"inLanguage":"en-US"},{"@type":"Organization","@id":"https:\/\/librairie7l.com\/en\/#organization","name":"Librairie 7L","url":"https:\/\/librairie7l.com\/en\/","logo":{"@type":"ImageObject","inLanguage":"en-US","@id":"https:\/\/librairie7l.com\/en\/#\/schema\/logo\/image\/","url":"https:\/\/librairie7l.com\/wp-content\/uploads\/2022\/08\/logo-1.png","contentUrl":"https:\/\/librairie7l.com\/wp-content\/uploads\/2022\/08\/logo-1.png","width":227,"height":301,"caption":"Librairie 7L"},"image":{"@id":"https:\/\/librairie7l.com\/en\/#\/schema\/logo\/image\/"}}]}},"_links":{"self":[{"href":"https:\/\/librairie7l.com\/en\/wp-json\/wp\/v2\/product\/30459"}],"collection":[{"href":"https:\/\/librairie7l.com\/en\/wp-json\/wp\/v2\/product"}],"about":[{"href":"https:\/\/librairie7l.com\/en\/wp-json\/wp\/v2\/types\/product"}],"wp:featuredmedia":[{"embeddable":true,"href":"https:\/\/librairie7l.com\/en\/wp-json\/wp\/v2\/media\/30457"}],"wp:attachment":[{"href":"https:\/\/librairie7l.com\/en\/wp-json\/wp\/v2\/media?parent=30459"}],"wp:term":[{"taxonomy":"product_cat","embeddable":true,"href":"https:\/\/librairie7l.com\/en\/wp-json\/wp\/v2\/product_cat?post=30459"},{"taxonomy":"product_tag","embeddable":true,"href":"https:\/\/librairie7l.com\/en\/wp-json\/wp\/v2\/product_tag?post=30459"}],"curies":[{"name":"wp","href":"https:\/\/api.w.org\/{rel}","templated":true}]}}