{"id":30539,"date":"2023-05-10T14:35:52","date_gmt":"2023-05-10T12:35:52","guid":{"rendered":"https:\/\/librairie7l.com\/?post_type=product&#038;p=30539"},"modified":"2026-04-06T01:06:15","modified_gmt":"2026-04-05T23:06:15","slug":"general-idea-ecce-homo","status":"publish","type":"product","link":"https:\/\/librairie7l.com\/en\/produit\/general-idea-ecce-homo\/","title":{"rendered":"GENERAL IDEA : ECCE HOMO"},"content":{"rendered":"<p>En se concentrant sur un aspect sp\u00e9cifique et moins connu de la pratique multiple de General Idea, le collectif canadien fond\u00e9 \u00e0 Toronto en 1969 par Felix Partz, Jorge Zontal &#8211; tous deux d\u00e9c\u00e9d\u00e9s en 1994 &#8211; et AA Bronson, ce volume met en lumi\u00e8re leur pratique du dessin. Il offre un aper\u00e7u g\u00e9n\u00e9reux de 125 dessins soigneusement s\u00e9lectionn\u00e9s, r\u00e9alis\u00e9s entre 1985 et 1993 &#8211; p\u00e9riode pendant laquelle le collectif a s\u00e9journ\u00e9 \u00e0 New York &#8211; qui t\u00e9moignent de la diversit\u00e9 et de l&#8217;innovation de leur approche singuli\u00e8re du dessin et de l&#8217;art. La conception de la publication s&#8217;inspire du l\u00e9gendaire album Ecce Homo de George Grosz (1922-1923) car, selon AA Bronson, \u00ab l&#8217;antis\u00e9mitisme du r\u00e9cit de Grosz se refl\u00e8te dans l&#8217;homophobie du n\u00f4tre \u00bb.<br \/>\nExplorant les motifs des oeuvres multim\u00e9dias du groupe tels que les caniches, les talons aiguilles, les masques, l&#8217;h\u00e9raldique et les organes g\u00e9nitaux m\u00e9tamorphos\u00e9s, ces dessins ont \u00e9t\u00e9 principalement r\u00e9alis\u00e9s par Jorge Zontal lors des r\u00e9unions du groupe. Cependant, \u00e9tant donn\u00e9 l&#8217;approche de General Idea des notions de collectif et de co-auteurit\u00e9, ainsi que les circonstances dans lesquelles ils ont \u00e9t\u00e9 ex\u00e9cut\u00e9s, les dessins sont consid\u00e9r\u00e9s comme des collaborations. Bien qu&#8217;ils soient r\u00e9alis\u00e9s enti\u00e8rement \u00e0 la main, la r\u00e9p\u00e9tition de motifs sp\u00e9cifiques suit une logique virale qui s&#8217;apparente au penchant de General Idea pour la reproduction de masse. Comme l&#8217;\u00e9crit Claire Gilman dans son introduction : \u00ab Les dessins sont, d&#8217;une part, d&#8217;une richesse vertigineuse &#8211; c&#8217;est particuli\u00e8rement vrai des derniers dessins o\u00f9 les cafards naissent et se multiplient au milieu de points et d&#8217;\u00e9claboussures de couleur &#8211; et, d&#8217;autre part, d&#8217;une vacuit\u00e9 obs\u00e9dante, consistant en de simples taches ou des contours \u00e0 peine visibles, m\u00eame au sein d&#8217;une seule s\u00e9rie. Pour \u00e9viter que l&#8217;on ne s&#8217;attache trop \u00e0 un rendu particulier, un autre suit, faisant mentir le pr\u00e9c\u00e9dent. Dans leur mutabilit\u00e9 et leur flux continu, ils sont une manifestation intime de la nature th\u00e9\u00e2trale de l&#8217;existence, d\u00e9montrant l&#8217;insuffisance de la repr\u00e9sentation tout en reconnaissant son urgence. \u00bb \u00c9dit\u00e9 et introduit par Lionel Bovier et Claire Gilman, co-commissaires de l&#8217;exposition Ecce Homo. The Drawings of General Idea, 1985-1993 organis\u00e9e en 2022-2023 au MAMCO, Gen\u00e8ve et au Drawing Center, New York, l&#8217;ouvrage comprend \u00e9galement une conversation avec AA Bronson et un index des dessins.<\/p>\n","protected":false},"excerpt":{"rendered":"<p>En se concentrant sur un aspect sp\u00e9cifique et moins connu de la pratique multiple de General Idea, le collectif canadien fond\u00e9 \u00e0 Toronto en 1969 par Felix Partz, Jorge Zontal &#8211; tous deux d\u00e9c\u00e9d\u00e9s en 1994 &#8211; et AA Bronson, ce volume met en lumi\u00e8re leur pratique du dessin. Il offre un aper\u00e7u g\u00e9n\u00e9reux de [&hellip;]<\/p>\n","protected":false},"featured_media":30537,"template":"","meta":[],"product_cat":[55,2948,47,2953],"product_tag":[],"acf":[],"yoast_head":"<!-- This site is optimized with the Yoast SEO plugin v20.11 - https:\/\/yoast.com\/wordpress\/plugins\/seo\/ -->\n<title>GENERAL IDEA : ECCE HOMO - Librairie 7L<\/title>\n<meta name=\"robots\" content=\"index, follow, max-snippet:-1, max-image-preview:large, max-video-preview:-1\" \/>\n<link rel=\"canonical\" href=\"https:\/\/librairie7l.com\/en\/produit\/general-idea-ecce-homo\/\" \/>\n<meta property=\"og:locale\" content=\"en_US\" \/>\n<meta property=\"og:type\" content=\"article\" \/>\n<meta property=\"og:title\" content=\"GENERAL IDEA : ECCE HOMO - Librairie 7L\" \/>\n<meta property=\"og:description\" content=\"En se concentrant sur un aspect sp\u00e9cifique et moins connu de la pratique multiple de General Idea, le collectif canadien fond\u00e9 \u00e0 Toronto en 1969 par Felix Partz, Jorge Zontal &#8211; tous deux d\u00e9c\u00e9d\u00e9s en 1994 &#8211; et AA Bronson, ce volume met en lumi\u00e8re leur pratique du dessin. Il offre un aper\u00e7u g\u00e9n\u00e9reux de [&hellip;]\" \/>\n<meta property=\"og:url\" content=\"https:\/\/librairie7l.com\/en\/produit\/general-idea-ecce-homo\/\" \/>\n<meta property=\"og:site_name\" content=\"Librairie 7L\" \/>\n<meta property=\"article:modified_time\" content=\"2026-04-05T23:06:15+00:00\" \/>\n<meta property=\"og:image\" content=\"https:\/\/librairie7l.com\/wp-content\/uploads\/2022\/11\/9783037645949_1_75.jpg\" \/>\n\t<meta property=\"og:image:width\" content=\"600\" \/>\n\t<meta property=\"og:image:height\" content=\"798\" \/>\n\t<meta property=\"og:image:type\" content=\"image\/jpeg\" \/>\n<meta name=\"twitter:card\" content=\"summary_large_image\" \/>\n<meta name=\"twitter:label1\" content=\"Est. reading time\" \/>\n\t<meta name=\"twitter:data1\" content=\"2 minutes\" \/>\n<script type=\"application\/ld+json\" class=\"yoast-schema-graph\">{\"@context\":\"https:\/\/schema.org\",\"@graph\":[{\"@type\":\"WebPage\",\"@id\":\"https:\/\/librairie7l.com\/en\/produit\/general-idea-ecce-homo\/\",\"url\":\"https:\/\/librairie7l.com\/en\/produit\/general-idea-ecce-homo\/\",\"name\":\"GENERAL IDEA : ECCE HOMO - Librairie 7L\",\"isPartOf\":{\"@id\":\"https:\/\/librairie7l.com\/en\/#website\"},\"datePublished\":\"2023-05-10T12:35:52+00:00\",\"dateModified\":\"2026-04-05T23:06:15+00:00\",\"breadcrumb\":{\"@id\":\"https:\/\/librairie7l.com\/en\/produit\/general-idea-ecce-homo\/#breadcrumb\"},\"inLanguage\":\"en-US\",\"potentialAction\":[{\"@type\":\"ReadAction\",\"target\":[\"https:\/\/librairie7l.com\/en\/produit\/general-idea-ecce-homo\/\"]}]},{\"@type\":\"BreadcrumbList\",\"@id\":\"https:\/\/librairie7l.com\/en\/produit\/general-idea-ecce-homo\/#breadcrumb\",\"itemListElement\":[{\"@type\":\"ListItem\",\"position\":1,\"name\":\"Accueil\",\"item\":\"https:\/\/librairie7l.com\/en\/\"},{\"@type\":\"ListItem\",\"position\":2,\"name\":\"Shop\",\"item\":\"https:\/\/librairie7l.com\/en\/shop\/\"},{\"@type\":\"ListItem\",\"position\":3,\"name\":\"GENERAL IDEA : ECCE HOMO\"}]},{\"@type\":\"WebSite\",\"@id\":\"https:\/\/librairie7l.com\/en\/#website\",\"url\":\"https:\/\/librairie7l.com\/en\/\",\"name\":\"Librairie 7L\",\"description\":\"Librairie fond\u00e9e en 1999 par Karl Lagerfeld \u00e0 Paris\",\"publisher\":{\"@id\":\"https:\/\/librairie7l.com\/en\/#organization\"},\"potentialAction\":[{\"@type\":\"SearchAction\",\"target\":{\"@type\":\"EntryPoint\",\"urlTemplate\":\"https:\/\/librairie7l.com\/en\/?s={search_term_string}\"},\"query-input\":\"required name=search_term_string\"}],\"inLanguage\":\"en-US\"},{\"@type\":\"Organization\",\"@id\":\"https:\/\/librairie7l.com\/en\/#organization\",\"name\":\"Librairie 7L\",\"url\":\"https:\/\/librairie7l.com\/en\/\",\"logo\":{\"@type\":\"ImageObject\",\"inLanguage\":\"en-US\",\"@id\":\"https:\/\/librairie7l.com\/en\/#\/schema\/logo\/image\/\",\"url\":\"https:\/\/librairie7l.com\/wp-content\/uploads\/2022\/08\/logo-1.png\",\"contentUrl\":\"https:\/\/librairie7l.com\/wp-content\/uploads\/2022\/08\/logo-1.png\",\"width\":227,\"height\":301,\"caption\":\"Librairie 7L\"},\"image\":{\"@id\":\"https:\/\/librairie7l.com\/en\/#\/schema\/logo\/image\/\"}}]}<\/script>\n<!-- \/ Yoast SEO plugin. -->","yoast_head_json":{"title":"GENERAL IDEA : ECCE HOMO - Librairie 7L","robots":{"index":"index","follow":"follow","max-snippet":"max-snippet:-1","max-image-preview":"max-image-preview:large","max-video-preview":"max-video-preview:-1"},"canonical":"https:\/\/librairie7l.com\/en\/produit\/general-idea-ecce-homo\/","og_locale":"en_US","og_type":"article","og_title":"GENERAL IDEA : ECCE HOMO - Librairie 7L","og_description":"En se concentrant sur un aspect sp\u00e9cifique et moins connu de la pratique multiple de General Idea, le collectif canadien fond\u00e9 \u00e0 Toronto en 1969 par Felix Partz, Jorge Zontal &#8211; tous deux d\u00e9c\u00e9d\u00e9s en 1994 &#8211; et AA Bronson, ce volume met en lumi\u00e8re leur pratique du dessin. Il offre un aper\u00e7u g\u00e9n\u00e9reux de [&hellip;]","og_url":"https:\/\/librairie7l.com\/en\/produit\/general-idea-ecce-homo\/","og_site_name":"Librairie 7L","article_modified_time":"2026-04-05T23:06:15+00:00","og_image":[{"width":600,"height":798,"url":"https:\/\/librairie7l.com\/wp-content\/uploads\/2022\/11\/9783037645949_1_75.jpg","type":"image\/jpeg"}],"twitter_card":"summary_large_image","twitter_misc":{"Est. reading time":"2 minutes"},"schema":{"@context":"https:\/\/schema.org","@graph":[{"@type":"WebPage","@id":"https:\/\/librairie7l.com\/en\/produit\/general-idea-ecce-homo\/","url":"https:\/\/librairie7l.com\/en\/produit\/general-idea-ecce-homo\/","name":"GENERAL IDEA : ECCE HOMO - Librairie 7L","isPartOf":{"@id":"https:\/\/librairie7l.com\/en\/#website"},"datePublished":"2023-05-10T12:35:52+00:00","dateModified":"2026-04-05T23:06:15+00:00","breadcrumb":{"@id":"https:\/\/librairie7l.com\/en\/produit\/general-idea-ecce-homo\/#breadcrumb"},"inLanguage":"en-US","potentialAction":[{"@type":"ReadAction","target":["https:\/\/librairie7l.com\/en\/produit\/general-idea-ecce-homo\/"]}]},{"@type":"BreadcrumbList","@id":"https:\/\/librairie7l.com\/en\/produit\/general-idea-ecce-homo\/#breadcrumb","itemListElement":[{"@type":"ListItem","position":1,"name":"Accueil","item":"https:\/\/librairie7l.com\/en\/"},{"@type":"ListItem","position":2,"name":"Shop","item":"https:\/\/librairie7l.com\/en\/shop\/"},{"@type":"ListItem","position":3,"name":"GENERAL IDEA : ECCE HOMO"}]},{"@type":"WebSite","@id":"https:\/\/librairie7l.com\/en\/#website","url":"https:\/\/librairie7l.com\/en\/","name":"Librairie 7L","description":"Librairie fond\u00e9e en 1999 par Karl Lagerfeld \u00e0 Paris","publisher":{"@id":"https:\/\/librairie7l.com\/en\/#organization"},"potentialAction":[{"@type":"SearchAction","target":{"@type":"EntryPoint","urlTemplate":"https:\/\/librairie7l.com\/en\/?s={search_term_string}"},"query-input":"required name=search_term_string"}],"inLanguage":"en-US"},{"@type":"Organization","@id":"https:\/\/librairie7l.com\/en\/#organization","name":"Librairie 7L","url":"https:\/\/librairie7l.com\/en\/","logo":{"@type":"ImageObject","inLanguage":"en-US","@id":"https:\/\/librairie7l.com\/en\/#\/schema\/logo\/image\/","url":"https:\/\/librairie7l.com\/wp-content\/uploads\/2022\/08\/logo-1.png","contentUrl":"https:\/\/librairie7l.com\/wp-content\/uploads\/2022\/08\/logo-1.png","width":227,"height":301,"caption":"Librairie 7L"},"image":{"@id":"https:\/\/librairie7l.com\/en\/#\/schema\/logo\/image\/"}}]}},"_links":{"self":[{"href":"https:\/\/librairie7l.com\/en\/wp-json\/wp\/v2\/product\/30539"}],"collection":[{"href":"https:\/\/librairie7l.com\/en\/wp-json\/wp\/v2\/product"}],"about":[{"href":"https:\/\/librairie7l.com\/en\/wp-json\/wp\/v2\/types\/product"}],"wp:featuredmedia":[{"embeddable":true,"href":"https:\/\/librairie7l.com\/en\/wp-json\/wp\/v2\/media\/30537"}],"wp:attachment":[{"href":"https:\/\/librairie7l.com\/en\/wp-json\/wp\/v2\/media?parent=30539"}],"wp:term":[{"taxonomy":"product_cat","embeddable":true,"href":"https:\/\/librairie7l.com\/en\/wp-json\/wp\/v2\/product_cat?post=30539"},{"taxonomy":"product_tag","embeddable":true,"href":"https:\/\/librairie7l.com\/en\/wp-json\/wp\/v2\/product_tag?post=30539"}],"curies":[{"name":"wp","href":"https:\/\/api.w.org\/{rel}","templated":true}]}}