{"id":30547,"date":"2023-05-10T14:36:02","date_gmt":"2023-05-10T12:36:02","guid":{"rendered":"https:\/\/librairie7l.com\/?post_type=product&#038;p=30547"},"modified":"2026-04-26T03:05:50","modified_gmt":"2026-04-26T01:05:50","slug":"piece-detachee-4-le-couvre-chef-octobre-2021","status":"publish","type":"product","link":"https:\/\/librairie7l.com\/en\/produit\/piece-detachee-4-le-couvre-chef-octobre-2021\/","title":{"rendered":"PIECE DETACHEE #4 LE COUVRE-CHEF &#8211; OCTOBRE 2021"},"content":{"rendered":"<p>Pi\u00e8ce d\u00e9tach\u00e9e est une revue culturelle consacr\u00e9e \u00e0 la mode et au v\u00eatement. Monoth\u00e9matique, elle met \u00e0 l&#8217;honneur une pi\u00e8ce par num\u00e9ro. Transdisciplinaire, elle analyse notre rapport au v\u00eatement au moyen de la sociologie, de l&#8217;histoire de l&#8217;art et de la mode ou encore de la litt\u00e9rature et de la culture pop. Articles, entretiens, reportages mais aussi nouvelles et arts graphiques s&#8217;y c\u00f4toient.<\/p>\n<p> Home is where you hang your hat Pi\u00e8ce d\u00e9tach\u00e9e s&#8217;attaque au plus noble des accessoires avec un quatri\u00e8me num\u00e9ro consacr\u00e9 au couvre-chef qui vous fera&#8230; marcher sur la t\u00eate avec Elsa Schiaparelli, confectionner votre pork pie hat avec Lester Young, enqu\u00eater sur le deerstalker avec Sherlock Holmes, d\u00e9filer au c\u00f4t\u00e9 des catherinettes, poudrer votre perruque ou encore tirer votre chapeau.<\/p>\n<p> Casquette, bonnet, fedora, tricorne ou ch\u00e9chia, de l&#8217;Europe \u00e0 l&#8217;Asie en passant par l&#8217;Afrique, devenez incollable sur cette pi\u00e8ce qui nous coiffe depuis des si\u00e8cles !<\/p>\n","protected":false},"excerpt":{"rendered":"<p>Pi\u00e8ce d\u00e9tach\u00e9e est une revue culturelle consacr\u00e9e \u00e0 la mode et au v\u00eatement. Monoth\u00e9matique, elle met \u00e0 l&#8217;honneur une pi\u00e8ce par num\u00e9ro. Transdisciplinaire, elle analyse notre rapport au v\u00eatement au moyen de la sociologie, de l&#8217;histoire de l&#8217;art et de la mode ou encore de la litt\u00e9rature et de la culture pop. Articles, entretiens, reportages [&hellip;]<\/p>\n","protected":false},"featured_media":30545,"template":"","meta":[],"product_cat":[55,2948,2957,19],"product_tag":[],"acf":[],"yoast_head":"<!-- This site is optimized with the Yoast SEO plugin v20.11 - https:\/\/yoast.com\/wordpress\/plugins\/seo\/ -->\n<title>PIECE DETACHEE #4 LE COUVRE-CHEF - OCTOBRE 2021 - Librairie 7L<\/title>\n<meta name=\"robots\" content=\"index, follow, max-snippet:-1, max-image-preview:large, max-video-preview:-1\" \/>\n<link rel=\"canonical\" href=\"https:\/\/librairie7l.com\/en\/produit\/piece-detachee-4-le-couvre-chef-octobre-2021\/\" \/>\n<meta property=\"og:locale\" content=\"en_US\" \/>\n<meta property=\"og:type\" content=\"article\" \/>\n<meta property=\"og:title\" content=\"PIECE DETACHEE #4 LE COUVRE-CHEF - OCTOBRE 2021 - Librairie 7L\" \/>\n<meta property=\"og:description\" content=\"Pi\u00e8ce d\u00e9tach\u00e9e est une revue culturelle consacr\u00e9e \u00e0 la mode et au v\u00eatement. Monoth\u00e9matique, elle met \u00e0 l&#8217;honneur une pi\u00e8ce par num\u00e9ro. Transdisciplinaire, elle analyse notre rapport au v\u00eatement au moyen de la sociologie, de l&#8217;histoire de l&#8217;art et de la mode ou encore de la litt\u00e9rature et de la culture pop. Articles, entretiens, reportages [&hellip;]\" \/>\n<meta property=\"og:url\" content=\"https:\/\/librairie7l.com\/en\/produit\/piece-detachee-4-le-couvre-chef-octobre-2021\/\" \/>\n<meta property=\"og:site_name\" content=\"Librairie 7L\" \/>\n<meta property=\"article:modified_time\" content=\"2026-04-26T01:05:50+00:00\" \/>\n<meta property=\"og:image\" content=\"https:\/\/librairie7l.com\/wp-content\/uploads\/2021\/08\/9782956455837_1_75.jpg\" \/>\n\t<meta property=\"og:image:width\" content=\"581\" \/>\n\t<meta property=\"og:image:height\" content=\"737\" \/>\n\t<meta property=\"og:image:type\" content=\"image\/jpeg\" \/>\n<meta name=\"twitter:card\" content=\"summary_large_image\" \/>\n<meta name=\"twitter:label1\" content=\"Est. reading time\" \/>\n\t<meta name=\"twitter:data1\" content=\"1 minute\" \/>\n<script type=\"application\/ld+json\" class=\"yoast-schema-graph\">{\"@context\":\"https:\/\/schema.org\",\"@graph\":[{\"@type\":\"WebPage\",\"@id\":\"https:\/\/librairie7l.com\/en\/produit\/piece-detachee-4-le-couvre-chef-octobre-2021\/\",\"url\":\"https:\/\/librairie7l.com\/en\/produit\/piece-detachee-4-le-couvre-chef-octobre-2021\/\",\"name\":\"PIECE DETACHEE #4 LE COUVRE-CHEF - OCTOBRE 2021 - Librairie 7L\",\"isPartOf\":{\"@id\":\"https:\/\/librairie7l.com\/en\/#website\"},\"datePublished\":\"2023-05-10T12:36:02+00:00\",\"dateModified\":\"2026-04-26T01:05:50+00:00\",\"breadcrumb\":{\"@id\":\"https:\/\/librairie7l.com\/en\/produit\/piece-detachee-4-le-couvre-chef-octobre-2021\/#breadcrumb\"},\"inLanguage\":\"en-US\",\"potentialAction\":[{\"@type\":\"ReadAction\",\"target\":[\"https:\/\/librairie7l.com\/en\/produit\/piece-detachee-4-le-couvre-chef-octobre-2021\/\"]}]},{\"@type\":\"BreadcrumbList\",\"@id\":\"https:\/\/librairie7l.com\/en\/produit\/piece-detachee-4-le-couvre-chef-octobre-2021\/#breadcrumb\",\"itemListElement\":[{\"@type\":\"ListItem\",\"position\":1,\"name\":\"Accueil\",\"item\":\"https:\/\/librairie7l.com\/en\/\"},{\"@type\":\"ListItem\",\"position\":2,\"name\":\"Shop\",\"item\":\"https:\/\/librairie7l.com\/en\/shop\/\"},{\"@type\":\"ListItem\",\"position\":3,\"name\":\"PIECE DETACHEE #4 LE COUVRE-CHEF &#8211; OCTOBRE 2021\"}]},{\"@type\":\"WebSite\",\"@id\":\"https:\/\/librairie7l.com\/en\/#website\",\"url\":\"https:\/\/librairie7l.com\/en\/\",\"name\":\"Librairie 7L\",\"description\":\"Librairie fond\u00e9e en 1999 par Karl Lagerfeld \u00e0 Paris\",\"publisher\":{\"@id\":\"https:\/\/librairie7l.com\/en\/#organization\"},\"potentialAction\":[{\"@type\":\"SearchAction\",\"target\":{\"@type\":\"EntryPoint\",\"urlTemplate\":\"https:\/\/librairie7l.com\/en\/?s={search_term_string}\"},\"query-input\":\"required name=search_term_string\"}],\"inLanguage\":\"en-US\"},{\"@type\":\"Organization\",\"@id\":\"https:\/\/librairie7l.com\/en\/#organization\",\"name\":\"Librairie 7L\",\"url\":\"https:\/\/librairie7l.com\/en\/\",\"logo\":{\"@type\":\"ImageObject\",\"inLanguage\":\"en-US\",\"@id\":\"https:\/\/librairie7l.com\/en\/#\/schema\/logo\/image\/\",\"url\":\"https:\/\/librairie7l.com\/wp-content\/uploads\/2022\/08\/logo-1.png\",\"contentUrl\":\"https:\/\/librairie7l.com\/wp-content\/uploads\/2022\/08\/logo-1.png\",\"width\":227,\"height\":301,\"caption\":\"Librairie 7L\"},\"image\":{\"@id\":\"https:\/\/librairie7l.com\/en\/#\/schema\/logo\/image\/\"}}]}<\/script>\n<!-- \/ Yoast SEO plugin. -->","yoast_head_json":{"title":"PIECE DETACHEE #4 LE COUVRE-CHEF - OCTOBRE 2021 - Librairie 7L","robots":{"index":"index","follow":"follow","max-snippet":"max-snippet:-1","max-image-preview":"max-image-preview:large","max-video-preview":"max-video-preview:-1"},"canonical":"https:\/\/librairie7l.com\/en\/produit\/piece-detachee-4-le-couvre-chef-octobre-2021\/","og_locale":"en_US","og_type":"article","og_title":"PIECE DETACHEE #4 LE COUVRE-CHEF - OCTOBRE 2021 - Librairie 7L","og_description":"Pi\u00e8ce d\u00e9tach\u00e9e est une revue culturelle consacr\u00e9e \u00e0 la mode et au v\u00eatement. Monoth\u00e9matique, elle met \u00e0 l&#8217;honneur une pi\u00e8ce par num\u00e9ro. Transdisciplinaire, elle analyse notre rapport au v\u00eatement au moyen de la sociologie, de l&#8217;histoire de l&#8217;art et de la mode ou encore de la litt\u00e9rature et de la culture pop. Articles, entretiens, reportages [&hellip;]","og_url":"https:\/\/librairie7l.com\/en\/produit\/piece-detachee-4-le-couvre-chef-octobre-2021\/","og_site_name":"Librairie 7L","article_modified_time":"2026-04-26T01:05:50+00:00","og_image":[{"width":581,"height":737,"url":"https:\/\/librairie7l.com\/wp-content\/uploads\/2021\/08\/9782956455837_1_75.jpg","type":"image\/jpeg"}],"twitter_card":"summary_large_image","twitter_misc":{"Est. reading time":"1 minute"},"schema":{"@context":"https:\/\/schema.org","@graph":[{"@type":"WebPage","@id":"https:\/\/librairie7l.com\/en\/produit\/piece-detachee-4-le-couvre-chef-octobre-2021\/","url":"https:\/\/librairie7l.com\/en\/produit\/piece-detachee-4-le-couvre-chef-octobre-2021\/","name":"PIECE DETACHEE #4 LE COUVRE-CHEF - OCTOBRE 2021 - Librairie 7L","isPartOf":{"@id":"https:\/\/librairie7l.com\/en\/#website"},"datePublished":"2023-05-10T12:36:02+00:00","dateModified":"2026-04-26T01:05:50+00:00","breadcrumb":{"@id":"https:\/\/librairie7l.com\/en\/produit\/piece-detachee-4-le-couvre-chef-octobre-2021\/#breadcrumb"},"inLanguage":"en-US","potentialAction":[{"@type":"ReadAction","target":["https:\/\/librairie7l.com\/en\/produit\/piece-detachee-4-le-couvre-chef-octobre-2021\/"]}]},{"@type":"BreadcrumbList","@id":"https:\/\/librairie7l.com\/en\/produit\/piece-detachee-4-le-couvre-chef-octobre-2021\/#breadcrumb","itemListElement":[{"@type":"ListItem","position":1,"name":"Accueil","item":"https:\/\/librairie7l.com\/en\/"},{"@type":"ListItem","position":2,"name":"Shop","item":"https:\/\/librairie7l.com\/en\/shop\/"},{"@type":"ListItem","position":3,"name":"PIECE DETACHEE #4 LE COUVRE-CHEF &#8211; OCTOBRE 2021"}]},{"@type":"WebSite","@id":"https:\/\/librairie7l.com\/en\/#website","url":"https:\/\/librairie7l.com\/en\/","name":"Librairie 7L","description":"Librairie fond\u00e9e en 1999 par Karl Lagerfeld \u00e0 Paris","publisher":{"@id":"https:\/\/librairie7l.com\/en\/#organization"},"potentialAction":[{"@type":"SearchAction","target":{"@type":"EntryPoint","urlTemplate":"https:\/\/librairie7l.com\/en\/?s={search_term_string}"},"query-input":"required name=search_term_string"}],"inLanguage":"en-US"},{"@type":"Organization","@id":"https:\/\/librairie7l.com\/en\/#organization","name":"Librairie 7L","url":"https:\/\/librairie7l.com\/en\/","logo":{"@type":"ImageObject","inLanguage":"en-US","@id":"https:\/\/librairie7l.com\/en\/#\/schema\/logo\/image\/","url":"https:\/\/librairie7l.com\/wp-content\/uploads\/2022\/08\/logo-1.png","contentUrl":"https:\/\/librairie7l.com\/wp-content\/uploads\/2022\/08\/logo-1.png","width":227,"height":301,"caption":"Librairie 7L"},"image":{"@id":"https:\/\/librairie7l.com\/en\/#\/schema\/logo\/image\/"}}]}},"_links":{"self":[{"href":"https:\/\/librairie7l.com\/en\/wp-json\/wp\/v2\/product\/30547"}],"collection":[{"href":"https:\/\/librairie7l.com\/en\/wp-json\/wp\/v2\/product"}],"about":[{"href":"https:\/\/librairie7l.com\/en\/wp-json\/wp\/v2\/types\/product"}],"wp:featuredmedia":[{"embeddable":true,"href":"https:\/\/librairie7l.com\/en\/wp-json\/wp\/v2\/media\/30545"}],"wp:attachment":[{"href":"https:\/\/librairie7l.com\/en\/wp-json\/wp\/v2\/media?parent=30547"}],"wp:term":[{"taxonomy":"product_cat","embeddable":true,"href":"https:\/\/librairie7l.com\/en\/wp-json\/wp\/v2\/product_cat?post=30547"},{"taxonomy":"product_tag","embeddable":true,"href":"https:\/\/librairie7l.com\/en\/wp-json\/wp\/v2\/product_tag?post=30547"}],"curies":[{"name":"wp","href":"https:\/\/api.w.org\/{rel}","templated":true}]}}