{"id":30571,"date":"2023-05-10T14:36:36","date_gmt":"2023-05-10T12:36:36","guid":{"rendered":"https:\/\/librairie7l.com\/?post_type=product&#038;p=30571"},"modified":"2026-05-06T13:48:28","modified_gmt":"2026-05-06T11:48:28","slug":"au-bout-du-jardin","status":"publish","type":"product","link":"https:\/\/librairie7l.com\/en\/produit\/au-bout-du-jardin\/","title":{"rendered":"AU BOUT DU JARDIN"},"content":{"rendered":"<p>Livre d&#8217;art rassemblant une s\u00e9rie de dessins (crayons de couleurs et acrylique) r\u00e9alis\u00e9s par Madeleine DeMille. \u00ab Ce que peint Madeleine DeMille, ce sont des paysages de pl\u00e9nitude, de calme et de volupt\u00e9. La lumi\u00e8re de ses pigments est douce et sereine. Et pourtant on voit sous la trame l&#8217;ouragan qui menace&#8230; \u00bb<\/p>\n","protected":false},"excerpt":{"rendered":"<p>Livre d&#8217;art rassemblant une s\u00e9rie de dessins (crayons de couleurs et acrylique) r\u00e9alis\u00e9s par Madeleine DeMille. \u00ab Ce que peint Madeleine DeMille, ce sont des paysages de pl\u00e9nitude, de calme et de volupt\u00e9. La lumi\u00e8re de ses pigments est douce et sereine. Et pourtant on voit sous la trame l&#8217;ouragan qui menace&#8230; \u00bb<\/p>\n","protected":false},"featured_media":30569,"template":"","meta":[],"product_cat":[55,2948,2956,23],"product_tag":[],"acf":[],"yoast_head":"<!-- This site is optimized with the Yoast SEO plugin v20.11 - https:\/\/yoast.com\/wordpress\/plugins\/seo\/ -->\n<title>AU BOUT DU JARDIN - Librairie 7L<\/title>\n<meta name=\"robots\" content=\"index, follow, max-snippet:-1, max-image-preview:large, max-video-preview:-1\" \/>\n<link rel=\"canonical\" href=\"https:\/\/librairie7l.com\/en\/produit\/au-bout-du-jardin\/\" \/>\n<meta property=\"og:locale\" content=\"en_US\" \/>\n<meta property=\"og:type\" content=\"article\" \/>\n<meta property=\"og:title\" content=\"AU BOUT DU JARDIN - Librairie 7L\" \/>\n<meta property=\"og:description\" content=\"Livre d&#8217;art rassemblant une s\u00e9rie de dessins (crayons de couleurs et acrylique) r\u00e9alis\u00e9s par Madeleine DeMille. \u00ab Ce que peint Madeleine DeMille, ce sont des paysages de pl\u00e9nitude, de calme et de volupt\u00e9. La lumi\u00e8re de ses pigments est douce et sereine. Et pourtant on voit sous la trame l&#8217;ouragan qui menace&#8230; \u00bb\" \/>\n<meta property=\"og:url\" content=\"https:\/\/librairie7l.com\/en\/produit\/au-bout-du-jardin\/\" \/>\n<meta property=\"og:site_name\" content=\"Librairie 7L\" \/>\n<meta property=\"article:modified_time\" content=\"2026-05-06T11:48:28+00:00\" \/>\n<meta property=\"og:image\" content=\"https:\/\/librairie7l.com\/wp-content\/uploads\/2021\/11\/9782902233212_1_75.jpg\" \/>\n\t<meta property=\"og:image:width\" content=\"590\" \/>\n\t<meta property=\"og:image:height\" content=\"600\" \/>\n\t<meta property=\"og:image:type\" content=\"image\/jpeg\" \/>\n<meta name=\"twitter:card\" content=\"summary_large_image\" \/>\n<script type=\"application\/ld+json\" class=\"yoast-schema-graph\">{\"@context\":\"https:\/\/schema.org\",\"@graph\":[{\"@type\":\"WebPage\",\"@id\":\"https:\/\/librairie7l.com\/en\/produit\/au-bout-du-jardin\/\",\"url\":\"https:\/\/librairie7l.com\/en\/produit\/au-bout-du-jardin\/\",\"name\":\"AU BOUT DU JARDIN - Librairie 7L\",\"isPartOf\":{\"@id\":\"https:\/\/librairie7l.com\/en\/#website\"},\"datePublished\":\"2023-05-10T12:36:36+00:00\",\"dateModified\":\"2026-05-06T11:48:28+00:00\",\"breadcrumb\":{\"@id\":\"https:\/\/librairie7l.com\/en\/produit\/au-bout-du-jardin\/#breadcrumb\"},\"inLanguage\":\"en-US\",\"potentialAction\":[{\"@type\":\"ReadAction\",\"target\":[\"https:\/\/librairie7l.com\/en\/produit\/au-bout-du-jardin\/\"]}]},{\"@type\":\"BreadcrumbList\",\"@id\":\"https:\/\/librairie7l.com\/en\/produit\/au-bout-du-jardin\/#breadcrumb\",\"itemListElement\":[{\"@type\":\"ListItem\",\"position\":1,\"name\":\"Accueil\",\"item\":\"https:\/\/librairie7l.com\/en\/\"},{\"@type\":\"ListItem\",\"position\":2,\"name\":\"Shop\",\"item\":\"https:\/\/librairie7l.com\/en\/shop\/\"},{\"@type\":\"ListItem\",\"position\":3,\"name\":\"AU BOUT DU JARDIN\"}]},{\"@type\":\"WebSite\",\"@id\":\"https:\/\/librairie7l.com\/en\/#website\",\"url\":\"https:\/\/librairie7l.com\/en\/\",\"name\":\"Librairie 7L\",\"description\":\"Librairie fond\u00e9e en 1999 par Karl Lagerfeld \u00e0 Paris\",\"publisher\":{\"@id\":\"https:\/\/librairie7l.com\/en\/#organization\"},\"potentialAction\":[{\"@type\":\"SearchAction\",\"target\":{\"@type\":\"EntryPoint\",\"urlTemplate\":\"https:\/\/librairie7l.com\/en\/?s={search_term_string}\"},\"query-input\":\"required name=search_term_string\"}],\"inLanguage\":\"en-US\"},{\"@type\":\"Organization\",\"@id\":\"https:\/\/librairie7l.com\/en\/#organization\",\"name\":\"Librairie 7L\",\"url\":\"https:\/\/librairie7l.com\/en\/\",\"logo\":{\"@type\":\"ImageObject\",\"inLanguage\":\"en-US\",\"@id\":\"https:\/\/librairie7l.com\/en\/#\/schema\/logo\/image\/\",\"url\":\"https:\/\/librairie7l.com\/wp-content\/uploads\/2022\/08\/logo-1.png\",\"contentUrl\":\"https:\/\/librairie7l.com\/wp-content\/uploads\/2022\/08\/logo-1.png\",\"width\":227,\"height\":301,\"caption\":\"Librairie 7L\"},\"image\":{\"@id\":\"https:\/\/librairie7l.com\/en\/#\/schema\/logo\/image\/\"}}]}<\/script>\n<!-- \/ Yoast SEO plugin. -->","yoast_head_json":{"title":"AU BOUT DU JARDIN - Librairie 7L","robots":{"index":"index","follow":"follow","max-snippet":"max-snippet:-1","max-image-preview":"max-image-preview:large","max-video-preview":"max-video-preview:-1"},"canonical":"https:\/\/librairie7l.com\/en\/produit\/au-bout-du-jardin\/","og_locale":"en_US","og_type":"article","og_title":"AU BOUT DU JARDIN - Librairie 7L","og_description":"Livre d&#8217;art rassemblant une s\u00e9rie de dessins (crayons de couleurs et acrylique) r\u00e9alis\u00e9s par Madeleine DeMille. \u00ab Ce que peint Madeleine DeMille, ce sont des paysages de pl\u00e9nitude, de calme et de volupt\u00e9. La lumi\u00e8re de ses pigments est douce et sereine. Et pourtant on voit sous la trame l&#8217;ouragan qui menace&#8230; \u00bb","og_url":"https:\/\/librairie7l.com\/en\/produit\/au-bout-du-jardin\/","og_site_name":"Librairie 7L","article_modified_time":"2026-05-06T11:48:28+00:00","og_image":[{"width":590,"height":600,"url":"https:\/\/librairie7l.com\/wp-content\/uploads\/2021\/11\/9782902233212_1_75.jpg","type":"image\/jpeg"}],"twitter_card":"summary_large_image","schema":{"@context":"https:\/\/schema.org","@graph":[{"@type":"WebPage","@id":"https:\/\/librairie7l.com\/en\/produit\/au-bout-du-jardin\/","url":"https:\/\/librairie7l.com\/en\/produit\/au-bout-du-jardin\/","name":"AU BOUT DU JARDIN - Librairie 7L","isPartOf":{"@id":"https:\/\/librairie7l.com\/en\/#website"},"datePublished":"2023-05-10T12:36:36+00:00","dateModified":"2026-05-06T11:48:28+00:00","breadcrumb":{"@id":"https:\/\/librairie7l.com\/en\/produit\/au-bout-du-jardin\/#breadcrumb"},"inLanguage":"en-US","potentialAction":[{"@type":"ReadAction","target":["https:\/\/librairie7l.com\/en\/produit\/au-bout-du-jardin\/"]}]},{"@type":"BreadcrumbList","@id":"https:\/\/librairie7l.com\/en\/produit\/au-bout-du-jardin\/#breadcrumb","itemListElement":[{"@type":"ListItem","position":1,"name":"Accueil","item":"https:\/\/librairie7l.com\/en\/"},{"@type":"ListItem","position":2,"name":"Shop","item":"https:\/\/librairie7l.com\/en\/shop\/"},{"@type":"ListItem","position":3,"name":"AU BOUT DU JARDIN"}]},{"@type":"WebSite","@id":"https:\/\/librairie7l.com\/en\/#website","url":"https:\/\/librairie7l.com\/en\/","name":"Librairie 7L","description":"Librairie fond\u00e9e en 1999 par Karl Lagerfeld \u00e0 Paris","publisher":{"@id":"https:\/\/librairie7l.com\/en\/#organization"},"potentialAction":[{"@type":"SearchAction","target":{"@type":"EntryPoint","urlTemplate":"https:\/\/librairie7l.com\/en\/?s={search_term_string}"},"query-input":"required name=search_term_string"}],"inLanguage":"en-US"},{"@type":"Organization","@id":"https:\/\/librairie7l.com\/en\/#organization","name":"Librairie 7L","url":"https:\/\/librairie7l.com\/en\/","logo":{"@type":"ImageObject","inLanguage":"en-US","@id":"https:\/\/librairie7l.com\/en\/#\/schema\/logo\/image\/","url":"https:\/\/librairie7l.com\/wp-content\/uploads\/2022\/08\/logo-1.png","contentUrl":"https:\/\/librairie7l.com\/wp-content\/uploads\/2022\/08\/logo-1.png","width":227,"height":301,"caption":"Librairie 7L"},"image":{"@id":"https:\/\/librairie7l.com\/en\/#\/schema\/logo\/image\/"}}]}},"_links":{"self":[{"href":"https:\/\/librairie7l.com\/en\/wp-json\/wp\/v2\/product\/30571"}],"collection":[{"href":"https:\/\/librairie7l.com\/en\/wp-json\/wp\/v2\/product"}],"about":[{"href":"https:\/\/librairie7l.com\/en\/wp-json\/wp\/v2\/types\/product"}],"wp:featuredmedia":[{"embeddable":true,"href":"https:\/\/librairie7l.com\/en\/wp-json\/wp\/v2\/media\/30569"}],"wp:attachment":[{"href":"https:\/\/librairie7l.com\/en\/wp-json\/wp\/v2\/media?parent=30571"}],"wp:term":[{"taxonomy":"product_cat","embeddable":true,"href":"https:\/\/librairie7l.com\/en\/wp-json\/wp\/v2\/product_cat?post=30571"},{"taxonomy":"product_tag","embeddable":true,"href":"https:\/\/librairie7l.com\/en\/wp-json\/wp\/v2\/product_tag?post=30571"}],"curies":[{"name":"wp","href":"https:\/\/api.w.org\/{rel}","templated":true}]}}