{"id":30677,"date":"2023-05-10T14:38:41","date_gmt":"2023-05-10T12:38:41","guid":{"rendered":"https:\/\/librairie7l.com\/?post_type=product&#038;p=30677"},"modified":"2026-04-04T16:09:19","modified_gmt":"2026-04-04T14:09:19","slug":"fastes-de-cour-et-ceremonies-royales-le-costume-de-cour-en-europe-1650-1800","status":"publish","type":"product","link":"https:\/\/librairie7l.com\/en\/produit\/fastes-de-cour-et-ceremonies-royales-le-costume-de-cour-en-europe-1650-1800\/","title":{"rendered":"FASTES DE COUR ET C\u00c9R\u00c9MONIES ROYALES ; LE COSTUME DE COUR EN EUROPE (1650-1800)"},"content":{"rendered":"<p>Il ne subsiste en France que tr\u00e8s peu de v\u00eatements de cour. Mais d&#8217;autres pays d&#8217;Europe, en particulier la Su\u00e8de, le Danemark et l&#8217;Allemagne, ont conserv\u00e9 de somptueux ensembles des XVIIe et XVIIIe si\u00e8cles. Ces \u00ab habits \u00bb magnifiques nous permettent aujourd&#8217;hui d&#8217;imaginer ce que fut la splendeur du costume de cour fran\u00e7ais, consid\u00e9r\u00e9 alors comme un mod\u00e8le dans toutes les cours europ\u00e9ennes. C\u00e9r\u00e9monies du sacre et du couronnement, mariages, f\u00eates royales voient les souverains arborer des costumes d&#8217;un luxe \u00e9blouissant, symbolisant leur pouvoir tout autant que leur gloire. Mais la cour est aussi r\u00e9gie, au quotidien, par les rigueurs de l&#8217;\u00e9tiquette et les codes subtils qui gouvernent la forme et l&#8217;usage des costumes, ceux des serviteurs comme ceux des ma\u00eetres. L&#8217;exposition pr\u00e9sent\u00e9e au ch\u00e2teau de Versailles, lieu vou\u00e9 par excellence \u00e0 accueillir cet \u00e9v\u00e9nement, r\u00e9unit des fonds prestigieux montr\u00e9s pour la premi\u00e8re fois en France, ainsi qu&#8217;un important ensemble de peintures et de gravures. Richesse des \u00e9toffes, raffinement des broderies, luxe des joyaux reprennent tout leur \u00e9clat en regard des portraits de ceux qui les port\u00e8rent.<\/p>\n","protected":false},"excerpt":{"rendered":"<p>Il ne subsiste en France que tr\u00e8s peu de v\u00eatements de cour. Mais d&#8217;autres pays d&#8217;Europe, en particulier la Su\u00e8de, le Danemark et l&#8217;Allemagne, ont conserv\u00e9 de somptueux ensembles des XVIIe et XVIIIe si\u00e8cles. Ces \u00ab habits \u00bb magnifiques nous permettent aujourd&#8217;hui d&#8217;imaginer ce que fut la splendeur du costume de cour fran\u00e7ais, consid\u00e9r\u00e9 alors [&hellip;]<\/p>\n","protected":false},"featured_media":30675,"template":"","meta":[],"product_cat":[55,2948,2957,19],"product_tag":[],"acf":[],"yoast_head":"<!-- This site is optimized with the Yoast SEO plugin v20.11 - https:\/\/yoast.com\/wordpress\/plugins\/seo\/ -->\n<title>FASTES DE COUR ET C\u00c9R\u00c9MONIES ROYALES ; LE COSTUME DE COUR EN EUROPE (1650-1800) - Librairie 7L<\/title>\n<meta name=\"robots\" content=\"index, follow, max-snippet:-1, max-image-preview:large, max-video-preview:-1\" \/>\n<link rel=\"canonical\" href=\"https:\/\/librairie7l.com\/en\/produit\/fastes-de-cour-et-ceremonies-royales-le-costume-de-cour-en-europe-1650-1800\/\" \/>\n<meta property=\"og:locale\" content=\"en_US\" \/>\n<meta property=\"og:type\" content=\"article\" \/>\n<meta property=\"og:title\" content=\"FASTES DE COUR ET C\u00c9R\u00c9MONIES ROYALES ; LE COSTUME DE COUR EN EUROPE (1650-1800) - Librairie 7L\" \/>\n<meta property=\"og:description\" content=\"Il ne subsiste en France que tr\u00e8s peu de v\u00eatements de cour. Mais d&#8217;autres pays d&#8217;Europe, en particulier la Su\u00e8de, le Danemark et l&#8217;Allemagne, ont conserv\u00e9 de somptueux ensembles des XVIIe et XVIIIe si\u00e8cles. Ces \u00ab habits \u00bb magnifiques nous permettent aujourd&#8217;hui d&#8217;imaginer ce que fut la splendeur du costume de cour fran\u00e7ais, consid\u00e9r\u00e9 alors [&hellip;]\" \/>\n<meta property=\"og:url\" content=\"https:\/\/librairie7l.com\/en\/produit\/fastes-de-cour-et-ceremonies-royales-le-costume-de-cour-en-europe-1650-1800\/\" \/>\n<meta property=\"og:site_name\" content=\"Librairie 7L\" \/>\n<meta property=\"article:modified_time\" content=\"2026-04-04T14:09:19+00:00\" \/>\n<meta property=\"og:image\" content=\"https:\/\/librairie7l.com\/wp-content\/uploads\/2008\/12\/9782711855995_1_75.jpg\" \/>\n\t<meta property=\"og:image:width\" content=\"399\" \/>\n\t<meta property=\"og:image:height\" content=\"513\" \/>\n\t<meta property=\"og:image:type\" content=\"image\/jpeg\" \/>\n<meta name=\"twitter:card\" content=\"summary_large_image\" \/>\n<meta name=\"twitter:label1\" content=\"Est. reading time\" \/>\n\t<meta name=\"twitter:data1\" content=\"1 minute\" \/>\n<script type=\"application\/ld+json\" class=\"yoast-schema-graph\">{\"@context\":\"https:\/\/schema.org\",\"@graph\":[{\"@type\":\"WebPage\",\"@id\":\"https:\/\/librairie7l.com\/en\/produit\/fastes-de-cour-et-ceremonies-royales-le-costume-de-cour-en-europe-1650-1800\/\",\"url\":\"https:\/\/librairie7l.com\/en\/produit\/fastes-de-cour-et-ceremonies-royales-le-costume-de-cour-en-europe-1650-1800\/\",\"name\":\"FASTES DE COUR ET C\u00c9R\u00c9MONIES ROYALES ; LE COSTUME DE COUR EN EUROPE (1650-1800) - Librairie 7L\",\"isPartOf\":{\"@id\":\"https:\/\/librairie7l.com\/en\/#website\"},\"datePublished\":\"2023-05-10T12:38:41+00:00\",\"dateModified\":\"2026-04-04T14:09:19+00:00\",\"breadcrumb\":{\"@id\":\"https:\/\/librairie7l.com\/en\/produit\/fastes-de-cour-et-ceremonies-royales-le-costume-de-cour-en-europe-1650-1800\/#breadcrumb\"},\"inLanguage\":\"en-US\",\"potentialAction\":[{\"@type\":\"ReadAction\",\"target\":[\"https:\/\/librairie7l.com\/en\/produit\/fastes-de-cour-et-ceremonies-royales-le-costume-de-cour-en-europe-1650-1800\/\"]}]},{\"@type\":\"BreadcrumbList\",\"@id\":\"https:\/\/librairie7l.com\/en\/produit\/fastes-de-cour-et-ceremonies-royales-le-costume-de-cour-en-europe-1650-1800\/#breadcrumb\",\"itemListElement\":[{\"@type\":\"ListItem\",\"position\":1,\"name\":\"Accueil\",\"item\":\"https:\/\/librairie7l.com\/en\/\"},{\"@type\":\"ListItem\",\"position\":2,\"name\":\"Shop\",\"item\":\"https:\/\/librairie7l.com\/en\/shop\/\"},{\"@type\":\"ListItem\",\"position\":3,\"name\":\"FASTES DE COUR ET C\u00c9R\u00c9MONIES ROYALES ; LE COSTUME DE COUR EN EUROPE (1650-1800)\"}]},{\"@type\":\"WebSite\",\"@id\":\"https:\/\/librairie7l.com\/en\/#website\",\"url\":\"https:\/\/librairie7l.com\/en\/\",\"name\":\"Librairie 7L\",\"description\":\"Librairie fond\u00e9e en 1999 par Karl Lagerfeld \u00e0 Paris\",\"publisher\":{\"@id\":\"https:\/\/librairie7l.com\/en\/#organization\"},\"potentialAction\":[{\"@type\":\"SearchAction\",\"target\":{\"@type\":\"EntryPoint\",\"urlTemplate\":\"https:\/\/librairie7l.com\/en\/?s={search_term_string}\"},\"query-input\":\"required name=search_term_string\"}],\"inLanguage\":\"en-US\"},{\"@type\":\"Organization\",\"@id\":\"https:\/\/librairie7l.com\/en\/#organization\",\"name\":\"Librairie 7L\",\"url\":\"https:\/\/librairie7l.com\/en\/\",\"logo\":{\"@type\":\"ImageObject\",\"inLanguage\":\"en-US\",\"@id\":\"https:\/\/librairie7l.com\/en\/#\/schema\/logo\/image\/\",\"url\":\"https:\/\/librairie7l.com\/wp-content\/uploads\/2022\/08\/logo-1.png\",\"contentUrl\":\"https:\/\/librairie7l.com\/wp-content\/uploads\/2022\/08\/logo-1.png\",\"width\":227,\"height\":301,\"caption\":\"Librairie 7L\"},\"image\":{\"@id\":\"https:\/\/librairie7l.com\/en\/#\/schema\/logo\/image\/\"}}]}<\/script>\n<!-- \/ Yoast SEO plugin. -->","yoast_head_json":{"title":"FASTES DE COUR ET C\u00c9R\u00c9MONIES ROYALES ; LE COSTUME DE COUR EN EUROPE (1650-1800) - Librairie 7L","robots":{"index":"index","follow":"follow","max-snippet":"max-snippet:-1","max-image-preview":"max-image-preview:large","max-video-preview":"max-video-preview:-1"},"canonical":"https:\/\/librairie7l.com\/en\/produit\/fastes-de-cour-et-ceremonies-royales-le-costume-de-cour-en-europe-1650-1800\/","og_locale":"en_US","og_type":"article","og_title":"FASTES DE COUR ET C\u00c9R\u00c9MONIES ROYALES ; LE COSTUME DE COUR EN EUROPE (1650-1800) - Librairie 7L","og_description":"Il ne subsiste en France que tr\u00e8s peu de v\u00eatements de cour. Mais d&#8217;autres pays d&#8217;Europe, en particulier la Su\u00e8de, le Danemark et l&#8217;Allemagne, ont conserv\u00e9 de somptueux ensembles des XVIIe et XVIIIe si\u00e8cles. Ces \u00ab habits \u00bb magnifiques nous permettent aujourd&#8217;hui d&#8217;imaginer ce que fut la splendeur du costume de cour fran\u00e7ais, consid\u00e9r\u00e9 alors [&hellip;]","og_url":"https:\/\/librairie7l.com\/en\/produit\/fastes-de-cour-et-ceremonies-royales-le-costume-de-cour-en-europe-1650-1800\/","og_site_name":"Librairie 7L","article_modified_time":"2026-04-04T14:09:19+00:00","og_image":[{"width":399,"height":513,"url":"https:\/\/librairie7l.com\/wp-content\/uploads\/2008\/12\/9782711855995_1_75.jpg","type":"image\/jpeg"}],"twitter_card":"summary_large_image","twitter_misc":{"Est. reading time":"1 minute"},"schema":{"@context":"https:\/\/schema.org","@graph":[{"@type":"WebPage","@id":"https:\/\/librairie7l.com\/en\/produit\/fastes-de-cour-et-ceremonies-royales-le-costume-de-cour-en-europe-1650-1800\/","url":"https:\/\/librairie7l.com\/en\/produit\/fastes-de-cour-et-ceremonies-royales-le-costume-de-cour-en-europe-1650-1800\/","name":"FASTES DE COUR ET C\u00c9R\u00c9MONIES ROYALES ; LE COSTUME DE COUR EN EUROPE (1650-1800) - Librairie 7L","isPartOf":{"@id":"https:\/\/librairie7l.com\/en\/#website"},"datePublished":"2023-05-10T12:38:41+00:00","dateModified":"2026-04-04T14:09:19+00:00","breadcrumb":{"@id":"https:\/\/librairie7l.com\/en\/produit\/fastes-de-cour-et-ceremonies-royales-le-costume-de-cour-en-europe-1650-1800\/#breadcrumb"},"inLanguage":"en-US","potentialAction":[{"@type":"ReadAction","target":["https:\/\/librairie7l.com\/en\/produit\/fastes-de-cour-et-ceremonies-royales-le-costume-de-cour-en-europe-1650-1800\/"]}]},{"@type":"BreadcrumbList","@id":"https:\/\/librairie7l.com\/en\/produit\/fastes-de-cour-et-ceremonies-royales-le-costume-de-cour-en-europe-1650-1800\/#breadcrumb","itemListElement":[{"@type":"ListItem","position":1,"name":"Accueil","item":"https:\/\/librairie7l.com\/en\/"},{"@type":"ListItem","position":2,"name":"Shop","item":"https:\/\/librairie7l.com\/en\/shop\/"},{"@type":"ListItem","position":3,"name":"FASTES DE COUR ET C\u00c9R\u00c9MONIES ROYALES ; LE COSTUME DE COUR EN EUROPE (1650-1800)"}]},{"@type":"WebSite","@id":"https:\/\/librairie7l.com\/en\/#website","url":"https:\/\/librairie7l.com\/en\/","name":"Librairie 7L","description":"Librairie fond\u00e9e en 1999 par Karl Lagerfeld \u00e0 Paris","publisher":{"@id":"https:\/\/librairie7l.com\/en\/#organization"},"potentialAction":[{"@type":"SearchAction","target":{"@type":"EntryPoint","urlTemplate":"https:\/\/librairie7l.com\/en\/?s={search_term_string}"},"query-input":"required name=search_term_string"}],"inLanguage":"en-US"},{"@type":"Organization","@id":"https:\/\/librairie7l.com\/en\/#organization","name":"Librairie 7L","url":"https:\/\/librairie7l.com\/en\/","logo":{"@type":"ImageObject","inLanguage":"en-US","@id":"https:\/\/librairie7l.com\/en\/#\/schema\/logo\/image\/","url":"https:\/\/librairie7l.com\/wp-content\/uploads\/2022\/08\/logo-1.png","contentUrl":"https:\/\/librairie7l.com\/wp-content\/uploads\/2022\/08\/logo-1.png","width":227,"height":301,"caption":"Librairie 7L"},"image":{"@id":"https:\/\/librairie7l.com\/en\/#\/schema\/logo\/image\/"}}]}},"_links":{"self":[{"href":"https:\/\/librairie7l.com\/en\/wp-json\/wp\/v2\/product\/30677"}],"collection":[{"href":"https:\/\/librairie7l.com\/en\/wp-json\/wp\/v2\/product"}],"about":[{"href":"https:\/\/librairie7l.com\/en\/wp-json\/wp\/v2\/types\/product"}],"wp:featuredmedia":[{"embeddable":true,"href":"https:\/\/librairie7l.com\/en\/wp-json\/wp\/v2\/media\/30675"}],"wp:attachment":[{"href":"https:\/\/librairie7l.com\/en\/wp-json\/wp\/v2\/media?parent=30677"}],"wp:term":[{"taxonomy":"product_cat","embeddable":true,"href":"https:\/\/librairie7l.com\/en\/wp-json\/wp\/v2\/product_cat?post=30677"},{"taxonomy":"product_tag","embeddable":true,"href":"https:\/\/librairie7l.com\/en\/wp-json\/wp\/v2\/product_tag?post=30677"}],"curies":[{"name":"wp","href":"https:\/\/api.w.org\/{rel}","templated":true}]}}