{"id":30687,"date":"2023-05-10T14:38:55","date_gmt":"2023-05-10T12:38:55","guid":{"rendered":"https:\/\/librairie7l.com\/?post_type=product&#038;p=30687"},"modified":"2026-05-06T14:50:47","modified_gmt":"2026-05-06T12:50:47","slug":"le-papier-2000-ans-dhistoire-et-de-savoir-faire","status":"publish","type":"product","link":"https:\/\/librairie7l.com\/en\/produit\/le-papier-2000-ans-dhistoire-et-de-savoir-faire\/","title":{"rendered":"LE PAPIER 2000 ANS D&#8217;HISTOIRE ET DE SAVOIR-FAIRE"},"content":{"rendered":"<p>L&#8217;ouvrage est une Histoire mondiale du papier.<br \/>\nExcept\u00e9 peut-\u00eatre le charmant Dard Hunter et son Papermaking de 1943 &#8211; encore s&#8217;arr\u00eatait-il avant l&#8217;\u00e2ge industriel -, personne n&#8217;avait tent\u00e9 avec autant de d\u00e9termination de mettre en perspective deux mille ans de fabrication de ce mat\u00e9riau essentiel et quotidien. La longue marche que la fabrication du papier entreprend en Chine, avant le d\u00e9but de notre \u00e8re, la conduira dans le monde arabe par la Route de la soie, puis en Occident, o\u00f9 elle ne sera pas accept\u00e9e ais\u00e9ment.<br \/>\nTandis que plusieurs pays perp\u00e9tuent aujourd&#8217;hui le savoir ancestral de la confection \u00e0 la main, deux cents ans d&#8217;inventions et de perfectionnements techniques hissent l&#8217;industrie papeti\u00e8re au rang de deuxi\u00e8me sph\u00e8re \u00e9conomique du monde avec des cons\u00e9quences sociales et \u00e9cologiques, en proportion avec ce gigantisme, rarement \u00e9voqu\u00e9es. Une des originalit\u00e9s de ce travail est de les r\u00e9v\u00e9ler, en m\u00eame temps que les perspectives nouvelles qu&#8217;elles ont induites, concernant notamment les mati\u00e8res premi\u00e8res.<br \/>\nL&#8217;histoire du papier est tiss\u00e9e de r\u00eaveries aussi bien que des savoir-faire, d&#8217;histoire et de technique autant que d&#8217;anecdotes curieuses et amusantes. De longues ann\u00e9es de recherches et de compilation dans diverses archives mondiales, ainsi qu&#8217;une investigation directe et personnelle, expliquent la somme d&#8217;informations de premi\u00e8re main, dues quelquefois \u00e0 des m\u00e9thodes d&#8217;aventurier! et le style v\u00e9cu de cette qu\u00eate passionnante.<br \/>\nUne iconographie en majorit\u00e9 in\u00e9dite et d&#8217;une \u00e9tonnante vari\u00e9t\u00e9 refl\u00e8te la richesse parfois insolite des lieux, des \u00e9poques et des papetiers. Mais c&#8217;est \u00e9galement un livre pratique, qui permet de d\u00e9couvrir et de comprendre la diff\u00e9rence entre les diverses sortes de papier, d&#8217;apprendre \u00e0 les utiliser, voire \u00e0 en r\u00e9aliser.<\/p>\n","protected":false},"excerpt":{"rendered":"<p>L&#8217;ouvrage est une Histoire mondiale du papier. Except\u00e9 peut-\u00eatre le charmant Dard Hunter et son Papermaking de 1943 &#8211; encore s&#8217;arr\u00eatait-il avant l&#8217;\u00e2ge industriel -, personne n&#8217;avait tent\u00e9 avec autant de d\u00e9termination de mettre en perspective deux mille ans de fabrication de ce mat\u00e9riau essentiel et quotidien. La longue marche que la fabrication du papier [&hellip;]<\/p>\n","protected":false},"featured_media":30685,"template":"","meta":[],"product_cat":[55,2948,18,2952],"product_tag":[],"acf":[],"yoast_head":"<!-- This site is optimized with the Yoast SEO plugin v20.11 - https:\/\/yoast.com\/wordpress\/plugins\/seo\/ -->\n<title>LE PAPIER 2000 ANS D&#039;HISTOIRE ET DE SAVOIR-FAIRE - Librairie 7L<\/title>\n<meta name=\"robots\" content=\"index, follow, max-snippet:-1, max-image-preview:large, max-video-preview:-1\" \/>\n<link rel=\"canonical\" href=\"https:\/\/librairie7l.com\/en\/produit\/le-papier-2000-ans-dhistoire-et-de-savoir-faire\/\" \/>\n<meta property=\"og:locale\" content=\"en_US\" \/>\n<meta property=\"og:type\" content=\"article\" \/>\n<meta property=\"og:title\" content=\"LE PAPIER 2000 ANS D&#039;HISTOIRE ET DE SAVOIR-FAIRE - Librairie 7L\" \/>\n<meta property=\"og:description\" content=\"L&#8217;ouvrage est une Histoire mondiale du papier. Except\u00e9 peut-\u00eatre le charmant Dard Hunter et son Papermaking de 1943 &#8211; encore s&#8217;arr\u00eatait-il avant l&#8217;\u00e2ge industriel -, personne n&#8217;avait tent\u00e9 avec autant de d\u00e9termination de mettre en perspective deux mille ans de fabrication de ce mat\u00e9riau essentiel et quotidien. La longue marche que la fabrication du papier [&hellip;]\" \/>\n<meta property=\"og:url\" content=\"https:\/\/librairie7l.com\/en\/produit\/le-papier-2000-ans-dhistoire-et-de-savoir-faire\/\" \/>\n<meta property=\"og:site_name\" content=\"Librairie 7L\" \/>\n<meta property=\"article:modified_time\" content=\"2026-05-06T12:50:47+00:00\" \/>\n<meta property=\"og:image\" content=\"https:\/\/librairie7l.com\/wp-content\/uploads\/1998\/12\/9782743303167_1_75.jpg\" \/>\n\t<meta property=\"og:image:width\" content=\"537\" \/>\n\t<meta property=\"og:image:height\" content=\"700\" \/>\n\t<meta property=\"og:image:type\" content=\"image\/jpeg\" \/>\n<meta name=\"twitter:card\" content=\"summary_large_image\" \/>\n<meta name=\"twitter:label1\" content=\"Est. reading time\" \/>\n\t<meta name=\"twitter:data1\" content=\"1 minute\" \/>\n<script type=\"application\/ld+json\" class=\"yoast-schema-graph\">{\"@context\":\"https:\/\/schema.org\",\"@graph\":[{\"@type\":\"WebPage\",\"@id\":\"https:\/\/librairie7l.com\/en\/produit\/le-papier-2000-ans-dhistoire-et-de-savoir-faire\/\",\"url\":\"https:\/\/librairie7l.com\/en\/produit\/le-papier-2000-ans-dhistoire-et-de-savoir-faire\/\",\"name\":\"LE PAPIER 2000 ANS D'HISTOIRE ET DE SAVOIR-FAIRE - Librairie 7L\",\"isPartOf\":{\"@id\":\"https:\/\/librairie7l.com\/en\/#website\"},\"datePublished\":\"2023-05-10T12:38:55+00:00\",\"dateModified\":\"2026-05-06T12:50:47+00:00\",\"breadcrumb\":{\"@id\":\"https:\/\/librairie7l.com\/en\/produit\/le-papier-2000-ans-dhistoire-et-de-savoir-faire\/#breadcrumb\"},\"inLanguage\":\"en-US\",\"potentialAction\":[{\"@type\":\"ReadAction\",\"target\":[\"https:\/\/librairie7l.com\/en\/produit\/le-papier-2000-ans-dhistoire-et-de-savoir-faire\/\"]}]},{\"@type\":\"BreadcrumbList\",\"@id\":\"https:\/\/librairie7l.com\/en\/produit\/le-papier-2000-ans-dhistoire-et-de-savoir-faire\/#breadcrumb\",\"itemListElement\":[{\"@type\":\"ListItem\",\"position\":1,\"name\":\"Accueil\",\"item\":\"https:\/\/librairie7l.com\/en\/\"},{\"@type\":\"ListItem\",\"position\":2,\"name\":\"Shop\",\"item\":\"https:\/\/librairie7l.com\/en\/shop\/\"},{\"@type\":\"ListItem\",\"position\":3,\"name\":\"LE PAPIER 2000 ANS D&#8217;HISTOIRE ET DE SAVOIR-FAIRE\"}]},{\"@type\":\"WebSite\",\"@id\":\"https:\/\/librairie7l.com\/en\/#website\",\"url\":\"https:\/\/librairie7l.com\/en\/\",\"name\":\"Librairie 7L\",\"description\":\"Librairie fond\u00e9e en 1999 par Karl Lagerfeld \u00e0 Paris\",\"publisher\":{\"@id\":\"https:\/\/librairie7l.com\/en\/#organization\"},\"potentialAction\":[{\"@type\":\"SearchAction\",\"target\":{\"@type\":\"EntryPoint\",\"urlTemplate\":\"https:\/\/librairie7l.com\/en\/?s={search_term_string}\"},\"query-input\":\"required name=search_term_string\"}],\"inLanguage\":\"en-US\"},{\"@type\":\"Organization\",\"@id\":\"https:\/\/librairie7l.com\/en\/#organization\",\"name\":\"Librairie 7L\",\"url\":\"https:\/\/librairie7l.com\/en\/\",\"logo\":{\"@type\":\"ImageObject\",\"inLanguage\":\"en-US\",\"@id\":\"https:\/\/librairie7l.com\/en\/#\/schema\/logo\/image\/\",\"url\":\"https:\/\/librairie7l.com\/wp-content\/uploads\/2022\/08\/logo-1.png\",\"contentUrl\":\"https:\/\/librairie7l.com\/wp-content\/uploads\/2022\/08\/logo-1.png\",\"width\":227,\"height\":301,\"caption\":\"Librairie 7L\"},\"image\":{\"@id\":\"https:\/\/librairie7l.com\/en\/#\/schema\/logo\/image\/\"}}]}<\/script>\n<!-- \/ Yoast SEO plugin. -->","yoast_head_json":{"title":"LE PAPIER 2000 ANS D'HISTOIRE ET DE SAVOIR-FAIRE - Librairie 7L","robots":{"index":"index","follow":"follow","max-snippet":"max-snippet:-1","max-image-preview":"max-image-preview:large","max-video-preview":"max-video-preview:-1"},"canonical":"https:\/\/librairie7l.com\/en\/produit\/le-papier-2000-ans-dhistoire-et-de-savoir-faire\/","og_locale":"en_US","og_type":"article","og_title":"LE PAPIER 2000 ANS D'HISTOIRE ET DE SAVOIR-FAIRE - Librairie 7L","og_description":"L&#8217;ouvrage est une Histoire mondiale du papier. Except\u00e9 peut-\u00eatre le charmant Dard Hunter et son Papermaking de 1943 &#8211; encore s&#8217;arr\u00eatait-il avant l&#8217;\u00e2ge industriel -, personne n&#8217;avait tent\u00e9 avec autant de d\u00e9termination de mettre en perspective deux mille ans de fabrication de ce mat\u00e9riau essentiel et quotidien. La longue marche que la fabrication du papier [&hellip;]","og_url":"https:\/\/librairie7l.com\/en\/produit\/le-papier-2000-ans-dhistoire-et-de-savoir-faire\/","og_site_name":"Librairie 7L","article_modified_time":"2026-05-06T12:50:47+00:00","og_image":[{"width":537,"height":700,"url":"https:\/\/librairie7l.com\/wp-content\/uploads\/1998\/12\/9782743303167_1_75.jpg","type":"image\/jpeg"}],"twitter_card":"summary_large_image","twitter_misc":{"Est. reading time":"1 minute"},"schema":{"@context":"https:\/\/schema.org","@graph":[{"@type":"WebPage","@id":"https:\/\/librairie7l.com\/en\/produit\/le-papier-2000-ans-dhistoire-et-de-savoir-faire\/","url":"https:\/\/librairie7l.com\/en\/produit\/le-papier-2000-ans-dhistoire-et-de-savoir-faire\/","name":"LE PAPIER 2000 ANS D'HISTOIRE ET DE SAVOIR-FAIRE - Librairie 7L","isPartOf":{"@id":"https:\/\/librairie7l.com\/en\/#website"},"datePublished":"2023-05-10T12:38:55+00:00","dateModified":"2026-05-06T12:50:47+00:00","breadcrumb":{"@id":"https:\/\/librairie7l.com\/en\/produit\/le-papier-2000-ans-dhistoire-et-de-savoir-faire\/#breadcrumb"},"inLanguage":"en-US","potentialAction":[{"@type":"ReadAction","target":["https:\/\/librairie7l.com\/en\/produit\/le-papier-2000-ans-dhistoire-et-de-savoir-faire\/"]}]},{"@type":"BreadcrumbList","@id":"https:\/\/librairie7l.com\/en\/produit\/le-papier-2000-ans-dhistoire-et-de-savoir-faire\/#breadcrumb","itemListElement":[{"@type":"ListItem","position":1,"name":"Accueil","item":"https:\/\/librairie7l.com\/en\/"},{"@type":"ListItem","position":2,"name":"Shop","item":"https:\/\/librairie7l.com\/en\/shop\/"},{"@type":"ListItem","position":3,"name":"LE PAPIER 2000 ANS D&#8217;HISTOIRE ET DE SAVOIR-FAIRE"}]},{"@type":"WebSite","@id":"https:\/\/librairie7l.com\/en\/#website","url":"https:\/\/librairie7l.com\/en\/","name":"Librairie 7L","description":"Librairie fond\u00e9e en 1999 par Karl Lagerfeld \u00e0 Paris","publisher":{"@id":"https:\/\/librairie7l.com\/en\/#organization"},"potentialAction":[{"@type":"SearchAction","target":{"@type":"EntryPoint","urlTemplate":"https:\/\/librairie7l.com\/en\/?s={search_term_string}"},"query-input":"required name=search_term_string"}],"inLanguage":"en-US"},{"@type":"Organization","@id":"https:\/\/librairie7l.com\/en\/#organization","name":"Librairie 7L","url":"https:\/\/librairie7l.com\/en\/","logo":{"@type":"ImageObject","inLanguage":"en-US","@id":"https:\/\/librairie7l.com\/en\/#\/schema\/logo\/image\/","url":"https:\/\/librairie7l.com\/wp-content\/uploads\/2022\/08\/logo-1.png","contentUrl":"https:\/\/librairie7l.com\/wp-content\/uploads\/2022\/08\/logo-1.png","width":227,"height":301,"caption":"Librairie 7L"},"image":{"@id":"https:\/\/librairie7l.com\/en\/#\/schema\/logo\/image\/"}}]}},"_links":{"self":[{"href":"https:\/\/librairie7l.com\/en\/wp-json\/wp\/v2\/product\/30687"}],"collection":[{"href":"https:\/\/librairie7l.com\/en\/wp-json\/wp\/v2\/product"}],"about":[{"href":"https:\/\/librairie7l.com\/en\/wp-json\/wp\/v2\/types\/product"}],"wp:featuredmedia":[{"embeddable":true,"href":"https:\/\/librairie7l.com\/en\/wp-json\/wp\/v2\/media\/30685"}],"wp:attachment":[{"href":"https:\/\/librairie7l.com\/en\/wp-json\/wp\/v2\/media?parent=30687"}],"wp:term":[{"taxonomy":"product_cat","embeddable":true,"href":"https:\/\/librairie7l.com\/en\/wp-json\/wp\/v2\/product_cat?post=30687"},{"taxonomy":"product_tag","embeddable":true,"href":"https:\/\/librairie7l.com\/en\/wp-json\/wp\/v2\/product_tag?post=30687"}],"curies":[{"name":"wp","href":"https:\/\/api.w.org\/{rel}","templated":true}]}}