{"id":30703,"date":"2023-05-10T14:39:15","date_gmt":"2023-05-10T12:39:15","guid":{"rendered":"https:\/\/librairie7l.com\/?post_type=product&#038;p=30703"},"modified":"2026-04-05T11:07:11","modified_gmt":"2026-04-05T09:07:11","slug":"sheila-metzner-from-life","status":"publish","type":"product","link":"https:\/\/librairie7l.com\/en\/produit\/sheila-metzner-from-life\/","title":{"rendered":"SHEILA METZNER: FROM LIFE"},"content":{"rendered":"<p>Alors qu&#8217;elle est la premi\u00e8re femme \u00e0 devenir directrice artistique de l&#8217;agence de publicit\u00e9 Doyle Dane Bernbach dans les ann\u00e9es 1960, Sheila Metzner se lance dans une carri\u00e8re de photographe. Un portrait dans une exposition controvers\u00e9e du MoMA lui ouvre les portes de Vogue, \u00e0 une \u00e9poque o\u00f9 les photographes de mode \u00e9taient uniquement des hommes. Cet ouvrage intime revient sur la carri\u00e8re de Sheila Metzner, o\u00f9 les photographies de mode c\u00f4toient des paysages, des portraits et des natures mortes, tout en \u00e9tant accompagn\u00e9s de courte notes de la photographe.<\/p>\n","protected":false},"excerpt":{"rendered":"<p>Alors qu&#8217;elle est la premi\u00e8re femme \u00e0 devenir directrice artistique de l&#8217;agence de publicit\u00e9 Doyle Dane Bernbach dans les ann\u00e9es 1960, Sheila Metzner se lance dans une carri\u00e8re de photographe. Un portrait dans une exposition controvers\u00e9e du MoMA lui ouvre les portes de Vogue, \u00e0 une \u00e9poque o\u00f9 les photographes de mode \u00e9taient uniquement des [&hellip;]<\/p>\n","protected":false},"featured_media":30701,"template":"","meta":[],"product_cat":[55,2948,2957,19],"product_tag":[],"acf":[],"yoast_head":"<!-- This site is optimized with the Yoast SEO plugin v20.11 - https:\/\/yoast.com\/wordpress\/plugins\/seo\/ -->\n<title>SHEILA METZNER: FROM LIFE - Librairie 7L<\/title>\n<meta name=\"robots\" content=\"index, follow, max-snippet:-1, max-image-preview:large, max-video-preview:-1\" \/>\n<link rel=\"canonical\" href=\"https:\/\/librairie7l.com\/en\/produit\/sheila-metzner-from-life\/\" \/>\n<meta property=\"og:locale\" content=\"en_US\" \/>\n<meta property=\"og:type\" content=\"article\" \/>\n<meta property=\"og:title\" content=\"SHEILA METZNER: FROM LIFE - Librairie 7L\" \/>\n<meta property=\"og:description\" content=\"Alors qu&#8217;elle est la premi\u00e8re femme \u00e0 devenir directrice artistique de l&#8217;agence de publicit\u00e9 Doyle Dane Bernbach dans les ann\u00e9es 1960, Sheila Metzner se lance dans une carri\u00e8re de photographe. Un portrait dans une exposition controvers\u00e9e du MoMA lui ouvre les portes de Vogue, \u00e0 une \u00e9poque o\u00f9 les photographes de mode \u00e9taient uniquement des [&hellip;]\" \/>\n<meta property=\"og:url\" content=\"https:\/\/librairie7l.com\/en\/produit\/sheila-metzner-from-life\/\" \/>\n<meta property=\"og:site_name\" content=\"Librairie 7L\" \/>\n<meta property=\"article:modified_time\" content=\"2026-04-05T09:07:11+00:00\" \/>\n<meta property=\"og:image\" content=\"https:\/\/librairie7l.com\/wp-content\/uploads\/2017\/05\/9780847859917_1_75.jpg\" \/>\n\t<meta property=\"og:image:width\" content=\"535\" \/>\n\t<meta property=\"og:image:height\" content=\"720\" \/>\n\t<meta property=\"og:image:type\" content=\"image\/jpeg\" \/>\n<meta name=\"twitter:card\" content=\"summary_large_image\" \/>\n<script type=\"application\/ld+json\" class=\"yoast-schema-graph\">{\"@context\":\"https:\/\/schema.org\",\"@graph\":[{\"@type\":\"WebPage\",\"@id\":\"https:\/\/librairie7l.com\/en\/produit\/sheila-metzner-from-life\/\",\"url\":\"https:\/\/librairie7l.com\/en\/produit\/sheila-metzner-from-life\/\",\"name\":\"SHEILA METZNER: FROM LIFE - Librairie 7L\",\"isPartOf\":{\"@id\":\"https:\/\/librairie7l.com\/en\/#website\"},\"datePublished\":\"2023-05-10T12:39:15+00:00\",\"dateModified\":\"2026-04-05T09:07:11+00:00\",\"breadcrumb\":{\"@id\":\"https:\/\/librairie7l.com\/en\/produit\/sheila-metzner-from-life\/#breadcrumb\"},\"inLanguage\":\"en-US\",\"potentialAction\":[{\"@type\":\"ReadAction\",\"target\":[\"https:\/\/librairie7l.com\/en\/produit\/sheila-metzner-from-life\/\"]}]},{\"@type\":\"BreadcrumbList\",\"@id\":\"https:\/\/librairie7l.com\/en\/produit\/sheila-metzner-from-life\/#breadcrumb\",\"itemListElement\":[{\"@type\":\"ListItem\",\"position\":1,\"name\":\"Accueil\",\"item\":\"https:\/\/librairie7l.com\/en\/\"},{\"@type\":\"ListItem\",\"position\":2,\"name\":\"Shop\",\"item\":\"https:\/\/librairie7l.com\/en\/shop\/\"},{\"@type\":\"ListItem\",\"position\":3,\"name\":\"SHEILA METZNER: FROM LIFE\"}]},{\"@type\":\"WebSite\",\"@id\":\"https:\/\/librairie7l.com\/en\/#website\",\"url\":\"https:\/\/librairie7l.com\/en\/\",\"name\":\"Librairie 7L\",\"description\":\"Librairie fond\u00e9e en 1999 par Karl Lagerfeld \u00e0 Paris\",\"publisher\":{\"@id\":\"https:\/\/librairie7l.com\/en\/#organization\"},\"potentialAction\":[{\"@type\":\"SearchAction\",\"target\":{\"@type\":\"EntryPoint\",\"urlTemplate\":\"https:\/\/librairie7l.com\/en\/?s={search_term_string}\"},\"query-input\":\"required name=search_term_string\"}],\"inLanguage\":\"en-US\"},{\"@type\":\"Organization\",\"@id\":\"https:\/\/librairie7l.com\/en\/#organization\",\"name\":\"Librairie 7L\",\"url\":\"https:\/\/librairie7l.com\/en\/\",\"logo\":{\"@type\":\"ImageObject\",\"inLanguage\":\"en-US\",\"@id\":\"https:\/\/librairie7l.com\/en\/#\/schema\/logo\/image\/\",\"url\":\"https:\/\/librairie7l.com\/wp-content\/uploads\/2022\/08\/logo-1.png\",\"contentUrl\":\"https:\/\/librairie7l.com\/wp-content\/uploads\/2022\/08\/logo-1.png\",\"width\":227,\"height\":301,\"caption\":\"Librairie 7L\"},\"image\":{\"@id\":\"https:\/\/librairie7l.com\/en\/#\/schema\/logo\/image\/\"}}]}<\/script>\n<!-- \/ Yoast SEO plugin. -->","yoast_head_json":{"title":"SHEILA METZNER: FROM LIFE - Librairie 7L","robots":{"index":"index","follow":"follow","max-snippet":"max-snippet:-1","max-image-preview":"max-image-preview:large","max-video-preview":"max-video-preview:-1"},"canonical":"https:\/\/librairie7l.com\/en\/produit\/sheila-metzner-from-life\/","og_locale":"en_US","og_type":"article","og_title":"SHEILA METZNER: FROM LIFE - Librairie 7L","og_description":"Alors qu&#8217;elle est la premi\u00e8re femme \u00e0 devenir directrice artistique de l&#8217;agence de publicit\u00e9 Doyle Dane Bernbach dans les ann\u00e9es 1960, Sheila Metzner se lance dans une carri\u00e8re de photographe. Un portrait dans une exposition controvers\u00e9e du MoMA lui ouvre les portes de Vogue, \u00e0 une \u00e9poque o\u00f9 les photographes de mode \u00e9taient uniquement des [&hellip;]","og_url":"https:\/\/librairie7l.com\/en\/produit\/sheila-metzner-from-life\/","og_site_name":"Librairie 7L","article_modified_time":"2026-04-05T09:07:11+00:00","og_image":[{"width":535,"height":720,"url":"https:\/\/librairie7l.com\/wp-content\/uploads\/2017\/05\/9780847859917_1_75.jpg","type":"image\/jpeg"}],"twitter_card":"summary_large_image","schema":{"@context":"https:\/\/schema.org","@graph":[{"@type":"WebPage","@id":"https:\/\/librairie7l.com\/en\/produit\/sheila-metzner-from-life\/","url":"https:\/\/librairie7l.com\/en\/produit\/sheila-metzner-from-life\/","name":"SHEILA METZNER: FROM LIFE - Librairie 7L","isPartOf":{"@id":"https:\/\/librairie7l.com\/en\/#website"},"datePublished":"2023-05-10T12:39:15+00:00","dateModified":"2026-04-05T09:07:11+00:00","breadcrumb":{"@id":"https:\/\/librairie7l.com\/en\/produit\/sheila-metzner-from-life\/#breadcrumb"},"inLanguage":"en-US","potentialAction":[{"@type":"ReadAction","target":["https:\/\/librairie7l.com\/en\/produit\/sheila-metzner-from-life\/"]}]},{"@type":"BreadcrumbList","@id":"https:\/\/librairie7l.com\/en\/produit\/sheila-metzner-from-life\/#breadcrumb","itemListElement":[{"@type":"ListItem","position":1,"name":"Accueil","item":"https:\/\/librairie7l.com\/en\/"},{"@type":"ListItem","position":2,"name":"Shop","item":"https:\/\/librairie7l.com\/en\/shop\/"},{"@type":"ListItem","position":3,"name":"SHEILA METZNER: FROM LIFE"}]},{"@type":"WebSite","@id":"https:\/\/librairie7l.com\/en\/#website","url":"https:\/\/librairie7l.com\/en\/","name":"Librairie 7L","description":"Librairie fond\u00e9e en 1999 par Karl Lagerfeld \u00e0 Paris","publisher":{"@id":"https:\/\/librairie7l.com\/en\/#organization"},"potentialAction":[{"@type":"SearchAction","target":{"@type":"EntryPoint","urlTemplate":"https:\/\/librairie7l.com\/en\/?s={search_term_string}"},"query-input":"required name=search_term_string"}],"inLanguage":"en-US"},{"@type":"Organization","@id":"https:\/\/librairie7l.com\/en\/#organization","name":"Librairie 7L","url":"https:\/\/librairie7l.com\/en\/","logo":{"@type":"ImageObject","inLanguage":"en-US","@id":"https:\/\/librairie7l.com\/en\/#\/schema\/logo\/image\/","url":"https:\/\/librairie7l.com\/wp-content\/uploads\/2022\/08\/logo-1.png","contentUrl":"https:\/\/librairie7l.com\/wp-content\/uploads\/2022\/08\/logo-1.png","width":227,"height":301,"caption":"Librairie 7L"},"image":{"@id":"https:\/\/librairie7l.com\/en\/#\/schema\/logo\/image\/"}}]}},"_links":{"self":[{"href":"https:\/\/librairie7l.com\/en\/wp-json\/wp\/v2\/product\/30703"}],"collection":[{"href":"https:\/\/librairie7l.com\/en\/wp-json\/wp\/v2\/product"}],"about":[{"href":"https:\/\/librairie7l.com\/en\/wp-json\/wp\/v2\/types\/product"}],"wp:featuredmedia":[{"embeddable":true,"href":"https:\/\/librairie7l.com\/en\/wp-json\/wp\/v2\/media\/30701"}],"wp:attachment":[{"href":"https:\/\/librairie7l.com\/en\/wp-json\/wp\/v2\/media?parent=30703"}],"wp:term":[{"taxonomy":"product_cat","embeddable":true,"href":"https:\/\/librairie7l.com\/en\/wp-json\/wp\/v2\/product_cat?post=30703"},{"taxonomy":"product_tag","embeddable":true,"href":"https:\/\/librairie7l.com\/en\/wp-json\/wp\/v2\/product_tag?post=30703"}],"curies":[{"name":"wp","href":"https:\/\/api.w.org\/{rel}","templated":true}]}}