{"id":30723,"date":"2023-05-10T14:39:39","date_gmt":"2023-05-10T12:39:39","guid":{"rendered":"https:\/\/librairie7l.com\/?post_type=product&#038;p=30723"},"modified":"2026-04-05T20:39:34","modified_gmt":"2026-04-05T18:39:34","slug":"how-they-decorated-inspiration-from-great-women-of-the-twentieth-century","status":"publish","type":"product","link":"https:\/\/librairie7l.com\/en\/produit\/how-they-decorated-inspiration-from-great-women-of-the-twentieth-century\/","title":{"rendered":"HOW THEY DECORATED ; INSPIRATION FROM GREAT WOMEN OF THE TWENTIETH CENTURY"},"content":{"rendered":"<p>Cet ouvrage pr\u00e9sente des lieux de vies embl\u00e9matiques du XXe si\u00e8cle ayant appartenu \u00e0 d&#8217;illustres femmes de go\u00fbt. Outre Gloria Vanderbilt, qui consid\u00e9rait la d\u00e9coration comme une v\u00e9ritable autobiographie, on d\u00e9couvre notamment les int\u00e9rieurs \u00e9l\u00e9gants de H\u00e9l\u00e8ne Rochas, Vanessa Bell, Bunny Mellon, Mona von Bismarck ou Georgia O&#8217;Keeffe. Certaines collabor\u00e8rent avec de grands noms de la d\u00e9coration comme John Fowler, Albert Hadley, Billy Baldwin, Syrie Maugham ou Jean-Michel Frank. D&#8217;autres, comme Pauline Trig\u00e8re, Sybil Connolly, Vita Sackville-West ou Fleur Cowles, choisirent de tout d\u00e9corer seules.<\/p>\n","protected":false},"excerpt":{"rendered":"<p>Cet ouvrage pr\u00e9sente des lieux de vies embl\u00e9matiques du XXe si\u00e8cle ayant appartenu \u00e0 d&#8217;illustres femmes de go\u00fbt. Outre Gloria Vanderbilt, qui consid\u00e9rait la d\u00e9coration comme une v\u00e9ritable autobiographie, on d\u00e9couvre notamment les int\u00e9rieurs \u00e9l\u00e9gants de H\u00e9l\u00e8ne Rochas, Vanessa Bell, Bunny Mellon, Mona von Bismarck ou Georgia O&#8217;Keeffe. Certaines collabor\u00e8rent avec de grands noms de [&hellip;]<\/p>\n","protected":false},"featured_media":30721,"template":"","meta":[],"product_cat":[55,2948,18,2952],"product_tag":[],"acf":[],"yoast_head":"<!-- This site is optimized with the Yoast SEO plugin v20.11 - https:\/\/yoast.com\/wordpress\/plugins\/seo\/ -->\n<title>HOW THEY DECORATED ; INSPIRATION FROM GREAT WOMEN OF THE TWENTIETH CENTURY - Librairie 7L<\/title>\n<meta name=\"robots\" content=\"index, follow, max-snippet:-1, max-image-preview:large, max-video-preview:-1\" \/>\n<link rel=\"canonical\" href=\"https:\/\/librairie7l.com\/en\/produit\/how-they-decorated-inspiration-from-great-women-of-the-twentieth-century\/\" \/>\n<meta property=\"og:locale\" content=\"en_US\" \/>\n<meta property=\"og:type\" content=\"article\" \/>\n<meta property=\"og:title\" content=\"HOW THEY DECORATED ; INSPIRATION FROM GREAT WOMEN OF THE TWENTIETH CENTURY - Librairie 7L\" \/>\n<meta property=\"og:description\" content=\"Cet ouvrage pr\u00e9sente des lieux de vies embl\u00e9matiques du XXe si\u00e8cle ayant appartenu \u00e0 d&#8217;illustres femmes de go\u00fbt. Outre Gloria Vanderbilt, qui consid\u00e9rait la d\u00e9coration comme une v\u00e9ritable autobiographie, on d\u00e9couvre notamment les int\u00e9rieurs \u00e9l\u00e9gants de H\u00e9l\u00e8ne Rochas, Vanessa Bell, Bunny Mellon, Mona von Bismarck ou Georgia O&#8217;Keeffe. Certaines collabor\u00e8rent avec de grands noms de [&hellip;]\" \/>\n<meta property=\"og:url\" content=\"https:\/\/librairie7l.com\/en\/produit\/how-they-decorated-inspiration-from-great-women-of-the-twentieth-century\/\" \/>\n<meta property=\"og:site_name\" content=\"Librairie 7L\" \/>\n<meta property=\"article:modified_time\" content=\"2026-04-05T18:39:34+00:00\" \/>\n<meta property=\"og:image\" content=\"https:\/\/librairie7l.com\/wp-content\/uploads\/2017\/01\/9780847847419_1_75.jpg\" \/>\n\t<meta property=\"og:image:width\" content=\"260\" \/>\n\t<meta property=\"og:image:height\" content=\"322\" \/>\n\t<meta property=\"og:image:type\" content=\"image\/jpeg\" \/>\n<meta name=\"twitter:card\" content=\"summary_large_image\" \/>\n<meta name=\"twitter:label1\" content=\"Est. reading time\" \/>\n\t<meta name=\"twitter:data1\" content=\"1 minute\" \/>\n<script type=\"application\/ld+json\" class=\"yoast-schema-graph\">{\"@context\":\"https:\/\/schema.org\",\"@graph\":[{\"@type\":\"WebPage\",\"@id\":\"https:\/\/librairie7l.com\/en\/produit\/how-they-decorated-inspiration-from-great-women-of-the-twentieth-century\/\",\"url\":\"https:\/\/librairie7l.com\/en\/produit\/how-they-decorated-inspiration-from-great-women-of-the-twentieth-century\/\",\"name\":\"HOW THEY DECORATED ; INSPIRATION FROM GREAT WOMEN OF THE TWENTIETH CENTURY - Librairie 7L\",\"isPartOf\":{\"@id\":\"https:\/\/librairie7l.com\/en\/#website\"},\"datePublished\":\"2023-05-10T12:39:39+00:00\",\"dateModified\":\"2026-04-05T18:39:34+00:00\",\"breadcrumb\":{\"@id\":\"https:\/\/librairie7l.com\/en\/produit\/how-they-decorated-inspiration-from-great-women-of-the-twentieth-century\/#breadcrumb\"},\"inLanguage\":\"en-US\",\"potentialAction\":[{\"@type\":\"ReadAction\",\"target\":[\"https:\/\/librairie7l.com\/en\/produit\/how-they-decorated-inspiration-from-great-women-of-the-twentieth-century\/\"]}]},{\"@type\":\"BreadcrumbList\",\"@id\":\"https:\/\/librairie7l.com\/en\/produit\/how-they-decorated-inspiration-from-great-women-of-the-twentieth-century\/#breadcrumb\",\"itemListElement\":[{\"@type\":\"ListItem\",\"position\":1,\"name\":\"Accueil\",\"item\":\"https:\/\/librairie7l.com\/en\/\"},{\"@type\":\"ListItem\",\"position\":2,\"name\":\"Shop\",\"item\":\"https:\/\/librairie7l.com\/en\/shop\/\"},{\"@type\":\"ListItem\",\"position\":3,\"name\":\"HOW THEY DECORATED ; INSPIRATION FROM GREAT WOMEN OF THE TWENTIETH CENTURY\"}]},{\"@type\":\"WebSite\",\"@id\":\"https:\/\/librairie7l.com\/en\/#website\",\"url\":\"https:\/\/librairie7l.com\/en\/\",\"name\":\"Librairie 7L\",\"description\":\"Librairie fond\u00e9e en 1999 par Karl Lagerfeld \u00e0 Paris\",\"publisher\":{\"@id\":\"https:\/\/librairie7l.com\/en\/#organization\"},\"potentialAction\":[{\"@type\":\"SearchAction\",\"target\":{\"@type\":\"EntryPoint\",\"urlTemplate\":\"https:\/\/librairie7l.com\/en\/?s={search_term_string}\"},\"query-input\":\"required name=search_term_string\"}],\"inLanguage\":\"en-US\"},{\"@type\":\"Organization\",\"@id\":\"https:\/\/librairie7l.com\/en\/#organization\",\"name\":\"Librairie 7L\",\"url\":\"https:\/\/librairie7l.com\/en\/\",\"logo\":{\"@type\":\"ImageObject\",\"inLanguage\":\"en-US\",\"@id\":\"https:\/\/librairie7l.com\/en\/#\/schema\/logo\/image\/\",\"url\":\"https:\/\/librairie7l.com\/wp-content\/uploads\/2022\/08\/logo-1.png\",\"contentUrl\":\"https:\/\/librairie7l.com\/wp-content\/uploads\/2022\/08\/logo-1.png\",\"width\":227,\"height\":301,\"caption\":\"Librairie 7L\"},\"image\":{\"@id\":\"https:\/\/librairie7l.com\/en\/#\/schema\/logo\/image\/\"}}]}<\/script>\n<!-- \/ Yoast SEO plugin. -->","yoast_head_json":{"title":"HOW THEY DECORATED ; INSPIRATION FROM GREAT WOMEN OF THE TWENTIETH CENTURY - Librairie 7L","robots":{"index":"index","follow":"follow","max-snippet":"max-snippet:-1","max-image-preview":"max-image-preview:large","max-video-preview":"max-video-preview:-1"},"canonical":"https:\/\/librairie7l.com\/en\/produit\/how-they-decorated-inspiration-from-great-women-of-the-twentieth-century\/","og_locale":"en_US","og_type":"article","og_title":"HOW THEY DECORATED ; INSPIRATION FROM GREAT WOMEN OF THE TWENTIETH CENTURY - Librairie 7L","og_description":"Cet ouvrage pr\u00e9sente des lieux de vies embl\u00e9matiques du XXe si\u00e8cle ayant appartenu \u00e0 d&#8217;illustres femmes de go\u00fbt. Outre Gloria Vanderbilt, qui consid\u00e9rait la d\u00e9coration comme une v\u00e9ritable autobiographie, on d\u00e9couvre notamment les int\u00e9rieurs \u00e9l\u00e9gants de H\u00e9l\u00e8ne Rochas, Vanessa Bell, Bunny Mellon, Mona von Bismarck ou Georgia O&#8217;Keeffe. Certaines collabor\u00e8rent avec de grands noms de [&hellip;]","og_url":"https:\/\/librairie7l.com\/en\/produit\/how-they-decorated-inspiration-from-great-women-of-the-twentieth-century\/","og_site_name":"Librairie 7L","article_modified_time":"2026-04-05T18:39:34+00:00","og_image":[{"width":260,"height":322,"url":"https:\/\/librairie7l.com\/wp-content\/uploads\/2017\/01\/9780847847419_1_75.jpg","type":"image\/jpeg"}],"twitter_card":"summary_large_image","twitter_misc":{"Est. reading time":"1 minute"},"schema":{"@context":"https:\/\/schema.org","@graph":[{"@type":"WebPage","@id":"https:\/\/librairie7l.com\/en\/produit\/how-they-decorated-inspiration-from-great-women-of-the-twentieth-century\/","url":"https:\/\/librairie7l.com\/en\/produit\/how-they-decorated-inspiration-from-great-women-of-the-twentieth-century\/","name":"HOW THEY DECORATED ; INSPIRATION FROM GREAT WOMEN OF THE TWENTIETH CENTURY - Librairie 7L","isPartOf":{"@id":"https:\/\/librairie7l.com\/en\/#website"},"datePublished":"2023-05-10T12:39:39+00:00","dateModified":"2026-04-05T18:39:34+00:00","breadcrumb":{"@id":"https:\/\/librairie7l.com\/en\/produit\/how-they-decorated-inspiration-from-great-women-of-the-twentieth-century\/#breadcrumb"},"inLanguage":"en-US","potentialAction":[{"@type":"ReadAction","target":["https:\/\/librairie7l.com\/en\/produit\/how-they-decorated-inspiration-from-great-women-of-the-twentieth-century\/"]}]},{"@type":"BreadcrumbList","@id":"https:\/\/librairie7l.com\/en\/produit\/how-they-decorated-inspiration-from-great-women-of-the-twentieth-century\/#breadcrumb","itemListElement":[{"@type":"ListItem","position":1,"name":"Accueil","item":"https:\/\/librairie7l.com\/en\/"},{"@type":"ListItem","position":2,"name":"Shop","item":"https:\/\/librairie7l.com\/en\/shop\/"},{"@type":"ListItem","position":3,"name":"HOW THEY DECORATED ; INSPIRATION FROM GREAT WOMEN OF THE TWENTIETH CENTURY"}]},{"@type":"WebSite","@id":"https:\/\/librairie7l.com\/en\/#website","url":"https:\/\/librairie7l.com\/en\/","name":"Librairie 7L","description":"Librairie fond\u00e9e en 1999 par Karl Lagerfeld \u00e0 Paris","publisher":{"@id":"https:\/\/librairie7l.com\/en\/#organization"},"potentialAction":[{"@type":"SearchAction","target":{"@type":"EntryPoint","urlTemplate":"https:\/\/librairie7l.com\/en\/?s={search_term_string}"},"query-input":"required name=search_term_string"}],"inLanguage":"en-US"},{"@type":"Organization","@id":"https:\/\/librairie7l.com\/en\/#organization","name":"Librairie 7L","url":"https:\/\/librairie7l.com\/en\/","logo":{"@type":"ImageObject","inLanguage":"en-US","@id":"https:\/\/librairie7l.com\/en\/#\/schema\/logo\/image\/","url":"https:\/\/librairie7l.com\/wp-content\/uploads\/2022\/08\/logo-1.png","contentUrl":"https:\/\/librairie7l.com\/wp-content\/uploads\/2022\/08\/logo-1.png","width":227,"height":301,"caption":"Librairie 7L"},"image":{"@id":"https:\/\/librairie7l.com\/en\/#\/schema\/logo\/image\/"}}]}},"_links":{"self":[{"href":"https:\/\/librairie7l.com\/en\/wp-json\/wp\/v2\/product\/30723"}],"collection":[{"href":"https:\/\/librairie7l.com\/en\/wp-json\/wp\/v2\/product"}],"about":[{"href":"https:\/\/librairie7l.com\/en\/wp-json\/wp\/v2\/types\/product"}],"wp:featuredmedia":[{"embeddable":true,"href":"https:\/\/librairie7l.com\/en\/wp-json\/wp\/v2\/media\/30721"}],"wp:attachment":[{"href":"https:\/\/librairie7l.com\/en\/wp-json\/wp\/v2\/media?parent=30723"}],"wp:term":[{"taxonomy":"product_cat","embeddable":true,"href":"https:\/\/librairie7l.com\/en\/wp-json\/wp\/v2\/product_cat?post=30723"},{"taxonomy":"product_tag","embeddable":true,"href":"https:\/\/librairie7l.com\/en\/wp-json\/wp\/v2\/product_tag?post=30723"}],"curies":[{"name":"wp","href":"https:\/\/api.w.org\/{rel}","templated":true}]}}