{"id":30759,"date":"2023-05-10T14:40:18","date_gmt":"2023-05-10T12:40:18","guid":{"rendered":"https:\/\/librairie7l.com\/?post_type=product&#038;p=30759"},"modified":"2026-05-09T08:06:35","modified_gmt":"2026-05-09T06:06:35","slug":"the-touch-spaces-designed-for-the-senses","status":"publish","type":"product","link":"https:\/\/librairie7l.com\/en\/produit\/the-touch-spaces-designed-for-the-senses\/","title":{"rendered":"THE TOUCH ; SPACES DESIGNED FOR THE SENSES"},"content":{"rendered":"<p>Quels points communs entre un mus\u00e9e \u00e0 Marrakech, un appartement du milieu du xixe si\u00e8cle \u00e0 Berlin et un cimeti\u00e8re au nord de Venise?? Dans The Touch, le duo cr\u00e9atif form\u00e9 par Nathan Williams de Kinfolk et Jonas Bjerre-Poulsen de Norm Architects sugg\u00e8re que ces espaces inspirants et bien d\u00b4autres \u00e0 leur image poss\u00e8dent les cinq principes fondamentaux d\u00b4un design haptique centr\u00e9 sur l\u00b4humain?: mat\u00e9rialit\u00e9, lumi\u00e8re, couleur, nature et notion de la communaut\u00e9. En nous d\u00e9voilant une architecture et certains int\u00e9rieurs parmi les plus sensuels au monde, The Touch nous propose une v\u00e9ritable source d\u00b4inspiration \u00e0 travers d\u00b4\u00e9tonnantes photographies, des essais philosophiques et conseils pratiques de chefs de file de l\u00b4industrie du design.<\/p>\n","protected":false},"excerpt":{"rendered":"<p>Quels points communs entre un mus\u00e9e \u00e0 Marrakech, un appartement du milieu du xixe si\u00e8cle \u00e0 Berlin et un cimeti\u00e8re au nord de Venise?? Dans The Touch, le duo cr\u00e9atif form\u00e9 par Nathan Williams de Kinfolk et Jonas Bjerre-Poulsen de Norm Architects sugg\u00e8re que ces espaces inspirants et bien d\u00b4autres \u00e0 leur image poss\u00e8dent les [&hellip;]<\/p>\n","protected":false},"featured_media":30757,"template":"","meta":[],"product_cat":[55,2948,22,2950],"product_tag":[],"acf":[],"yoast_head":"<!-- This site is optimized with the Yoast SEO plugin v20.11 - https:\/\/yoast.com\/wordpress\/plugins\/seo\/ -->\n<title>THE TOUCH ; SPACES DESIGNED FOR THE SENSES - Librairie 7L<\/title>\n<meta name=\"robots\" content=\"index, follow, max-snippet:-1, max-image-preview:large, max-video-preview:-1\" \/>\n<link rel=\"canonical\" href=\"https:\/\/librairie7l.com\/en\/produit\/the-touch-spaces-designed-for-the-senses\/\" \/>\n<meta property=\"og:locale\" content=\"en_US\" \/>\n<meta property=\"og:type\" content=\"article\" \/>\n<meta property=\"og:title\" content=\"THE TOUCH ; SPACES DESIGNED FOR THE SENSES - Librairie 7L\" \/>\n<meta property=\"og:description\" content=\"Quels points communs entre un mus\u00e9e \u00e0 Marrakech, un appartement du milieu du xixe si\u00e8cle \u00e0 Berlin et un cimeti\u00e8re au nord de Venise?? Dans The Touch, le duo cr\u00e9atif form\u00e9 par Nathan Williams de Kinfolk et Jonas Bjerre-Poulsen de Norm Architects sugg\u00e8re que ces espaces inspirants et bien d\u00b4autres \u00e0 leur image poss\u00e8dent les [&hellip;]\" \/>\n<meta property=\"og:url\" content=\"https:\/\/librairie7l.com\/en\/produit\/the-touch-spaces-designed-for-the-senses\/\" \/>\n<meta property=\"og:site_name\" content=\"Librairie 7L\" \/>\n<meta property=\"article:modified_time\" content=\"2026-05-09T06:06:35+00:00\" \/>\n<meta property=\"og:image\" content=\"https:\/\/librairie7l.com\/wp-content\/uploads\/2019\/05\/9783899559781_1_75.jpg\" \/>\n\t<meta property=\"og:image:width\" content=\"600\" \/>\n\t<meta property=\"og:image:height\" content=\"749\" \/>\n\t<meta property=\"og:image:type\" content=\"image\/jpeg\" \/>\n<meta name=\"twitter:card\" content=\"summary_large_image\" \/>\n<meta name=\"twitter:label1\" content=\"Est. reading time\" \/>\n\t<meta name=\"twitter:data1\" content=\"1 minute\" \/>\n<script type=\"application\/ld+json\" class=\"yoast-schema-graph\">{\"@context\":\"https:\/\/schema.org\",\"@graph\":[{\"@type\":\"WebPage\",\"@id\":\"https:\/\/librairie7l.com\/en\/produit\/the-touch-spaces-designed-for-the-senses\/\",\"url\":\"https:\/\/librairie7l.com\/en\/produit\/the-touch-spaces-designed-for-the-senses\/\",\"name\":\"THE TOUCH ; SPACES DESIGNED FOR THE SENSES - Librairie 7L\",\"isPartOf\":{\"@id\":\"https:\/\/librairie7l.com\/en\/#website\"},\"datePublished\":\"2023-05-10T12:40:18+00:00\",\"dateModified\":\"2026-05-09T06:06:35+00:00\",\"breadcrumb\":{\"@id\":\"https:\/\/librairie7l.com\/en\/produit\/the-touch-spaces-designed-for-the-senses\/#breadcrumb\"},\"inLanguage\":\"en-US\",\"potentialAction\":[{\"@type\":\"ReadAction\",\"target\":[\"https:\/\/librairie7l.com\/en\/produit\/the-touch-spaces-designed-for-the-senses\/\"]}]},{\"@type\":\"BreadcrumbList\",\"@id\":\"https:\/\/librairie7l.com\/en\/produit\/the-touch-spaces-designed-for-the-senses\/#breadcrumb\",\"itemListElement\":[{\"@type\":\"ListItem\",\"position\":1,\"name\":\"Accueil\",\"item\":\"https:\/\/librairie7l.com\/en\/\"},{\"@type\":\"ListItem\",\"position\":2,\"name\":\"Shop\",\"item\":\"https:\/\/librairie7l.com\/en\/shop\/\"},{\"@type\":\"ListItem\",\"position\":3,\"name\":\"THE TOUCH ; SPACES DESIGNED FOR THE SENSES\"}]},{\"@type\":\"WebSite\",\"@id\":\"https:\/\/librairie7l.com\/en\/#website\",\"url\":\"https:\/\/librairie7l.com\/en\/\",\"name\":\"Librairie 7L\",\"description\":\"Librairie fond\u00e9e en 1999 par Karl Lagerfeld \u00e0 Paris\",\"publisher\":{\"@id\":\"https:\/\/librairie7l.com\/en\/#organization\"},\"potentialAction\":[{\"@type\":\"SearchAction\",\"target\":{\"@type\":\"EntryPoint\",\"urlTemplate\":\"https:\/\/librairie7l.com\/en\/?s={search_term_string}\"},\"query-input\":\"required name=search_term_string\"}],\"inLanguage\":\"en-US\"},{\"@type\":\"Organization\",\"@id\":\"https:\/\/librairie7l.com\/en\/#organization\",\"name\":\"Librairie 7L\",\"url\":\"https:\/\/librairie7l.com\/en\/\",\"logo\":{\"@type\":\"ImageObject\",\"inLanguage\":\"en-US\",\"@id\":\"https:\/\/librairie7l.com\/en\/#\/schema\/logo\/image\/\",\"url\":\"https:\/\/librairie7l.com\/wp-content\/uploads\/2022\/08\/logo-1.png\",\"contentUrl\":\"https:\/\/librairie7l.com\/wp-content\/uploads\/2022\/08\/logo-1.png\",\"width\":227,\"height\":301,\"caption\":\"Librairie 7L\"},\"image\":{\"@id\":\"https:\/\/librairie7l.com\/en\/#\/schema\/logo\/image\/\"}}]}<\/script>\n<!-- \/ Yoast SEO plugin. -->","yoast_head_json":{"title":"THE TOUCH ; SPACES DESIGNED FOR THE SENSES - Librairie 7L","robots":{"index":"index","follow":"follow","max-snippet":"max-snippet:-1","max-image-preview":"max-image-preview:large","max-video-preview":"max-video-preview:-1"},"canonical":"https:\/\/librairie7l.com\/en\/produit\/the-touch-spaces-designed-for-the-senses\/","og_locale":"en_US","og_type":"article","og_title":"THE TOUCH ; SPACES DESIGNED FOR THE SENSES - Librairie 7L","og_description":"Quels points communs entre un mus\u00e9e \u00e0 Marrakech, un appartement du milieu du xixe si\u00e8cle \u00e0 Berlin et un cimeti\u00e8re au nord de Venise?? Dans The Touch, le duo cr\u00e9atif form\u00e9 par Nathan Williams de Kinfolk et Jonas Bjerre-Poulsen de Norm Architects sugg\u00e8re que ces espaces inspirants et bien d\u00b4autres \u00e0 leur image poss\u00e8dent les [&hellip;]","og_url":"https:\/\/librairie7l.com\/en\/produit\/the-touch-spaces-designed-for-the-senses\/","og_site_name":"Librairie 7L","article_modified_time":"2026-05-09T06:06:35+00:00","og_image":[{"width":600,"height":749,"url":"https:\/\/librairie7l.com\/wp-content\/uploads\/2019\/05\/9783899559781_1_75.jpg","type":"image\/jpeg"}],"twitter_card":"summary_large_image","twitter_misc":{"Est. reading time":"1 minute"},"schema":{"@context":"https:\/\/schema.org","@graph":[{"@type":"WebPage","@id":"https:\/\/librairie7l.com\/en\/produit\/the-touch-spaces-designed-for-the-senses\/","url":"https:\/\/librairie7l.com\/en\/produit\/the-touch-spaces-designed-for-the-senses\/","name":"THE TOUCH ; SPACES DESIGNED FOR THE SENSES - Librairie 7L","isPartOf":{"@id":"https:\/\/librairie7l.com\/en\/#website"},"datePublished":"2023-05-10T12:40:18+00:00","dateModified":"2026-05-09T06:06:35+00:00","breadcrumb":{"@id":"https:\/\/librairie7l.com\/en\/produit\/the-touch-spaces-designed-for-the-senses\/#breadcrumb"},"inLanguage":"en-US","potentialAction":[{"@type":"ReadAction","target":["https:\/\/librairie7l.com\/en\/produit\/the-touch-spaces-designed-for-the-senses\/"]}]},{"@type":"BreadcrumbList","@id":"https:\/\/librairie7l.com\/en\/produit\/the-touch-spaces-designed-for-the-senses\/#breadcrumb","itemListElement":[{"@type":"ListItem","position":1,"name":"Accueil","item":"https:\/\/librairie7l.com\/en\/"},{"@type":"ListItem","position":2,"name":"Shop","item":"https:\/\/librairie7l.com\/en\/shop\/"},{"@type":"ListItem","position":3,"name":"THE TOUCH ; SPACES DESIGNED FOR THE SENSES"}]},{"@type":"WebSite","@id":"https:\/\/librairie7l.com\/en\/#website","url":"https:\/\/librairie7l.com\/en\/","name":"Librairie 7L","description":"Librairie fond\u00e9e en 1999 par Karl Lagerfeld \u00e0 Paris","publisher":{"@id":"https:\/\/librairie7l.com\/en\/#organization"},"potentialAction":[{"@type":"SearchAction","target":{"@type":"EntryPoint","urlTemplate":"https:\/\/librairie7l.com\/en\/?s={search_term_string}"},"query-input":"required name=search_term_string"}],"inLanguage":"en-US"},{"@type":"Organization","@id":"https:\/\/librairie7l.com\/en\/#organization","name":"Librairie 7L","url":"https:\/\/librairie7l.com\/en\/","logo":{"@type":"ImageObject","inLanguage":"en-US","@id":"https:\/\/librairie7l.com\/en\/#\/schema\/logo\/image\/","url":"https:\/\/librairie7l.com\/wp-content\/uploads\/2022\/08\/logo-1.png","contentUrl":"https:\/\/librairie7l.com\/wp-content\/uploads\/2022\/08\/logo-1.png","width":227,"height":301,"caption":"Librairie 7L"},"image":{"@id":"https:\/\/librairie7l.com\/en\/#\/schema\/logo\/image\/"}}]}},"_links":{"self":[{"href":"https:\/\/librairie7l.com\/en\/wp-json\/wp\/v2\/product\/30759"}],"collection":[{"href":"https:\/\/librairie7l.com\/en\/wp-json\/wp\/v2\/product"}],"about":[{"href":"https:\/\/librairie7l.com\/en\/wp-json\/wp\/v2\/types\/product"}],"wp:featuredmedia":[{"embeddable":true,"href":"https:\/\/librairie7l.com\/en\/wp-json\/wp\/v2\/media\/30757"}],"wp:attachment":[{"href":"https:\/\/librairie7l.com\/en\/wp-json\/wp\/v2\/media?parent=30759"}],"wp:term":[{"taxonomy":"product_cat","embeddable":true,"href":"https:\/\/librairie7l.com\/en\/wp-json\/wp\/v2\/product_cat?post=30759"},{"taxonomy":"product_tag","embeddable":true,"href":"https:\/\/librairie7l.com\/en\/wp-json\/wp\/v2\/product_tag?post=30759"}],"curies":[{"name":"wp","href":"https:\/\/api.w.org\/{rel}","templated":true}]}}