{"id":30847,"date":"2023-05-10T14:44:13","date_gmt":"2023-05-10T12:44:13","guid":{"rendered":"https:\/\/librairie7l.com\/?post_type=product&#038;p=30847"},"modified":"2026-04-21T07:29:04","modified_gmt":"2026-04-21T05:29:04","slug":"manuel-de-creation-graphique-forme-synthese-application","status":"publish","type":"product","link":"https:\/\/librairie7l.com\/en\/produit\/manuel-de-creation-graphique-forme-synthese-application\/","title":{"rendered":"MANUEL DE CR\u00c9ATION GRAPHIQUE ; FORME, SYNTH\u00c8SE, APPLICATION (2E \u00c9DITION)"},"content":{"rendered":"<p>Cette oeuvre dont la premi\u00e8re \u00e9dition, depuis longtemps \u00e9puis\u00e9e, remonte \u00e0 1965, se pr\u00e9sente dans une version nouvelle enti\u00e8rement revue. Au moment de sa parution, ce livre pouvait \u00eatre consid\u00e9r\u00e9 comme un essai fondamentalement neuf de traiter m\u00e9thodiquement les probl\u00e8mes pos\u00e9s par la cr\u00e9ation de l&#8217;image et de la forme.  Son objectif est de progresser pas \u00e0 pas en partant du plus simple pour aller aux principes, au diff\u00e9renci\u00e9 jusqu&#8217;au compliqu\u00e9. Les \u00e9l\u00e9ments de l&#8217;image et de la forme sont analys\u00e9s et \u00e9tudi\u00e9s dans leur l\u00e9gitimit\u00e9. Les connaissances obtenues par l&#8217;\u00e9tude logique de la mati\u00e8re peuvent s&#8217;apprendre. Elles appartiennent \u00e0 l&#8217;arsenal de tout graphiste et de tout typographe.  L&#8217;enseignement m\u00e9thodique de la cr\u00e9ation trouve aujourd&#8217;hui un emploi \u00e9galement dans la cr\u00e9ation au petit \u00e9cran. Le traitement automatique des textes au moyen de l&#8217;ordinateur personnel se r\u00e9pand de plus en plus. Le proc\u00e9d\u00e9 dit &#8220;Desktop Publishing&#8221; (composition automatique pour le bureau) exige conceptualisation et m\u00e9thode. Cet (ouvrage ordonn\u00e9 selon une syst\u00e9matique adapt\u00e9e \u00e0 l&#8217;ordinateur rendra ainsi de pr\u00e9cieux services comme manuel d&#8217;introduction pour ce nouveau groupe d&#8217;utilisateurs.<\/p>\n","protected":false},"excerpt":{"rendered":"<p>Cette oeuvre dont la premi\u00e8re \u00e9dition, depuis longtemps \u00e9puis\u00e9e, remonte \u00e0 1965, se pr\u00e9sente dans une version nouvelle enti\u00e8rement revue. Au moment de sa parution, ce livre pouvait \u00eatre consid\u00e9r\u00e9 comme un essai fondamentalement neuf de traiter m\u00e9thodiquement les probl\u00e8mes pos\u00e9s par la cr\u00e9ation de l&#8217;image et de la forme. Son objectif est de progresser [&hellip;]<\/p>\n","protected":false},"featured_media":30845,"template":"","meta":[],"product_cat":[55,2948,18,2952],"product_tag":[],"acf":[],"yoast_head":"<!-- This site is optimized with the Yoast SEO plugin v20.11 - https:\/\/yoast.com\/wordpress\/plugins\/seo\/ -->\n<title>MANUEL DE CR\u00c9ATION GRAPHIQUE ; FORME, SYNTH\u00c8SE, APPLICATION (2E \u00c9DITION) - Librairie 7L<\/title>\n<meta name=\"robots\" content=\"index, follow, max-snippet:-1, max-image-preview:large, max-video-preview:-1\" \/>\n<link rel=\"canonical\" href=\"https:\/\/librairie7l.com\/en\/produit\/manuel-de-creation-graphique-forme-synthese-application\/\" \/>\n<meta property=\"og:locale\" content=\"en_US\" \/>\n<meta property=\"og:type\" content=\"article\" \/>\n<meta property=\"og:title\" content=\"MANUEL DE CR\u00c9ATION GRAPHIQUE ; FORME, SYNTH\u00c8SE, APPLICATION (2E \u00c9DITION) - Librairie 7L\" \/>\n<meta property=\"og:description\" content=\"Cette oeuvre dont la premi\u00e8re \u00e9dition, depuis longtemps \u00e9puis\u00e9e, remonte \u00e0 1965, se pr\u00e9sente dans une version nouvelle enti\u00e8rement revue. Au moment de sa parution, ce livre pouvait \u00eatre consid\u00e9r\u00e9 comme un essai fondamentalement neuf de traiter m\u00e9thodiquement les probl\u00e8mes pos\u00e9s par la cr\u00e9ation de l&#8217;image et de la forme. Son objectif est de progresser [&hellip;]\" \/>\n<meta property=\"og:url\" content=\"https:\/\/librairie7l.com\/en\/produit\/manuel-de-creation-graphique-forme-synthese-application\/\" \/>\n<meta property=\"og:site_name\" content=\"Librairie 7L\" \/>\n<meta property=\"article:modified_time\" content=\"2026-04-21T05:29:04+00:00\" \/>\n<meta property=\"og:image\" content=\"https:\/\/librairie7l.com\/wp-content\/uploads\/2021\/02\/9783721210064_1_75.jpg\" \/>\n\t<meta property=\"og:image:width\" content=\"600\" \/>\n\t<meta property=\"og:image:height\" content=\"691\" \/>\n\t<meta property=\"og:image:type\" content=\"image\/jpeg\" \/>\n<meta name=\"twitter:card\" content=\"summary_large_image\" \/>\n<meta name=\"twitter:label1\" content=\"Est. reading time\" \/>\n\t<meta name=\"twitter:data1\" content=\"1 minute\" \/>\n<script type=\"application\/ld+json\" class=\"yoast-schema-graph\">{\"@context\":\"https:\/\/schema.org\",\"@graph\":[{\"@type\":\"WebPage\",\"@id\":\"https:\/\/librairie7l.com\/en\/produit\/manuel-de-creation-graphique-forme-synthese-application\/\",\"url\":\"https:\/\/librairie7l.com\/en\/produit\/manuel-de-creation-graphique-forme-synthese-application\/\",\"name\":\"MANUEL DE CR\u00c9ATION GRAPHIQUE ; FORME, SYNTH\u00c8SE, APPLICATION (2E \u00c9DITION) - Librairie 7L\",\"isPartOf\":{\"@id\":\"https:\/\/librairie7l.com\/en\/#website\"},\"datePublished\":\"2023-05-10T12:44:13+00:00\",\"dateModified\":\"2026-04-21T05:29:04+00:00\",\"breadcrumb\":{\"@id\":\"https:\/\/librairie7l.com\/en\/produit\/manuel-de-creation-graphique-forme-synthese-application\/#breadcrumb\"},\"inLanguage\":\"en-US\",\"potentialAction\":[{\"@type\":\"ReadAction\",\"target\":[\"https:\/\/librairie7l.com\/en\/produit\/manuel-de-creation-graphique-forme-synthese-application\/\"]}]},{\"@type\":\"BreadcrumbList\",\"@id\":\"https:\/\/librairie7l.com\/en\/produit\/manuel-de-creation-graphique-forme-synthese-application\/#breadcrumb\",\"itemListElement\":[{\"@type\":\"ListItem\",\"position\":1,\"name\":\"Accueil\",\"item\":\"https:\/\/librairie7l.com\/en\/\"},{\"@type\":\"ListItem\",\"position\":2,\"name\":\"Shop\",\"item\":\"https:\/\/librairie7l.com\/en\/shop\/\"},{\"@type\":\"ListItem\",\"position\":3,\"name\":\"MANUEL DE CR\u00c9ATION GRAPHIQUE ; FORME, SYNTH\u00c8SE, APPLICATION (2E \u00c9DITION)\"}]},{\"@type\":\"WebSite\",\"@id\":\"https:\/\/librairie7l.com\/en\/#website\",\"url\":\"https:\/\/librairie7l.com\/en\/\",\"name\":\"Librairie 7L\",\"description\":\"Librairie fond\u00e9e en 1999 par Karl Lagerfeld \u00e0 Paris\",\"publisher\":{\"@id\":\"https:\/\/librairie7l.com\/en\/#organization\"},\"potentialAction\":[{\"@type\":\"SearchAction\",\"target\":{\"@type\":\"EntryPoint\",\"urlTemplate\":\"https:\/\/librairie7l.com\/en\/?s={search_term_string}\"},\"query-input\":\"required name=search_term_string\"}],\"inLanguage\":\"en-US\"},{\"@type\":\"Organization\",\"@id\":\"https:\/\/librairie7l.com\/en\/#organization\",\"name\":\"Librairie 7L\",\"url\":\"https:\/\/librairie7l.com\/en\/\",\"logo\":{\"@type\":\"ImageObject\",\"inLanguage\":\"en-US\",\"@id\":\"https:\/\/librairie7l.com\/en\/#\/schema\/logo\/image\/\",\"url\":\"https:\/\/librairie7l.com\/wp-content\/uploads\/2022\/08\/logo-1.png\",\"contentUrl\":\"https:\/\/librairie7l.com\/wp-content\/uploads\/2022\/08\/logo-1.png\",\"width\":227,\"height\":301,\"caption\":\"Librairie 7L\"},\"image\":{\"@id\":\"https:\/\/librairie7l.com\/en\/#\/schema\/logo\/image\/\"}}]}<\/script>\n<!-- \/ Yoast SEO plugin. -->","yoast_head_json":{"title":"MANUEL DE CR\u00c9ATION GRAPHIQUE ; FORME, SYNTH\u00c8SE, APPLICATION (2E \u00c9DITION) - Librairie 7L","robots":{"index":"index","follow":"follow","max-snippet":"max-snippet:-1","max-image-preview":"max-image-preview:large","max-video-preview":"max-video-preview:-1"},"canonical":"https:\/\/librairie7l.com\/en\/produit\/manuel-de-creation-graphique-forme-synthese-application\/","og_locale":"en_US","og_type":"article","og_title":"MANUEL DE CR\u00c9ATION GRAPHIQUE ; FORME, SYNTH\u00c8SE, APPLICATION (2E \u00c9DITION) - Librairie 7L","og_description":"Cette oeuvre dont la premi\u00e8re \u00e9dition, depuis longtemps \u00e9puis\u00e9e, remonte \u00e0 1965, se pr\u00e9sente dans une version nouvelle enti\u00e8rement revue. Au moment de sa parution, ce livre pouvait \u00eatre consid\u00e9r\u00e9 comme un essai fondamentalement neuf de traiter m\u00e9thodiquement les probl\u00e8mes pos\u00e9s par la cr\u00e9ation de l&#8217;image et de la forme. Son objectif est de progresser [&hellip;]","og_url":"https:\/\/librairie7l.com\/en\/produit\/manuel-de-creation-graphique-forme-synthese-application\/","og_site_name":"Librairie 7L","article_modified_time":"2026-04-21T05:29:04+00:00","og_image":[{"width":600,"height":691,"url":"https:\/\/librairie7l.com\/wp-content\/uploads\/2021\/02\/9783721210064_1_75.jpg","type":"image\/jpeg"}],"twitter_card":"summary_large_image","twitter_misc":{"Est. reading time":"1 minute"},"schema":{"@context":"https:\/\/schema.org","@graph":[{"@type":"WebPage","@id":"https:\/\/librairie7l.com\/en\/produit\/manuel-de-creation-graphique-forme-synthese-application\/","url":"https:\/\/librairie7l.com\/en\/produit\/manuel-de-creation-graphique-forme-synthese-application\/","name":"MANUEL DE CR\u00c9ATION GRAPHIQUE ; FORME, SYNTH\u00c8SE, APPLICATION (2E \u00c9DITION) - Librairie 7L","isPartOf":{"@id":"https:\/\/librairie7l.com\/en\/#website"},"datePublished":"2023-05-10T12:44:13+00:00","dateModified":"2026-04-21T05:29:04+00:00","breadcrumb":{"@id":"https:\/\/librairie7l.com\/en\/produit\/manuel-de-creation-graphique-forme-synthese-application\/#breadcrumb"},"inLanguage":"en-US","potentialAction":[{"@type":"ReadAction","target":["https:\/\/librairie7l.com\/en\/produit\/manuel-de-creation-graphique-forme-synthese-application\/"]}]},{"@type":"BreadcrumbList","@id":"https:\/\/librairie7l.com\/en\/produit\/manuel-de-creation-graphique-forme-synthese-application\/#breadcrumb","itemListElement":[{"@type":"ListItem","position":1,"name":"Accueil","item":"https:\/\/librairie7l.com\/en\/"},{"@type":"ListItem","position":2,"name":"Shop","item":"https:\/\/librairie7l.com\/en\/shop\/"},{"@type":"ListItem","position":3,"name":"MANUEL DE CR\u00c9ATION GRAPHIQUE ; FORME, SYNTH\u00c8SE, APPLICATION (2E \u00c9DITION)"}]},{"@type":"WebSite","@id":"https:\/\/librairie7l.com\/en\/#website","url":"https:\/\/librairie7l.com\/en\/","name":"Librairie 7L","description":"Librairie fond\u00e9e en 1999 par Karl Lagerfeld \u00e0 Paris","publisher":{"@id":"https:\/\/librairie7l.com\/en\/#organization"},"potentialAction":[{"@type":"SearchAction","target":{"@type":"EntryPoint","urlTemplate":"https:\/\/librairie7l.com\/en\/?s={search_term_string}"},"query-input":"required name=search_term_string"}],"inLanguage":"en-US"},{"@type":"Organization","@id":"https:\/\/librairie7l.com\/en\/#organization","name":"Librairie 7L","url":"https:\/\/librairie7l.com\/en\/","logo":{"@type":"ImageObject","inLanguage":"en-US","@id":"https:\/\/librairie7l.com\/en\/#\/schema\/logo\/image\/","url":"https:\/\/librairie7l.com\/wp-content\/uploads\/2022\/08\/logo-1.png","contentUrl":"https:\/\/librairie7l.com\/wp-content\/uploads\/2022\/08\/logo-1.png","width":227,"height":301,"caption":"Librairie 7L"},"image":{"@id":"https:\/\/librairie7l.com\/en\/#\/schema\/logo\/image\/"}}]}},"_links":{"self":[{"href":"https:\/\/librairie7l.com\/en\/wp-json\/wp\/v2\/product\/30847"}],"collection":[{"href":"https:\/\/librairie7l.com\/en\/wp-json\/wp\/v2\/product"}],"about":[{"href":"https:\/\/librairie7l.com\/en\/wp-json\/wp\/v2\/types\/product"}],"wp:featuredmedia":[{"embeddable":true,"href":"https:\/\/librairie7l.com\/en\/wp-json\/wp\/v2\/media\/30845"}],"wp:attachment":[{"href":"https:\/\/librairie7l.com\/en\/wp-json\/wp\/v2\/media?parent=30847"}],"wp:term":[{"taxonomy":"product_cat","embeddable":true,"href":"https:\/\/librairie7l.com\/en\/wp-json\/wp\/v2\/product_cat?post=30847"},{"taxonomy":"product_tag","embeddable":true,"href":"https:\/\/librairie7l.com\/en\/wp-json\/wp\/v2\/product_tag?post=30847"}],"curies":[{"name":"wp","href":"https:\/\/api.w.org\/{rel}","templated":true}]}}