{"id":30883,"date":"2023-05-10T14:45:02","date_gmt":"2023-05-10T12:45:02","guid":{"rendered":"https:\/\/librairie7l.com\/?post_type=product&#038;p=30883"},"modified":"2026-04-21T18:31:07","modified_gmt":"2026-04-21T16:31:07","slug":"josef-muller-brockmann-pioneer-of-swiss-graphic-design-new-edition","status":"publish","type":"product","link":"https:\/\/librairie7l.com\/en\/produit\/josef-muller-brockmann-pioneer-of-swiss-graphic-design-new-edition\/","title":{"rendered":"JOSEF MULLER-BROCKMANN PIONEER OF SWISS GRAPHIC DESIGN (NEW EDITION)"},"content":{"rendered":"<p>R\u00e9\u00e9dition de la monographie sur le graphiste et typographe suisse Josef M\u00fcller-Brockmann. Consid\u00e9r\u00e9 comme l&#8217;une des figures marquantes du Style international ou Style suisse, son travail influenc\u00e9 par le Bauhaus et le constructivisme privil\u00e9gie les \u00e9l\u00e9ments typographiques et g\u00e9om\u00e9triques, mettant ainsi en lumi\u00e8re toute la force d&#8217;une approche minimaliste.<\/p>\n","protected":false},"excerpt":{"rendered":"<p>R\u00e9\u00e9dition de la monographie sur le graphiste et typographe suisse Josef M\u00fcller-Brockmann. Consid\u00e9r\u00e9 comme l&#8217;une des figures marquantes du Style international ou Style suisse, son travail influenc\u00e9 par le Bauhaus et le constructivisme privil\u00e9gie les \u00e9l\u00e9ments typographiques et g\u00e9om\u00e9triques, mettant ainsi en lumi\u00e8re toute la force d&#8217;une approche minimaliste.<\/p>\n","protected":false},"featured_media":30881,"template":"","meta":[],"product_cat":[55,2948,47,2953],"product_tag":[],"acf":[],"yoast_head":"<!-- This site is optimized with the Yoast SEO plugin v20.11 - https:\/\/yoast.com\/wordpress\/plugins\/seo\/ -->\n<title>JOSEF MULLER-BROCKMANN PIONEER OF SWISS GRAPHIC DESIGN (NEW EDITION) - Librairie 7L<\/title>\n<meta name=\"robots\" content=\"index, follow, max-snippet:-1, max-image-preview:large, max-video-preview:-1\" \/>\n<link rel=\"canonical\" href=\"https:\/\/librairie7l.com\/en\/produit\/josef-muller-brockmann-pioneer-of-swiss-graphic-design-new-edition\/\" \/>\n<meta property=\"og:locale\" content=\"en_US\" \/>\n<meta property=\"og:type\" content=\"article\" \/>\n<meta property=\"og:title\" content=\"JOSEF MULLER-BROCKMANN PIONEER OF SWISS GRAPHIC DESIGN (NEW EDITION) - Librairie 7L\" \/>\n<meta property=\"og:description\" content=\"R\u00e9\u00e9dition de la monographie sur le graphiste et typographe suisse Josef M\u00fcller-Brockmann. Consid\u00e9r\u00e9 comme l&#8217;une des figures marquantes du Style international ou Style suisse, son travail influenc\u00e9 par le Bauhaus et le constructivisme privil\u00e9gie les \u00e9l\u00e9ments typographiques et g\u00e9om\u00e9triques, mettant ainsi en lumi\u00e8re toute la force d&#8217;une approche minimaliste.\" \/>\n<meta property=\"og:url\" content=\"https:\/\/librairie7l.com\/en\/produit\/josef-muller-brockmann-pioneer-of-swiss-graphic-design-new-edition\/\" \/>\n<meta property=\"og:site_name\" content=\"Librairie 7L\" \/>\n<meta property=\"article:modified_time\" content=\"2026-04-21T16:31:07+00:00\" \/>\n<meta property=\"og:image\" content=\"https:\/\/librairie7l.com\/wp-content\/uploads\/2015\/05\/9783037784686_1_75.jpg\" \/>\n\t<meta property=\"og:image:width\" content=\"341\" \/>\n\t<meta property=\"og:image:height\" content=\"500\" \/>\n\t<meta property=\"og:image:type\" content=\"image\/jpeg\" \/>\n<meta name=\"twitter:card\" content=\"summary_large_image\" \/>\n<script type=\"application\/ld+json\" class=\"yoast-schema-graph\">{\"@context\":\"https:\/\/schema.org\",\"@graph\":[{\"@type\":\"WebPage\",\"@id\":\"https:\/\/librairie7l.com\/en\/produit\/josef-muller-brockmann-pioneer-of-swiss-graphic-design-new-edition\/\",\"url\":\"https:\/\/librairie7l.com\/en\/produit\/josef-muller-brockmann-pioneer-of-swiss-graphic-design-new-edition\/\",\"name\":\"JOSEF MULLER-BROCKMANN PIONEER OF SWISS GRAPHIC DESIGN (NEW EDITION) - Librairie 7L\",\"isPartOf\":{\"@id\":\"https:\/\/librairie7l.com\/en\/#website\"},\"datePublished\":\"2023-05-10T12:45:02+00:00\",\"dateModified\":\"2026-04-21T16:31:07+00:00\",\"breadcrumb\":{\"@id\":\"https:\/\/librairie7l.com\/en\/produit\/josef-muller-brockmann-pioneer-of-swiss-graphic-design-new-edition\/#breadcrumb\"},\"inLanguage\":\"en-US\",\"potentialAction\":[{\"@type\":\"ReadAction\",\"target\":[\"https:\/\/librairie7l.com\/en\/produit\/josef-muller-brockmann-pioneer-of-swiss-graphic-design-new-edition\/\"]}]},{\"@type\":\"BreadcrumbList\",\"@id\":\"https:\/\/librairie7l.com\/en\/produit\/josef-muller-brockmann-pioneer-of-swiss-graphic-design-new-edition\/#breadcrumb\",\"itemListElement\":[{\"@type\":\"ListItem\",\"position\":1,\"name\":\"Accueil\",\"item\":\"https:\/\/librairie7l.com\/en\/\"},{\"@type\":\"ListItem\",\"position\":2,\"name\":\"Shop\",\"item\":\"https:\/\/librairie7l.com\/en\/shop\/\"},{\"@type\":\"ListItem\",\"position\":3,\"name\":\"JOSEF MULLER-BROCKMANN PIONEER OF SWISS GRAPHIC DESIGN (NEW EDITION)\"}]},{\"@type\":\"WebSite\",\"@id\":\"https:\/\/librairie7l.com\/en\/#website\",\"url\":\"https:\/\/librairie7l.com\/en\/\",\"name\":\"Librairie 7L\",\"description\":\"Librairie fond\u00e9e en 1999 par Karl Lagerfeld \u00e0 Paris\",\"publisher\":{\"@id\":\"https:\/\/librairie7l.com\/en\/#organization\"},\"potentialAction\":[{\"@type\":\"SearchAction\",\"target\":{\"@type\":\"EntryPoint\",\"urlTemplate\":\"https:\/\/librairie7l.com\/en\/?s={search_term_string}\"},\"query-input\":\"required name=search_term_string\"}],\"inLanguage\":\"en-US\"},{\"@type\":\"Organization\",\"@id\":\"https:\/\/librairie7l.com\/en\/#organization\",\"name\":\"Librairie 7L\",\"url\":\"https:\/\/librairie7l.com\/en\/\",\"logo\":{\"@type\":\"ImageObject\",\"inLanguage\":\"en-US\",\"@id\":\"https:\/\/librairie7l.com\/en\/#\/schema\/logo\/image\/\",\"url\":\"https:\/\/librairie7l.com\/wp-content\/uploads\/2022\/08\/logo-1.png\",\"contentUrl\":\"https:\/\/librairie7l.com\/wp-content\/uploads\/2022\/08\/logo-1.png\",\"width\":227,\"height\":301,\"caption\":\"Librairie 7L\"},\"image\":{\"@id\":\"https:\/\/librairie7l.com\/en\/#\/schema\/logo\/image\/\"}}]}<\/script>\n<!-- \/ Yoast SEO plugin. -->","yoast_head_json":{"title":"JOSEF MULLER-BROCKMANN PIONEER OF SWISS GRAPHIC DESIGN (NEW EDITION) - Librairie 7L","robots":{"index":"index","follow":"follow","max-snippet":"max-snippet:-1","max-image-preview":"max-image-preview:large","max-video-preview":"max-video-preview:-1"},"canonical":"https:\/\/librairie7l.com\/en\/produit\/josef-muller-brockmann-pioneer-of-swiss-graphic-design-new-edition\/","og_locale":"en_US","og_type":"article","og_title":"JOSEF MULLER-BROCKMANN PIONEER OF SWISS GRAPHIC DESIGN (NEW EDITION) - Librairie 7L","og_description":"R\u00e9\u00e9dition de la monographie sur le graphiste et typographe suisse Josef M\u00fcller-Brockmann. Consid\u00e9r\u00e9 comme l&#8217;une des figures marquantes du Style international ou Style suisse, son travail influenc\u00e9 par le Bauhaus et le constructivisme privil\u00e9gie les \u00e9l\u00e9ments typographiques et g\u00e9om\u00e9triques, mettant ainsi en lumi\u00e8re toute la force d&#8217;une approche minimaliste.","og_url":"https:\/\/librairie7l.com\/en\/produit\/josef-muller-brockmann-pioneer-of-swiss-graphic-design-new-edition\/","og_site_name":"Librairie 7L","article_modified_time":"2026-04-21T16:31:07+00:00","og_image":[{"width":341,"height":500,"url":"https:\/\/librairie7l.com\/wp-content\/uploads\/2015\/05\/9783037784686_1_75.jpg","type":"image\/jpeg"}],"twitter_card":"summary_large_image","schema":{"@context":"https:\/\/schema.org","@graph":[{"@type":"WebPage","@id":"https:\/\/librairie7l.com\/en\/produit\/josef-muller-brockmann-pioneer-of-swiss-graphic-design-new-edition\/","url":"https:\/\/librairie7l.com\/en\/produit\/josef-muller-brockmann-pioneer-of-swiss-graphic-design-new-edition\/","name":"JOSEF MULLER-BROCKMANN PIONEER OF SWISS GRAPHIC DESIGN (NEW EDITION) - Librairie 7L","isPartOf":{"@id":"https:\/\/librairie7l.com\/en\/#website"},"datePublished":"2023-05-10T12:45:02+00:00","dateModified":"2026-04-21T16:31:07+00:00","breadcrumb":{"@id":"https:\/\/librairie7l.com\/en\/produit\/josef-muller-brockmann-pioneer-of-swiss-graphic-design-new-edition\/#breadcrumb"},"inLanguage":"en-US","potentialAction":[{"@type":"ReadAction","target":["https:\/\/librairie7l.com\/en\/produit\/josef-muller-brockmann-pioneer-of-swiss-graphic-design-new-edition\/"]}]},{"@type":"BreadcrumbList","@id":"https:\/\/librairie7l.com\/en\/produit\/josef-muller-brockmann-pioneer-of-swiss-graphic-design-new-edition\/#breadcrumb","itemListElement":[{"@type":"ListItem","position":1,"name":"Accueil","item":"https:\/\/librairie7l.com\/en\/"},{"@type":"ListItem","position":2,"name":"Shop","item":"https:\/\/librairie7l.com\/en\/shop\/"},{"@type":"ListItem","position":3,"name":"JOSEF MULLER-BROCKMANN PIONEER OF SWISS GRAPHIC DESIGN (NEW EDITION)"}]},{"@type":"WebSite","@id":"https:\/\/librairie7l.com\/en\/#website","url":"https:\/\/librairie7l.com\/en\/","name":"Librairie 7L","description":"Librairie fond\u00e9e en 1999 par Karl Lagerfeld \u00e0 Paris","publisher":{"@id":"https:\/\/librairie7l.com\/en\/#organization"},"potentialAction":[{"@type":"SearchAction","target":{"@type":"EntryPoint","urlTemplate":"https:\/\/librairie7l.com\/en\/?s={search_term_string}"},"query-input":"required name=search_term_string"}],"inLanguage":"en-US"},{"@type":"Organization","@id":"https:\/\/librairie7l.com\/en\/#organization","name":"Librairie 7L","url":"https:\/\/librairie7l.com\/en\/","logo":{"@type":"ImageObject","inLanguage":"en-US","@id":"https:\/\/librairie7l.com\/en\/#\/schema\/logo\/image\/","url":"https:\/\/librairie7l.com\/wp-content\/uploads\/2022\/08\/logo-1.png","contentUrl":"https:\/\/librairie7l.com\/wp-content\/uploads\/2022\/08\/logo-1.png","width":227,"height":301,"caption":"Librairie 7L"},"image":{"@id":"https:\/\/librairie7l.com\/en\/#\/schema\/logo\/image\/"}}]}},"_links":{"self":[{"href":"https:\/\/librairie7l.com\/en\/wp-json\/wp\/v2\/product\/30883"}],"collection":[{"href":"https:\/\/librairie7l.com\/en\/wp-json\/wp\/v2\/product"}],"about":[{"href":"https:\/\/librairie7l.com\/en\/wp-json\/wp\/v2\/types\/product"}],"wp:featuredmedia":[{"embeddable":true,"href":"https:\/\/librairie7l.com\/en\/wp-json\/wp\/v2\/media\/30881"}],"wp:attachment":[{"href":"https:\/\/librairie7l.com\/en\/wp-json\/wp\/v2\/media?parent=30883"}],"wp:term":[{"taxonomy":"product_cat","embeddable":true,"href":"https:\/\/librairie7l.com\/en\/wp-json\/wp\/v2\/product_cat?post=30883"},{"taxonomy":"product_tag","embeddable":true,"href":"https:\/\/librairie7l.com\/en\/wp-json\/wp\/v2\/product_tag?post=30883"}],"curies":[{"name":"wp","href":"https:\/\/api.w.org\/{rel}","templated":true}]}}