{"id":30903,"date":"2023-05-10T14:45:24","date_gmt":"2023-05-10T12:45:24","guid":{"rendered":"https:\/\/librairie7l.com\/?post_type=product&#038;p=30903"},"modified":"2026-04-05T15:26:01","modified_gmt":"2026-04-05T13:26:01","slug":"chanel-n5-catalogue-exposition","status":"publish","type":"product","link":"https:\/\/librairie7l.com\/en\/produit\/chanel-n5-catalogue-exposition\/","title":{"rendered":"CHANEL N\u00b05 ; CATALOGUE EXPOSITION"},"content":{"rendered":"<p>Moscou, Shanghai, P\u00e9kin, Canton et demain le palais de Tokyo, &#8220;Culture Chanel&#8221; d\u00e9cline \u00e0 chaque exposition l&#8217;excellence d&#8217;une image, celle de Gabrielle Chanel, une cr\u00e9ativit\u00e9 hors du commun, une \u00e9l\u00e9gance et un savoir-faire incontournables. Au palais de Tokyo, le 5 mai (5\/05), va s&#8217;ouvrir le 5e volet de la s\u00e9rie Culture Chanel consacr\u00e9e au N\u00b05.<br \/>\nJean-Louis Froment, commissaire des pr\u00e9c\u00e9dentes expositions, d\u00e9crypte le monde du N\u00b05 en rendant visibles, \u00e0 travers l&#8217;exposition et le livre, les liens qui rattachent ce parfum \u00e0 son \u00e9poque et aux courants de l&#8217;avant-garde. OEuvres d&#8217;art, photographies, archives r\u00e9v\u00e8lent l&#8217;essence artistique, intemporel et iconique de ce parfum.<br \/>\nC&#8217;est Ernest Beaux qui, apr\u00e8s avoir servi \u00e0 la cour des tsars avant de s&#8217;exiler en France chass\u00e9 par la r\u00e9volution, a imagin\u00e9 un parfum pour Gabrielle Chanel. Ce parfum, \u00e0 la nouveaut\u00e9 radicale, en fait une cr\u00e9ation qui \u00e9chappe au temps, un parfum d&#8217;\u00e9ternit\u00e9.<br \/>\nL&#8217;exposition du palais de Tokyo raconte cette histoire et en fait revivre toute sa magie. Elle commence par un jardin con\u00e7u par Piet Oudolf, ce jardin qui est une \u00e9vocation po\u00e9tique du N\u00b05. Le visiteur en traversant le jardin sera conduit vers l&#8217;exposition, et ce jardin sera visible pendant toute l&#8217;ann\u00e9e 2013.<br \/>\nTexte fran\u00e7ais et anglais<\/p>\n","protected":false},"excerpt":{"rendered":"<p>Moscou, Shanghai, P\u00e9kin, Canton et demain le palais de Tokyo, &#8220;Culture Chanel&#8221; d\u00e9cline \u00e0 chaque exposition l&#8217;excellence d&#8217;une image, celle de Gabrielle Chanel, une cr\u00e9ativit\u00e9 hors du commun, une \u00e9l\u00e9gance et un savoir-faire incontournables. Au palais de Tokyo, le 5 mai (5\/05), va s&#8217;ouvrir le 5e volet de la s\u00e9rie Culture Chanel consacr\u00e9e au N\u00b05. [&hellip;]<\/p>\n","protected":false},"featured_media":30901,"template":"","meta":[],"product_cat":[55,2948,2957,19],"product_tag":[],"acf":[],"yoast_head":"<!-- This site is optimized with the Yoast SEO plugin v20.11 - https:\/\/yoast.com\/wordpress\/plugins\/seo\/ -->\n<title>CHANEL N\u00b05 ; CATALOGUE EXPOSITION - Librairie 7L<\/title>\n<meta name=\"robots\" content=\"index, follow, max-snippet:-1, max-image-preview:large, max-video-preview:-1\" \/>\n<link rel=\"canonical\" href=\"https:\/\/librairie7l.com\/en\/produit\/chanel-n5-catalogue-exposition\/\" \/>\n<meta property=\"og:locale\" content=\"en_US\" \/>\n<meta property=\"og:type\" content=\"article\" \/>\n<meta property=\"og:title\" content=\"CHANEL N\u00b05 ; CATALOGUE EXPOSITION - Librairie 7L\" \/>\n<meta property=\"og:description\" content=\"Moscou, Shanghai, P\u00e9kin, Canton et demain le palais de Tokyo, &#8220;Culture Chanel&#8221; d\u00e9cline \u00e0 chaque exposition l&#8217;excellence d&#8217;une image, celle de Gabrielle Chanel, une cr\u00e9ativit\u00e9 hors du commun, une \u00e9l\u00e9gance et un savoir-faire incontournables. Au palais de Tokyo, le 5 mai (5\/05), va s&#8217;ouvrir le 5e volet de la s\u00e9rie Culture Chanel consacr\u00e9e au N\u00b05. [&hellip;]\" \/>\n<meta property=\"og:url\" content=\"https:\/\/librairie7l.com\/en\/produit\/chanel-n5-catalogue-exposition\/\" \/>\n<meta property=\"og:site_name\" content=\"Librairie 7L\" \/>\n<meta property=\"article:modified_time\" content=\"2026-04-05T13:26:01+00:00\" \/>\n<meta property=\"og:image\" content=\"https:\/\/librairie7l.com\/wp-content\/uploads\/2013\/04\/9782732461311_1_75.jpg\" \/>\n\t<meta property=\"og:image:width\" content=\"600\" \/>\n\t<meta property=\"og:image:height\" content=\"710\" \/>\n\t<meta property=\"og:image:type\" content=\"image\/jpeg\" \/>\n<meta name=\"twitter:card\" content=\"summary_large_image\" \/>\n<meta name=\"twitter:label1\" content=\"Est. reading time\" \/>\n\t<meta name=\"twitter:data1\" content=\"1 minute\" \/>\n<script type=\"application\/ld+json\" class=\"yoast-schema-graph\">{\"@context\":\"https:\/\/schema.org\",\"@graph\":[{\"@type\":\"WebPage\",\"@id\":\"https:\/\/librairie7l.com\/en\/produit\/chanel-n5-catalogue-exposition\/\",\"url\":\"https:\/\/librairie7l.com\/en\/produit\/chanel-n5-catalogue-exposition\/\",\"name\":\"CHANEL N\u00b05 ; CATALOGUE EXPOSITION - Librairie 7L\",\"isPartOf\":{\"@id\":\"https:\/\/librairie7l.com\/en\/#website\"},\"datePublished\":\"2023-05-10T12:45:24+00:00\",\"dateModified\":\"2026-04-05T13:26:01+00:00\",\"breadcrumb\":{\"@id\":\"https:\/\/librairie7l.com\/en\/produit\/chanel-n5-catalogue-exposition\/#breadcrumb\"},\"inLanguage\":\"en-US\",\"potentialAction\":[{\"@type\":\"ReadAction\",\"target\":[\"https:\/\/librairie7l.com\/en\/produit\/chanel-n5-catalogue-exposition\/\"]}]},{\"@type\":\"BreadcrumbList\",\"@id\":\"https:\/\/librairie7l.com\/en\/produit\/chanel-n5-catalogue-exposition\/#breadcrumb\",\"itemListElement\":[{\"@type\":\"ListItem\",\"position\":1,\"name\":\"Accueil\",\"item\":\"https:\/\/librairie7l.com\/en\/\"},{\"@type\":\"ListItem\",\"position\":2,\"name\":\"Shop\",\"item\":\"https:\/\/librairie7l.com\/en\/shop\/\"},{\"@type\":\"ListItem\",\"position\":3,\"name\":\"CHANEL N\u00b05 ; CATALOGUE EXPOSITION\"}]},{\"@type\":\"WebSite\",\"@id\":\"https:\/\/librairie7l.com\/en\/#website\",\"url\":\"https:\/\/librairie7l.com\/en\/\",\"name\":\"Librairie 7L\",\"description\":\"Librairie fond\u00e9e en 1999 par Karl Lagerfeld \u00e0 Paris\",\"publisher\":{\"@id\":\"https:\/\/librairie7l.com\/en\/#organization\"},\"potentialAction\":[{\"@type\":\"SearchAction\",\"target\":{\"@type\":\"EntryPoint\",\"urlTemplate\":\"https:\/\/librairie7l.com\/en\/?s={search_term_string}\"},\"query-input\":\"required name=search_term_string\"}],\"inLanguage\":\"en-US\"},{\"@type\":\"Organization\",\"@id\":\"https:\/\/librairie7l.com\/en\/#organization\",\"name\":\"Librairie 7L\",\"url\":\"https:\/\/librairie7l.com\/en\/\",\"logo\":{\"@type\":\"ImageObject\",\"inLanguage\":\"en-US\",\"@id\":\"https:\/\/librairie7l.com\/en\/#\/schema\/logo\/image\/\",\"url\":\"https:\/\/librairie7l.com\/wp-content\/uploads\/2022\/08\/logo-1.png\",\"contentUrl\":\"https:\/\/librairie7l.com\/wp-content\/uploads\/2022\/08\/logo-1.png\",\"width\":227,\"height\":301,\"caption\":\"Librairie 7L\"},\"image\":{\"@id\":\"https:\/\/librairie7l.com\/en\/#\/schema\/logo\/image\/\"}}]}<\/script>\n<!-- \/ Yoast SEO plugin. -->","yoast_head_json":{"title":"CHANEL N\u00b05 ; CATALOGUE EXPOSITION - Librairie 7L","robots":{"index":"index","follow":"follow","max-snippet":"max-snippet:-1","max-image-preview":"max-image-preview:large","max-video-preview":"max-video-preview:-1"},"canonical":"https:\/\/librairie7l.com\/en\/produit\/chanel-n5-catalogue-exposition\/","og_locale":"en_US","og_type":"article","og_title":"CHANEL N\u00b05 ; CATALOGUE EXPOSITION - Librairie 7L","og_description":"Moscou, Shanghai, P\u00e9kin, Canton et demain le palais de Tokyo, &#8220;Culture Chanel&#8221; d\u00e9cline \u00e0 chaque exposition l&#8217;excellence d&#8217;une image, celle de Gabrielle Chanel, une cr\u00e9ativit\u00e9 hors du commun, une \u00e9l\u00e9gance et un savoir-faire incontournables. Au palais de Tokyo, le 5 mai (5\/05), va s&#8217;ouvrir le 5e volet de la s\u00e9rie Culture Chanel consacr\u00e9e au N\u00b05. [&hellip;]","og_url":"https:\/\/librairie7l.com\/en\/produit\/chanel-n5-catalogue-exposition\/","og_site_name":"Librairie 7L","article_modified_time":"2026-04-05T13:26:01+00:00","og_image":[{"width":600,"height":710,"url":"https:\/\/librairie7l.com\/wp-content\/uploads\/2013\/04\/9782732461311_1_75.jpg","type":"image\/jpeg"}],"twitter_card":"summary_large_image","twitter_misc":{"Est. reading time":"1 minute"},"schema":{"@context":"https:\/\/schema.org","@graph":[{"@type":"WebPage","@id":"https:\/\/librairie7l.com\/en\/produit\/chanel-n5-catalogue-exposition\/","url":"https:\/\/librairie7l.com\/en\/produit\/chanel-n5-catalogue-exposition\/","name":"CHANEL N\u00b05 ; CATALOGUE EXPOSITION - Librairie 7L","isPartOf":{"@id":"https:\/\/librairie7l.com\/en\/#website"},"datePublished":"2023-05-10T12:45:24+00:00","dateModified":"2026-04-05T13:26:01+00:00","breadcrumb":{"@id":"https:\/\/librairie7l.com\/en\/produit\/chanel-n5-catalogue-exposition\/#breadcrumb"},"inLanguage":"en-US","potentialAction":[{"@type":"ReadAction","target":["https:\/\/librairie7l.com\/en\/produit\/chanel-n5-catalogue-exposition\/"]}]},{"@type":"BreadcrumbList","@id":"https:\/\/librairie7l.com\/en\/produit\/chanel-n5-catalogue-exposition\/#breadcrumb","itemListElement":[{"@type":"ListItem","position":1,"name":"Accueil","item":"https:\/\/librairie7l.com\/en\/"},{"@type":"ListItem","position":2,"name":"Shop","item":"https:\/\/librairie7l.com\/en\/shop\/"},{"@type":"ListItem","position":3,"name":"CHANEL N\u00b05 ; CATALOGUE EXPOSITION"}]},{"@type":"WebSite","@id":"https:\/\/librairie7l.com\/en\/#website","url":"https:\/\/librairie7l.com\/en\/","name":"Librairie 7L","description":"Librairie fond\u00e9e en 1999 par Karl Lagerfeld \u00e0 Paris","publisher":{"@id":"https:\/\/librairie7l.com\/en\/#organization"},"potentialAction":[{"@type":"SearchAction","target":{"@type":"EntryPoint","urlTemplate":"https:\/\/librairie7l.com\/en\/?s={search_term_string}"},"query-input":"required name=search_term_string"}],"inLanguage":"en-US"},{"@type":"Organization","@id":"https:\/\/librairie7l.com\/en\/#organization","name":"Librairie 7L","url":"https:\/\/librairie7l.com\/en\/","logo":{"@type":"ImageObject","inLanguage":"en-US","@id":"https:\/\/librairie7l.com\/en\/#\/schema\/logo\/image\/","url":"https:\/\/librairie7l.com\/wp-content\/uploads\/2022\/08\/logo-1.png","contentUrl":"https:\/\/librairie7l.com\/wp-content\/uploads\/2022\/08\/logo-1.png","width":227,"height":301,"caption":"Librairie 7L"},"image":{"@id":"https:\/\/librairie7l.com\/en\/#\/schema\/logo\/image\/"}}]}},"_links":{"self":[{"href":"https:\/\/librairie7l.com\/en\/wp-json\/wp\/v2\/product\/30903"}],"collection":[{"href":"https:\/\/librairie7l.com\/en\/wp-json\/wp\/v2\/product"}],"about":[{"href":"https:\/\/librairie7l.com\/en\/wp-json\/wp\/v2\/types\/product"}],"wp:featuredmedia":[{"embeddable":true,"href":"https:\/\/librairie7l.com\/en\/wp-json\/wp\/v2\/media\/30901"}],"wp:attachment":[{"href":"https:\/\/librairie7l.com\/en\/wp-json\/wp\/v2\/media?parent=30903"}],"wp:term":[{"taxonomy":"product_cat","embeddable":true,"href":"https:\/\/librairie7l.com\/en\/wp-json\/wp\/v2\/product_cat?post=30903"},{"taxonomy":"product_tag","embeddable":true,"href":"https:\/\/librairie7l.com\/en\/wp-json\/wp\/v2\/product_tag?post=30903"}],"curies":[{"name":"wp","href":"https:\/\/api.w.org\/{rel}","templated":true}]}}