{"id":30915,"date":"2023-05-10T14:45:40","date_gmt":"2023-05-10T12:45:40","guid":{"rendered":"https:\/\/librairie7l.com\/?post_type=product&#038;p=30915"},"modified":"2026-04-05T04:06:39","modified_gmt":"2026-04-05T02:06:39","slug":"les-chapeaux-de-madame-paulette","status":"publish","type":"product","link":"https:\/\/librairie7l.com\/en\/produit\/les-chapeaux-de-madame-paulette\/","title":{"rendered":"LES CHAPEAUX DE MADAME PAULETTE"},"content":{"rendered":"<p>Ce livre, r\u00e9dig\u00e9 par la belle-fille de cette grande dame de la mode, pr\u00e9sente pour la premi\u00e8re fois celle qu&#8217;il est convenu d&#8217;appeler la Reine des modistes. Celle qui couvrit les t\u00eates des femmes les plus c\u00e9l\u00e8bres des ann\u00e9es 1950 au d\u00e9but des ann\u00e9es 1980. Elle \u00e9tait n\u00e9e en 1900 et avait appris son m\u00e9tier dans l&#8217;entre-deux guerres pour devenir, d\u00e8s les ann\u00e9es 1940, celle dans la boutique de qui se sont succ\u00e9d\u00e9 des client\u00e8les aussi hupp\u00e9es que vari\u00e9es : des artistes telles que Greta Garbo, Marl\u00e8ne Dietrich ou Audrey Hepburn ; des femmes comme Eva Perron, la B\u00e9gum Aga khan, mais aussi la Princesse Paola, la Princesse Grace, Simone de Beauvoir ou Mme Claude Pompidou.<br \/>\nLes plus grands photographes de mode tels que Richard Avedon, Helmut Newton ou encore Horst P. Horst se battaient pour avoir les derniers mod\u00e8les de chapeaux de Madame Paulette pour leurs prises de vue dans Vogue ou Harper&#8217;s Bazaar ainsi que dans les magazines fran\u00e7ais. C&#8217;est \u00e0 elle que Cecil Beaton demanda de cr\u00e9er les chapeaux pour My fair Lady et Gigi.<br \/>\nLes ateliers de Madame Paulette pouvaient compter sur les commandes de tr\u00e8s nombreux couturiers \u00e0 commencer par Robert Piguet, qui fut un ami \u00e0 elle. Puis Pierre Balmain, Pierre Cardin, Louis F\u00e9raud&#8230; Coco Chanel, elle-m\u00eame une ancienne modiste, s&#8217;adressa \u00e0 elle. A pass\u00e9 80 ans, Madame Paulette cr\u00e9a encore des chapeaux pour des stylistes comme Claude Montana ou Thierry Mugler.<br \/>\nSon originalit\u00e9, sa formidable ind\u00e9pendance, sa capacit\u00e9 \u00e0 sentir les personnalit\u00e9s pour lesquelles elle cr\u00e9ait des chapeaux uniques, rest\u00e8rent intactes tout au long de sa longue carri\u00e8re. Elle mena sa vie tambour battant, avec beaucoup d&#8217;audace, \u00e9tendant son activit\u00e9 aux USA et en Am\u00e9rique du Sud.<br \/>\nCe livre est un hommage \u00e0 une femme remarquable qui occupa le milieu de la sc\u00e8ne de la mode dans la seconde moiti\u00e9 du XXe si\u00e8cle. Annie Schneider, disposant des archives familiales, retrace de mani\u00e8re bien document\u00e9e et dans un style alerte cette vie hors du commun. Cet ouvrage est aussi un hommage indirect \u00e0 la mode, aux couturiers et, enfin et surtout, \u00e0 cet \u00e9l\u00e9ment indissociable de l&#8217;\u00e9l\u00e9gance qu&#8217;\u00e9tait &#8211; et qui est encore &#8211; le chapeau.<\/p>\n","protected":false},"excerpt":{"rendered":"<p>Ce livre, r\u00e9dig\u00e9 par la belle-fille de cette grande dame de la mode, pr\u00e9sente pour la premi\u00e8re fois celle qu&#8217;il est convenu d&#8217;appeler la Reine des modistes. Celle qui couvrit les t\u00eates des femmes les plus c\u00e9l\u00e8bres des ann\u00e9es 1950 au d\u00e9but des ann\u00e9es 1980. Elle \u00e9tait n\u00e9e en 1900 et avait appris son m\u00e9tier [&hellip;]<\/p>\n","protected":false},"featured_media":30913,"template":"","meta":[],"product_cat":[55,2948,2957,19],"product_tag":[],"acf":[],"yoast_head":"<!-- This site is optimized with the Yoast SEO plugin v20.11 - https:\/\/yoast.com\/wordpress\/plugins\/seo\/ -->\n<title>LES CHAPEAUX DE MADAME PAULETTE - Librairie 7L<\/title>\n<meta name=\"robots\" content=\"index, follow, max-snippet:-1, max-image-preview:large, max-video-preview:-1\" \/>\n<link rel=\"canonical\" href=\"https:\/\/librairie7l.com\/en\/produit\/les-chapeaux-de-madame-paulette\/\" \/>\n<meta property=\"og:locale\" content=\"en_US\" \/>\n<meta property=\"og:type\" content=\"article\" \/>\n<meta property=\"og:title\" content=\"LES CHAPEAUX DE MADAME PAULETTE - Librairie 7L\" \/>\n<meta property=\"og:description\" content=\"Ce livre, r\u00e9dig\u00e9 par la belle-fille de cette grande dame de la mode, pr\u00e9sente pour la premi\u00e8re fois celle qu&#8217;il est convenu d&#8217;appeler la Reine des modistes. Celle qui couvrit les t\u00eates des femmes les plus c\u00e9l\u00e8bres des ann\u00e9es 1950 au d\u00e9but des ann\u00e9es 1980. Elle \u00e9tait n\u00e9e en 1900 et avait appris son m\u00e9tier [&hellip;]\" \/>\n<meta property=\"og:url\" content=\"https:\/\/librairie7l.com\/en\/produit\/les-chapeaux-de-madame-paulette\/\" \/>\n<meta property=\"og:site_name\" content=\"Librairie 7L\" \/>\n<meta property=\"article:modified_time\" content=\"2026-04-05T02:06:39+00:00\" \/>\n<meta property=\"og:image\" content=\"https:\/\/librairie7l.com\/wp-content\/uploads\/2013\/10\/9782884531856_1_75.jpg\" \/>\n\t<meta property=\"og:image:width\" content=\"400\" \/>\n\t<meta property=\"og:image:height\" content=\"588\" \/>\n\t<meta property=\"og:image:type\" content=\"image\/jpeg\" \/>\n<meta name=\"twitter:card\" content=\"summary_large_image\" \/>\n<meta name=\"twitter:label1\" content=\"Est. reading time\" \/>\n\t<meta name=\"twitter:data1\" content=\"2 minutes\" \/>\n<script type=\"application\/ld+json\" class=\"yoast-schema-graph\">{\"@context\":\"https:\/\/schema.org\",\"@graph\":[{\"@type\":\"WebPage\",\"@id\":\"https:\/\/librairie7l.com\/en\/produit\/les-chapeaux-de-madame-paulette\/\",\"url\":\"https:\/\/librairie7l.com\/en\/produit\/les-chapeaux-de-madame-paulette\/\",\"name\":\"LES CHAPEAUX DE MADAME PAULETTE - Librairie 7L\",\"isPartOf\":{\"@id\":\"https:\/\/librairie7l.com\/en\/#website\"},\"datePublished\":\"2023-05-10T12:45:40+00:00\",\"dateModified\":\"2026-04-05T02:06:39+00:00\",\"breadcrumb\":{\"@id\":\"https:\/\/librairie7l.com\/en\/produit\/les-chapeaux-de-madame-paulette\/#breadcrumb\"},\"inLanguage\":\"en-US\",\"potentialAction\":[{\"@type\":\"ReadAction\",\"target\":[\"https:\/\/librairie7l.com\/en\/produit\/les-chapeaux-de-madame-paulette\/\"]}]},{\"@type\":\"BreadcrumbList\",\"@id\":\"https:\/\/librairie7l.com\/en\/produit\/les-chapeaux-de-madame-paulette\/#breadcrumb\",\"itemListElement\":[{\"@type\":\"ListItem\",\"position\":1,\"name\":\"Accueil\",\"item\":\"https:\/\/librairie7l.com\/en\/\"},{\"@type\":\"ListItem\",\"position\":2,\"name\":\"Shop\",\"item\":\"https:\/\/librairie7l.com\/en\/shop\/\"},{\"@type\":\"ListItem\",\"position\":3,\"name\":\"LES CHAPEAUX DE MADAME PAULETTE\"}]},{\"@type\":\"WebSite\",\"@id\":\"https:\/\/librairie7l.com\/en\/#website\",\"url\":\"https:\/\/librairie7l.com\/en\/\",\"name\":\"Librairie 7L\",\"description\":\"Librairie fond\u00e9e en 1999 par Karl Lagerfeld \u00e0 Paris\",\"publisher\":{\"@id\":\"https:\/\/librairie7l.com\/en\/#organization\"},\"potentialAction\":[{\"@type\":\"SearchAction\",\"target\":{\"@type\":\"EntryPoint\",\"urlTemplate\":\"https:\/\/librairie7l.com\/en\/?s={search_term_string}\"},\"query-input\":\"required name=search_term_string\"}],\"inLanguage\":\"en-US\"},{\"@type\":\"Organization\",\"@id\":\"https:\/\/librairie7l.com\/en\/#organization\",\"name\":\"Librairie 7L\",\"url\":\"https:\/\/librairie7l.com\/en\/\",\"logo\":{\"@type\":\"ImageObject\",\"inLanguage\":\"en-US\",\"@id\":\"https:\/\/librairie7l.com\/en\/#\/schema\/logo\/image\/\",\"url\":\"https:\/\/librairie7l.com\/wp-content\/uploads\/2022\/08\/logo-1.png\",\"contentUrl\":\"https:\/\/librairie7l.com\/wp-content\/uploads\/2022\/08\/logo-1.png\",\"width\":227,\"height\":301,\"caption\":\"Librairie 7L\"},\"image\":{\"@id\":\"https:\/\/librairie7l.com\/en\/#\/schema\/logo\/image\/\"}}]}<\/script>\n<!-- \/ Yoast SEO plugin. -->","yoast_head_json":{"title":"LES CHAPEAUX DE MADAME PAULETTE - Librairie 7L","robots":{"index":"index","follow":"follow","max-snippet":"max-snippet:-1","max-image-preview":"max-image-preview:large","max-video-preview":"max-video-preview:-1"},"canonical":"https:\/\/librairie7l.com\/en\/produit\/les-chapeaux-de-madame-paulette\/","og_locale":"en_US","og_type":"article","og_title":"LES CHAPEAUX DE MADAME PAULETTE - Librairie 7L","og_description":"Ce livre, r\u00e9dig\u00e9 par la belle-fille de cette grande dame de la mode, pr\u00e9sente pour la premi\u00e8re fois celle qu&#8217;il est convenu d&#8217;appeler la Reine des modistes. Celle qui couvrit les t\u00eates des femmes les plus c\u00e9l\u00e8bres des ann\u00e9es 1950 au d\u00e9but des ann\u00e9es 1980. Elle \u00e9tait n\u00e9e en 1900 et avait appris son m\u00e9tier [&hellip;]","og_url":"https:\/\/librairie7l.com\/en\/produit\/les-chapeaux-de-madame-paulette\/","og_site_name":"Librairie 7L","article_modified_time":"2026-04-05T02:06:39+00:00","og_image":[{"width":400,"height":588,"url":"https:\/\/librairie7l.com\/wp-content\/uploads\/2013\/10\/9782884531856_1_75.jpg","type":"image\/jpeg"}],"twitter_card":"summary_large_image","twitter_misc":{"Est. reading time":"2 minutes"},"schema":{"@context":"https:\/\/schema.org","@graph":[{"@type":"WebPage","@id":"https:\/\/librairie7l.com\/en\/produit\/les-chapeaux-de-madame-paulette\/","url":"https:\/\/librairie7l.com\/en\/produit\/les-chapeaux-de-madame-paulette\/","name":"LES CHAPEAUX DE MADAME PAULETTE - Librairie 7L","isPartOf":{"@id":"https:\/\/librairie7l.com\/en\/#website"},"datePublished":"2023-05-10T12:45:40+00:00","dateModified":"2026-04-05T02:06:39+00:00","breadcrumb":{"@id":"https:\/\/librairie7l.com\/en\/produit\/les-chapeaux-de-madame-paulette\/#breadcrumb"},"inLanguage":"en-US","potentialAction":[{"@type":"ReadAction","target":["https:\/\/librairie7l.com\/en\/produit\/les-chapeaux-de-madame-paulette\/"]}]},{"@type":"BreadcrumbList","@id":"https:\/\/librairie7l.com\/en\/produit\/les-chapeaux-de-madame-paulette\/#breadcrumb","itemListElement":[{"@type":"ListItem","position":1,"name":"Accueil","item":"https:\/\/librairie7l.com\/en\/"},{"@type":"ListItem","position":2,"name":"Shop","item":"https:\/\/librairie7l.com\/en\/shop\/"},{"@type":"ListItem","position":3,"name":"LES CHAPEAUX DE MADAME PAULETTE"}]},{"@type":"WebSite","@id":"https:\/\/librairie7l.com\/en\/#website","url":"https:\/\/librairie7l.com\/en\/","name":"Librairie 7L","description":"Librairie fond\u00e9e en 1999 par Karl Lagerfeld \u00e0 Paris","publisher":{"@id":"https:\/\/librairie7l.com\/en\/#organization"},"potentialAction":[{"@type":"SearchAction","target":{"@type":"EntryPoint","urlTemplate":"https:\/\/librairie7l.com\/en\/?s={search_term_string}"},"query-input":"required name=search_term_string"}],"inLanguage":"en-US"},{"@type":"Organization","@id":"https:\/\/librairie7l.com\/en\/#organization","name":"Librairie 7L","url":"https:\/\/librairie7l.com\/en\/","logo":{"@type":"ImageObject","inLanguage":"en-US","@id":"https:\/\/librairie7l.com\/en\/#\/schema\/logo\/image\/","url":"https:\/\/librairie7l.com\/wp-content\/uploads\/2022\/08\/logo-1.png","contentUrl":"https:\/\/librairie7l.com\/wp-content\/uploads\/2022\/08\/logo-1.png","width":227,"height":301,"caption":"Librairie 7L"},"image":{"@id":"https:\/\/librairie7l.com\/en\/#\/schema\/logo\/image\/"}}]}},"_links":{"self":[{"href":"https:\/\/librairie7l.com\/en\/wp-json\/wp\/v2\/product\/30915"}],"collection":[{"href":"https:\/\/librairie7l.com\/en\/wp-json\/wp\/v2\/product"}],"about":[{"href":"https:\/\/librairie7l.com\/en\/wp-json\/wp\/v2\/types\/product"}],"wp:featuredmedia":[{"embeddable":true,"href":"https:\/\/librairie7l.com\/en\/wp-json\/wp\/v2\/media\/30913"}],"wp:attachment":[{"href":"https:\/\/librairie7l.com\/en\/wp-json\/wp\/v2\/media?parent=30915"}],"wp:term":[{"taxonomy":"product_cat","embeddable":true,"href":"https:\/\/librairie7l.com\/en\/wp-json\/wp\/v2\/product_cat?post=30915"},{"taxonomy":"product_tag","embeddable":true,"href":"https:\/\/librairie7l.com\/en\/wp-json\/wp\/v2\/product_tag?post=30915"}],"curies":[{"name":"wp","href":"https:\/\/api.w.org\/{rel}","templated":true}]}}