{"id":30919,"date":"2023-05-10T14:45:44","date_gmt":"2023-05-10T12:45:44","guid":{"rendered":"https:\/\/librairie7l.com\/?post_type=product&#038;p=30919"},"modified":"2026-04-26T12:37:08","modified_gmt":"2026-04-26T10:37:08","slug":"a-passion-for-jean-prouve-from-furniture-to-architecture","status":"publish","type":"product","link":"https:\/\/librairie7l.com\/en\/produit\/a-passion-for-jean-prouve-from-furniture-to-architecture\/","title":{"rendered":"A PASSION FOR JEAN PROUVE FROM FURNITURE TO ARCHITECTURE"},"content":{"rendered":"<p>D\u00e8s la fin des ann\u00e9es 1980, Laurence et Patrick Seguin ont \u00e9t\u00e9 s\u00e9duits par le mobilier de Jean Prouv\u00e9 qui allie des mat\u00e9riaux bruts \u00e0 une technique fine et pr\u00e9cise. La Pinacoth\u00e8que Agnelli, \u00e0 Turin, expose une quarantaine de prototypes et pi\u00e8ces rares, en provenance de la collection priv\u00e9e du couple fran\u00e7ais. Le catalogue, magnifiquement \u00e9dit\u00e9, pr\u00e9sente chaque pi\u00e8ce expos\u00e9e et est agr\u00e9ment\u00e9 de nombreux dessins et documents d&#8217;archives.<\/p>\n","protected":false},"excerpt":{"rendered":"<p>D\u00e8s la fin des ann\u00e9es 1980, Laurence et Patrick Seguin ont \u00e9t\u00e9 s\u00e9duits par le mobilier de Jean Prouv\u00e9 qui allie des mat\u00e9riaux bruts \u00e0 une technique fine et pr\u00e9cise. La Pinacoth\u00e8que Agnelli, \u00e0 Turin, expose une quarantaine de prototypes et pi\u00e8ces rares, en provenance de la collection priv\u00e9e du couple fran\u00e7ais. Le catalogue, magnifiquement [&hellip;]<\/p>\n","protected":false},"featured_media":30917,"template":"","meta":[],"product_cat":[55,2948,18,2952],"product_tag":[],"acf":[],"yoast_head":"<!-- This site is optimized with the Yoast SEO plugin v20.11 - https:\/\/yoast.com\/wordpress\/plugins\/seo\/ -->\n<title>A PASSION FOR JEAN PROUVE FROM FURNITURE TO ARCHITECTURE - Librairie 7L<\/title>\n<meta name=\"robots\" content=\"index, follow, max-snippet:-1, max-image-preview:large, max-video-preview:-1\" \/>\n<link rel=\"canonical\" href=\"https:\/\/librairie7l.com\/en\/produit\/a-passion-for-jean-prouve-from-furniture-to-architecture\/\" \/>\n<meta property=\"og:locale\" content=\"en_US\" \/>\n<meta property=\"og:type\" content=\"article\" \/>\n<meta property=\"og:title\" content=\"A PASSION FOR JEAN PROUVE FROM FURNITURE TO ARCHITECTURE - Librairie 7L\" \/>\n<meta property=\"og:description\" content=\"D\u00e8s la fin des ann\u00e9es 1980, Laurence et Patrick Seguin ont \u00e9t\u00e9 s\u00e9duits par le mobilier de Jean Prouv\u00e9 qui allie des mat\u00e9riaux bruts \u00e0 une technique fine et pr\u00e9cise. La Pinacoth\u00e8que Agnelli, \u00e0 Turin, expose une quarantaine de prototypes et pi\u00e8ces rares, en provenance de la collection priv\u00e9e du couple fran\u00e7ais. Le catalogue, magnifiquement [&hellip;]\" \/>\n<meta property=\"og:url\" content=\"https:\/\/librairie7l.com\/en\/produit\/a-passion-for-jean-prouve-from-furniture-to-architecture\/\" \/>\n<meta property=\"og:site_name\" content=\"Librairie 7L\" \/>\n<meta property=\"article:modified_time\" content=\"2026-04-26T10:37:08+00:00\" \/>\n<meta property=\"og:image\" content=\"https:\/\/librairie7l.com\/wp-content\/uploads\/2013\/04\/9788890539411_1_75.jpg\" \/>\n\t<meta property=\"og:image:width\" content=\"425\" \/>\n\t<meta property=\"og:image:height\" content=\"500\" \/>\n\t<meta property=\"og:image:type\" content=\"image\/jpeg\" \/>\n<meta name=\"twitter:card\" content=\"summary_large_image\" \/>\n<script type=\"application\/ld+json\" class=\"yoast-schema-graph\">{\"@context\":\"https:\/\/schema.org\",\"@graph\":[{\"@type\":\"WebPage\",\"@id\":\"https:\/\/librairie7l.com\/en\/produit\/a-passion-for-jean-prouve-from-furniture-to-architecture\/\",\"url\":\"https:\/\/librairie7l.com\/en\/produit\/a-passion-for-jean-prouve-from-furniture-to-architecture\/\",\"name\":\"A PASSION FOR JEAN PROUVE FROM FURNITURE TO ARCHITECTURE - Librairie 7L\",\"isPartOf\":{\"@id\":\"https:\/\/librairie7l.com\/en\/#website\"},\"datePublished\":\"2023-05-10T12:45:44+00:00\",\"dateModified\":\"2026-04-26T10:37:08+00:00\",\"breadcrumb\":{\"@id\":\"https:\/\/librairie7l.com\/en\/produit\/a-passion-for-jean-prouve-from-furniture-to-architecture\/#breadcrumb\"},\"inLanguage\":\"en-US\",\"potentialAction\":[{\"@type\":\"ReadAction\",\"target\":[\"https:\/\/librairie7l.com\/en\/produit\/a-passion-for-jean-prouve-from-furniture-to-architecture\/\"]}]},{\"@type\":\"BreadcrumbList\",\"@id\":\"https:\/\/librairie7l.com\/en\/produit\/a-passion-for-jean-prouve-from-furniture-to-architecture\/#breadcrumb\",\"itemListElement\":[{\"@type\":\"ListItem\",\"position\":1,\"name\":\"Accueil\",\"item\":\"https:\/\/librairie7l.com\/en\/\"},{\"@type\":\"ListItem\",\"position\":2,\"name\":\"Shop\",\"item\":\"https:\/\/librairie7l.com\/en\/shop\/\"},{\"@type\":\"ListItem\",\"position\":3,\"name\":\"A PASSION FOR JEAN PROUVE FROM FURNITURE TO ARCHITECTURE\"}]},{\"@type\":\"WebSite\",\"@id\":\"https:\/\/librairie7l.com\/en\/#website\",\"url\":\"https:\/\/librairie7l.com\/en\/\",\"name\":\"Librairie 7L\",\"description\":\"Librairie fond\u00e9e en 1999 par Karl Lagerfeld \u00e0 Paris\",\"publisher\":{\"@id\":\"https:\/\/librairie7l.com\/en\/#organization\"},\"potentialAction\":[{\"@type\":\"SearchAction\",\"target\":{\"@type\":\"EntryPoint\",\"urlTemplate\":\"https:\/\/librairie7l.com\/en\/?s={search_term_string}\"},\"query-input\":\"required name=search_term_string\"}],\"inLanguage\":\"en-US\"},{\"@type\":\"Organization\",\"@id\":\"https:\/\/librairie7l.com\/en\/#organization\",\"name\":\"Librairie 7L\",\"url\":\"https:\/\/librairie7l.com\/en\/\",\"logo\":{\"@type\":\"ImageObject\",\"inLanguage\":\"en-US\",\"@id\":\"https:\/\/librairie7l.com\/en\/#\/schema\/logo\/image\/\",\"url\":\"https:\/\/librairie7l.com\/wp-content\/uploads\/2022\/08\/logo-1.png\",\"contentUrl\":\"https:\/\/librairie7l.com\/wp-content\/uploads\/2022\/08\/logo-1.png\",\"width\":227,\"height\":301,\"caption\":\"Librairie 7L\"},\"image\":{\"@id\":\"https:\/\/librairie7l.com\/en\/#\/schema\/logo\/image\/\"}}]}<\/script>\n<!-- \/ Yoast SEO plugin. -->","yoast_head_json":{"title":"A PASSION FOR JEAN PROUVE FROM FURNITURE TO ARCHITECTURE - Librairie 7L","robots":{"index":"index","follow":"follow","max-snippet":"max-snippet:-1","max-image-preview":"max-image-preview:large","max-video-preview":"max-video-preview:-1"},"canonical":"https:\/\/librairie7l.com\/en\/produit\/a-passion-for-jean-prouve-from-furniture-to-architecture\/","og_locale":"en_US","og_type":"article","og_title":"A PASSION FOR JEAN PROUVE FROM FURNITURE TO ARCHITECTURE - Librairie 7L","og_description":"D\u00e8s la fin des ann\u00e9es 1980, Laurence et Patrick Seguin ont \u00e9t\u00e9 s\u00e9duits par le mobilier de Jean Prouv\u00e9 qui allie des mat\u00e9riaux bruts \u00e0 une technique fine et pr\u00e9cise. La Pinacoth\u00e8que Agnelli, \u00e0 Turin, expose une quarantaine de prototypes et pi\u00e8ces rares, en provenance de la collection priv\u00e9e du couple fran\u00e7ais. Le catalogue, magnifiquement [&hellip;]","og_url":"https:\/\/librairie7l.com\/en\/produit\/a-passion-for-jean-prouve-from-furniture-to-architecture\/","og_site_name":"Librairie 7L","article_modified_time":"2026-04-26T10:37:08+00:00","og_image":[{"width":425,"height":500,"url":"https:\/\/librairie7l.com\/wp-content\/uploads\/2013\/04\/9788890539411_1_75.jpg","type":"image\/jpeg"}],"twitter_card":"summary_large_image","schema":{"@context":"https:\/\/schema.org","@graph":[{"@type":"WebPage","@id":"https:\/\/librairie7l.com\/en\/produit\/a-passion-for-jean-prouve-from-furniture-to-architecture\/","url":"https:\/\/librairie7l.com\/en\/produit\/a-passion-for-jean-prouve-from-furniture-to-architecture\/","name":"A PASSION FOR JEAN PROUVE FROM FURNITURE TO ARCHITECTURE - Librairie 7L","isPartOf":{"@id":"https:\/\/librairie7l.com\/en\/#website"},"datePublished":"2023-05-10T12:45:44+00:00","dateModified":"2026-04-26T10:37:08+00:00","breadcrumb":{"@id":"https:\/\/librairie7l.com\/en\/produit\/a-passion-for-jean-prouve-from-furniture-to-architecture\/#breadcrumb"},"inLanguage":"en-US","potentialAction":[{"@type":"ReadAction","target":["https:\/\/librairie7l.com\/en\/produit\/a-passion-for-jean-prouve-from-furniture-to-architecture\/"]}]},{"@type":"BreadcrumbList","@id":"https:\/\/librairie7l.com\/en\/produit\/a-passion-for-jean-prouve-from-furniture-to-architecture\/#breadcrumb","itemListElement":[{"@type":"ListItem","position":1,"name":"Accueil","item":"https:\/\/librairie7l.com\/en\/"},{"@type":"ListItem","position":2,"name":"Shop","item":"https:\/\/librairie7l.com\/en\/shop\/"},{"@type":"ListItem","position":3,"name":"A PASSION FOR JEAN PROUVE FROM FURNITURE TO ARCHITECTURE"}]},{"@type":"WebSite","@id":"https:\/\/librairie7l.com\/en\/#website","url":"https:\/\/librairie7l.com\/en\/","name":"Librairie 7L","description":"Librairie fond\u00e9e en 1999 par Karl Lagerfeld \u00e0 Paris","publisher":{"@id":"https:\/\/librairie7l.com\/en\/#organization"},"potentialAction":[{"@type":"SearchAction","target":{"@type":"EntryPoint","urlTemplate":"https:\/\/librairie7l.com\/en\/?s={search_term_string}"},"query-input":"required name=search_term_string"}],"inLanguage":"en-US"},{"@type":"Organization","@id":"https:\/\/librairie7l.com\/en\/#organization","name":"Librairie 7L","url":"https:\/\/librairie7l.com\/en\/","logo":{"@type":"ImageObject","inLanguage":"en-US","@id":"https:\/\/librairie7l.com\/en\/#\/schema\/logo\/image\/","url":"https:\/\/librairie7l.com\/wp-content\/uploads\/2022\/08\/logo-1.png","contentUrl":"https:\/\/librairie7l.com\/wp-content\/uploads\/2022\/08\/logo-1.png","width":227,"height":301,"caption":"Librairie 7L"},"image":{"@id":"https:\/\/librairie7l.com\/en\/#\/schema\/logo\/image\/"}}]}},"_links":{"self":[{"href":"https:\/\/librairie7l.com\/en\/wp-json\/wp\/v2\/product\/30919"}],"collection":[{"href":"https:\/\/librairie7l.com\/en\/wp-json\/wp\/v2\/product"}],"about":[{"href":"https:\/\/librairie7l.com\/en\/wp-json\/wp\/v2\/types\/product"}],"wp:featuredmedia":[{"embeddable":true,"href":"https:\/\/librairie7l.com\/en\/wp-json\/wp\/v2\/media\/30917"}],"wp:attachment":[{"href":"https:\/\/librairie7l.com\/en\/wp-json\/wp\/v2\/media?parent=30919"}],"wp:term":[{"taxonomy":"product_cat","embeddable":true,"href":"https:\/\/librairie7l.com\/en\/wp-json\/wp\/v2\/product_cat?post=30919"},{"taxonomy":"product_tag","embeddable":true,"href":"https:\/\/librairie7l.com\/en\/wp-json\/wp\/v2\/product_tag?post=30919"}],"curies":[{"name":"wp","href":"https:\/\/api.w.org\/{rel}","templated":true}]}}