{"id":30931,"date":"2023-05-10T14:46:00","date_gmt":"2023-05-10T12:46:00","guid":{"rendered":"https:\/\/librairie7l.com\/?post_type=product&#038;p=30931"},"modified":"2026-04-26T13:56:25","modified_gmt":"2026-04-26T11:56:25","slug":"mode-et-tissus-high-tech","status":"publish","type":"product","link":"https:\/\/librairie7l.com\/en\/produit\/mode-et-tissus-high-tech\/","title":{"rendered":"MODE ET TISSUS HIGH-TECH"},"content":{"rendered":"<p>Cet ouvrage fait d\u00e9couvrir \u00e0 un lectorat d&#8217;amateurs et de professionnels, de mani\u00e8re aussi didactique que divertissante, tous les secrets des textiles innovants.<br \/>\nChacun des quatre premiers chapitres d\u00e9crypte les propri\u00e9t\u00e9s souvent fascinantes des tissus high-tech selon leur type d&#8217;application :<br \/>\n&#8211; les performances des tissus mis au point \u00e0 l&#8217;attention des sportifs de haut niveau et leur application grand public.<br \/>\n&#8211; les prouesses des textiles qui rendent notre garde-robe quotidienne tellement plus confortable.<br \/>\n&#8211; les vertus des \u00e9toffes dites \u00e9cologiques ou favorisant le d\u00e9veloppement durable.<br \/>\n&#8211; la magie des tissus du futur, \u00e0 deux fils de quitter le registre de la science-fiction&#8230;<br \/>\nDans une deuxi\u00e8me partie, l&#8217;ouvrage se pr\u00e9sente sous la forme d&#8217;un v\u00e9ritable guide avec :<br \/>\n&#8211; un inventaire des emprunts au vestiaire des sportifs.<br \/>\n&#8211; un r\u00e9pertoire des cr\u00e9ateurs et couturiers qui ont marqu\u00e9 la mode en mati\u00e8re d&#8217;innovation textile.<br \/>\n&#8211; les rep\u00e8res chronologiques de l&#8217;innovation textile.<br \/>\n&#8211; l&#8217;ab\u00e9c\u00e9daire des termes techniques.<\/p>\n","protected":false},"excerpt":{"rendered":"<p>Cet ouvrage fait d\u00e9couvrir \u00e0 un lectorat d&#8217;amateurs et de professionnels, de mani\u00e8re aussi didactique que divertissante, tous les secrets des textiles innovants. Chacun des quatre premiers chapitres d\u00e9crypte les propri\u00e9t\u00e9s souvent fascinantes des tissus high-tech selon leur type d&#8217;application : &#8211; les performances des tissus mis au point \u00e0 l&#8217;attention des sportifs de haut [&hellip;]<\/p>\n","protected":false},"featured_media":30929,"template":"","meta":[],"product_cat":[2948,2957],"product_tag":[],"acf":[],"yoast_head":"<!-- This site is optimized with the Yoast SEO plugin v20.11 - https:\/\/yoast.com\/wordpress\/plugins\/seo\/ -->\n<title>MODE ET TISSUS HIGH-TECH - Librairie 7L<\/title>\n<meta name=\"robots\" content=\"index, follow, max-snippet:-1, max-image-preview:large, max-video-preview:-1\" \/>\n<link rel=\"canonical\" href=\"https:\/\/librairie7l.com\/en\/produit\/mode-et-tissus-high-tech\/\" \/>\n<meta property=\"og:locale\" content=\"en_US\" \/>\n<meta property=\"og:type\" content=\"article\" \/>\n<meta property=\"og:title\" content=\"MODE ET TISSUS HIGH-TECH - Librairie 7L\" \/>\n<meta property=\"og:description\" content=\"Cet ouvrage fait d\u00e9couvrir \u00e0 un lectorat d&#8217;amateurs et de professionnels, de mani\u00e8re aussi didactique que divertissante, tous les secrets des textiles innovants. Chacun des quatre premiers chapitres d\u00e9crypte les propri\u00e9t\u00e9s souvent fascinantes des tissus high-tech selon leur type d&#8217;application : &#8211; les performances des tissus mis au point \u00e0 l&#8217;attention des sportifs de haut [&hellip;]\" \/>\n<meta property=\"og:url\" content=\"https:\/\/librairie7l.com\/en\/produit\/mode-et-tissus-high-tech\/\" \/>\n<meta property=\"og:site_name\" content=\"Librairie 7L\" \/>\n<meta property=\"article:modified_time\" content=\"2026-04-26T11:56:25+00:00\" \/>\n<meta property=\"og:image\" content=\"https:\/\/librairie7l.com\/wp-content\/uploads\/2012\/05\/9782918579137_1_75.jpg\" \/>\n\t<meta property=\"og:image:width\" content=\"355\" \/>\n\t<meta property=\"og:image:height\" content=\"475\" \/>\n\t<meta property=\"og:image:type\" content=\"image\/jpeg\" \/>\n<meta name=\"twitter:card\" content=\"summary_large_image\" \/>\n<meta name=\"twitter:label1\" content=\"Est. reading time\" \/>\n\t<meta name=\"twitter:data1\" content=\"1 minute\" \/>\n<script type=\"application\/ld+json\" class=\"yoast-schema-graph\">{\"@context\":\"https:\/\/schema.org\",\"@graph\":[{\"@type\":\"WebPage\",\"@id\":\"https:\/\/librairie7l.com\/en\/produit\/mode-et-tissus-high-tech\/\",\"url\":\"https:\/\/librairie7l.com\/en\/produit\/mode-et-tissus-high-tech\/\",\"name\":\"MODE ET TISSUS HIGH-TECH - Librairie 7L\",\"isPartOf\":{\"@id\":\"https:\/\/librairie7l.com\/en\/#website\"},\"datePublished\":\"2023-05-10T12:46:00+00:00\",\"dateModified\":\"2026-04-26T11:56:25+00:00\",\"breadcrumb\":{\"@id\":\"https:\/\/librairie7l.com\/en\/produit\/mode-et-tissus-high-tech\/#breadcrumb\"},\"inLanguage\":\"en-US\",\"potentialAction\":[{\"@type\":\"ReadAction\",\"target\":[\"https:\/\/librairie7l.com\/en\/produit\/mode-et-tissus-high-tech\/\"]}]},{\"@type\":\"BreadcrumbList\",\"@id\":\"https:\/\/librairie7l.com\/en\/produit\/mode-et-tissus-high-tech\/#breadcrumb\",\"itemListElement\":[{\"@type\":\"ListItem\",\"position\":1,\"name\":\"Accueil\",\"item\":\"https:\/\/librairie7l.com\/en\/\"},{\"@type\":\"ListItem\",\"position\":2,\"name\":\"Shop\",\"item\":\"https:\/\/librairie7l.com\/en\/shop\/\"},{\"@type\":\"ListItem\",\"position\":3,\"name\":\"MODE ET TISSUS HIGH-TECH\"}]},{\"@type\":\"WebSite\",\"@id\":\"https:\/\/librairie7l.com\/en\/#website\",\"url\":\"https:\/\/librairie7l.com\/en\/\",\"name\":\"Librairie 7L\",\"description\":\"Librairie fond\u00e9e en 1999 par Karl Lagerfeld \u00e0 Paris\",\"publisher\":{\"@id\":\"https:\/\/librairie7l.com\/en\/#organization\"},\"potentialAction\":[{\"@type\":\"SearchAction\",\"target\":{\"@type\":\"EntryPoint\",\"urlTemplate\":\"https:\/\/librairie7l.com\/en\/?s={search_term_string}\"},\"query-input\":\"required name=search_term_string\"}],\"inLanguage\":\"en-US\"},{\"@type\":\"Organization\",\"@id\":\"https:\/\/librairie7l.com\/en\/#organization\",\"name\":\"Librairie 7L\",\"url\":\"https:\/\/librairie7l.com\/en\/\",\"logo\":{\"@type\":\"ImageObject\",\"inLanguage\":\"en-US\",\"@id\":\"https:\/\/librairie7l.com\/en\/#\/schema\/logo\/image\/\",\"url\":\"https:\/\/librairie7l.com\/wp-content\/uploads\/2022\/08\/logo-1.png\",\"contentUrl\":\"https:\/\/librairie7l.com\/wp-content\/uploads\/2022\/08\/logo-1.png\",\"width\":227,\"height\":301,\"caption\":\"Librairie 7L\"},\"image\":{\"@id\":\"https:\/\/librairie7l.com\/en\/#\/schema\/logo\/image\/\"}}]}<\/script>\n<!-- \/ Yoast SEO plugin. -->","yoast_head_json":{"title":"MODE ET TISSUS HIGH-TECH - Librairie 7L","robots":{"index":"index","follow":"follow","max-snippet":"max-snippet:-1","max-image-preview":"max-image-preview:large","max-video-preview":"max-video-preview:-1"},"canonical":"https:\/\/librairie7l.com\/en\/produit\/mode-et-tissus-high-tech\/","og_locale":"en_US","og_type":"article","og_title":"MODE ET TISSUS HIGH-TECH - Librairie 7L","og_description":"Cet ouvrage fait d\u00e9couvrir \u00e0 un lectorat d&#8217;amateurs et de professionnels, de mani\u00e8re aussi didactique que divertissante, tous les secrets des textiles innovants. Chacun des quatre premiers chapitres d\u00e9crypte les propri\u00e9t\u00e9s souvent fascinantes des tissus high-tech selon leur type d&#8217;application : &#8211; les performances des tissus mis au point \u00e0 l&#8217;attention des sportifs de haut [&hellip;]","og_url":"https:\/\/librairie7l.com\/en\/produit\/mode-et-tissus-high-tech\/","og_site_name":"Librairie 7L","article_modified_time":"2026-04-26T11:56:25+00:00","og_image":[{"width":355,"height":475,"url":"https:\/\/librairie7l.com\/wp-content\/uploads\/2012\/05\/9782918579137_1_75.jpg","type":"image\/jpeg"}],"twitter_card":"summary_large_image","twitter_misc":{"Est. reading time":"1 minute"},"schema":{"@context":"https:\/\/schema.org","@graph":[{"@type":"WebPage","@id":"https:\/\/librairie7l.com\/en\/produit\/mode-et-tissus-high-tech\/","url":"https:\/\/librairie7l.com\/en\/produit\/mode-et-tissus-high-tech\/","name":"MODE ET TISSUS HIGH-TECH - Librairie 7L","isPartOf":{"@id":"https:\/\/librairie7l.com\/en\/#website"},"datePublished":"2023-05-10T12:46:00+00:00","dateModified":"2026-04-26T11:56:25+00:00","breadcrumb":{"@id":"https:\/\/librairie7l.com\/en\/produit\/mode-et-tissus-high-tech\/#breadcrumb"},"inLanguage":"en-US","potentialAction":[{"@type":"ReadAction","target":["https:\/\/librairie7l.com\/en\/produit\/mode-et-tissus-high-tech\/"]}]},{"@type":"BreadcrumbList","@id":"https:\/\/librairie7l.com\/en\/produit\/mode-et-tissus-high-tech\/#breadcrumb","itemListElement":[{"@type":"ListItem","position":1,"name":"Accueil","item":"https:\/\/librairie7l.com\/en\/"},{"@type":"ListItem","position":2,"name":"Shop","item":"https:\/\/librairie7l.com\/en\/shop\/"},{"@type":"ListItem","position":3,"name":"MODE ET TISSUS HIGH-TECH"}]},{"@type":"WebSite","@id":"https:\/\/librairie7l.com\/en\/#website","url":"https:\/\/librairie7l.com\/en\/","name":"Librairie 7L","description":"Librairie fond\u00e9e en 1999 par Karl Lagerfeld \u00e0 Paris","publisher":{"@id":"https:\/\/librairie7l.com\/en\/#organization"},"potentialAction":[{"@type":"SearchAction","target":{"@type":"EntryPoint","urlTemplate":"https:\/\/librairie7l.com\/en\/?s={search_term_string}"},"query-input":"required name=search_term_string"}],"inLanguage":"en-US"},{"@type":"Organization","@id":"https:\/\/librairie7l.com\/en\/#organization","name":"Librairie 7L","url":"https:\/\/librairie7l.com\/en\/","logo":{"@type":"ImageObject","inLanguage":"en-US","@id":"https:\/\/librairie7l.com\/en\/#\/schema\/logo\/image\/","url":"https:\/\/librairie7l.com\/wp-content\/uploads\/2022\/08\/logo-1.png","contentUrl":"https:\/\/librairie7l.com\/wp-content\/uploads\/2022\/08\/logo-1.png","width":227,"height":301,"caption":"Librairie 7L"},"image":{"@id":"https:\/\/librairie7l.com\/en\/#\/schema\/logo\/image\/"}}]}},"_links":{"self":[{"href":"https:\/\/librairie7l.com\/en\/wp-json\/wp\/v2\/product\/30931"}],"collection":[{"href":"https:\/\/librairie7l.com\/en\/wp-json\/wp\/v2\/product"}],"about":[{"href":"https:\/\/librairie7l.com\/en\/wp-json\/wp\/v2\/types\/product"}],"wp:featuredmedia":[{"embeddable":true,"href":"https:\/\/librairie7l.com\/en\/wp-json\/wp\/v2\/media\/30929"}],"wp:attachment":[{"href":"https:\/\/librairie7l.com\/en\/wp-json\/wp\/v2\/media?parent=30931"}],"wp:term":[{"taxonomy":"product_cat","embeddable":true,"href":"https:\/\/librairie7l.com\/en\/wp-json\/wp\/v2\/product_cat?post=30931"},{"taxonomy":"product_tag","embeddable":true,"href":"https:\/\/librairie7l.com\/en\/wp-json\/wp\/v2\/product_tag?post=30931"}],"curies":[{"name":"wp","href":"https:\/\/api.w.org\/{rel}","templated":true}]}}