{"id":30951,"date":"2023-05-10T14:46:26","date_gmt":"2023-05-10T12:46:26","guid":{"rendered":"https:\/\/librairie7l.com\/?post_type=product&#038;p=30951"},"modified":"2026-04-11T07:07:01","modified_gmt":"2026-04-11T05:07:01","slug":"textiles-innovations-et-matieres-actives","status":"publish","type":"product","link":"https:\/\/librairie7l.com\/en\/produit\/textiles-innovations-et-matieres-actives\/","title":{"rendered":"TEXTILES ; INNOVATIONS ET MATI\u00c8RES ACTIVES"},"content":{"rendered":"<p>Depuis leur apparition dans les ann\u00e9es 1980, les textiles \u00e0 fonctions actives, dits aussi &#8220;textiles intelligents&#8221;, &#8220;smart textiles&#8221; ou &#8220;e-textiles&#8221;, sont un march\u00e9 en pleine expansion. Leur apparente simplicit\u00e9 cache une complexit\u00e9 de conception passionnante. Entre technologie et artisanat, leur design est un exercice de haute voltige o\u00f9 des \u00e9quipes pluridisciplinaires doivent se comprendre et unir leurs comp\u00e9tences.<\/p>\n<p>A travers de multiples exemples puis\u00e9s dans les domaines de la mode, du design, de l&#8217;art, de l&#8217;architecture, de la sant\u00e9 et du sport, cet ouvrage met en lumi\u00e8re les applications fascinantes de ces nouvelles mati\u00e8res, qui du statut de textiles techniques glissent vers le monde informel des mati\u00e8res souples et interactives dont l&#8217;action se d\u00e9ploie bien au-del\u00e0 de leurs propres limites physiques. Textiles, innovations et mati\u00e8res actives d\u00e9voile les connexions impalpables entre les sciences et l&#8217;onirique, seuil extr\u00eame de la pens\u00e9e humaine.<\/p>\n<p>Par son expertise transversale et europ\u00e9enne de l&#8217;\u00e9volution des nouveaux textiles, cet ouvrage se veut la somme des derni\u00e8res tendances et des nouveaux process de cr\u00e9ation associant d\u00e9marches \u00e9thiques et \u00e9cologiques. Magnifiquement illustr\u00e9, il se pr\u00e9sente comme un vaste workshop, laissant l&#8217;image et la parole \u00e0 la quasi-totalit\u00e9 des professionnels concern\u00e9s, acteurs du design et de la cr\u00e9ation mais aussi de nombreux domaines connexes.<\/p>\n","protected":false},"excerpt":{"rendered":"<p>Depuis leur apparition dans les ann\u00e9es 1980, les textiles \u00e0 fonctions actives, dits aussi &#8220;textiles intelligents&#8221;, &#8220;smart textiles&#8221; ou &#8220;e-textiles&#8221;, sont un march\u00e9 en pleine expansion. Leur apparente simplicit\u00e9 cache une complexit\u00e9 de conception passionnante. Entre technologie et artisanat, leur design est un exercice de haute voltige o\u00f9 des \u00e9quipes pluridisciplinaires doivent se comprendre et [&hellip;]<\/p>\n","protected":false},"featured_media":30949,"template":"","meta":[],"product_cat":[55,2948,2957,19],"product_tag":[],"acf":[],"yoast_head":"<!-- This site is optimized with the Yoast SEO plugin v20.11 - https:\/\/yoast.com\/wordpress\/plugins\/seo\/ -->\n<title>TEXTILES ; INNOVATIONS ET MATI\u00c8RES ACTIVES - Librairie 7L<\/title>\n<meta name=\"robots\" content=\"index, follow, max-snippet:-1, max-image-preview:large, max-video-preview:-1\" \/>\n<link rel=\"canonical\" href=\"https:\/\/librairie7l.com\/en\/produit\/textiles-innovations-et-matieres-actives\/\" \/>\n<meta property=\"og:locale\" content=\"en_US\" \/>\n<meta property=\"og:type\" content=\"article\" \/>\n<meta property=\"og:title\" content=\"TEXTILES ; INNOVATIONS ET MATI\u00c8RES ACTIVES - Librairie 7L\" \/>\n<meta property=\"og:description\" content=\"Depuis leur apparition dans les ann\u00e9es 1980, les textiles \u00e0 fonctions actives, dits aussi &#8220;textiles intelligents&#8221;, &#8220;smart textiles&#8221; ou &#8220;e-textiles&#8221;, sont un march\u00e9 en pleine expansion. Leur apparente simplicit\u00e9 cache une complexit\u00e9 de conception passionnante. Entre technologie et artisanat, leur design est un exercice de haute voltige o\u00f9 des \u00e9quipes pluridisciplinaires doivent se comprendre et [&hellip;]\" \/>\n<meta property=\"og:url\" content=\"https:\/\/librairie7l.com\/en\/produit\/textiles-innovations-et-matieres-actives\/\" \/>\n<meta property=\"og:site_name\" content=\"Librairie 7L\" \/>\n<meta property=\"article:modified_time\" content=\"2026-04-11T05:07:01+00:00\" \/>\n<meta property=\"og:image\" content=\"https:\/\/librairie7l.com\/wp-content\/uploads\/2013\/09\/9782212136104_1_75.jpg\" \/>\n\t<meta property=\"og:image:width\" content=\"1000\" \/>\n\t<meta property=\"og:image:height\" content=\"1239\" \/>\n\t<meta property=\"og:image:type\" content=\"image\/jpeg\" \/>\n<meta name=\"twitter:card\" content=\"summary_large_image\" \/>\n<meta name=\"twitter:label1\" content=\"Est. reading time\" \/>\n\t<meta name=\"twitter:data1\" content=\"1 minute\" \/>\n<script type=\"application\/ld+json\" class=\"yoast-schema-graph\">{\"@context\":\"https:\/\/schema.org\",\"@graph\":[{\"@type\":\"WebPage\",\"@id\":\"https:\/\/librairie7l.com\/en\/produit\/textiles-innovations-et-matieres-actives\/\",\"url\":\"https:\/\/librairie7l.com\/en\/produit\/textiles-innovations-et-matieres-actives\/\",\"name\":\"TEXTILES ; INNOVATIONS ET MATI\u00c8RES ACTIVES - Librairie 7L\",\"isPartOf\":{\"@id\":\"https:\/\/librairie7l.com\/en\/#website\"},\"datePublished\":\"2023-05-10T12:46:26+00:00\",\"dateModified\":\"2026-04-11T05:07:01+00:00\",\"breadcrumb\":{\"@id\":\"https:\/\/librairie7l.com\/en\/produit\/textiles-innovations-et-matieres-actives\/#breadcrumb\"},\"inLanguage\":\"en-US\",\"potentialAction\":[{\"@type\":\"ReadAction\",\"target\":[\"https:\/\/librairie7l.com\/en\/produit\/textiles-innovations-et-matieres-actives\/\"]}]},{\"@type\":\"BreadcrumbList\",\"@id\":\"https:\/\/librairie7l.com\/en\/produit\/textiles-innovations-et-matieres-actives\/#breadcrumb\",\"itemListElement\":[{\"@type\":\"ListItem\",\"position\":1,\"name\":\"Accueil\",\"item\":\"https:\/\/librairie7l.com\/en\/\"},{\"@type\":\"ListItem\",\"position\":2,\"name\":\"Shop\",\"item\":\"https:\/\/librairie7l.com\/en\/shop\/\"},{\"@type\":\"ListItem\",\"position\":3,\"name\":\"TEXTILES ; INNOVATIONS ET MATI\u00c8RES ACTIVES\"}]},{\"@type\":\"WebSite\",\"@id\":\"https:\/\/librairie7l.com\/en\/#website\",\"url\":\"https:\/\/librairie7l.com\/en\/\",\"name\":\"Librairie 7L\",\"description\":\"Librairie fond\u00e9e en 1999 par Karl Lagerfeld \u00e0 Paris\",\"publisher\":{\"@id\":\"https:\/\/librairie7l.com\/en\/#organization\"},\"potentialAction\":[{\"@type\":\"SearchAction\",\"target\":{\"@type\":\"EntryPoint\",\"urlTemplate\":\"https:\/\/librairie7l.com\/en\/?s={search_term_string}\"},\"query-input\":\"required name=search_term_string\"}],\"inLanguage\":\"en-US\"},{\"@type\":\"Organization\",\"@id\":\"https:\/\/librairie7l.com\/en\/#organization\",\"name\":\"Librairie 7L\",\"url\":\"https:\/\/librairie7l.com\/en\/\",\"logo\":{\"@type\":\"ImageObject\",\"inLanguage\":\"en-US\",\"@id\":\"https:\/\/librairie7l.com\/en\/#\/schema\/logo\/image\/\",\"url\":\"https:\/\/librairie7l.com\/wp-content\/uploads\/2022\/08\/logo-1.png\",\"contentUrl\":\"https:\/\/librairie7l.com\/wp-content\/uploads\/2022\/08\/logo-1.png\",\"width\":227,\"height\":301,\"caption\":\"Librairie 7L\"},\"image\":{\"@id\":\"https:\/\/librairie7l.com\/en\/#\/schema\/logo\/image\/\"}}]}<\/script>\n<!-- \/ Yoast SEO plugin. -->","yoast_head_json":{"title":"TEXTILES ; INNOVATIONS ET MATI\u00c8RES ACTIVES - Librairie 7L","robots":{"index":"index","follow":"follow","max-snippet":"max-snippet:-1","max-image-preview":"max-image-preview:large","max-video-preview":"max-video-preview:-1"},"canonical":"https:\/\/librairie7l.com\/en\/produit\/textiles-innovations-et-matieres-actives\/","og_locale":"en_US","og_type":"article","og_title":"TEXTILES ; INNOVATIONS ET MATI\u00c8RES ACTIVES - Librairie 7L","og_description":"Depuis leur apparition dans les ann\u00e9es 1980, les textiles \u00e0 fonctions actives, dits aussi &#8220;textiles intelligents&#8221;, &#8220;smart textiles&#8221; ou &#8220;e-textiles&#8221;, sont un march\u00e9 en pleine expansion. Leur apparente simplicit\u00e9 cache une complexit\u00e9 de conception passionnante. Entre technologie et artisanat, leur design est un exercice de haute voltige o\u00f9 des \u00e9quipes pluridisciplinaires doivent se comprendre et [&hellip;]","og_url":"https:\/\/librairie7l.com\/en\/produit\/textiles-innovations-et-matieres-actives\/","og_site_name":"Librairie 7L","article_modified_time":"2026-04-11T05:07:01+00:00","og_image":[{"width":1000,"height":1239,"url":"https:\/\/librairie7l.com\/wp-content\/uploads\/2013\/09\/9782212136104_1_75.jpg","type":"image\/jpeg"}],"twitter_card":"summary_large_image","twitter_misc":{"Est. reading time":"1 minute"},"schema":{"@context":"https:\/\/schema.org","@graph":[{"@type":"WebPage","@id":"https:\/\/librairie7l.com\/en\/produit\/textiles-innovations-et-matieres-actives\/","url":"https:\/\/librairie7l.com\/en\/produit\/textiles-innovations-et-matieres-actives\/","name":"TEXTILES ; INNOVATIONS ET MATI\u00c8RES ACTIVES - Librairie 7L","isPartOf":{"@id":"https:\/\/librairie7l.com\/en\/#website"},"datePublished":"2023-05-10T12:46:26+00:00","dateModified":"2026-04-11T05:07:01+00:00","breadcrumb":{"@id":"https:\/\/librairie7l.com\/en\/produit\/textiles-innovations-et-matieres-actives\/#breadcrumb"},"inLanguage":"en-US","potentialAction":[{"@type":"ReadAction","target":["https:\/\/librairie7l.com\/en\/produit\/textiles-innovations-et-matieres-actives\/"]}]},{"@type":"BreadcrumbList","@id":"https:\/\/librairie7l.com\/en\/produit\/textiles-innovations-et-matieres-actives\/#breadcrumb","itemListElement":[{"@type":"ListItem","position":1,"name":"Accueil","item":"https:\/\/librairie7l.com\/en\/"},{"@type":"ListItem","position":2,"name":"Shop","item":"https:\/\/librairie7l.com\/en\/shop\/"},{"@type":"ListItem","position":3,"name":"TEXTILES ; INNOVATIONS ET MATI\u00c8RES ACTIVES"}]},{"@type":"WebSite","@id":"https:\/\/librairie7l.com\/en\/#website","url":"https:\/\/librairie7l.com\/en\/","name":"Librairie 7L","description":"Librairie fond\u00e9e en 1999 par Karl Lagerfeld \u00e0 Paris","publisher":{"@id":"https:\/\/librairie7l.com\/en\/#organization"},"potentialAction":[{"@type":"SearchAction","target":{"@type":"EntryPoint","urlTemplate":"https:\/\/librairie7l.com\/en\/?s={search_term_string}"},"query-input":"required name=search_term_string"}],"inLanguage":"en-US"},{"@type":"Organization","@id":"https:\/\/librairie7l.com\/en\/#organization","name":"Librairie 7L","url":"https:\/\/librairie7l.com\/en\/","logo":{"@type":"ImageObject","inLanguage":"en-US","@id":"https:\/\/librairie7l.com\/en\/#\/schema\/logo\/image\/","url":"https:\/\/librairie7l.com\/wp-content\/uploads\/2022\/08\/logo-1.png","contentUrl":"https:\/\/librairie7l.com\/wp-content\/uploads\/2022\/08\/logo-1.png","width":227,"height":301,"caption":"Librairie 7L"},"image":{"@id":"https:\/\/librairie7l.com\/en\/#\/schema\/logo\/image\/"}}]}},"_links":{"self":[{"href":"https:\/\/librairie7l.com\/en\/wp-json\/wp\/v2\/product\/30951"}],"collection":[{"href":"https:\/\/librairie7l.com\/en\/wp-json\/wp\/v2\/product"}],"about":[{"href":"https:\/\/librairie7l.com\/en\/wp-json\/wp\/v2\/types\/product"}],"wp:featuredmedia":[{"embeddable":true,"href":"https:\/\/librairie7l.com\/en\/wp-json\/wp\/v2\/media\/30949"}],"wp:attachment":[{"href":"https:\/\/librairie7l.com\/en\/wp-json\/wp\/v2\/media?parent=30951"}],"wp:term":[{"taxonomy":"product_cat","embeddable":true,"href":"https:\/\/librairie7l.com\/en\/wp-json\/wp\/v2\/product_cat?post=30951"},{"taxonomy":"product_tag","embeddable":true,"href":"https:\/\/librairie7l.com\/en\/wp-json\/wp\/v2\/product_tag?post=30951"}],"curies":[{"name":"wp","href":"https:\/\/api.w.org\/{rel}","templated":true}]}}