{"id":30995,"date":"2023-05-10T14:47:25","date_gmt":"2023-05-10T12:47:25","guid":{"rendered":"https:\/\/librairie7l.com\/?post_type=product&#038;p=30995"},"modified":"2026-04-16T01:45:37","modified_gmt":"2026-04-15T23:45:37","slug":"andre-dubreuil-poete-du-fer","status":"publish","type":"product","link":"https:\/\/librairie7l.com\/en\/produit\/andre-dubreuil-poete-du-fer\/","title":{"rendered":"ANDR\u00c9 DUBREUIL ; PO\u00c8TE DU FER"},"content":{"rendered":"<p>Elanc\u00e9e, l\u00e9g\u00e8re, s\u00e9duisante au premier coup d&#8217;oeil, la chaise Spine, qui orne la couverture de ce livre, est un des objets les plus connus, les plus r\u00e9pertori\u00e9s de la cr\u00e9ation contemporaine.<br \/>\nOn la trouve dans les mus\u00e9es et dans toutes les encyclop\u00e9dies du design. Elle est chez elle dans les int\u00e9rieurs fantaisistes et ajoute aux architectures plus s\u00e9rieuses une note d&#8217;humour rafra\u00eechissante. Son auteur, Andr\u00e9 Dubreuil, apr\u00e8s une carri\u00e8re d&#8217;antiquaire et de peintre d\u00e9corateur, a \u00e9t\u00e9 l&#8217;un des animateurs de la nouvelle cr\u00e9ation anglaise au milieu des ann\u00e9es quatre-vingt avec Mark Brazier Jones et Tom Dixon.<br \/>\nRevenu depuis en France, o\u00f9 il s&#8217;est install\u00e9 dans le P\u00e9rigord, il est expos\u00e9 \u00e0 la galerie Gladys Mougin \u00e0 Paris. A la suite de ses premi\u00e8res improvisations o\u00f9 il maniait le fer \u00e0 b\u00e9ton en prestidigitateur, Dubreuil s&#8217;est confront\u00e9 aux formes de la tradition pour leur donner une nouvelle vie. Le retour \u00e0 la citation, au style, \u00e0 l&#8217;ornement, au &#8221; m\u00e9tier &#8221; s&#8217;est effectu\u00e9 sans \u00e9tat d&#8217;\u00e2me : pour lui c&#8217;est l&#8217;invention qui compte avant tout.<br \/>\nS&#8217;il a commenc\u00e9 en ferrailleur, l&#8217;histoire des styles ne l&#8217;a jamais rattrap\u00e9, car il ne sait jamais vers quoi, demain, son m\u00e9tier le m\u00e8nera. C&#8217;est de cela qu&#8217;il s&#8217;agit : un m\u00e9tier qui fait surgie des formes au hasard des d\u00e9couvertes et des exp\u00e9rimentations. Ce livre raconte la trajectoire d&#8217;Andr\u00e9 Dubreuil et r\u00e9v\u00e8le la totalit\u00e9 de son oeuvre, de 1985 \u00e0 aujourd&#8217;hui : pr\u00e8s de 400 meubles-objets \u00e9nigmatiques, chaises, commodes, miroirs, cabinets, pendules, lanternes&#8230;, dans lesquels le r\u00eave, l&#8217;invention, le myst\u00e8re l&#8217;emportent, et de loin, sur la fonction.<\/p>\n","protected":false},"excerpt":{"rendered":"<p>Elanc\u00e9e, l\u00e9g\u00e8re, s\u00e9duisante au premier coup d&#8217;oeil, la chaise Spine, qui orne la couverture de ce livre, est un des objets les plus connus, les plus r\u00e9pertori\u00e9s de la cr\u00e9ation contemporaine. On la trouve dans les mus\u00e9es et dans toutes les encyclop\u00e9dies du design. Elle est chez elle dans les int\u00e9rieurs fantaisistes et ajoute aux [&hellip;]<\/p>\n","protected":false},"featured_media":30993,"template":"","meta":[],"product_cat":[55,2948,18,2952],"product_tag":[],"acf":[],"yoast_head":"<!-- This site is optimized with the Yoast SEO plugin v20.11 - https:\/\/yoast.com\/wordpress\/plugins\/seo\/ -->\n<title>ANDR\u00c9 DUBREUIL ; PO\u00c8TE DU FER - Librairie 7L<\/title>\n<meta name=\"robots\" content=\"index, follow, max-snippet:-1, max-image-preview:large, max-video-preview:-1\" \/>\n<link rel=\"canonical\" href=\"https:\/\/librairie7l.com\/en\/produit\/andre-dubreuil-poete-du-fer\/\" \/>\n<meta property=\"og:locale\" content=\"en_US\" \/>\n<meta property=\"og:type\" content=\"article\" \/>\n<meta property=\"og:title\" content=\"ANDR\u00c9 DUBREUIL ; PO\u00c8TE DU FER - Librairie 7L\" \/>\n<meta property=\"og:description\" content=\"Elanc\u00e9e, l\u00e9g\u00e8re, s\u00e9duisante au premier coup d&#8217;oeil, la chaise Spine, qui orne la couverture de ce livre, est un des objets les plus connus, les plus r\u00e9pertori\u00e9s de la cr\u00e9ation contemporaine. On la trouve dans les mus\u00e9es et dans toutes les encyclop\u00e9dies du design. Elle est chez elle dans les int\u00e9rieurs fantaisistes et ajoute aux [&hellip;]\" \/>\n<meta property=\"og:url\" content=\"https:\/\/librairie7l.com\/en\/produit\/andre-dubreuil-poete-du-fer\/\" \/>\n<meta property=\"og:site_name\" content=\"Librairie 7L\" \/>\n<meta property=\"article:modified_time\" content=\"2026-04-15T23:45:37+00:00\" \/>\n<meta property=\"og:image\" content=\"https:\/\/librairie7l.com\/wp-content\/uploads\/2005\/05\/9782915542004_1_75.jpg\" \/>\n\t<meta property=\"og:image:width\" content=\"154\" \/>\n\t<meta property=\"og:image:height\" content=\"173\" \/>\n\t<meta property=\"og:image:type\" content=\"image\/jpeg\" \/>\n<meta name=\"twitter:card\" content=\"summary_large_image\" \/>\n<meta name=\"twitter:label1\" content=\"Est. reading time\" \/>\n\t<meta name=\"twitter:data1\" content=\"1 minute\" \/>\n<script type=\"application\/ld+json\" class=\"yoast-schema-graph\">{\"@context\":\"https:\/\/schema.org\",\"@graph\":[{\"@type\":\"WebPage\",\"@id\":\"https:\/\/librairie7l.com\/en\/produit\/andre-dubreuil-poete-du-fer\/\",\"url\":\"https:\/\/librairie7l.com\/en\/produit\/andre-dubreuil-poete-du-fer\/\",\"name\":\"ANDR\u00c9 DUBREUIL ; PO\u00c8TE DU FER - Librairie 7L\",\"isPartOf\":{\"@id\":\"https:\/\/librairie7l.com\/en\/#website\"},\"datePublished\":\"2023-05-10T12:47:25+00:00\",\"dateModified\":\"2026-04-15T23:45:37+00:00\",\"breadcrumb\":{\"@id\":\"https:\/\/librairie7l.com\/en\/produit\/andre-dubreuil-poete-du-fer\/#breadcrumb\"},\"inLanguage\":\"en-US\",\"potentialAction\":[{\"@type\":\"ReadAction\",\"target\":[\"https:\/\/librairie7l.com\/en\/produit\/andre-dubreuil-poete-du-fer\/\"]}]},{\"@type\":\"BreadcrumbList\",\"@id\":\"https:\/\/librairie7l.com\/en\/produit\/andre-dubreuil-poete-du-fer\/#breadcrumb\",\"itemListElement\":[{\"@type\":\"ListItem\",\"position\":1,\"name\":\"Accueil\",\"item\":\"https:\/\/librairie7l.com\/en\/\"},{\"@type\":\"ListItem\",\"position\":2,\"name\":\"Shop\",\"item\":\"https:\/\/librairie7l.com\/en\/shop\/\"},{\"@type\":\"ListItem\",\"position\":3,\"name\":\"ANDR\u00c9 DUBREUIL ; PO\u00c8TE DU FER\"}]},{\"@type\":\"WebSite\",\"@id\":\"https:\/\/librairie7l.com\/en\/#website\",\"url\":\"https:\/\/librairie7l.com\/en\/\",\"name\":\"Librairie 7L\",\"description\":\"Librairie fond\u00e9e en 1999 par Karl Lagerfeld \u00e0 Paris\",\"publisher\":{\"@id\":\"https:\/\/librairie7l.com\/en\/#organization\"},\"potentialAction\":[{\"@type\":\"SearchAction\",\"target\":{\"@type\":\"EntryPoint\",\"urlTemplate\":\"https:\/\/librairie7l.com\/en\/?s={search_term_string}\"},\"query-input\":\"required name=search_term_string\"}],\"inLanguage\":\"en-US\"},{\"@type\":\"Organization\",\"@id\":\"https:\/\/librairie7l.com\/en\/#organization\",\"name\":\"Librairie 7L\",\"url\":\"https:\/\/librairie7l.com\/en\/\",\"logo\":{\"@type\":\"ImageObject\",\"inLanguage\":\"en-US\",\"@id\":\"https:\/\/librairie7l.com\/en\/#\/schema\/logo\/image\/\",\"url\":\"https:\/\/librairie7l.com\/wp-content\/uploads\/2022\/08\/logo-1.png\",\"contentUrl\":\"https:\/\/librairie7l.com\/wp-content\/uploads\/2022\/08\/logo-1.png\",\"width\":227,\"height\":301,\"caption\":\"Librairie 7L\"},\"image\":{\"@id\":\"https:\/\/librairie7l.com\/en\/#\/schema\/logo\/image\/\"}}]}<\/script>\n<!-- \/ Yoast SEO plugin. -->","yoast_head_json":{"title":"ANDR\u00c9 DUBREUIL ; PO\u00c8TE DU FER - Librairie 7L","robots":{"index":"index","follow":"follow","max-snippet":"max-snippet:-1","max-image-preview":"max-image-preview:large","max-video-preview":"max-video-preview:-1"},"canonical":"https:\/\/librairie7l.com\/en\/produit\/andre-dubreuil-poete-du-fer\/","og_locale":"en_US","og_type":"article","og_title":"ANDR\u00c9 DUBREUIL ; PO\u00c8TE DU FER - Librairie 7L","og_description":"Elanc\u00e9e, l\u00e9g\u00e8re, s\u00e9duisante au premier coup d&#8217;oeil, la chaise Spine, qui orne la couverture de ce livre, est un des objets les plus connus, les plus r\u00e9pertori\u00e9s de la cr\u00e9ation contemporaine. On la trouve dans les mus\u00e9es et dans toutes les encyclop\u00e9dies du design. Elle est chez elle dans les int\u00e9rieurs fantaisistes et ajoute aux [&hellip;]","og_url":"https:\/\/librairie7l.com\/en\/produit\/andre-dubreuil-poete-du-fer\/","og_site_name":"Librairie 7L","article_modified_time":"2026-04-15T23:45:37+00:00","og_image":[{"width":154,"height":173,"url":"https:\/\/librairie7l.com\/wp-content\/uploads\/2005\/05\/9782915542004_1_75.jpg","type":"image\/jpeg"}],"twitter_card":"summary_large_image","twitter_misc":{"Est. reading time":"1 minute"},"schema":{"@context":"https:\/\/schema.org","@graph":[{"@type":"WebPage","@id":"https:\/\/librairie7l.com\/en\/produit\/andre-dubreuil-poete-du-fer\/","url":"https:\/\/librairie7l.com\/en\/produit\/andre-dubreuil-poete-du-fer\/","name":"ANDR\u00c9 DUBREUIL ; PO\u00c8TE DU FER - Librairie 7L","isPartOf":{"@id":"https:\/\/librairie7l.com\/en\/#website"},"datePublished":"2023-05-10T12:47:25+00:00","dateModified":"2026-04-15T23:45:37+00:00","breadcrumb":{"@id":"https:\/\/librairie7l.com\/en\/produit\/andre-dubreuil-poete-du-fer\/#breadcrumb"},"inLanguage":"en-US","potentialAction":[{"@type":"ReadAction","target":["https:\/\/librairie7l.com\/en\/produit\/andre-dubreuil-poete-du-fer\/"]}]},{"@type":"BreadcrumbList","@id":"https:\/\/librairie7l.com\/en\/produit\/andre-dubreuil-poete-du-fer\/#breadcrumb","itemListElement":[{"@type":"ListItem","position":1,"name":"Accueil","item":"https:\/\/librairie7l.com\/en\/"},{"@type":"ListItem","position":2,"name":"Shop","item":"https:\/\/librairie7l.com\/en\/shop\/"},{"@type":"ListItem","position":3,"name":"ANDR\u00c9 DUBREUIL ; PO\u00c8TE DU FER"}]},{"@type":"WebSite","@id":"https:\/\/librairie7l.com\/en\/#website","url":"https:\/\/librairie7l.com\/en\/","name":"Librairie 7L","description":"Librairie fond\u00e9e en 1999 par Karl Lagerfeld \u00e0 Paris","publisher":{"@id":"https:\/\/librairie7l.com\/en\/#organization"},"potentialAction":[{"@type":"SearchAction","target":{"@type":"EntryPoint","urlTemplate":"https:\/\/librairie7l.com\/en\/?s={search_term_string}"},"query-input":"required name=search_term_string"}],"inLanguage":"en-US"},{"@type":"Organization","@id":"https:\/\/librairie7l.com\/en\/#organization","name":"Librairie 7L","url":"https:\/\/librairie7l.com\/en\/","logo":{"@type":"ImageObject","inLanguage":"en-US","@id":"https:\/\/librairie7l.com\/en\/#\/schema\/logo\/image\/","url":"https:\/\/librairie7l.com\/wp-content\/uploads\/2022\/08\/logo-1.png","contentUrl":"https:\/\/librairie7l.com\/wp-content\/uploads\/2022\/08\/logo-1.png","width":227,"height":301,"caption":"Librairie 7L"},"image":{"@id":"https:\/\/librairie7l.com\/en\/#\/schema\/logo\/image\/"}}]}},"_links":{"self":[{"href":"https:\/\/librairie7l.com\/en\/wp-json\/wp\/v2\/product\/30995"}],"collection":[{"href":"https:\/\/librairie7l.com\/en\/wp-json\/wp\/v2\/product"}],"about":[{"href":"https:\/\/librairie7l.com\/en\/wp-json\/wp\/v2\/types\/product"}],"wp:featuredmedia":[{"embeddable":true,"href":"https:\/\/librairie7l.com\/en\/wp-json\/wp\/v2\/media\/30993"}],"wp:attachment":[{"href":"https:\/\/librairie7l.com\/en\/wp-json\/wp\/v2\/media?parent=30995"}],"wp:term":[{"taxonomy":"product_cat","embeddable":true,"href":"https:\/\/librairie7l.com\/en\/wp-json\/wp\/v2\/product_cat?post=30995"},{"taxonomy":"product_tag","embeddable":true,"href":"https:\/\/librairie7l.com\/en\/wp-json\/wp\/v2\/product_tag?post=30995"}],"curies":[{"name":"wp","href":"https:\/\/api.w.org\/{rel}","templated":true}]}}