{"id":31015,"date":"2023-05-10T14:48:08","date_gmt":"2023-05-10T12:48:08","guid":{"rendered":"https:\/\/librairie7l.com\/?post_type=product&#038;p=31015"},"modified":"2026-04-05T15:06:41","modified_gmt":"2026-04-05T13:06:41","slug":"manufactura-since-1662","status":"publish","type":"product","link":"https:\/\/librairie7l.com\/en\/produit\/manufactura-since-1662\/","title":{"rendered":"MANUFACTURA SINCE 1662"},"content":{"rendered":"<p>Men\u00e9 comme un voyage intimiste aux quatre coins de l&#8217;Hexagone, Manufactura nous fait toucher de pr\u00e8s les \u00e9motions d&#8217;hommes et de femmes de m\u00e9tier, fiers et passionn\u00e9s. Ils sont lissiers, cambreurs, selliers, ma\u00eetres torr\u00e9facteurs, ciseleurs, souffleurs, coloristes, malletiers, tullistes, typographes, canuses, sableuses, dresseuses&#8230; On ne conna\u00eet d&#8217;eux que les objets finis, parfois uniques, souvent admir\u00e9s et exceptionnels.<br \/>\nEntre le vacarme tr\u00e9pidant d&#8217;un m\u00e9tier \u00e0 tisser, le cliquetis d&#8217;une machine \u00e0 coudre ou le cognement d&#8217;un marteau, leurs confidences parsem\u00e9es d&#8217;anecdotes font l&#8217;\u00e9loge du temps et du travail bien fait. Le regard plong\u00e9 dans les coulisses de leurs ateliers, notre esprit s&#8217;\u00e9merveille devant la richesse immat\u00e9rielle de ces prestigieuses maisons fran\u00e7aises, dont l&#8217;histoire reste profond\u00e9ment ancr\u00e9e dans notre patrimoine collectif.<br \/>\nSophie Brandstrom et Val\u00e9rie Paumelle signent avec ce premier opus de Vocation Evocation un t\u00e9moignage empreint d&#8217;humanit\u00e9, comme un bel h\u00e9ritage \u00e0 transmettre \u00e0 nos enfants.<\/p>\n","protected":false},"excerpt":{"rendered":"<p>Men\u00e9 comme un voyage intimiste aux quatre coins de l&#8217;Hexagone, Manufactura nous fait toucher de pr\u00e8s les \u00e9motions d&#8217;hommes et de femmes de m\u00e9tier, fiers et passionn\u00e9s. Ils sont lissiers, cambreurs, selliers, ma\u00eetres torr\u00e9facteurs, ciseleurs, souffleurs, coloristes, malletiers, tullistes, typographes, canuses, sableuses, dresseuses&#8230; On ne conna\u00eet d&#8217;eux que les objets finis, parfois uniques, souvent admir\u00e9s [&hellip;]<\/p>\n","protected":false},"featured_media":31013,"template":"","meta":[],"product_cat":[55,2948,18,2952],"product_tag":[],"acf":[],"yoast_head":"<!-- This site is optimized with the Yoast SEO plugin v20.11 - https:\/\/yoast.com\/wordpress\/plugins\/seo\/ -->\n<title>MANUFACTURA SINCE 1662 - Librairie 7L<\/title>\n<meta name=\"robots\" content=\"index, follow, max-snippet:-1, max-image-preview:large, max-video-preview:-1\" \/>\n<link rel=\"canonical\" href=\"https:\/\/librairie7l.com\/en\/produit\/manufactura-since-1662\/\" \/>\n<meta property=\"og:locale\" content=\"en_US\" \/>\n<meta property=\"og:type\" content=\"article\" \/>\n<meta property=\"og:title\" content=\"MANUFACTURA SINCE 1662 - Librairie 7L\" \/>\n<meta property=\"og:description\" content=\"Men\u00e9 comme un voyage intimiste aux quatre coins de l&#8217;Hexagone, Manufactura nous fait toucher de pr\u00e8s les \u00e9motions d&#8217;hommes et de femmes de m\u00e9tier, fiers et passionn\u00e9s. Ils sont lissiers, cambreurs, selliers, ma\u00eetres torr\u00e9facteurs, ciseleurs, souffleurs, coloristes, malletiers, tullistes, typographes, canuses, sableuses, dresseuses&#8230; On ne conna\u00eet d&#8217;eux que les objets finis, parfois uniques, souvent admir\u00e9s [&hellip;]\" \/>\n<meta property=\"og:url\" content=\"https:\/\/librairie7l.com\/en\/produit\/manufactura-since-1662\/\" \/>\n<meta property=\"og:site_name\" content=\"Librairie 7L\" \/>\n<meta property=\"article:modified_time\" content=\"2026-04-05T13:06:41+00:00\" \/>\n<meta property=\"og:image\" content=\"https:\/\/librairie7l.com\/wp-content\/uploads\/2013\/09\/9791090148536_1_75.jpg\" \/>\n\t<meta property=\"og:image:width\" content=\"600\" \/>\n\t<meta property=\"og:image:height\" content=\"706\" \/>\n\t<meta property=\"og:image:type\" content=\"image\/jpeg\" \/>\n<meta name=\"twitter:card\" content=\"summary_large_image\" \/>\n<meta name=\"twitter:label1\" content=\"Est. reading time\" \/>\n\t<meta name=\"twitter:data1\" content=\"1 minute\" \/>\n<script type=\"application\/ld+json\" class=\"yoast-schema-graph\">{\"@context\":\"https:\/\/schema.org\",\"@graph\":[{\"@type\":\"WebPage\",\"@id\":\"https:\/\/librairie7l.com\/en\/produit\/manufactura-since-1662\/\",\"url\":\"https:\/\/librairie7l.com\/en\/produit\/manufactura-since-1662\/\",\"name\":\"MANUFACTURA SINCE 1662 - Librairie 7L\",\"isPartOf\":{\"@id\":\"https:\/\/librairie7l.com\/en\/#website\"},\"datePublished\":\"2023-05-10T12:48:08+00:00\",\"dateModified\":\"2026-04-05T13:06:41+00:00\",\"breadcrumb\":{\"@id\":\"https:\/\/librairie7l.com\/en\/produit\/manufactura-since-1662\/#breadcrumb\"},\"inLanguage\":\"en-US\",\"potentialAction\":[{\"@type\":\"ReadAction\",\"target\":[\"https:\/\/librairie7l.com\/en\/produit\/manufactura-since-1662\/\"]}]},{\"@type\":\"BreadcrumbList\",\"@id\":\"https:\/\/librairie7l.com\/en\/produit\/manufactura-since-1662\/#breadcrumb\",\"itemListElement\":[{\"@type\":\"ListItem\",\"position\":1,\"name\":\"Accueil\",\"item\":\"https:\/\/librairie7l.com\/en\/\"},{\"@type\":\"ListItem\",\"position\":2,\"name\":\"Shop\",\"item\":\"https:\/\/librairie7l.com\/en\/shop\/\"},{\"@type\":\"ListItem\",\"position\":3,\"name\":\"MANUFACTURA SINCE 1662\"}]},{\"@type\":\"WebSite\",\"@id\":\"https:\/\/librairie7l.com\/en\/#website\",\"url\":\"https:\/\/librairie7l.com\/en\/\",\"name\":\"Librairie 7L\",\"description\":\"Librairie fond\u00e9e en 1999 par Karl Lagerfeld \u00e0 Paris\",\"publisher\":{\"@id\":\"https:\/\/librairie7l.com\/en\/#organization\"},\"potentialAction\":[{\"@type\":\"SearchAction\",\"target\":{\"@type\":\"EntryPoint\",\"urlTemplate\":\"https:\/\/librairie7l.com\/en\/?s={search_term_string}\"},\"query-input\":\"required name=search_term_string\"}],\"inLanguage\":\"en-US\"},{\"@type\":\"Organization\",\"@id\":\"https:\/\/librairie7l.com\/en\/#organization\",\"name\":\"Librairie 7L\",\"url\":\"https:\/\/librairie7l.com\/en\/\",\"logo\":{\"@type\":\"ImageObject\",\"inLanguage\":\"en-US\",\"@id\":\"https:\/\/librairie7l.com\/en\/#\/schema\/logo\/image\/\",\"url\":\"https:\/\/librairie7l.com\/wp-content\/uploads\/2022\/08\/logo-1.png\",\"contentUrl\":\"https:\/\/librairie7l.com\/wp-content\/uploads\/2022\/08\/logo-1.png\",\"width\":227,\"height\":301,\"caption\":\"Librairie 7L\"},\"image\":{\"@id\":\"https:\/\/librairie7l.com\/en\/#\/schema\/logo\/image\/\"}}]}<\/script>\n<!-- \/ Yoast SEO plugin. -->","yoast_head_json":{"title":"MANUFACTURA SINCE 1662 - Librairie 7L","robots":{"index":"index","follow":"follow","max-snippet":"max-snippet:-1","max-image-preview":"max-image-preview:large","max-video-preview":"max-video-preview:-1"},"canonical":"https:\/\/librairie7l.com\/en\/produit\/manufactura-since-1662\/","og_locale":"en_US","og_type":"article","og_title":"MANUFACTURA SINCE 1662 - Librairie 7L","og_description":"Men\u00e9 comme un voyage intimiste aux quatre coins de l&#8217;Hexagone, Manufactura nous fait toucher de pr\u00e8s les \u00e9motions d&#8217;hommes et de femmes de m\u00e9tier, fiers et passionn\u00e9s. Ils sont lissiers, cambreurs, selliers, ma\u00eetres torr\u00e9facteurs, ciseleurs, souffleurs, coloristes, malletiers, tullistes, typographes, canuses, sableuses, dresseuses&#8230; On ne conna\u00eet d&#8217;eux que les objets finis, parfois uniques, souvent admir\u00e9s [&hellip;]","og_url":"https:\/\/librairie7l.com\/en\/produit\/manufactura-since-1662\/","og_site_name":"Librairie 7L","article_modified_time":"2026-04-05T13:06:41+00:00","og_image":[{"width":600,"height":706,"url":"https:\/\/librairie7l.com\/wp-content\/uploads\/2013\/09\/9791090148536_1_75.jpg","type":"image\/jpeg"}],"twitter_card":"summary_large_image","twitter_misc":{"Est. reading time":"1 minute"},"schema":{"@context":"https:\/\/schema.org","@graph":[{"@type":"WebPage","@id":"https:\/\/librairie7l.com\/en\/produit\/manufactura-since-1662\/","url":"https:\/\/librairie7l.com\/en\/produit\/manufactura-since-1662\/","name":"MANUFACTURA SINCE 1662 - Librairie 7L","isPartOf":{"@id":"https:\/\/librairie7l.com\/en\/#website"},"datePublished":"2023-05-10T12:48:08+00:00","dateModified":"2026-04-05T13:06:41+00:00","breadcrumb":{"@id":"https:\/\/librairie7l.com\/en\/produit\/manufactura-since-1662\/#breadcrumb"},"inLanguage":"en-US","potentialAction":[{"@type":"ReadAction","target":["https:\/\/librairie7l.com\/en\/produit\/manufactura-since-1662\/"]}]},{"@type":"BreadcrumbList","@id":"https:\/\/librairie7l.com\/en\/produit\/manufactura-since-1662\/#breadcrumb","itemListElement":[{"@type":"ListItem","position":1,"name":"Accueil","item":"https:\/\/librairie7l.com\/en\/"},{"@type":"ListItem","position":2,"name":"Shop","item":"https:\/\/librairie7l.com\/en\/shop\/"},{"@type":"ListItem","position":3,"name":"MANUFACTURA SINCE 1662"}]},{"@type":"WebSite","@id":"https:\/\/librairie7l.com\/en\/#website","url":"https:\/\/librairie7l.com\/en\/","name":"Librairie 7L","description":"Librairie fond\u00e9e en 1999 par Karl Lagerfeld \u00e0 Paris","publisher":{"@id":"https:\/\/librairie7l.com\/en\/#organization"},"potentialAction":[{"@type":"SearchAction","target":{"@type":"EntryPoint","urlTemplate":"https:\/\/librairie7l.com\/en\/?s={search_term_string}"},"query-input":"required name=search_term_string"}],"inLanguage":"en-US"},{"@type":"Organization","@id":"https:\/\/librairie7l.com\/en\/#organization","name":"Librairie 7L","url":"https:\/\/librairie7l.com\/en\/","logo":{"@type":"ImageObject","inLanguage":"en-US","@id":"https:\/\/librairie7l.com\/en\/#\/schema\/logo\/image\/","url":"https:\/\/librairie7l.com\/wp-content\/uploads\/2022\/08\/logo-1.png","contentUrl":"https:\/\/librairie7l.com\/wp-content\/uploads\/2022\/08\/logo-1.png","width":227,"height":301,"caption":"Librairie 7L"},"image":{"@id":"https:\/\/librairie7l.com\/en\/#\/schema\/logo\/image\/"}}]}},"_links":{"self":[{"href":"https:\/\/librairie7l.com\/en\/wp-json\/wp\/v2\/product\/31015"}],"collection":[{"href":"https:\/\/librairie7l.com\/en\/wp-json\/wp\/v2\/product"}],"about":[{"href":"https:\/\/librairie7l.com\/en\/wp-json\/wp\/v2\/types\/product"}],"wp:featuredmedia":[{"embeddable":true,"href":"https:\/\/librairie7l.com\/en\/wp-json\/wp\/v2\/media\/31013"}],"wp:attachment":[{"href":"https:\/\/librairie7l.com\/en\/wp-json\/wp\/v2\/media?parent=31015"}],"wp:term":[{"taxonomy":"product_cat","embeddable":true,"href":"https:\/\/librairie7l.com\/en\/wp-json\/wp\/v2\/product_cat?post=31015"},{"taxonomy":"product_tag","embeddable":true,"href":"https:\/\/librairie7l.com\/en\/wp-json\/wp\/v2\/product_tag?post=31015"}],"curies":[{"name":"wp","href":"https:\/\/api.w.org\/{rel}","templated":true}]}}