{"id":31019,"date":"2023-05-10T14:48:11","date_gmt":"2023-05-10T12:48:11","guid":{"rendered":"https:\/\/librairie7l.com\/?post_type=product&#038;p=31019"},"modified":"2026-04-29T21:22:39","modified_gmt":"2026-04-29T19:22:39","slug":"delphine-burtin-encouble","status":"publish","type":"product","link":"https:\/\/librairie7l.com\/en\/produit\/delphine-burtin-encouble\/","title":{"rendered":"DELPHINE BURTIN ; ENCOUBLE"},"content":{"rendered":"<p>\u00abDelphine Burtin propose une combinaison s\u00e9duisante et tr\u00e8s intelligente de sa r\u00e9action instinctive face \u00e0 son environnement quotidien. Elle exprime \u00e0 travers son oeuvre sa compr\u00e9hension du potentiel physique de la photographie en tant qu&#8217;objet dans le monde. Compos\u00e9 de photos de formes et d&#8217;objets trouv\u00e9s, et de tirages photographiques personnels qu&#8217;elle a coup\u00e9s et pli\u00e9s, son travail se situe \u00e0 mi-chemin entre la photographie et la sculpture, un trait \u00e9vident lorsque l&#8217;on observe la perfection avec laquelle elle utilise son espace. C&#8217;est une oeuvre nette, mordante, conceptuelle, qui semble d\u00e9j\u00e0 affirm\u00e9e et raffin\u00e9e.\u00bb Simon Baker, conseiller artistique 2014<\/p>\n","protected":false},"excerpt":{"rendered":"<p>\u00abDelphine Burtin propose une combinaison s\u00e9duisante et tr\u00e8s intelligente de sa r\u00e9action instinctive face \u00e0 son environnement quotidien. Elle exprime \u00e0 travers son oeuvre sa compr\u00e9hension du potentiel physique de la photographie en tant qu&#8217;objet dans le monde. Compos\u00e9 de photos de formes et d&#8217;objets trouv\u00e9s, et de tirages photographiques personnels qu&#8217;elle a coup\u00e9s et [&hellip;]<\/p>\n","protected":false},"featured_media":31017,"template":"","meta":[],"product_cat":[55,2948,47,2953],"product_tag":[],"acf":[],"yoast_head":"<!-- This site is optimized with the Yoast SEO plugin v20.11 - https:\/\/yoast.com\/wordpress\/plugins\/seo\/ -->\n<title>DELPHINE BURTIN ; ENCOUBLE - Librairie 7L<\/title>\n<meta name=\"robots\" content=\"index, follow, max-snippet:-1, max-image-preview:large, max-video-preview:-1\" \/>\n<link rel=\"canonical\" href=\"https:\/\/librairie7l.com\/en\/produit\/delphine-burtin-encouble\/\" \/>\n<meta property=\"og:locale\" content=\"en_US\" \/>\n<meta property=\"og:type\" content=\"article\" \/>\n<meta property=\"og:title\" content=\"DELPHINE BURTIN ; ENCOUBLE - Librairie 7L\" \/>\n<meta property=\"og:description\" content=\"\u00abDelphine Burtin propose une combinaison s\u00e9duisante et tr\u00e8s intelligente de sa r\u00e9action instinctive face \u00e0 son environnement quotidien. Elle exprime \u00e0 travers son oeuvre sa compr\u00e9hension du potentiel physique de la photographie en tant qu&#8217;objet dans le monde. Compos\u00e9 de photos de formes et d&#8217;objets trouv\u00e9s, et de tirages photographiques personnels qu&#8217;elle a coup\u00e9s et [&hellip;]\" \/>\n<meta property=\"og:url\" content=\"https:\/\/librairie7l.com\/en\/produit\/delphine-burtin-encouble\/\" \/>\n<meta property=\"og:site_name\" content=\"Librairie 7L\" \/>\n<meta property=\"article:modified_time\" content=\"2026-04-29T19:22:39+00:00\" \/>\n<meta property=\"og:image\" content=\"https:\/\/librairie7l.com\/wp-content\/uploads\/2014\/02\/9782330032197_1_75.jpg\" \/>\n\t<meta property=\"og:image:width\" content=\"600\" \/>\n\t<meta property=\"og:image:height\" content=\"762\" \/>\n\t<meta property=\"og:image:type\" content=\"image\/jpeg\" \/>\n<meta name=\"twitter:card\" content=\"summary_large_image\" \/>\n<meta name=\"twitter:label1\" content=\"Est. reading time\" \/>\n\t<meta name=\"twitter:data1\" content=\"1 minute\" \/>\n<script type=\"application\/ld+json\" class=\"yoast-schema-graph\">{\"@context\":\"https:\/\/schema.org\",\"@graph\":[{\"@type\":\"WebPage\",\"@id\":\"https:\/\/librairie7l.com\/en\/produit\/delphine-burtin-encouble\/\",\"url\":\"https:\/\/librairie7l.com\/en\/produit\/delphine-burtin-encouble\/\",\"name\":\"DELPHINE BURTIN ; ENCOUBLE - Librairie 7L\",\"isPartOf\":{\"@id\":\"https:\/\/librairie7l.com\/en\/#website\"},\"datePublished\":\"2023-05-10T12:48:11+00:00\",\"dateModified\":\"2026-04-29T19:22:39+00:00\",\"breadcrumb\":{\"@id\":\"https:\/\/librairie7l.com\/en\/produit\/delphine-burtin-encouble\/#breadcrumb\"},\"inLanguage\":\"en-US\",\"potentialAction\":[{\"@type\":\"ReadAction\",\"target\":[\"https:\/\/librairie7l.com\/en\/produit\/delphine-burtin-encouble\/\"]}]},{\"@type\":\"BreadcrumbList\",\"@id\":\"https:\/\/librairie7l.com\/en\/produit\/delphine-burtin-encouble\/#breadcrumb\",\"itemListElement\":[{\"@type\":\"ListItem\",\"position\":1,\"name\":\"Accueil\",\"item\":\"https:\/\/librairie7l.com\/en\/\"},{\"@type\":\"ListItem\",\"position\":2,\"name\":\"Shop\",\"item\":\"https:\/\/librairie7l.com\/en\/shop\/\"},{\"@type\":\"ListItem\",\"position\":3,\"name\":\"DELPHINE BURTIN ; ENCOUBLE\"}]},{\"@type\":\"WebSite\",\"@id\":\"https:\/\/librairie7l.com\/en\/#website\",\"url\":\"https:\/\/librairie7l.com\/en\/\",\"name\":\"Librairie 7L\",\"description\":\"Librairie fond\u00e9e en 1999 par Karl Lagerfeld \u00e0 Paris\",\"publisher\":{\"@id\":\"https:\/\/librairie7l.com\/en\/#organization\"},\"potentialAction\":[{\"@type\":\"SearchAction\",\"target\":{\"@type\":\"EntryPoint\",\"urlTemplate\":\"https:\/\/librairie7l.com\/en\/?s={search_term_string}\"},\"query-input\":\"required name=search_term_string\"}],\"inLanguage\":\"en-US\"},{\"@type\":\"Organization\",\"@id\":\"https:\/\/librairie7l.com\/en\/#organization\",\"name\":\"Librairie 7L\",\"url\":\"https:\/\/librairie7l.com\/en\/\",\"logo\":{\"@type\":\"ImageObject\",\"inLanguage\":\"en-US\",\"@id\":\"https:\/\/librairie7l.com\/en\/#\/schema\/logo\/image\/\",\"url\":\"https:\/\/librairie7l.com\/wp-content\/uploads\/2022\/08\/logo-1.png\",\"contentUrl\":\"https:\/\/librairie7l.com\/wp-content\/uploads\/2022\/08\/logo-1.png\",\"width\":227,\"height\":301,\"caption\":\"Librairie 7L\"},\"image\":{\"@id\":\"https:\/\/librairie7l.com\/en\/#\/schema\/logo\/image\/\"}}]}<\/script>\n<!-- \/ Yoast SEO plugin. -->","yoast_head_json":{"title":"DELPHINE BURTIN ; ENCOUBLE - Librairie 7L","robots":{"index":"index","follow":"follow","max-snippet":"max-snippet:-1","max-image-preview":"max-image-preview:large","max-video-preview":"max-video-preview:-1"},"canonical":"https:\/\/librairie7l.com\/en\/produit\/delphine-burtin-encouble\/","og_locale":"en_US","og_type":"article","og_title":"DELPHINE BURTIN ; ENCOUBLE - Librairie 7L","og_description":"\u00abDelphine Burtin propose une combinaison s\u00e9duisante et tr\u00e8s intelligente de sa r\u00e9action instinctive face \u00e0 son environnement quotidien. Elle exprime \u00e0 travers son oeuvre sa compr\u00e9hension du potentiel physique de la photographie en tant qu&#8217;objet dans le monde. Compos\u00e9 de photos de formes et d&#8217;objets trouv\u00e9s, et de tirages photographiques personnels qu&#8217;elle a coup\u00e9s et [&hellip;]","og_url":"https:\/\/librairie7l.com\/en\/produit\/delphine-burtin-encouble\/","og_site_name":"Librairie 7L","article_modified_time":"2026-04-29T19:22:39+00:00","og_image":[{"width":600,"height":762,"url":"https:\/\/librairie7l.com\/wp-content\/uploads\/2014\/02\/9782330032197_1_75.jpg","type":"image\/jpeg"}],"twitter_card":"summary_large_image","twitter_misc":{"Est. reading time":"1 minute"},"schema":{"@context":"https:\/\/schema.org","@graph":[{"@type":"WebPage","@id":"https:\/\/librairie7l.com\/en\/produit\/delphine-burtin-encouble\/","url":"https:\/\/librairie7l.com\/en\/produit\/delphine-burtin-encouble\/","name":"DELPHINE BURTIN ; ENCOUBLE - Librairie 7L","isPartOf":{"@id":"https:\/\/librairie7l.com\/en\/#website"},"datePublished":"2023-05-10T12:48:11+00:00","dateModified":"2026-04-29T19:22:39+00:00","breadcrumb":{"@id":"https:\/\/librairie7l.com\/en\/produit\/delphine-burtin-encouble\/#breadcrumb"},"inLanguage":"en-US","potentialAction":[{"@type":"ReadAction","target":["https:\/\/librairie7l.com\/en\/produit\/delphine-burtin-encouble\/"]}]},{"@type":"BreadcrumbList","@id":"https:\/\/librairie7l.com\/en\/produit\/delphine-burtin-encouble\/#breadcrumb","itemListElement":[{"@type":"ListItem","position":1,"name":"Accueil","item":"https:\/\/librairie7l.com\/en\/"},{"@type":"ListItem","position":2,"name":"Shop","item":"https:\/\/librairie7l.com\/en\/shop\/"},{"@type":"ListItem","position":3,"name":"DELPHINE BURTIN ; ENCOUBLE"}]},{"@type":"WebSite","@id":"https:\/\/librairie7l.com\/en\/#website","url":"https:\/\/librairie7l.com\/en\/","name":"Librairie 7L","description":"Librairie fond\u00e9e en 1999 par Karl Lagerfeld \u00e0 Paris","publisher":{"@id":"https:\/\/librairie7l.com\/en\/#organization"},"potentialAction":[{"@type":"SearchAction","target":{"@type":"EntryPoint","urlTemplate":"https:\/\/librairie7l.com\/en\/?s={search_term_string}"},"query-input":"required name=search_term_string"}],"inLanguage":"en-US"},{"@type":"Organization","@id":"https:\/\/librairie7l.com\/en\/#organization","name":"Librairie 7L","url":"https:\/\/librairie7l.com\/en\/","logo":{"@type":"ImageObject","inLanguage":"en-US","@id":"https:\/\/librairie7l.com\/en\/#\/schema\/logo\/image\/","url":"https:\/\/librairie7l.com\/wp-content\/uploads\/2022\/08\/logo-1.png","contentUrl":"https:\/\/librairie7l.com\/wp-content\/uploads\/2022\/08\/logo-1.png","width":227,"height":301,"caption":"Librairie 7L"},"image":{"@id":"https:\/\/librairie7l.com\/en\/#\/schema\/logo\/image\/"}}]}},"_links":{"self":[{"href":"https:\/\/librairie7l.com\/en\/wp-json\/wp\/v2\/product\/31019"}],"collection":[{"href":"https:\/\/librairie7l.com\/en\/wp-json\/wp\/v2\/product"}],"about":[{"href":"https:\/\/librairie7l.com\/en\/wp-json\/wp\/v2\/types\/product"}],"wp:featuredmedia":[{"embeddable":true,"href":"https:\/\/librairie7l.com\/en\/wp-json\/wp\/v2\/media\/31017"}],"wp:attachment":[{"href":"https:\/\/librairie7l.com\/en\/wp-json\/wp\/v2\/media?parent=31019"}],"wp:term":[{"taxonomy":"product_cat","embeddable":true,"href":"https:\/\/librairie7l.com\/en\/wp-json\/wp\/v2\/product_cat?post=31019"},{"taxonomy":"product_tag","embeddable":true,"href":"https:\/\/librairie7l.com\/en\/wp-json\/wp\/v2\/product_tag?post=31019"}],"curies":[{"name":"wp","href":"https:\/\/api.w.org\/{rel}","templated":true}]}}