{"id":31039,"date":"2023-05-10T14:49:05","date_gmt":"2023-05-10T12:49:05","guid":{"rendered":"https:\/\/librairie7l.com\/?post_type=product&#038;p=31039"},"modified":"2026-04-10T20:39:51","modified_gmt":"2026-04-10T18:39:51","slug":"hubert-le-gall-2","status":"publish","type":"product","link":"https:\/\/librairie7l.com\/en\/produit\/hubert-le-gall-2\/","title":{"rendered":"HUBERT LE GALL"},"content":{"rendered":"<p>N\u00e9 en 1961, Hubert Le Gall est sculpteur, designer, sc\u00e9nographe. Une fois termin\u00e9es ses \u00e9tudes \u00e9conomiques et financi\u00e8res (pour faire plaisir \u00e0 sa famille), Hubert Le Gall choisit de peindre, des portraits surtout, d&#8217;amis (Jacques Garcia, Yaguel Didier). Des panneaux o\u00f9 se m\u00ealent dessin, peinture et photographie deviennent plateaux de table et permettent au plasticien de s&#8217;introduire furtivement dans le domaine de l&#8217;environnement int\u00e9rieur.<br \/>\nEn 1997, la galerie Avant-Sc\u00e8ne pr\u00e9sente sa premi\u00e8re exposition aux inspirations v\u00e9g\u00e9tales avec des oeuvres devenues aujourd&#8217;hui des \u00ab intemporels \u00bb : les tables Marguerites ou les commodes Fleurs. Naissent alors les objets qui vont le rendre c\u00e9l\u00e8bre : la lampe Spectre et la Sculpture lampe, le fauteuil Pot de fleurs, le tapis Ombre chin\u00e9, le Vase vitrine.<br \/>\nSon mat\u00e9riau de pr\u00e9dilection est le bronze, mais Hubert Le Gall aime toutes les mati\u00e8res : le pl\u00e2tre, la r\u00e9sine, le bois, le verre et la c\u00e9ramique qu&#8217;il travaille, avec une m\u00eame curiosit\u00e9 dans son atelier montmartrois, qui fut autrefois celui du peintre Bonnard.<br \/>\nManipulant sans cesse les symboles, nichant l&#8217;humour dans le d\u00e9tournement et l&#8217;allusion, Hubert Le Gall joue sans complexe des mots et des choses, des formes et des fonctions &#8211; fonction qui reste indispensable \u00e0 cette dialectique ironique. Ses tables Fleurs sont plateaux et serre-livres, son bouquet de fleurs est aussi pi\u00e8tement de vase, ses commodes sont travaill\u00e9es sur les quatre faces, son Pot de fleurs devient fauteuil, son Mouton une commode, le miroir Dorian un puzzle, son Taureau un cabinet&#8230;<br \/>\nCroisant et assimilant les r\u00e9f\u00e9rences (Jean-Michel Frank, Jean Roy\u00e8re, Andr\u00e9 Dubreuil, Giacometti, Dal\u00ed, Jean-Pierre Raynaud) avec un vaste bestiaire, les v\u00e9g\u00e9taux et la g\u00e9om\u00e9trie, Hubert Le Gall nous surprend, nous \u00e9meut et nous fait rire.<br \/>\nCe go\u00fbt pour l&#8217;hybridation, sa compr\u00e9hension des correspondances, font des merveilles dans la mise en valeur des oeuvres d&#8217;autres cr\u00e9ateurs. Depuis 2000, Hubert Le Gall excelle dans la sc\u00e9nographie d&#8217;expositions, notamment pour Canaletto \u00e0 Venise (mus\u00e9e Maillol, Paris, 2012), Canaletto-Guardi et Van Dyck (mus\u00e9e Jacquemart-Andr\u00e9, Paris, 2012 et 2008), Design contre Design (Galeries nationales du Grand Palais, Paris, 2007), Ren\u00e9 Lalique. Les Bijoux d&#8217;exception (mus\u00e9e du Luxembourg, Paris, 2007), M\u00e9lancolie. G\u00e9nie et folie en Occident (Galeries nationales du Grand Palais, Paris, 2005).<br \/>\nAu fil du livre, diff\u00e9rents intervenants, galeristes, conservateurs, collectionneurs et amis parlent de leur objet pr\u00e9f\u00e9r\u00e9 d&#8217;Hubert Le Gall.<br \/>\nPrix, expositions : En 2012, le Salon Maison et Objet a distingu\u00e9 Hubert Le Gall, cr\u00e9ateur de l&#8217;ann\u00e9e. Son oeuvre est entr\u00e9e dans les collections permanentes de plusieurs institutions : mus\u00e9e des Beaux-Arts de Montr\u00e9al, Canada ; La Piscine, Roubaix ; Mobilier national, Paris. Des ambassades de France, la mairie de Paris ont acquis de nombreuses cr\u00e9ations. Parmi les galeries qui repr\u00e9sentent Hubert Le Gall en France et \u00e0 l&#8217;\u00e9tranger, on peut citer Avant-Sc\u00e8ne, Pierre-Alain Challier (Paris) ; Mazel (Bruxelles) ; ADP D\u00e9coration (Gen\u00e8ve) ; Galleria Magenta 52 (Milan) ; Themes and Variations (Londres) ; Twenty First Gallery (New York) ;<br \/>\nDumonteil (Shanghai).<\/p>\n","protected":false},"excerpt":{"rendered":"<p>N\u00e9 en 1961, Hubert Le Gall est sculpteur, designer, sc\u00e9nographe. Une fois termin\u00e9es ses \u00e9tudes \u00e9conomiques et financi\u00e8res (pour faire plaisir \u00e0 sa famille), Hubert Le Gall choisit de peindre, des portraits surtout, d&#8217;amis (Jacques Garcia, Yaguel Didier). Des panneaux o\u00f9 se m\u00ealent dessin, peinture et photographie deviennent plateaux de table et permettent au plasticien [&hellip;]<\/p>\n","protected":false},"featured_media":31037,"template":"","meta":[],"product_cat":[55,2948,18,2952],"product_tag":[],"acf":[],"yoast_head":"<!-- This site is optimized with the Yoast SEO plugin v20.11 - https:\/\/yoast.com\/wordpress\/plugins\/seo\/ -->\n<title>HUBERT LE GALL - Librairie 7L<\/title>\n<meta name=\"robots\" content=\"index, follow, max-snippet:-1, max-image-preview:large, max-video-preview:-1\" \/>\n<link rel=\"canonical\" href=\"https:\/\/librairie7l.com\/en\/produit\/hubert-le-gall-2\/\" \/>\n<meta property=\"og:locale\" content=\"en_US\" \/>\n<meta property=\"og:type\" content=\"article\" \/>\n<meta property=\"og:title\" content=\"HUBERT LE GALL - Librairie 7L\" \/>\n<meta property=\"og:description\" content=\"N\u00e9 en 1961, Hubert Le Gall est sculpteur, designer, sc\u00e9nographe. Une fois termin\u00e9es ses \u00e9tudes \u00e9conomiques et financi\u00e8res (pour faire plaisir \u00e0 sa famille), Hubert Le Gall choisit de peindre, des portraits surtout, d&#8217;amis (Jacques Garcia, Yaguel Didier). Des panneaux o\u00f9 se m\u00ealent dessin, peinture et photographie deviennent plateaux de table et permettent au plasticien [&hellip;]\" \/>\n<meta property=\"og:url\" content=\"https:\/\/librairie7l.com\/en\/produit\/hubert-le-gall-2\/\" \/>\n<meta property=\"og:site_name\" content=\"Librairie 7L\" \/>\n<meta property=\"article:modified_time\" content=\"2026-04-10T18:39:51+00:00\" \/>\n<meta property=\"og:image\" content=\"https:\/\/librairie7l.com\/wp-content\/uploads\/2012\/11\/9782915542509_1_75.jpg\" \/>\n\t<meta property=\"og:image:width\" content=\"200\" \/>\n\t<meta property=\"og:image:height\" content=\"260\" \/>\n\t<meta property=\"og:image:type\" content=\"image\/jpeg\" \/>\n<meta name=\"twitter:card\" content=\"summary_large_image\" \/>\n<meta name=\"twitter:label1\" content=\"Est. reading time\" \/>\n\t<meta name=\"twitter:data1\" content=\"3 minutes\" \/>\n<script type=\"application\/ld+json\" class=\"yoast-schema-graph\">{\"@context\":\"https:\/\/schema.org\",\"@graph\":[{\"@type\":\"WebPage\",\"@id\":\"https:\/\/librairie7l.com\/en\/produit\/hubert-le-gall-2\/\",\"url\":\"https:\/\/librairie7l.com\/en\/produit\/hubert-le-gall-2\/\",\"name\":\"HUBERT LE GALL - Librairie 7L\",\"isPartOf\":{\"@id\":\"https:\/\/librairie7l.com\/en\/#website\"},\"datePublished\":\"2023-05-10T12:49:05+00:00\",\"dateModified\":\"2026-04-10T18:39:51+00:00\",\"breadcrumb\":{\"@id\":\"https:\/\/librairie7l.com\/en\/produit\/hubert-le-gall-2\/#breadcrumb\"},\"inLanguage\":\"en-US\",\"potentialAction\":[{\"@type\":\"ReadAction\",\"target\":[\"https:\/\/librairie7l.com\/en\/produit\/hubert-le-gall-2\/\"]}]},{\"@type\":\"BreadcrumbList\",\"@id\":\"https:\/\/librairie7l.com\/en\/produit\/hubert-le-gall-2\/#breadcrumb\",\"itemListElement\":[{\"@type\":\"ListItem\",\"position\":1,\"name\":\"Accueil\",\"item\":\"https:\/\/librairie7l.com\/en\/\"},{\"@type\":\"ListItem\",\"position\":2,\"name\":\"Shop\",\"item\":\"https:\/\/librairie7l.com\/en\/shop\/\"},{\"@type\":\"ListItem\",\"position\":3,\"name\":\"HUBERT LE GALL\"}]},{\"@type\":\"WebSite\",\"@id\":\"https:\/\/librairie7l.com\/en\/#website\",\"url\":\"https:\/\/librairie7l.com\/en\/\",\"name\":\"Librairie 7L\",\"description\":\"Librairie fond\u00e9e en 1999 par Karl Lagerfeld \u00e0 Paris\",\"publisher\":{\"@id\":\"https:\/\/librairie7l.com\/en\/#organization\"},\"potentialAction\":[{\"@type\":\"SearchAction\",\"target\":{\"@type\":\"EntryPoint\",\"urlTemplate\":\"https:\/\/librairie7l.com\/en\/?s={search_term_string}\"},\"query-input\":\"required name=search_term_string\"}],\"inLanguage\":\"en-US\"},{\"@type\":\"Organization\",\"@id\":\"https:\/\/librairie7l.com\/en\/#organization\",\"name\":\"Librairie 7L\",\"url\":\"https:\/\/librairie7l.com\/en\/\",\"logo\":{\"@type\":\"ImageObject\",\"inLanguage\":\"en-US\",\"@id\":\"https:\/\/librairie7l.com\/en\/#\/schema\/logo\/image\/\",\"url\":\"https:\/\/librairie7l.com\/wp-content\/uploads\/2022\/08\/logo-1.png\",\"contentUrl\":\"https:\/\/librairie7l.com\/wp-content\/uploads\/2022\/08\/logo-1.png\",\"width\":227,\"height\":301,\"caption\":\"Librairie 7L\"},\"image\":{\"@id\":\"https:\/\/librairie7l.com\/en\/#\/schema\/logo\/image\/\"}}]}<\/script>\n<!-- \/ Yoast SEO plugin. -->","yoast_head_json":{"title":"HUBERT LE GALL - Librairie 7L","robots":{"index":"index","follow":"follow","max-snippet":"max-snippet:-1","max-image-preview":"max-image-preview:large","max-video-preview":"max-video-preview:-1"},"canonical":"https:\/\/librairie7l.com\/en\/produit\/hubert-le-gall-2\/","og_locale":"en_US","og_type":"article","og_title":"HUBERT LE GALL - Librairie 7L","og_description":"N\u00e9 en 1961, Hubert Le Gall est sculpteur, designer, sc\u00e9nographe. Une fois termin\u00e9es ses \u00e9tudes \u00e9conomiques et financi\u00e8res (pour faire plaisir \u00e0 sa famille), Hubert Le Gall choisit de peindre, des portraits surtout, d&#8217;amis (Jacques Garcia, Yaguel Didier). Des panneaux o\u00f9 se m\u00ealent dessin, peinture et photographie deviennent plateaux de table et permettent au plasticien [&hellip;]","og_url":"https:\/\/librairie7l.com\/en\/produit\/hubert-le-gall-2\/","og_site_name":"Librairie 7L","article_modified_time":"2026-04-10T18:39:51+00:00","og_image":[{"width":200,"height":260,"url":"https:\/\/librairie7l.com\/wp-content\/uploads\/2012\/11\/9782915542509_1_75.jpg","type":"image\/jpeg"}],"twitter_card":"summary_large_image","twitter_misc":{"Est. reading time":"3 minutes"},"schema":{"@context":"https:\/\/schema.org","@graph":[{"@type":"WebPage","@id":"https:\/\/librairie7l.com\/en\/produit\/hubert-le-gall-2\/","url":"https:\/\/librairie7l.com\/en\/produit\/hubert-le-gall-2\/","name":"HUBERT LE GALL - Librairie 7L","isPartOf":{"@id":"https:\/\/librairie7l.com\/en\/#website"},"datePublished":"2023-05-10T12:49:05+00:00","dateModified":"2026-04-10T18:39:51+00:00","breadcrumb":{"@id":"https:\/\/librairie7l.com\/en\/produit\/hubert-le-gall-2\/#breadcrumb"},"inLanguage":"en-US","potentialAction":[{"@type":"ReadAction","target":["https:\/\/librairie7l.com\/en\/produit\/hubert-le-gall-2\/"]}]},{"@type":"BreadcrumbList","@id":"https:\/\/librairie7l.com\/en\/produit\/hubert-le-gall-2\/#breadcrumb","itemListElement":[{"@type":"ListItem","position":1,"name":"Accueil","item":"https:\/\/librairie7l.com\/en\/"},{"@type":"ListItem","position":2,"name":"Shop","item":"https:\/\/librairie7l.com\/en\/shop\/"},{"@type":"ListItem","position":3,"name":"HUBERT LE GALL"}]},{"@type":"WebSite","@id":"https:\/\/librairie7l.com\/en\/#website","url":"https:\/\/librairie7l.com\/en\/","name":"Librairie 7L","description":"Librairie fond\u00e9e en 1999 par Karl Lagerfeld \u00e0 Paris","publisher":{"@id":"https:\/\/librairie7l.com\/en\/#organization"},"potentialAction":[{"@type":"SearchAction","target":{"@type":"EntryPoint","urlTemplate":"https:\/\/librairie7l.com\/en\/?s={search_term_string}"},"query-input":"required name=search_term_string"}],"inLanguage":"en-US"},{"@type":"Organization","@id":"https:\/\/librairie7l.com\/en\/#organization","name":"Librairie 7L","url":"https:\/\/librairie7l.com\/en\/","logo":{"@type":"ImageObject","inLanguage":"en-US","@id":"https:\/\/librairie7l.com\/en\/#\/schema\/logo\/image\/","url":"https:\/\/librairie7l.com\/wp-content\/uploads\/2022\/08\/logo-1.png","contentUrl":"https:\/\/librairie7l.com\/wp-content\/uploads\/2022\/08\/logo-1.png","width":227,"height":301,"caption":"Librairie 7L"},"image":{"@id":"https:\/\/librairie7l.com\/en\/#\/schema\/logo\/image\/"}}]}},"_links":{"self":[{"href":"https:\/\/librairie7l.com\/en\/wp-json\/wp\/v2\/product\/31039"}],"collection":[{"href":"https:\/\/librairie7l.com\/en\/wp-json\/wp\/v2\/product"}],"about":[{"href":"https:\/\/librairie7l.com\/en\/wp-json\/wp\/v2\/types\/product"}],"wp:featuredmedia":[{"embeddable":true,"href":"https:\/\/librairie7l.com\/en\/wp-json\/wp\/v2\/media\/31037"}],"wp:attachment":[{"href":"https:\/\/librairie7l.com\/en\/wp-json\/wp\/v2\/media?parent=31039"}],"wp:term":[{"taxonomy":"product_cat","embeddable":true,"href":"https:\/\/librairie7l.com\/en\/wp-json\/wp\/v2\/product_cat?post=31039"},{"taxonomy":"product_tag","embeddable":true,"href":"https:\/\/librairie7l.com\/en\/wp-json\/wp\/v2\/product_tag?post=31039"}],"curies":[{"name":"wp","href":"https:\/\/api.w.org\/{rel}","templated":true}]}}