{"id":31087,"date":"2023-05-10T14:50:31","date_gmt":"2023-05-10T12:50:31","guid":{"rendered":"https:\/\/librairie7l.com\/?post_type=product&#038;p=31087"},"modified":"2026-05-01T04:11:52","modified_gmt":"2026-05-01T02:11:52","slug":"carsten-nicolai-parallax-symmetry-anglais-allemand","status":"publish","type":"product","link":"https:\/\/librairie7l.com\/en\/produit\/carsten-nicolai-parallax-symmetry-anglais-allemand\/","title":{"rendered":"CARSTEN NICOLAI PARALLAX SYMMETRY \/ANGLAIS\/ALLEMAND"},"content":{"rendered":"<p>Depuis le d\u00e9but des ann\u00e9es 1990, Carsten Nicolai (n\u00e9 en 1965, vit et travaille \u00e0 Berlin) travaille sur l&#8217;interface entre l&#8217;art visuel, la musique et les sciences naturelles. Avec du mat\u00e9riel \u00e9lectronique de son et lumi\u00e8re, il g\u00e9n\u00e8re des installations minimalistes, des performances sonores et des pr\u00e9sentations de ph\u00e9nom\u00e8nes physiques qui refl\u00e8tent les syst\u00e8mes et les structures d&#8217;un monde m\u00e9diatis\u00e9. En tant que musicien, Nicolai est devenu l&#8217;un des repr\u00e9sentants les plus reconnus de la musique \u00e9lectronique contemporaine sous le pseudonyme d&#8217;Alva Noto. Depuis sa participation \u00e0 la documenta X (1997) et aux Biennales de Venise de 2001 et 2003, il a expos\u00e9 dans le monde entier en tant qu&#8217;artiste visuel.<\/p>\n","protected":false},"excerpt":{"rendered":"<p>Depuis le d\u00e9but des ann\u00e9es 1990, Carsten Nicolai (n\u00e9 en 1965, vit et travaille \u00e0 Berlin) travaille sur l&#8217;interface entre l&#8217;art visuel, la musique et les sciences naturelles. Avec du mat\u00e9riel \u00e9lectronique de son et lumi\u00e8re, il g\u00e9n\u00e8re des installations minimalistes, des performances sonores et des pr\u00e9sentations de ph\u00e9nom\u00e8nes physiques qui refl\u00e8tent les syst\u00e8mes et [&hellip;]<\/p>\n","protected":false},"featured_media":31085,"template":"","meta":[],"product_cat":[55,2948,47,2953],"product_tag":[],"acf":[],"yoast_head":"<!-- This site is optimized with the Yoast SEO plugin v20.11 - https:\/\/yoast.com\/wordpress\/plugins\/seo\/ -->\n<title>CARSTEN NICOLAI PARALLAX SYMMETRY \/ANGLAIS\/ALLEMAND - Librairie 7L<\/title>\n<meta name=\"robots\" content=\"index, follow, max-snippet:-1, max-image-preview:large, max-video-preview:-1\" \/>\n<link rel=\"canonical\" href=\"https:\/\/librairie7l.com\/en\/produit\/carsten-nicolai-parallax-symmetry-anglais-allemand\/\" \/>\n<meta property=\"og:locale\" content=\"en_US\" \/>\n<meta property=\"og:type\" content=\"article\" \/>\n<meta property=\"og:title\" content=\"CARSTEN NICOLAI PARALLAX SYMMETRY \/ANGLAIS\/ALLEMAND - Librairie 7L\" \/>\n<meta property=\"og:description\" content=\"Depuis le d\u00e9but des ann\u00e9es 1990, Carsten Nicolai (n\u00e9 en 1965, vit et travaille \u00e0 Berlin) travaille sur l&#8217;interface entre l&#8217;art visuel, la musique et les sciences naturelles. Avec du mat\u00e9riel \u00e9lectronique de son et lumi\u00e8re, il g\u00e9n\u00e8re des installations minimalistes, des performances sonores et des pr\u00e9sentations de ph\u00e9nom\u00e8nes physiques qui refl\u00e8tent les syst\u00e8mes et [&hellip;]\" \/>\n<meta property=\"og:url\" content=\"https:\/\/librairie7l.com\/en\/produit\/carsten-nicolai-parallax-symmetry-anglais-allemand\/\" \/>\n<meta property=\"og:site_name\" content=\"Librairie 7L\" \/>\n<meta property=\"article:modified_time\" content=\"2026-05-01T02:11:52+00:00\" \/>\n<meta property=\"og:image\" content=\"https:\/\/librairie7l.com\/wp-content\/uploads\/2020\/01\/9783959053501_1_75.jpg\" \/>\n\t<meta property=\"og:image:width\" content=\"600\" \/>\n\t<meta property=\"og:image:height\" content=\"774\" \/>\n\t<meta property=\"og:image:type\" content=\"image\/jpeg\" \/>\n<meta name=\"twitter:card\" content=\"summary_large_image\" \/>\n<meta name=\"twitter:label1\" content=\"Est. reading time\" \/>\n\t<meta name=\"twitter:data1\" content=\"1 minute\" \/>\n<script type=\"application\/ld+json\" class=\"yoast-schema-graph\">{\"@context\":\"https:\/\/schema.org\",\"@graph\":[{\"@type\":\"WebPage\",\"@id\":\"https:\/\/librairie7l.com\/en\/produit\/carsten-nicolai-parallax-symmetry-anglais-allemand\/\",\"url\":\"https:\/\/librairie7l.com\/en\/produit\/carsten-nicolai-parallax-symmetry-anglais-allemand\/\",\"name\":\"CARSTEN NICOLAI PARALLAX SYMMETRY \/ANGLAIS\/ALLEMAND - Librairie 7L\",\"isPartOf\":{\"@id\":\"https:\/\/librairie7l.com\/en\/#website\"},\"datePublished\":\"2023-05-10T12:50:31+00:00\",\"dateModified\":\"2026-05-01T02:11:52+00:00\",\"breadcrumb\":{\"@id\":\"https:\/\/librairie7l.com\/en\/produit\/carsten-nicolai-parallax-symmetry-anglais-allemand\/#breadcrumb\"},\"inLanguage\":\"en-US\",\"potentialAction\":[{\"@type\":\"ReadAction\",\"target\":[\"https:\/\/librairie7l.com\/en\/produit\/carsten-nicolai-parallax-symmetry-anglais-allemand\/\"]}]},{\"@type\":\"BreadcrumbList\",\"@id\":\"https:\/\/librairie7l.com\/en\/produit\/carsten-nicolai-parallax-symmetry-anglais-allemand\/#breadcrumb\",\"itemListElement\":[{\"@type\":\"ListItem\",\"position\":1,\"name\":\"Accueil\",\"item\":\"https:\/\/librairie7l.com\/en\/\"},{\"@type\":\"ListItem\",\"position\":2,\"name\":\"Shop\",\"item\":\"https:\/\/librairie7l.com\/en\/shop\/\"},{\"@type\":\"ListItem\",\"position\":3,\"name\":\"CARSTEN NICOLAI PARALLAX SYMMETRY \/ANGLAIS\/ALLEMAND\"}]},{\"@type\":\"WebSite\",\"@id\":\"https:\/\/librairie7l.com\/en\/#website\",\"url\":\"https:\/\/librairie7l.com\/en\/\",\"name\":\"Librairie 7L\",\"description\":\"Librairie fond\u00e9e en 1999 par Karl Lagerfeld \u00e0 Paris\",\"publisher\":{\"@id\":\"https:\/\/librairie7l.com\/en\/#organization\"},\"potentialAction\":[{\"@type\":\"SearchAction\",\"target\":{\"@type\":\"EntryPoint\",\"urlTemplate\":\"https:\/\/librairie7l.com\/en\/?s={search_term_string}\"},\"query-input\":\"required name=search_term_string\"}],\"inLanguage\":\"en-US\"},{\"@type\":\"Organization\",\"@id\":\"https:\/\/librairie7l.com\/en\/#organization\",\"name\":\"Librairie 7L\",\"url\":\"https:\/\/librairie7l.com\/en\/\",\"logo\":{\"@type\":\"ImageObject\",\"inLanguage\":\"en-US\",\"@id\":\"https:\/\/librairie7l.com\/en\/#\/schema\/logo\/image\/\",\"url\":\"https:\/\/librairie7l.com\/wp-content\/uploads\/2022\/08\/logo-1.png\",\"contentUrl\":\"https:\/\/librairie7l.com\/wp-content\/uploads\/2022\/08\/logo-1.png\",\"width\":227,\"height\":301,\"caption\":\"Librairie 7L\"},\"image\":{\"@id\":\"https:\/\/librairie7l.com\/en\/#\/schema\/logo\/image\/\"}}]}<\/script>\n<!-- \/ Yoast SEO plugin. -->","yoast_head_json":{"title":"CARSTEN NICOLAI PARALLAX SYMMETRY \/ANGLAIS\/ALLEMAND - Librairie 7L","robots":{"index":"index","follow":"follow","max-snippet":"max-snippet:-1","max-image-preview":"max-image-preview:large","max-video-preview":"max-video-preview:-1"},"canonical":"https:\/\/librairie7l.com\/en\/produit\/carsten-nicolai-parallax-symmetry-anglais-allemand\/","og_locale":"en_US","og_type":"article","og_title":"CARSTEN NICOLAI PARALLAX SYMMETRY \/ANGLAIS\/ALLEMAND - Librairie 7L","og_description":"Depuis le d\u00e9but des ann\u00e9es 1990, Carsten Nicolai (n\u00e9 en 1965, vit et travaille \u00e0 Berlin) travaille sur l&#8217;interface entre l&#8217;art visuel, la musique et les sciences naturelles. Avec du mat\u00e9riel \u00e9lectronique de son et lumi\u00e8re, il g\u00e9n\u00e8re des installations minimalistes, des performances sonores et des pr\u00e9sentations de ph\u00e9nom\u00e8nes physiques qui refl\u00e8tent les syst\u00e8mes et [&hellip;]","og_url":"https:\/\/librairie7l.com\/en\/produit\/carsten-nicolai-parallax-symmetry-anglais-allemand\/","og_site_name":"Librairie 7L","article_modified_time":"2026-05-01T02:11:52+00:00","og_image":[{"width":600,"height":774,"url":"https:\/\/librairie7l.com\/wp-content\/uploads\/2020\/01\/9783959053501_1_75.jpg","type":"image\/jpeg"}],"twitter_card":"summary_large_image","twitter_misc":{"Est. reading time":"1 minute"},"schema":{"@context":"https:\/\/schema.org","@graph":[{"@type":"WebPage","@id":"https:\/\/librairie7l.com\/en\/produit\/carsten-nicolai-parallax-symmetry-anglais-allemand\/","url":"https:\/\/librairie7l.com\/en\/produit\/carsten-nicolai-parallax-symmetry-anglais-allemand\/","name":"CARSTEN NICOLAI PARALLAX SYMMETRY \/ANGLAIS\/ALLEMAND - Librairie 7L","isPartOf":{"@id":"https:\/\/librairie7l.com\/en\/#website"},"datePublished":"2023-05-10T12:50:31+00:00","dateModified":"2026-05-01T02:11:52+00:00","breadcrumb":{"@id":"https:\/\/librairie7l.com\/en\/produit\/carsten-nicolai-parallax-symmetry-anglais-allemand\/#breadcrumb"},"inLanguage":"en-US","potentialAction":[{"@type":"ReadAction","target":["https:\/\/librairie7l.com\/en\/produit\/carsten-nicolai-parallax-symmetry-anglais-allemand\/"]}]},{"@type":"BreadcrumbList","@id":"https:\/\/librairie7l.com\/en\/produit\/carsten-nicolai-parallax-symmetry-anglais-allemand\/#breadcrumb","itemListElement":[{"@type":"ListItem","position":1,"name":"Accueil","item":"https:\/\/librairie7l.com\/en\/"},{"@type":"ListItem","position":2,"name":"Shop","item":"https:\/\/librairie7l.com\/en\/shop\/"},{"@type":"ListItem","position":3,"name":"CARSTEN NICOLAI PARALLAX SYMMETRY \/ANGLAIS\/ALLEMAND"}]},{"@type":"WebSite","@id":"https:\/\/librairie7l.com\/en\/#website","url":"https:\/\/librairie7l.com\/en\/","name":"Librairie 7L","description":"Librairie fond\u00e9e en 1999 par Karl Lagerfeld \u00e0 Paris","publisher":{"@id":"https:\/\/librairie7l.com\/en\/#organization"},"potentialAction":[{"@type":"SearchAction","target":{"@type":"EntryPoint","urlTemplate":"https:\/\/librairie7l.com\/en\/?s={search_term_string}"},"query-input":"required name=search_term_string"}],"inLanguage":"en-US"},{"@type":"Organization","@id":"https:\/\/librairie7l.com\/en\/#organization","name":"Librairie 7L","url":"https:\/\/librairie7l.com\/en\/","logo":{"@type":"ImageObject","inLanguage":"en-US","@id":"https:\/\/librairie7l.com\/en\/#\/schema\/logo\/image\/","url":"https:\/\/librairie7l.com\/wp-content\/uploads\/2022\/08\/logo-1.png","contentUrl":"https:\/\/librairie7l.com\/wp-content\/uploads\/2022\/08\/logo-1.png","width":227,"height":301,"caption":"Librairie 7L"},"image":{"@id":"https:\/\/librairie7l.com\/en\/#\/schema\/logo\/image\/"}}]}},"_links":{"self":[{"href":"https:\/\/librairie7l.com\/en\/wp-json\/wp\/v2\/product\/31087"}],"collection":[{"href":"https:\/\/librairie7l.com\/en\/wp-json\/wp\/v2\/product"}],"about":[{"href":"https:\/\/librairie7l.com\/en\/wp-json\/wp\/v2\/types\/product"}],"wp:featuredmedia":[{"embeddable":true,"href":"https:\/\/librairie7l.com\/en\/wp-json\/wp\/v2\/media\/31085"}],"wp:attachment":[{"href":"https:\/\/librairie7l.com\/en\/wp-json\/wp\/v2\/media?parent=31087"}],"wp:term":[{"taxonomy":"product_cat","embeddable":true,"href":"https:\/\/librairie7l.com\/en\/wp-json\/wp\/v2\/product_cat?post=31087"},{"taxonomy":"product_tag","embeddable":true,"href":"https:\/\/librairie7l.com\/en\/wp-json\/wp\/v2\/product_tag?post=31087"}],"curies":[{"name":"wp","href":"https:\/\/api.w.org\/{rel}","templated":true}]}}