{"id":31111,"date":"2023-05-10T14:50:56","date_gmt":"2023-05-10T12:50:56","guid":{"rendered":"https:\/\/librairie7l.com\/?post_type=product&#038;p=31111"},"modified":"2026-04-30T06:07:03","modified_gmt":"2026-04-30T04:07:03","slug":"casa-tropical-houses-by-jacobsen-arquitetura","status":"publish","type":"product","link":"https:\/\/librairie7l.com\/en\/produit\/casa-tropical-houses-by-jacobsen-arquitetura\/","title":{"rendered":"CASA TROPICAL: HOUSES BY JACOBSEN ARQUITETURA"},"content":{"rendered":"<p>Jacobsen Arquitetura est un cabinet d&#8217;architecture br\u00e9silien cr\u00e9\u00e9 par Paulo et Bernardo Jacobsen, connu pour ses lignes \u00e9pur\u00e9es, son union avec la nature et ses espaces lumineux. Cette monographie pr\u00e9sente en d\u00e9tail vingt-cinq maisons de l&#8217;entreprise qui sont autant d&#8217;exemples de proc\u00e9d\u00e9s en harmonie avec la nature. Chaque maison comprend un court texte de projet du c\u00e9l\u00e8bre critique d&#8217;architecture Philip Jodidio, ainsi qu&#8217;une s\u00e9lection de dessins et de plans et de rendus de maisons encore en construction en Europe, au Moyen-Orient et dans les Cara\u00efbes. Enti\u00e8rement illustr\u00e9 de photographies sp\u00e9cialement command\u00e9es pour ce livre, Casa Tropicalplace chaque maison dans le contexte de divers terrains et climats, ce qui en fait une ressource bienvenue pour les professionnels.<\/p>\n","protected":false},"excerpt":{"rendered":"<p>Jacobsen Arquitetura est un cabinet d&#8217;architecture br\u00e9silien cr\u00e9\u00e9 par Paulo et Bernardo Jacobsen, connu pour ses lignes \u00e9pur\u00e9es, son union avec la nature et ses espaces lumineux. Cette monographie pr\u00e9sente en d\u00e9tail vingt-cinq maisons de l&#8217;entreprise qui sont autant d&#8217;exemples de proc\u00e9d\u00e9s en harmonie avec la nature. Chaque maison comprend un court texte de projet [&hellip;]<\/p>\n","protected":false},"featured_media":31109,"template":"","meta":[],"product_cat":[55,2948,22,2950],"product_tag":[],"acf":[],"yoast_head":"<!-- This site is optimized with the Yoast SEO plugin v20.11 - https:\/\/yoast.com\/wordpress\/plugins\/seo\/ -->\n<title>CASA TROPICAL: HOUSES BY JACOBSEN ARQUITETURA - Librairie 7L<\/title>\n<meta name=\"robots\" content=\"index, follow, max-snippet:-1, max-image-preview:large, max-video-preview:-1\" \/>\n<link rel=\"canonical\" href=\"https:\/\/librairie7l.com\/en\/produit\/casa-tropical-houses-by-jacobsen-arquitetura\/\" \/>\n<meta property=\"og:locale\" content=\"en_US\" \/>\n<meta property=\"og:type\" content=\"article\" \/>\n<meta property=\"og:title\" content=\"CASA TROPICAL: HOUSES BY JACOBSEN ARQUITETURA - Librairie 7L\" \/>\n<meta property=\"og:description\" content=\"Jacobsen Arquitetura est un cabinet d&#8217;architecture br\u00e9silien cr\u00e9\u00e9 par Paulo et Bernardo Jacobsen, connu pour ses lignes \u00e9pur\u00e9es, son union avec la nature et ses espaces lumineux. Cette monographie pr\u00e9sente en d\u00e9tail vingt-cinq maisons de l&#8217;entreprise qui sont autant d&#8217;exemples de proc\u00e9d\u00e9s en harmonie avec la nature. Chaque maison comprend un court texte de projet [&hellip;]\" \/>\n<meta property=\"og:url\" content=\"https:\/\/librairie7l.com\/en\/produit\/casa-tropical-houses-by-jacobsen-arquitetura\/\" \/>\n<meta property=\"og:site_name\" content=\"Librairie 7L\" \/>\n<meta property=\"article:modified_time\" content=\"2026-04-30T04:07:03+00:00\" \/>\n<meta property=\"og:image\" content=\"https:\/\/librairie7l.com\/wp-content\/uploads\/2020\/06\/9780500022207_1_75.jpg\" \/>\n\t<meta property=\"og:image:width\" content=\"220\" \/>\n\t<meta property=\"og:image:height\" content=\"193\" \/>\n\t<meta property=\"og:image:type\" content=\"image\/jpeg\" \/>\n<meta name=\"twitter:card\" content=\"summary_large_image\" \/>\n<meta name=\"twitter:label1\" content=\"Est. reading time\" \/>\n\t<meta name=\"twitter:data1\" content=\"1 minute\" \/>\n<script type=\"application\/ld+json\" class=\"yoast-schema-graph\">{\"@context\":\"https:\/\/schema.org\",\"@graph\":[{\"@type\":\"WebPage\",\"@id\":\"https:\/\/librairie7l.com\/en\/produit\/casa-tropical-houses-by-jacobsen-arquitetura\/\",\"url\":\"https:\/\/librairie7l.com\/en\/produit\/casa-tropical-houses-by-jacobsen-arquitetura\/\",\"name\":\"CASA TROPICAL: HOUSES BY JACOBSEN ARQUITETURA - Librairie 7L\",\"isPartOf\":{\"@id\":\"https:\/\/librairie7l.com\/en\/#website\"},\"datePublished\":\"2023-05-10T12:50:56+00:00\",\"dateModified\":\"2026-04-30T04:07:03+00:00\",\"breadcrumb\":{\"@id\":\"https:\/\/librairie7l.com\/en\/produit\/casa-tropical-houses-by-jacobsen-arquitetura\/#breadcrumb\"},\"inLanguage\":\"en-US\",\"potentialAction\":[{\"@type\":\"ReadAction\",\"target\":[\"https:\/\/librairie7l.com\/en\/produit\/casa-tropical-houses-by-jacobsen-arquitetura\/\"]}]},{\"@type\":\"BreadcrumbList\",\"@id\":\"https:\/\/librairie7l.com\/en\/produit\/casa-tropical-houses-by-jacobsen-arquitetura\/#breadcrumb\",\"itemListElement\":[{\"@type\":\"ListItem\",\"position\":1,\"name\":\"Accueil\",\"item\":\"https:\/\/librairie7l.com\/en\/\"},{\"@type\":\"ListItem\",\"position\":2,\"name\":\"Shop\",\"item\":\"https:\/\/librairie7l.com\/en\/shop\/\"},{\"@type\":\"ListItem\",\"position\":3,\"name\":\"CASA TROPICAL: HOUSES BY JACOBSEN ARQUITETURA\"}]},{\"@type\":\"WebSite\",\"@id\":\"https:\/\/librairie7l.com\/en\/#website\",\"url\":\"https:\/\/librairie7l.com\/en\/\",\"name\":\"Librairie 7L\",\"description\":\"Librairie fond\u00e9e en 1999 par Karl Lagerfeld \u00e0 Paris\",\"publisher\":{\"@id\":\"https:\/\/librairie7l.com\/en\/#organization\"},\"potentialAction\":[{\"@type\":\"SearchAction\",\"target\":{\"@type\":\"EntryPoint\",\"urlTemplate\":\"https:\/\/librairie7l.com\/en\/?s={search_term_string}\"},\"query-input\":\"required name=search_term_string\"}],\"inLanguage\":\"en-US\"},{\"@type\":\"Organization\",\"@id\":\"https:\/\/librairie7l.com\/en\/#organization\",\"name\":\"Librairie 7L\",\"url\":\"https:\/\/librairie7l.com\/en\/\",\"logo\":{\"@type\":\"ImageObject\",\"inLanguage\":\"en-US\",\"@id\":\"https:\/\/librairie7l.com\/en\/#\/schema\/logo\/image\/\",\"url\":\"https:\/\/librairie7l.com\/wp-content\/uploads\/2022\/08\/logo-1.png\",\"contentUrl\":\"https:\/\/librairie7l.com\/wp-content\/uploads\/2022\/08\/logo-1.png\",\"width\":227,\"height\":301,\"caption\":\"Librairie 7L\"},\"image\":{\"@id\":\"https:\/\/librairie7l.com\/en\/#\/schema\/logo\/image\/\"}}]}<\/script>\n<!-- \/ Yoast SEO plugin. -->","yoast_head_json":{"title":"CASA TROPICAL: HOUSES BY JACOBSEN ARQUITETURA - Librairie 7L","robots":{"index":"index","follow":"follow","max-snippet":"max-snippet:-1","max-image-preview":"max-image-preview:large","max-video-preview":"max-video-preview:-1"},"canonical":"https:\/\/librairie7l.com\/en\/produit\/casa-tropical-houses-by-jacobsen-arquitetura\/","og_locale":"en_US","og_type":"article","og_title":"CASA TROPICAL: HOUSES BY JACOBSEN ARQUITETURA - Librairie 7L","og_description":"Jacobsen Arquitetura est un cabinet d&#8217;architecture br\u00e9silien cr\u00e9\u00e9 par Paulo et Bernardo Jacobsen, connu pour ses lignes \u00e9pur\u00e9es, son union avec la nature et ses espaces lumineux. Cette monographie pr\u00e9sente en d\u00e9tail vingt-cinq maisons de l&#8217;entreprise qui sont autant d&#8217;exemples de proc\u00e9d\u00e9s en harmonie avec la nature. Chaque maison comprend un court texte de projet [&hellip;]","og_url":"https:\/\/librairie7l.com\/en\/produit\/casa-tropical-houses-by-jacobsen-arquitetura\/","og_site_name":"Librairie 7L","article_modified_time":"2026-04-30T04:07:03+00:00","og_image":[{"width":220,"height":193,"url":"https:\/\/librairie7l.com\/wp-content\/uploads\/2020\/06\/9780500022207_1_75.jpg","type":"image\/jpeg"}],"twitter_card":"summary_large_image","twitter_misc":{"Est. reading time":"1 minute"},"schema":{"@context":"https:\/\/schema.org","@graph":[{"@type":"WebPage","@id":"https:\/\/librairie7l.com\/en\/produit\/casa-tropical-houses-by-jacobsen-arquitetura\/","url":"https:\/\/librairie7l.com\/en\/produit\/casa-tropical-houses-by-jacobsen-arquitetura\/","name":"CASA TROPICAL: HOUSES BY JACOBSEN ARQUITETURA - Librairie 7L","isPartOf":{"@id":"https:\/\/librairie7l.com\/en\/#website"},"datePublished":"2023-05-10T12:50:56+00:00","dateModified":"2026-04-30T04:07:03+00:00","breadcrumb":{"@id":"https:\/\/librairie7l.com\/en\/produit\/casa-tropical-houses-by-jacobsen-arquitetura\/#breadcrumb"},"inLanguage":"en-US","potentialAction":[{"@type":"ReadAction","target":["https:\/\/librairie7l.com\/en\/produit\/casa-tropical-houses-by-jacobsen-arquitetura\/"]}]},{"@type":"BreadcrumbList","@id":"https:\/\/librairie7l.com\/en\/produit\/casa-tropical-houses-by-jacobsen-arquitetura\/#breadcrumb","itemListElement":[{"@type":"ListItem","position":1,"name":"Accueil","item":"https:\/\/librairie7l.com\/en\/"},{"@type":"ListItem","position":2,"name":"Shop","item":"https:\/\/librairie7l.com\/en\/shop\/"},{"@type":"ListItem","position":3,"name":"CASA TROPICAL: HOUSES BY JACOBSEN ARQUITETURA"}]},{"@type":"WebSite","@id":"https:\/\/librairie7l.com\/en\/#website","url":"https:\/\/librairie7l.com\/en\/","name":"Librairie 7L","description":"Librairie fond\u00e9e en 1999 par Karl Lagerfeld \u00e0 Paris","publisher":{"@id":"https:\/\/librairie7l.com\/en\/#organization"},"potentialAction":[{"@type":"SearchAction","target":{"@type":"EntryPoint","urlTemplate":"https:\/\/librairie7l.com\/en\/?s={search_term_string}"},"query-input":"required name=search_term_string"}],"inLanguage":"en-US"},{"@type":"Organization","@id":"https:\/\/librairie7l.com\/en\/#organization","name":"Librairie 7L","url":"https:\/\/librairie7l.com\/en\/","logo":{"@type":"ImageObject","inLanguage":"en-US","@id":"https:\/\/librairie7l.com\/en\/#\/schema\/logo\/image\/","url":"https:\/\/librairie7l.com\/wp-content\/uploads\/2022\/08\/logo-1.png","contentUrl":"https:\/\/librairie7l.com\/wp-content\/uploads\/2022\/08\/logo-1.png","width":227,"height":301,"caption":"Librairie 7L"},"image":{"@id":"https:\/\/librairie7l.com\/en\/#\/schema\/logo\/image\/"}}]}},"_links":{"self":[{"href":"https:\/\/librairie7l.com\/en\/wp-json\/wp\/v2\/product\/31111"}],"collection":[{"href":"https:\/\/librairie7l.com\/en\/wp-json\/wp\/v2\/product"}],"about":[{"href":"https:\/\/librairie7l.com\/en\/wp-json\/wp\/v2\/types\/product"}],"wp:featuredmedia":[{"embeddable":true,"href":"https:\/\/librairie7l.com\/en\/wp-json\/wp\/v2\/media\/31109"}],"wp:attachment":[{"href":"https:\/\/librairie7l.com\/en\/wp-json\/wp\/v2\/media?parent=31111"}],"wp:term":[{"taxonomy":"product_cat","embeddable":true,"href":"https:\/\/librairie7l.com\/en\/wp-json\/wp\/v2\/product_cat?post=31111"},{"taxonomy":"product_tag","embeddable":true,"href":"https:\/\/librairie7l.com\/en\/wp-json\/wp\/v2\/product_tag?post=31111"}],"curies":[{"name":"wp","href":"https:\/\/api.w.org\/{rel}","templated":true}]}}