{"id":31167,"date":"2023-05-10T14:51:46","date_gmt":"2023-05-10T12:51:46","guid":{"rendered":"https:\/\/librairie7l.com\/?post_type=product&#038;p=31167"},"modified":"2026-04-21T16:24:15","modified_gmt":"2026-04-21T14:24:15","slug":"magazine-aperture-242-new-york","status":"publish","type":"product","link":"https:\/\/librairie7l.com\/en\/produit\/magazine-aperture-242-new-york\/","title":{"rendered":"MAGAZINE APERTURE 242 NEW YORK"},"content":{"rendered":"<p>Le dernier num\u00e9ro d&#8217;Aperture consacr\u00e9 \u00e0 la ville de New York sera publi\u00e9 \u00e0 l&#8217;occasion du premier anniversaire de la fermeture de la ville en raison de la crise du Covid-19. Le num\u00e9ro met \u00e0 l&#8217;honneur la communaut\u00e9 et l&#8217;espace public de la ville avec des contributions comme celle de Jamel Shabazz sur la vie des Noirs dans la ville, la vision distincte de Brooklyn de Deana Lawson, ou encore une conversation entre Philip Montgomery et Kathy Ryan, directrice de la photographie au New York Times Magazine.<\/p>\n","protected":false},"excerpt":{"rendered":"<p>Le dernier num\u00e9ro d&#8217;Aperture consacr\u00e9 \u00e0 la ville de New York sera publi\u00e9 \u00e0 l&#8217;occasion du premier anniversaire de la fermeture de la ville en raison de la crise du Covid-19. Le num\u00e9ro met \u00e0 l&#8217;honneur la communaut\u00e9 et l&#8217;espace public de la ville avec des contributions comme celle de Jamel Shabazz sur la vie [&hellip;]<\/p>\n","protected":false},"featured_media":31165,"template":"","meta":[],"product_cat":[55,2948,2958,17],"product_tag":[],"acf":[],"yoast_head":"<!-- This site is optimized with the Yoast SEO plugin v20.11 - https:\/\/yoast.com\/wordpress\/plugins\/seo\/ -->\n<title>MAGAZINE APERTURE 242 NEW YORK - Librairie 7L<\/title>\n<meta name=\"robots\" content=\"index, follow, max-snippet:-1, max-image-preview:large, max-video-preview:-1\" \/>\n<link rel=\"canonical\" href=\"https:\/\/librairie7l.com\/en\/produit\/magazine-aperture-242-new-york\/\" \/>\n<meta property=\"og:locale\" content=\"en_US\" \/>\n<meta property=\"og:type\" content=\"article\" \/>\n<meta property=\"og:title\" content=\"MAGAZINE APERTURE 242 NEW YORK - Librairie 7L\" \/>\n<meta property=\"og:description\" content=\"Le dernier num\u00e9ro d&#8217;Aperture consacr\u00e9 \u00e0 la ville de New York sera publi\u00e9 \u00e0 l&#8217;occasion du premier anniversaire de la fermeture de la ville en raison de la crise du Covid-19. Le num\u00e9ro met \u00e0 l&#8217;honneur la communaut\u00e9 et l&#8217;espace public de la ville avec des contributions comme celle de Jamel Shabazz sur la vie [&hellip;]\" \/>\n<meta property=\"og:url\" content=\"https:\/\/librairie7l.com\/en\/produit\/magazine-aperture-242-new-york\/\" \/>\n<meta property=\"og:site_name\" content=\"Librairie 7L\" \/>\n<meta property=\"article:modified_time\" content=\"2026-04-21T14:24:15+00:00\" \/>\n<meta property=\"og:image\" content=\"https:\/\/librairie7l.com\/wp-content\/uploads\/2021\/01\/9781597115032_1_75.jpg\" \/>\n\t<meta property=\"og:image:width\" content=\"385\" \/>\n\t<meta property=\"og:image:height\" content=\"500\" \/>\n\t<meta property=\"og:image:type\" content=\"image\/jpeg\" \/>\n<meta name=\"twitter:card\" content=\"summary_large_image\" \/>\n<script type=\"application\/ld+json\" class=\"yoast-schema-graph\">{\"@context\":\"https:\/\/schema.org\",\"@graph\":[{\"@type\":\"WebPage\",\"@id\":\"https:\/\/librairie7l.com\/en\/produit\/magazine-aperture-242-new-york\/\",\"url\":\"https:\/\/librairie7l.com\/en\/produit\/magazine-aperture-242-new-york\/\",\"name\":\"MAGAZINE APERTURE 242 NEW YORK - Librairie 7L\",\"isPartOf\":{\"@id\":\"https:\/\/librairie7l.com\/en\/#website\"},\"datePublished\":\"2023-05-10T12:51:46+00:00\",\"dateModified\":\"2026-04-21T14:24:15+00:00\",\"breadcrumb\":{\"@id\":\"https:\/\/librairie7l.com\/en\/produit\/magazine-aperture-242-new-york\/#breadcrumb\"},\"inLanguage\":\"en-US\",\"potentialAction\":[{\"@type\":\"ReadAction\",\"target\":[\"https:\/\/librairie7l.com\/en\/produit\/magazine-aperture-242-new-york\/\"]}]},{\"@type\":\"BreadcrumbList\",\"@id\":\"https:\/\/librairie7l.com\/en\/produit\/magazine-aperture-242-new-york\/#breadcrumb\",\"itemListElement\":[{\"@type\":\"ListItem\",\"position\":1,\"name\":\"Accueil\",\"item\":\"https:\/\/librairie7l.com\/en\/\"},{\"@type\":\"ListItem\",\"position\":2,\"name\":\"Shop\",\"item\":\"https:\/\/librairie7l.com\/en\/shop\/\"},{\"@type\":\"ListItem\",\"position\":3,\"name\":\"MAGAZINE APERTURE 242 NEW YORK\"}]},{\"@type\":\"WebSite\",\"@id\":\"https:\/\/librairie7l.com\/en\/#website\",\"url\":\"https:\/\/librairie7l.com\/en\/\",\"name\":\"Librairie 7L\",\"description\":\"Librairie fond\u00e9e en 1999 par Karl Lagerfeld \u00e0 Paris\",\"publisher\":{\"@id\":\"https:\/\/librairie7l.com\/en\/#organization\"},\"potentialAction\":[{\"@type\":\"SearchAction\",\"target\":{\"@type\":\"EntryPoint\",\"urlTemplate\":\"https:\/\/librairie7l.com\/en\/?s={search_term_string}\"},\"query-input\":\"required name=search_term_string\"}],\"inLanguage\":\"en-US\"},{\"@type\":\"Organization\",\"@id\":\"https:\/\/librairie7l.com\/en\/#organization\",\"name\":\"Librairie 7L\",\"url\":\"https:\/\/librairie7l.com\/en\/\",\"logo\":{\"@type\":\"ImageObject\",\"inLanguage\":\"en-US\",\"@id\":\"https:\/\/librairie7l.com\/en\/#\/schema\/logo\/image\/\",\"url\":\"https:\/\/librairie7l.com\/wp-content\/uploads\/2022\/08\/logo-1.png\",\"contentUrl\":\"https:\/\/librairie7l.com\/wp-content\/uploads\/2022\/08\/logo-1.png\",\"width\":227,\"height\":301,\"caption\":\"Librairie 7L\"},\"image\":{\"@id\":\"https:\/\/librairie7l.com\/en\/#\/schema\/logo\/image\/\"}}]}<\/script>\n<!-- \/ Yoast SEO plugin. -->","yoast_head_json":{"title":"MAGAZINE APERTURE 242 NEW YORK - Librairie 7L","robots":{"index":"index","follow":"follow","max-snippet":"max-snippet:-1","max-image-preview":"max-image-preview:large","max-video-preview":"max-video-preview:-1"},"canonical":"https:\/\/librairie7l.com\/en\/produit\/magazine-aperture-242-new-york\/","og_locale":"en_US","og_type":"article","og_title":"MAGAZINE APERTURE 242 NEW YORK - Librairie 7L","og_description":"Le dernier num\u00e9ro d&#8217;Aperture consacr\u00e9 \u00e0 la ville de New York sera publi\u00e9 \u00e0 l&#8217;occasion du premier anniversaire de la fermeture de la ville en raison de la crise du Covid-19. Le num\u00e9ro met \u00e0 l&#8217;honneur la communaut\u00e9 et l&#8217;espace public de la ville avec des contributions comme celle de Jamel Shabazz sur la vie [&hellip;]","og_url":"https:\/\/librairie7l.com\/en\/produit\/magazine-aperture-242-new-york\/","og_site_name":"Librairie 7L","article_modified_time":"2026-04-21T14:24:15+00:00","og_image":[{"width":385,"height":500,"url":"https:\/\/librairie7l.com\/wp-content\/uploads\/2021\/01\/9781597115032_1_75.jpg","type":"image\/jpeg"}],"twitter_card":"summary_large_image","schema":{"@context":"https:\/\/schema.org","@graph":[{"@type":"WebPage","@id":"https:\/\/librairie7l.com\/en\/produit\/magazine-aperture-242-new-york\/","url":"https:\/\/librairie7l.com\/en\/produit\/magazine-aperture-242-new-york\/","name":"MAGAZINE APERTURE 242 NEW YORK - Librairie 7L","isPartOf":{"@id":"https:\/\/librairie7l.com\/en\/#website"},"datePublished":"2023-05-10T12:51:46+00:00","dateModified":"2026-04-21T14:24:15+00:00","breadcrumb":{"@id":"https:\/\/librairie7l.com\/en\/produit\/magazine-aperture-242-new-york\/#breadcrumb"},"inLanguage":"en-US","potentialAction":[{"@type":"ReadAction","target":["https:\/\/librairie7l.com\/en\/produit\/magazine-aperture-242-new-york\/"]}]},{"@type":"BreadcrumbList","@id":"https:\/\/librairie7l.com\/en\/produit\/magazine-aperture-242-new-york\/#breadcrumb","itemListElement":[{"@type":"ListItem","position":1,"name":"Accueil","item":"https:\/\/librairie7l.com\/en\/"},{"@type":"ListItem","position":2,"name":"Shop","item":"https:\/\/librairie7l.com\/en\/shop\/"},{"@type":"ListItem","position":3,"name":"MAGAZINE APERTURE 242 NEW YORK"}]},{"@type":"WebSite","@id":"https:\/\/librairie7l.com\/en\/#website","url":"https:\/\/librairie7l.com\/en\/","name":"Librairie 7L","description":"Librairie fond\u00e9e en 1999 par Karl Lagerfeld \u00e0 Paris","publisher":{"@id":"https:\/\/librairie7l.com\/en\/#organization"},"potentialAction":[{"@type":"SearchAction","target":{"@type":"EntryPoint","urlTemplate":"https:\/\/librairie7l.com\/en\/?s={search_term_string}"},"query-input":"required name=search_term_string"}],"inLanguage":"en-US"},{"@type":"Organization","@id":"https:\/\/librairie7l.com\/en\/#organization","name":"Librairie 7L","url":"https:\/\/librairie7l.com\/en\/","logo":{"@type":"ImageObject","inLanguage":"en-US","@id":"https:\/\/librairie7l.com\/en\/#\/schema\/logo\/image\/","url":"https:\/\/librairie7l.com\/wp-content\/uploads\/2022\/08\/logo-1.png","contentUrl":"https:\/\/librairie7l.com\/wp-content\/uploads\/2022\/08\/logo-1.png","width":227,"height":301,"caption":"Librairie 7L"},"image":{"@id":"https:\/\/librairie7l.com\/en\/#\/schema\/logo\/image\/"}}]}},"_links":{"self":[{"href":"https:\/\/librairie7l.com\/en\/wp-json\/wp\/v2\/product\/31167"}],"collection":[{"href":"https:\/\/librairie7l.com\/en\/wp-json\/wp\/v2\/product"}],"about":[{"href":"https:\/\/librairie7l.com\/en\/wp-json\/wp\/v2\/types\/product"}],"wp:featuredmedia":[{"embeddable":true,"href":"https:\/\/librairie7l.com\/en\/wp-json\/wp\/v2\/media\/31165"}],"wp:attachment":[{"href":"https:\/\/librairie7l.com\/en\/wp-json\/wp\/v2\/media?parent=31167"}],"wp:term":[{"taxonomy":"product_cat","embeddable":true,"href":"https:\/\/librairie7l.com\/en\/wp-json\/wp\/v2\/product_cat?post=31167"},{"taxonomy":"product_tag","embeddable":true,"href":"https:\/\/librairie7l.com\/en\/wp-json\/wp\/v2\/product_tag?post=31167"}],"curies":[{"name":"wp","href":"https:\/\/api.w.org\/{rel}","templated":true}]}}