{"id":31179,"date":"2023-05-10T14:51:59","date_gmt":"2023-05-10T12:51:59","guid":{"rendered":"https:\/\/librairie7l.com\/?post_type=product&#038;p=31179"},"modified":"2026-04-07T20:45:14","modified_gmt":"2026-04-07T18:45:14","slug":"arnaud-lajeunie","status":"publish","type":"product","link":"https:\/\/librairie7l.com\/en\/produit\/arnaud-lajeunie\/","title":{"rendered":"ARNAUD LAJEUNIE"},"content":{"rendered":"<p>Photographe de mode bas\u00e9 \u00e0 Paris, Arnaud Lajeunie aime proposer un pas de c\u00f4t\u00e9 dans son travail, choisir un angle de vue d\u00e9cal\u00e9, les d\u00e9tails d&#8217;un corps, rendre compte de son interaction avec les mod\u00e8les. Pour son portfolio personnel, il laisse la mode de c\u00f4t\u00e9 et se concentre sur les paysages, les architectures ou les pratiques photographiques anciennes. Cet ouvrage pr\u00e9sente conjointement les deux versants de son travail, personnel et de commande.<\/p>\n","protected":false},"excerpt":{"rendered":"<p>Photographe de mode bas\u00e9 \u00e0 Paris, Arnaud Lajeunie aime proposer un pas de c\u00f4t\u00e9 dans son travail, choisir un angle de vue d\u00e9cal\u00e9, les d\u00e9tails d&#8217;un corps, rendre compte de son interaction avec les mod\u00e8les. Pour son portfolio personnel, il laisse la mode de c\u00f4t\u00e9 et se concentre sur les paysages, les architectures ou les [&hellip;]<\/p>\n","protected":false},"featured_media":31177,"template":"","meta":[],"product_cat":[55,2948,47,2953],"product_tag":[],"acf":[],"yoast_head":"<!-- This site is optimized with the Yoast SEO plugin v20.11 - https:\/\/yoast.com\/wordpress\/plugins\/seo\/ -->\n<title>ARNAUD LAJEUNIE - Librairie 7L<\/title>\n<meta name=\"robots\" content=\"index, follow, max-snippet:-1, max-image-preview:large, max-video-preview:-1\" \/>\n<link rel=\"canonical\" href=\"https:\/\/librairie7l.com\/en\/produit\/arnaud-lajeunie\/\" \/>\n<meta property=\"og:locale\" content=\"en_US\" \/>\n<meta property=\"og:type\" content=\"article\" \/>\n<meta property=\"og:title\" content=\"ARNAUD LAJEUNIE - Librairie 7L\" \/>\n<meta property=\"og:description\" content=\"Photographe de mode bas\u00e9 \u00e0 Paris, Arnaud Lajeunie aime proposer un pas de c\u00f4t\u00e9 dans son travail, choisir un angle de vue d\u00e9cal\u00e9, les d\u00e9tails d&#8217;un corps, rendre compte de son interaction avec les mod\u00e8les. Pour son portfolio personnel, il laisse la mode de c\u00f4t\u00e9 et se concentre sur les paysages, les architectures ou les [&hellip;]\" \/>\n<meta property=\"og:url\" content=\"https:\/\/librairie7l.com\/en\/produit\/arnaud-lajeunie\/\" \/>\n<meta property=\"og:site_name\" content=\"Librairie 7L\" \/>\n<meta property=\"article:modified_time\" content=\"2026-04-07T18:45:14+00:00\" \/>\n<meta property=\"og:image\" content=\"https:\/\/librairie7l.com\/wp-content\/uploads\/2021\/07\/9789493146815_1_75.jpg\" \/>\n\t<meta property=\"og:image:width\" content=\"500\" \/>\n\t<meta property=\"og:image:height\" content=\"375\" \/>\n\t<meta property=\"og:image:type\" content=\"image\/jpeg\" \/>\n<meta name=\"twitter:card\" content=\"summary_large_image\" \/>\n<script type=\"application\/ld+json\" class=\"yoast-schema-graph\">{\"@context\":\"https:\/\/schema.org\",\"@graph\":[{\"@type\":\"WebPage\",\"@id\":\"https:\/\/librairie7l.com\/en\/produit\/arnaud-lajeunie\/\",\"url\":\"https:\/\/librairie7l.com\/en\/produit\/arnaud-lajeunie\/\",\"name\":\"ARNAUD LAJEUNIE - Librairie 7L\",\"isPartOf\":{\"@id\":\"https:\/\/librairie7l.com\/en\/#website\"},\"datePublished\":\"2023-05-10T12:51:59+00:00\",\"dateModified\":\"2026-04-07T18:45:14+00:00\",\"breadcrumb\":{\"@id\":\"https:\/\/librairie7l.com\/en\/produit\/arnaud-lajeunie\/#breadcrumb\"},\"inLanguage\":\"en-US\",\"potentialAction\":[{\"@type\":\"ReadAction\",\"target\":[\"https:\/\/librairie7l.com\/en\/produit\/arnaud-lajeunie\/\"]}]},{\"@type\":\"BreadcrumbList\",\"@id\":\"https:\/\/librairie7l.com\/en\/produit\/arnaud-lajeunie\/#breadcrumb\",\"itemListElement\":[{\"@type\":\"ListItem\",\"position\":1,\"name\":\"Accueil\",\"item\":\"https:\/\/librairie7l.com\/en\/\"},{\"@type\":\"ListItem\",\"position\":2,\"name\":\"Shop\",\"item\":\"https:\/\/librairie7l.com\/en\/shop\/\"},{\"@type\":\"ListItem\",\"position\":3,\"name\":\"ARNAUD LAJEUNIE\"}]},{\"@type\":\"WebSite\",\"@id\":\"https:\/\/librairie7l.com\/en\/#website\",\"url\":\"https:\/\/librairie7l.com\/en\/\",\"name\":\"Librairie 7L\",\"description\":\"Librairie fond\u00e9e en 1999 par Karl Lagerfeld \u00e0 Paris\",\"publisher\":{\"@id\":\"https:\/\/librairie7l.com\/en\/#organization\"},\"potentialAction\":[{\"@type\":\"SearchAction\",\"target\":{\"@type\":\"EntryPoint\",\"urlTemplate\":\"https:\/\/librairie7l.com\/en\/?s={search_term_string}\"},\"query-input\":\"required name=search_term_string\"}],\"inLanguage\":\"en-US\"},{\"@type\":\"Organization\",\"@id\":\"https:\/\/librairie7l.com\/en\/#organization\",\"name\":\"Librairie 7L\",\"url\":\"https:\/\/librairie7l.com\/en\/\",\"logo\":{\"@type\":\"ImageObject\",\"inLanguage\":\"en-US\",\"@id\":\"https:\/\/librairie7l.com\/en\/#\/schema\/logo\/image\/\",\"url\":\"https:\/\/librairie7l.com\/wp-content\/uploads\/2022\/08\/logo-1.png\",\"contentUrl\":\"https:\/\/librairie7l.com\/wp-content\/uploads\/2022\/08\/logo-1.png\",\"width\":227,\"height\":301,\"caption\":\"Librairie 7L\"},\"image\":{\"@id\":\"https:\/\/librairie7l.com\/en\/#\/schema\/logo\/image\/\"}}]}<\/script>\n<!-- \/ Yoast SEO plugin. -->","yoast_head_json":{"title":"ARNAUD LAJEUNIE - Librairie 7L","robots":{"index":"index","follow":"follow","max-snippet":"max-snippet:-1","max-image-preview":"max-image-preview:large","max-video-preview":"max-video-preview:-1"},"canonical":"https:\/\/librairie7l.com\/en\/produit\/arnaud-lajeunie\/","og_locale":"en_US","og_type":"article","og_title":"ARNAUD LAJEUNIE - Librairie 7L","og_description":"Photographe de mode bas\u00e9 \u00e0 Paris, Arnaud Lajeunie aime proposer un pas de c\u00f4t\u00e9 dans son travail, choisir un angle de vue d\u00e9cal\u00e9, les d\u00e9tails d&#8217;un corps, rendre compte de son interaction avec les mod\u00e8les. Pour son portfolio personnel, il laisse la mode de c\u00f4t\u00e9 et se concentre sur les paysages, les architectures ou les [&hellip;]","og_url":"https:\/\/librairie7l.com\/en\/produit\/arnaud-lajeunie\/","og_site_name":"Librairie 7L","article_modified_time":"2026-04-07T18:45:14+00:00","og_image":[{"width":500,"height":375,"url":"https:\/\/librairie7l.com\/wp-content\/uploads\/2021\/07\/9789493146815_1_75.jpg","type":"image\/jpeg"}],"twitter_card":"summary_large_image","schema":{"@context":"https:\/\/schema.org","@graph":[{"@type":"WebPage","@id":"https:\/\/librairie7l.com\/en\/produit\/arnaud-lajeunie\/","url":"https:\/\/librairie7l.com\/en\/produit\/arnaud-lajeunie\/","name":"ARNAUD LAJEUNIE - Librairie 7L","isPartOf":{"@id":"https:\/\/librairie7l.com\/en\/#website"},"datePublished":"2023-05-10T12:51:59+00:00","dateModified":"2026-04-07T18:45:14+00:00","breadcrumb":{"@id":"https:\/\/librairie7l.com\/en\/produit\/arnaud-lajeunie\/#breadcrumb"},"inLanguage":"en-US","potentialAction":[{"@type":"ReadAction","target":["https:\/\/librairie7l.com\/en\/produit\/arnaud-lajeunie\/"]}]},{"@type":"BreadcrumbList","@id":"https:\/\/librairie7l.com\/en\/produit\/arnaud-lajeunie\/#breadcrumb","itemListElement":[{"@type":"ListItem","position":1,"name":"Accueil","item":"https:\/\/librairie7l.com\/en\/"},{"@type":"ListItem","position":2,"name":"Shop","item":"https:\/\/librairie7l.com\/en\/shop\/"},{"@type":"ListItem","position":3,"name":"ARNAUD LAJEUNIE"}]},{"@type":"WebSite","@id":"https:\/\/librairie7l.com\/en\/#website","url":"https:\/\/librairie7l.com\/en\/","name":"Librairie 7L","description":"Librairie fond\u00e9e en 1999 par Karl Lagerfeld \u00e0 Paris","publisher":{"@id":"https:\/\/librairie7l.com\/en\/#organization"},"potentialAction":[{"@type":"SearchAction","target":{"@type":"EntryPoint","urlTemplate":"https:\/\/librairie7l.com\/en\/?s={search_term_string}"},"query-input":"required name=search_term_string"}],"inLanguage":"en-US"},{"@type":"Organization","@id":"https:\/\/librairie7l.com\/en\/#organization","name":"Librairie 7L","url":"https:\/\/librairie7l.com\/en\/","logo":{"@type":"ImageObject","inLanguage":"en-US","@id":"https:\/\/librairie7l.com\/en\/#\/schema\/logo\/image\/","url":"https:\/\/librairie7l.com\/wp-content\/uploads\/2022\/08\/logo-1.png","contentUrl":"https:\/\/librairie7l.com\/wp-content\/uploads\/2022\/08\/logo-1.png","width":227,"height":301,"caption":"Librairie 7L"},"image":{"@id":"https:\/\/librairie7l.com\/en\/#\/schema\/logo\/image\/"}}]}},"_links":{"self":[{"href":"https:\/\/librairie7l.com\/en\/wp-json\/wp\/v2\/product\/31179"}],"collection":[{"href":"https:\/\/librairie7l.com\/en\/wp-json\/wp\/v2\/product"}],"about":[{"href":"https:\/\/librairie7l.com\/en\/wp-json\/wp\/v2\/types\/product"}],"wp:featuredmedia":[{"embeddable":true,"href":"https:\/\/librairie7l.com\/en\/wp-json\/wp\/v2\/media\/31177"}],"wp:attachment":[{"href":"https:\/\/librairie7l.com\/en\/wp-json\/wp\/v2\/media?parent=31179"}],"wp:term":[{"taxonomy":"product_cat","embeddable":true,"href":"https:\/\/librairie7l.com\/en\/wp-json\/wp\/v2\/product_cat?post=31179"},{"taxonomy":"product_tag","embeddable":true,"href":"https:\/\/librairie7l.com\/en\/wp-json\/wp\/v2\/product_tag?post=31179"}],"curies":[{"name":"wp","href":"https:\/\/api.w.org\/{rel}","templated":true}]}}