{"id":31291,"date":"2023-05-10T14:53:51","date_gmt":"2023-05-10T12:53:51","guid":{"rendered":"https:\/\/librairie7l.com\/?post_type=product&#038;p=31291"},"modified":"2026-04-06T14:06:29","modified_gmt":"2026-04-06T12:06:29","slug":"le-cas-du-sac","status":"publish","type":"product","link":"https:\/\/librairie7l.com\/en\/produit\/le-cas-du-sac\/","title":{"rendered":"LE CAS DU SAC"},"content":{"rendered":"<p>Un sac, c&#8217;est sans doute la chose du monde la mieux partag\u00e9e. Le sac \u00e0 main, le filet, le sac en plastique, le cabas, le havresac, le sac \u00e0 dos, le bissac, la pochette, le balluchon : on n&#8217;en finirait pas de dresser la liste de ces objets, fid\u00e8les compagnons de l&#8217;\u00eatre humain, si \u00e9vidents, si pr\u00e9sents dans la vie quotidienne qu&#8217;on en oublie leur singuli\u00e8re existence.<br \/>\nSingulier est bien le mot. Car si le sac sert \u00e0 transporter, il est aussi plus que cela. Le sac des femmes est un univers secret, inaccessible aux hommes, c&#8217;est traditionnellement le sanctuaire de la f\u00e9minit\u00e9. Pour le paysan des soci\u00e9t\u00e9s agricoles de l&#8217;antiquit\u00e9 et du monde traditionnel, c&#8217;est le sac \u00e0 grain, le garant de l&#8217;avenir, c&#8217;est aussi la bourse, garant de la bonne fortune. Pour le griot africain, le sac c&#8217;est le sac \u00e0 paroles, le pouvoir du verbe. Pour le chaman am\u00e9rindien, le sac c&#8217;est le d\u00e9positaire des mythes de fondation de son peuple, l&#8217;instrument magique de la relation avec le divin, avec l&#8217;au-del\u00e0. Pour l&#8217;artisan, l&#8217;homme de m\u00e9tier, son sac, c&#8217;est son savoir-faire, ses outils de travail, son secret professionnel.<br \/>\nOn l&#8217;aura compris, ce livre est une invitation \u00e0 explorer la simplicit\u00e9 du sac pour en d\u00e9voiler la fascinante complexit\u00e9.<\/p>\n","protected":false},"excerpt":{"rendered":"<p>Un sac, c&#8217;est sans doute la chose du monde la mieux partag\u00e9e. Le sac \u00e0 main, le filet, le sac en plastique, le cabas, le havresac, le sac \u00e0 dos, le bissac, la pochette, le balluchon : on n&#8217;en finirait pas de dresser la liste de ces objets, fid\u00e8les compagnons de l&#8217;\u00eatre humain, si \u00e9vidents, [&hellip;]<\/p>\n","protected":false},"featured_media":31289,"template":"","meta":[],"product_cat":[55,2948,2957,19],"product_tag":[],"acf":[],"yoast_head":"<!-- This site is optimized with the Yoast SEO plugin v20.11 - https:\/\/yoast.com\/wordpress\/plugins\/seo\/ -->\n<title>LE CAS DU SAC - Librairie 7L<\/title>\n<meta name=\"robots\" content=\"index, follow, max-snippet:-1, max-image-preview:large, max-video-preview:-1\" \/>\n<link rel=\"canonical\" href=\"https:\/\/librairie7l.com\/en\/produit\/le-cas-du-sac\/\" \/>\n<meta property=\"og:locale\" content=\"en_US\" \/>\n<meta property=\"og:type\" content=\"article\" \/>\n<meta property=\"og:title\" content=\"LE CAS DU SAC - Librairie 7L\" \/>\n<meta property=\"og:description\" content=\"Un sac, c&#8217;est sans doute la chose du monde la mieux partag\u00e9e. Le sac \u00e0 main, le filet, le sac en plastique, le cabas, le havresac, le sac \u00e0 dos, le bissac, la pochette, le balluchon : on n&#8217;en finirait pas de dresser la liste de ces objets, fid\u00e8les compagnons de l&#8217;\u00eatre humain, si \u00e9vidents, [&hellip;]\" \/>\n<meta property=\"og:url\" content=\"https:\/\/librairie7l.com\/en\/produit\/le-cas-du-sac\/\" \/>\n<meta property=\"og:site_name\" content=\"Librairie 7L\" \/>\n<meta property=\"article:modified_time\" content=\"2026-04-06T12:06:29+00:00\" \/>\n<meta property=\"og:image\" content=\"https:\/\/librairie7l.com\/wp-content\/uploads\/2004\/06\/9782847420623_1_75.jpg\" \/>\n\t<meta property=\"og:image:width\" content=\"400\" \/>\n\t<meta property=\"og:image:height\" content=\"461\" \/>\n\t<meta property=\"og:image:type\" content=\"image\/jpeg\" \/>\n<meta name=\"twitter:card\" content=\"summary_large_image\" \/>\n<meta name=\"twitter:label1\" content=\"Est. reading time\" \/>\n\t<meta name=\"twitter:data1\" content=\"1 minute\" \/>\n<script type=\"application\/ld+json\" class=\"yoast-schema-graph\">{\"@context\":\"https:\/\/schema.org\",\"@graph\":[{\"@type\":\"WebPage\",\"@id\":\"https:\/\/librairie7l.com\/en\/produit\/le-cas-du-sac\/\",\"url\":\"https:\/\/librairie7l.com\/en\/produit\/le-cas-du-sac\/\",\"name\":\"LE CAS DU SAC - Librairie 7L\",\"isPartOf\":{\"@id\":\"https:\/\/librairie7l.com\/en\/#website\"},\"datePublished\":\"2023-05-10T12:53:51+00:00\",\"dateModified\":\"2026-04-06T12:06:29+00:00\",\"breadcrumb\":{\"@id\":\"https:\/\/librairie7l.com\/en\/produit\/le-cas-du-sac\/#breadcrumb\"},\"inLanguage\":\"en-US\",\"potentialAction\":[{\"@type\":\"ReadAction\",\"target\":[\"https:\/\/librairie7l.com\/en\/produit\/le-cas-du-sac\/\"]}]},{\"@type\":\"BreadcrumbList\",\"@id\":\"https:\/\/librairie7l.com\/en\/produit\/le-cas-du-sac\/#breadcrumb\",\"itemListElement\":[{\"@type\":\"ListItem\",\"position\":1,\"name\":\"Accueil\",\"item\":\"https:\/\/librairie7l.com\/en\/\"},{\"@type\":\"ListItem\",\"position\":2,\"name\":\"Shop\",\"item\":\"https:\/\/librairie7l.com\/en\/shop\/\"},{\"@type\":\"ListItem\",\"position\":3,\"name\":\"LE CAS DU SAC\"}]},{\"@type\":\"WebSite\",\"@id\":\"https:\/\/librairie7l.com\/en\/#website\",\"url\":\"https:\/\/librairie7l.com\/en\/\",\"name\":\"Librairie 7L\",\"description\":\"Librairie fond\u00e9e en 1999 par Karl Lagerfeld \u00e0 Paris\",\"publisher\":{\"@id\":\"https:\/\/librairie7l.com\/en\/#organization\"},\"potentialAction\":[{\"@type\":\"SearchAction\",\"target\":{\"@type\":\"EntryPoint\",\"urlTemplate\":\"https:\/\/librairie7l.com\/en\/?s={search_term_string}\"},\"query-input\":\"required name=search_term_string\"}],\"inLanguage\":\"en-US\"},{\"@type\":\"Organization\",\"@id\":\"https:\/\/librairie7l.com\/en\/#organization\",\"name\":\"Librairie 7L\",\"url\":\"https:\/\/librairie7l.com\/en\/\",\"logo\":{\"@type\":\"ImageObject\",\"inLanguage\":\"en-US\",\"@id\":\"https:\/\/librairie7l.com\/en\/#\/schema\/logo\/image\/\",\"url\":\"https:\/\/librairie7l.com\/wp-content\/uploads\/2022\/08\/logo-1.png\",\"contentUrl\":\"https:\/\/librairie7l.com\/wp-content\/uploads\/2022\/08\/logo-1.png\",\"width\":227,\"height\":301,\"caption\":\"Librairie 7L\"},\"image\":{\"@id\":\"https:\/\/librairie7l.com\/en\/#\/schema\/logo\/image\/\"}}]}<\/script>\n<!-- \/ Yoast SEO plugin. -->","yoast_head_json":{"title":"LE CAS DU SAC - Librairie 7L","robots":{"index":"index","follow":"follow","max-snippet":"max-snippet:-1","max-image-preview":"max-image-preview:large","max-video-preview":"max-video-preview:-1"},"canonical":"https:\/\/librairie7l.com\/en\/produit\/le-cas-du-sac\/","og_locale":"en_US","og_type":"article","og_title":"LE CAS DU SAC - Librairie 7L","og_description":"Un sac, c&#8217;est sans doute la chose du monde la mieux partag\u00e9e. Le sac \u00e0 main, le filet, le sac en plastique, le cabas, le havresac, le sac \u00e0 dos, le bissac, la pochette, le balluchon : on n&#8217;en finirait pas de dresser la liste de ces objets, fid\u00e8les compagnons de l&#8217;\u00eatre humain, si \u00e9vidents, [&hellip;]","og_url":"https:\/\/librairie7l.com\/en\/produit\/le-cas-du-sac\/","og_site_name":"Librairie 7L","article_modified_time":"2026-04-06T12:06:29+00:00","og_image":[{"width":400,"height":461,"url":"https:\/\/librairie7l.com\/wp-content\/uploads\/2004\/06\/9782847420623_1_75.jpg","type":"image\/jpeg"}],"twitter_card":"summary_large_image","twitter_misc":{"Est. reading time":"1 minute"},"schema":{"@context":"https:\/\/schema.org","@graph":[{"@type":"WebPage","@id":"https:\/\/librairie7l.com\/en\/produit\/le-cas-du-sac\/","url":"https:\/\/librairie7l.com\/en\/produit\/le-cas-du-sac\/","name":"LE CAS DU SAC - Librairie 7L","isPartOf":{"@id":"https:\/\/librairie7l.com\/en\/#website"},"datePublished":"2023-05-10T12:53:51+00:00","dateModified":"2026-04-06T12:06:29+00:00","breadcrumb":{"@id":"https:\/\/librairie7l.com\/en\/produit\/le-cas-du-sac\/#breadcrumb"},"inLanguage":"en-US","potentialAction":[{"@type":"ReadAction","target":["https:\/\/librairie7l.com\/en\/produit\/le-cas-du-sac\/"]}]},{"@type":"BreadcrumbList","@id":"https:\/\/librairie7l.com\/en\/produit\/le-cas-du-sac\/#breadcrumb","itemListElement":[{"@type":"ListItem","position":1,"name":"Accueil","item":"https:\/\/librairie7l.com\/en\/"},{"@type":"ListItem","position":2,"name":"Shop","item":"https:\/\/librairie7l.com\/en\/shop\/"},{"@type":"ListItem","position":3,"name":"LE CAS DU SAC"}]},{"@type":"WebSite","@id":"https:\/\/librairie7l.com\/en\/#website","url":"https:\/\/librairie7l.com\/en\/","name":"Librairie 7L","description":"Librairie fond\u00e9e en 1999 par Karl Lagerfeld \u00e0 Paris","publisher":{"@id":"https:\/\/librairie7l.com\/en\/#organization"},"potentialAction":[{"@type":"SearchAction","target":{"@type":"EntryPoint","urlTemplate":"https:\/\/librairie7l.com\/en\/?s={search_term_string}"},"query-input":"required name=search_term_string"}],"inLanguage":"en-US"},{"@type":"Organization","@id":"https:\/\/librairie7l.com\/en\/#organization","name":"Librairie 7L","url":"https:\/\/librairie7l.com\/en\/","logo":{"@type":"ImageObject","inLanguage":"en-US","@id":"https:\/\/librairie7l.com\/en\/#\/schema\/logo\/image\/","url":"https:\/\/librairie7l.com\/wp-content\/uploads\/2022\/08\/logo-1.png","contentUrl":"https:\/\/librairie7l.com\/wp-content\/uploads\/2022\/08\/logo-1.png","width":227,"height":301,"caption":"Librairie 7L"},"image":{"@id":"https:\/\/librairie7l.com\/en\/#\/schema\/logo\/image\/"}}]}},"_links":{"self":[{"href":"https:\/\/librairie7l.com\/en\/wp-json\/wp\/v2\/product\/31291"}],"collection":[{"href":"https:\/\/librairie7l.com\/en\/wp-json\/wp\/v2\/product"}],"about":[{"href":"https:\/\/librairie7l.com\/en\/wp-json\/wp\/v2\/types\/product"}],"wp:featuredmedia":[{"embeddable":true,"href":"https:\/\/librairie7l.com\/en\/wp-json\/wp\/v2\/media\/31289"}],"wp:attachment":[{"href":"https:\/\/librairie7l.com\/en\/wp-json\/wp\/v2\/media?parent=31291"}],"wp:term":[{"taxonomy":"product_cat","embeddable":true,"href":"https:\/\/librairie7l.com\/en\/wp-json\/wp\/v2\/product_cat?post=31291"},{"taxonomy":"product_tag","embeddable":true,"href":"https:\/\/librairie7l.com\/en\/wp-json\/wp\/v2\/product_tag?post=31291"}],"curies":[{"name":"wp","href":"https:\/\/api.w.org\/{rel}","templated":true}]}}