{"id":31999,"date":"2023-05-10T15:13:15","date_gmt":"2023-05-10T13:13:15","guid":{"rendered":"https:\/\/librairie7l.com\/?post_type=product&#038;p=31999"},"modified":"2026-04-28T06:30:51","modified_gmt":"2026-04-28T04:30:51","slug":"australia-modern-architecture-landscape-design-1925-1975","status":"publish","type":"product","link":"https:\/\/librairie7l.com\/en\/produit\/australia-modern-architecture-landscape-design-1925-1975\/","title":{"rendered":"AUSTRALIA MODERN ARCHITECTURE, LANDSCAPE &AMP; DESIGN 1925-1975"},"content":{"rendered":"<p>De l&#8217;op\u00e9ra de Sydney \u00e0 la National Gallery of Victoria en passant par les maisons d&#8217;exception \u00e0 travers le pays, la pr\u00e9sence omnipr\u00e9sente du modernisme est incontournable en Australie. Soutenus par Robin Boyd, Harry Seidler et Walter Burley Griffin, les architectes et designers modernistes ont entrepris des reconstructions \u00e0 diff\u00e9rentes \u00e9chelles, de vastes projets d&#8217;infrastructure, aux \u00e9tablissements de sant\u00e9 et d&#8217;\u00e9ducation publics, jusqu&#8217;aux nouveaux centres de culture, de consommation et de loisirs. Australia Modern capture avec \u00e9clat cet h\u00e9ritage architectural avec une \u00e9tude de 100 sites modernes importants, richement illustr\u00e9s d&#8217;images d&#8217;archives et de photographies r\u00e9cemment command\u00e9es.<\/p>\n","protected":false},"excerpt":{"rendered":"<p>De l&#8217;op\u00e9ra de Sydney \u00e0 la National Gallery of Victoria en passant par les maisons d&#8217;exception \u00e0 travers le pays, la pr\u00e9sence omnipr\u00e9sente du modernisme est incontournable en Australie. Soutenus par Robin Boyd, Harry Seidler et Walter Burley Griffin, les architectes et designers modernistes ont entrepris des reconstructions \u00e0 diff\u00e9rentes \u00e9chelles, de vastes projets d&#8217;infrastructure, [&hellip;]<\/p>\n","protected":false},"featured_media":31997,"template":"","meta":[],"product_cat":[55,2948,22,2950],"product_tag":[],"acf":[],"yoast_head":"<!-- This site is optimized with the Yoast SEO plugin v20.11 - https:\/\/yoast.com\/wordpress\/plugins\/seo\/ -->\n<title>AUSTRALIA MODERN ARCHITECTURE, LANDSCAPE &amp; DESIGN 1925-1975 - Librairie 7L<\/title>\n<meta name=\"robots\" content=\"index, follow, max-snippet:-1, max-image-preview:large, max-video-preview:-1\" \/>\n<link rel=\"canonical\" href=\"https:\/\/librairie7l.com\/en\/produit\/australia-modern-architecture-landscape-design-1925-1975\/\" \/>\n<meta property=\"og:locale\" content=\"en_US\" \/>\n<meta property=\"og:type\" content=\"article\" \/>\n<meta property=\"og:title\" content=\"AUSTRALIA MODERN ARCHITECTURE, LANDSCAPE &amp; DESIGN 1925-1975 - Librairie 7L\" \/>\n<meta property=\"og:description\" content=\"De l&#8217;op\u00e9ra de Sydney \u00e0 la National Gallery of Victoria en passant par les maisons d&#8217;exception \u00e0 travers le pays, la pr\u00e9sence omnipr\u00e9sente du modernisme est incontournable en Australie. Soutenus par Robin Boyd, Harry Seidler et Walter Burley Griffin, les architectes et designers modernistes ont entrepris des reconstructions \u00e0 diff\u00e9rentes \u00e9chelles, de vastes projets d&#8217;infrastructure, [&hellip;]\" \/>\n<meta property=\"og:url\" content=\"https:\/\/librairie7l.com\/en\/produit\/australia-modern-architecture-landscape-design-1925-1975\/\" \/>\n<meta property=\"og:site_name\" content=\"Librairie 7L\" \/>\n<meta property=\"article:modified_time\" content=\"2026-04-28T04:30:51+00:00\" \/>\n<meta property=\"og:image\" content=\"https:\/\/librairie7l.com\/wp-content\/uploads\/2020\/01\/9781760760151_1_75.jpg\" \/>\n\t<meta property=\"og:image:width\" content=\"325\" \/>\n\t<meta property=\"og:image:height\" content=\"400\" \/>\n\t<meta property=\"og:image:type\" content=\"image\/jpeg\" \/>\n<meta name=\"twitter:card\" content=\"summary_large_image\" \/>\n<meta name=\"twitter:label1\" content=\"Est. reading time\" \/>\n\t<meta name=\"twitter:data1\" content=\"1 minute\" \/>\n<script type=\"application\/ld+json\" class=\"yoast-schema-graph\">{\"@context\":\"https:\/\/schema.org\",\"@graph\":[{\"@type\":\"WebPage\",\"@id\":\"https:\/\/librairie7l.com\/en\/produit\/australia-modern-architecture-landscape-design-1925-1975\/\",\"url\":\"https:\/\/librairie7l.com\/en\/produit\/australia-modern-architecture-landscape-design-1925-1975\/\",\"name\":\"AUSTRALIA MODERN ARCHITECTURE, LANDSCAPE &amp; DESIGN 1925-1975 - Librairie 7L\",\"isPartOf\":{\"@id\":\"https:\/\/librairie7l.com\/en\/#website\"},\"datePublished\":\"2023-05-10T13:13:15+00:00\",\"dateModified\":\"2026-04-28T04:30:51+00:00\",\"breadcrumb\":{\"@id\":\"https:\/\/librairie7l.com\/en\/produit\/australia-modern-architecture-landscape-design-1925-1975\/#breadcrumb\"},\"inLanguage\":\"en-US\",\"potentialAction\":[{\"@type\":\"ReadAction\",\"target\":[\"https:\/\/librairie7l.com\/en\/produit\/australia-modern-architecture-landscape-design-1925-1975\/\"]}]},{\"@type\":\"BreadcrumbList\",\"@id\":\"https:\/\/librairie7l.com\/en\/produit\/australia-modern-architecture-landscape-design-1925-1975\/#breadcrumb\",\"itemListElement\":[{\"@type\":\"ListItem\",\"position\":1,\"name\":\"Accueil\",\"item\":\"https:\/\/librairie7l.com\/en\/\"},{\"@type\":\"ListItem\",\"position\":2,\"name\":\"Shop\",\"item\":\"https:\/\/librairie7l.com\/en\/shop\/\"},{\"@type\":\"ListItem\",\"position\":3,\"name\":\"AUSTRALIA MODERN ARCHITECTURE, LANDSCAPE &AMP; DESIGN 1925-1975\"}]},{\"@type\":\"WebSite\",\"@id\":\"https:\/\/librairie7l.com\/en\/#website\",\"url\":\"https:\/\/librairie7l.com\/en\/\",\"name\":\"Librairie 7L\",\"description\":\"Librairie fond\u00e9e en 1999 par Karl Lagerfeld \u00e0 Paris\",\"publisher\":{\"@id\":\"https:\/\/librairie7l.com\/en\/#organization\"},\"potentialAction\":[{\"@type\":\"SearchAction\",\"target\":{\"@type\":\"EntryPoint\",\"urlTemplate\":\"https:\/\/librairie7l.com\/en\/?s={search_term_string}\"},\"query-input\":\"required name=search_term_string\"}],\"inLanguage\":\"en-US\"},{\"@type\":\"Organization\",\"@id\":\"https:\/\/librairie7l.com\/en\/#organization\",\"name\":\"Librairie 7L\",\"url\":\"https:\/\/librairie7l.com\/en\/\",\"logo\":{\"@type\":\"ImageObject\",\"inLanguage\":\"en-US\",\"@id\":\"https:\/\/librairie7l.com\/en\/#\/schema\/logo\/image\/\",\"url\":\"https:\/\/librairie7l.com\/wp-content\/uploads\/2022\/08\/logo-1.png\",\"contentUrl\":\"https:\/\/librairie7l.com\/wp-content\/uploads\/2022\/08\/logo-1.png\",\"width\":227,\"height\":301,\"caption\":\"Librairie 7L\"},\"image\":{\"@id\":\"https:\/\/librairie7l.com\/en\/#\/schema\/logo\/image\/\"}}]}<\/script>\n<!-- \/ Yoast SEO plugin. -->","yoast_head_json":{"title":"AUSTRALIA MODERN ARCHITECTURE, LANDSCAPE &amp; DESIGN 1925-1975 - Librairie 7L","robots":{"index":"index","follow":"follow","max-snippet":"max-snippet:-1","max-image-preview":"max-image-preview:large","max-video-preview":"max-video-preview:-1"},"canonical":"https:\/\/librairie7l.com\/en\/produit\/australia-modern-architecture-landscape-design-1925-1975\/","og_locale":"en_US","og_type":"article","og_title":"AUSTRALIA MODERN ARCHITECTURE, LANDSCAPE &amp; DESIGN 1925-1975 - Librairie 7L","og_description":"De l&#8217;op\u00e9ra de Sydney \u00e0 la National Gallery of Victoria en passant par les maisons d&#8217;exception \u00e0 travers le pays, la pr\u00e9sence omnipr\u00e9sente du modernisme est incontournable en Australie. Soutenus par Robin Boyd, Harry Seidler et Walter Burley Griffin, les architectes et designers modernistes ont entrepris des reconstructions \u00e0 diff\u00e9rentes \u00e9chelles, de vastes projets d&#8217;infrastructure, [&hellip;]","og_url":"https:\/\/librairie7l.com\/en\/produit\/australia-modern-architecture-landscape-design-1925-1975\/","og_site_name":"Librairie 7L","article_modified_time":"2026-04-28T04:30:51+00:00","og_image":[{"width":325,"height":400,"url":"https:\/\/librairie7l.com\/wp-content\/uploads\/2020\/01\/9781760760151_1_75.jpg","type":"image\/jpeg"}],"twitter_card":"summary_large_image","twitter_misc":{"Est. reading time":"1 minute"},"schema":{"@context":"https:\/\/schema.org","@graph":[{"@type":"WebPage","@id":"https:\/\/librairie7l.com\/en\/produit\/australia-modern-architecture-landscape-design-1925-1975\/","url":"https:\/\/librairie7l.com\/en\/produit\/australia-modern-architecture-landscape-design-1925-1975\/","name":"AUSTRALIA MODERN ARCHITECTURE, LANDSCAPE &amp; DESIGN 1925-1975 - Librairie 7L","isPartOf":{"@id":"https:\/\/librairie7l.com\/en\/#website"},"datePublished":"2023-05-10T13:13:15+00:00","dateModified":"2026-04-28T04:30:51+00:00","breadcrumb":{"@id":"https:\/\/librairie7l.com\/en\/produit\/australia-modern-architecture-landscape-design-1925-1975\/#breadcrumb"},"inLanguage":"en-US","potentialAction":[{"@type":"ReadAction","target":["https:\/\/librairie7l.com\/en\/produit\/australia-modern-architecture-landscape-design-1925-1975\/"]}]},{"@type":"BreadcrumbList","@id":"https:\/\/librairie7l.com\/en\/produit\/australia-modern-architecture-landscape-design-1925-1975\/#breadcrumb","itemListElement":[{"@type":"ListItem","position":1,"name":"Accueil","item":"https:\/\/librairie7l.com\/en\/"},{"@type":"ListItem","position":2,"name":"Shop","item":"https:\/\/librairie7l.com\/en\/shop\/"},{"@type":"ListItem","position":3,"name":"AUSTRALIA MODERN ARCHITECTURE, LANDSCAPE &AMP; DESIGN 1925-1975"}]},{"@type":"WebSite","@id":"https:\/\/librairie7l.com\/en\/#website","url":"https:\/\/librairie7l.com\/en\/","name":"Librairie 7L","description":"Librairie fond\u00e9e en 1999 par Karl Lagerfeld \u00e0 Paris","publisher":{"@id":"https:\/\/librairie7l.com\/en\/#organization"},"potentialAction":[{"@type":"SearchAction","target":{"@type":"EntryPoint","urlTemplate":"https:\/\/librairie7l.com\/en\/?s={search_term_string}"},"query-input":"required name=search_term_string"}],"inLanguage":"en-US"},{"@type":"Organization","@id":"https:\/\/librairie7l.com\/en\/#organization","name":"Librairie 7L","url":"https:\/\/librairie7l.com\/en\/","logo":{"@type":"ImageObject","inLanguage":"en-US","@id":"https:\/\/librairie7l.com\/en\/#\/schema\/logo\/image\/","url":"https:\/\/librairie7l.com\/wp-content\/uploads\/2022\/08\/logo-1.png","contentUrl":"https:\/\/librairie7l.com\/wp-content\/uploads\/2022\/08\/logo-1.png","width":227,"height":301,"caption":"Librairie 7L"},"image":{"@id":"https:\/\/librairie7l.com\/en\/#\/schema\/logo\/image\/"}}]}},"_links":{"self":[{"href":"https:\/\/librairie7l.com\/en\/wp-json\/wp\/v2\/product\/31999"}],"collection":[{"href":"https:\/\/librairie7l.com\/en\/wp-json\/wp\/v2\/product"}],"about":[{"href":"https:\/\/librairie7l.com\/en\/wp-json\/wp\/v2\/types\/product"}],"wp:featuredmedia":[{"embeddable":true,"href":"https:\/\/librairie7l.com\/en\/wp-json\/wp\/v2\/media\/31997"}],"wp:attachment":[{"href":"https:\/\/librairie7l.com\/en\/wp-json\/wp\/v2\/media?parent=31999"}],"wp:term":[{"taxonomy":"product_cat","embeddable":true,"href":"https:\/\/librairie7l.com\/en\/wp-json\/wp\/v2\/product_cat?post=31999"},{"taxonomy":"product_tag","embeddable":true,"href":"https:\/\/librairie7l.com\/en\/wp-json\/wp\/v2\/product_tag?post=31999"}],"curies":[{"name":"wp","href":"https:\/\/api.w.org\/{rel}","templated":true}]}}