{"id":32007,"date":"2023-05-10T15:13:24","date_gmt":"2023-05-10T13:13:24","guid":{"rendered":"https:\/\/librairie7l.com\/?post_type=product&#038;p=32007"},"modified":"2026-04-29T09:33:32","modified_gmt":"2026-04-29T07:33:32","slug":"john-gossage-should-nature-change","status":"publish","type":"product","link":"https:\/\/librairie7l.com\/en\/produit\/john-gossage-should-nature-change\/","title":{"rendered":"JOHN GOSSAGE: SHOULD NATURE CHANGE"},"content":{"rendered":"<p>Selon John Gossage, celui-ci est un livre \u00ab con\u00e7u dans un contexte particulier, avec des photographies r\u00e9alis\u00e9es pour calmer le sentiment que je ne comprenais pas mon pays. \u00c0 partir de 2003, j&#8217;ai cherch\u00e9 \u00e0 comprendre quelle clart\u00e9 pouvaient donc apporter mes photos. \u00bb C&#8217;est ainsi que sont apparus ces clich\u00e9s de gens, de choses, d&#8217;\u00e9v\u00e9nements mineurs et de portraits des yeux des jeunes, pris au quotidien \u00e0 des endroits non-iconiques tout au long de ses voyages \u00e0 travers l&#8217;Am\u00e9rique. \u00ab Should Nature Change \u00bb, phrase tir\u00e9e du livre d&#8217;Isa\u00efe, est pour Gossage \u00e0 la fois une d\u00e9claration et un avertissement : \u00ab Je suis humaniste, comme la plupart d&#8217;entre nous, et je ne peux pas vraiment prendre du recul pour voir la beaut\u00e9 et l&#8217;ordre du monde, car dans ce cas la proximit\u00e9 engendre plut\u00f4t le chaos et la crainte. On me dit que nous avons fait du mal \u00e0 l&#8217;endroit o\u00f9 nous vivons, mais il me semble que nous nous sommes faits le plus de mal \u00e0 nous-m\u00eames. La plan\u00e8te a un plan pour r\u00e9soudre ce probl\u00e8me, si nous ne le faisons pas. \u00bb<\/p>\n","protected":false},"excerpt":{"rendered":"<p>Selon John Gossage, celui-ci est un livre \u00ab con\u00e7u dans un contexte particulier, avec des photographies r\u00e9alis\u00e9es pour calmer le sentiment que je ne comprenais pas mon pays. \u00c0 partir de 2003, j&#8217;ai cherch\u00e9 \u00e0 comprendre quelle clart\u00e9 pouvaient donc apporter mes photos. \u00bb C&#8217;est ainsi que sont apparus ces clich\u00e9s de gens, de choses, [&hellip;]<\/p>\n","protected":false},"featured_media":32005,"template":"","meta":[],"product_cat":[55,2948,2958,17],"product_tag":[],"acf":[],"yoast_head":"<!-- This site is optimized with the Yoast SEO plugin v20.11 - https:\/\/yoast.com\/wordpress\/plugins\/seo\/ -->\n<title>JOHN GOSSAGE: SHOULD NATURE CHANGE - Librairie 7L<\/title>\n<meta name=\"robots\" content=\"index, follow, max-snippet:-1, max-image-preview:large, max-video-preview:-1\" \/>\n<link rel=\"canonical\" href=\"https:\/\/librairie7l.com\/en\/produit\/john-gossage-should-nature-change\/\" \/>\n<meta property=\"og:locale\" content=\"en_US\" \/>\n<meta property=\"og:type\" content=\"article\" \/>\n<meta property=\"og:title\" content=\"JOHN GOSSAGE: SHOULD NATURE CHANGE - Librairie 7L\" \/>\n<meta property=\"og:description\" content=\"Selon John Gossage, celui-ci est un livre \u00ab con\u00e7u dans un contexte particulier, avec des photographies r\u00e9alis\u00e9es pour calmer le sentiment que je ne comprenais pas mon pays. \u00c0 partir de 2003, j&#8217;ai cherch\u00e9 \u00e0 comprendre quelle clart\u00e9 pouvaient donc apporter mes photos. \u00bb C&#8217;est ainsi que sont apparus ces clich\u00e9s de gens, de choses, [&hellip;]\" \/>\n<meta property=\"og:url\" content=\"https:\/\/librairie7l.com\/en\/produit\/john-gossage-should-nature-change\/\" \/>\n<meta property=\"og:site_name\" content=\"Librairie 7L\" \/>\n<meta property=\"article:modified_time\" content=\"2026-04-29T07:33:32+00:00\" \/>\n<meta property=\"og:image\" content=\"https:\/\/librairie7l.com\/wp-content\/uploads\/2018\/12\/9783958295469_1_75.jpg\" \/>\n\t<meta property=\"og:image:width\" content=\"600\" \/>\n\t<meta property=\"og:image:height\" content=\"720\" \/>\n\t<meta property=\"og:image:type\" content=\"image\/jpeg\" \/>\n<meta name=\"twitter:card\" content=\"summary_large_image\" \/>\n<meta name=\"twitter:label1\" content=\"Est. reading time\" \/>\n\t<meta name=\"twitter:data1\" content=\"1 minute\" \/>\n<script type=\"application\/ld+json\" class=\"yoast-schema-graph\">{\"@context\":\"https:\/\/schema.org\",\"@graph\":[{\"@type\":\"WebPage\",\"@id\":\"https:\/\/librairie7l.com\/en\/produit\/john-gossage-should-nature-change\/\",\"url\":\"https:\/\/librairie7l.com\/en\/produit\/john-gossage-should-nature-change\/\",\"name\":\"JOHN GOSSAGE: SHOULD NATURE CHANGE - Librairie 7L\",\"isPartOf\":{\"@id\":\"https:\/\/librairie7l.com\/en\/#website\"},\"datePublished\":\"2023-05-10T13:13:24+00:00\",\"dateModified\":\"2026-04-29T07:33:32+00:00\",\"breadcrumb\":{\"@id\":\"https:\/\/librairie7l.com\/en\/produit\/john-gossage-should-nature-change\/#breadcrumb\"},\"inLanguage\":\"en-US\",\"potentialAction\":[{\"@type\":\"ReadAction\",\"target\":[\"https:\/\/librairie7l.com\/en\/produit\/john-gossage-should-nature-change\/\"]}]},{\"@type\":\"BreadcrumbList\",\"@id\":\"https:\/\/librairie7l.com\/en\/produit\/john-gossage-should-nature-change\/#breadcrumb\",\"itemListElement\":[{\"@type\":\"ListItem\",\"position\":1,\"name\":\"Accueil\",\"item\":\"https:\/\/librairie7l.com\/en\/\"},{\"@type\":\"ListItem\",\"position\":2,\"name\":\"Shop\",\"item\":\"https:\/\/librairie7l.com\/en\/shop\/\"},{\"@type\":\"ListItem\",\"position\":3,\"name\":\"JOHN GOSSAGE: SHOULD NATURE CHANGE\"}]},{\"@type\":\"WebSite\",\"@id\":\"https:\/\/librairie7l.com\/en\/#website\",\"url\":\"https:\/\/librairie7l.com\/en\/\",\"name\":\"Librairie 7L\",\"description\":\"Librairie fond\u00e9e en 1999 par Karl Lagerfeld \u00e0 Paris\",\"publisher\":{\"@id\":\"https:\/\/librairie7l.com\/en\/#organization\"},\"potentialAction\":[{\"@type\":\"SearchAction\",\"target\":{\"@type\":\"EntryPoint\",\"urlTemplate\":\"https:\/\/librairie7l.com\/en\/?s={search_term_string}\"},\"query-input\":\"required name=search_term_string\"}],\"inLanguage\":\"en-US\"},{\"@type\":\"Organization\",\"@id\":\"https:\/\/librairie7l.com\/en\/#organization\",\"name\":\"Librairie 7L\",\"url\":\"https:\/\/librairie7l.com\/en\/\",\"logo\":{\"@type\":\"ImageObject\",\"inLanguage\":\"en-US\",\"@id\":\"https:\/\/librairie7l.com\/en\/#\/schema\/logo\/image\/\",\"url\":\"https:\/\/librairie7l.com\/wp-content\/uploads\/2022\/08\/logo-1.png\",\"contentUrl\":\"https:\/\/librairie7l.com\/wp-content\/uploads\/2022\/08\/logo-1.png\",\"width\":227,\"height\":301,\"caption\":\"Librairie 7L\"},\"image\":{\"@id\":\"https:\/\/librairie7l.com\/en\/#\/schema\/logo\/image\/\"}}]}<\/script>\n<!-- \/ Yoast SEO plugin. -->","yoast_head_json":{"title":"JOHN GOSSAGE: SHOULD NATURE CHANGE - Librairie 7L","robots":{"index":"index","follow":"follow","max-snippet":"max-snippet:-1","max-image-preview":"max-image-preview:large","max-video-preview":"max-video-preview:-1"},"canonical":"https:\/\/librairie7l.com\/en\/produit\/john-gossage-should-nature-change\/","og_locale":"en_US","og_type":"article","og_title":"JOHN GOSSAGE: SHOULD NATURE CHANGE - Librairie 7L","og_description":"Selon John Gossage, celui-ci est un livre \u00ab con\u00e7u dans un contexte particulier, avec des photographies r\u00e9alis\u00e9es pour calmer le sentiment que je ne comprenais pas mon pays. \u00c0 partir de 2003, j&#8217;ai cherch\u00e9 \u00e0 comprendre quelle clart\u00e9 pouvaient donc apporter mes photos. \u00bb C&#8217;est ainsi que sont apparus ces clich\u00e9s de gens, de choses, [&hellip;]","og_url":"https:\/\/librairie7l.com\/en\/produit\/john-gossage-should-nature-change\/","og_site_name":"Librairie 7L","article_modified_time":"2026-04-29T07:33:32+00:00","og_image":[{"width":600,"height":720,"url":"https:\/\/librairie7l.com\/wp-content\/uploads\/2018\/12\/9783958295469_1_75.jpg","type":"image\/jpeg"}],"twitter_card":"summary_large_image","twitter_misc":{"Est. reading time":"1 minute"},"schema":{"@context":"https:\/\/schema.org","@graph":[{"@type":"WebPage","@id":"https:\/\/librairie7l.com\/en\/produit\/john-gossage-should-nature-change\/","url":"https:\/\/librairie7l.com\/en\/produit\/john-gossage-should-nature-change\/","name":"JOHN GOSSAGE: SHOULD NATURE CHANGE - Librairie 7L","isPartOf":{"@id":"https:\/\/librairie7l.com\/en\/#website"},"datePublished":"2023-05-10T13:13:24+00:00","dateModified":"2026-04-29T07:33:32+00:00","breadcrumb":{"@id":"https:\/\/librairie7l.com\/en\/produit\/john-gossage-should-nature-change\/#breadcrumb"},"inLanguage":"en-US","potentialAction":[{"@type":"ReadAction","target":["https:\/\/librairie7l.com\/en\/produit\/john-gossage-should-nature-change\/"]}]},{"@type":"BreadcrumbList","@id":"https:\/\/librairie7l.com\/en\/produit\/john-gossage-should-nature-change\/#breadcrumb","itemListElement":[{"@type":"ListItem","position":1,"name":"Accueil","item":"https:\/\/librairie7l.com\/en\/"},{"@type":"ListItem","position":2,"name":"Shop","item":"https:\/\/librairie7l.com\/en\/shop\/"},{"@type":"ListItem","position":3,"name":"JOHN GOSSAGE: SHOULD NATURE CHANGE"}]},{"@type":"WebSite","@id":"https:\/\/librairie7l.com\/en\/#website","url":"https:\/\/librairie7l.com\/en\/","name":"Librairie 7L","description":"Librairie fond\u00e9e en 1999 par Karl Lagerfeld \u00e0 Paris","publisher":{"@id":"https:\/\/librairie7l.com\/en\/#organization"},"potentialAction":[{"@type":"SearchAction","target":{"@type":"EntryPoint","urlTemplate":"https:\/\/librairie7l.com\/en\/?s={search_term_string}"},"query-input":"required name=search_term_string"}],"inLanguage":"en-US"},{"@type":"Organization","@id":"https:\/\/librairie7l.com\/en\/#organization","name":"Librairie 7L","url":"https:\/\/librairie7l.com\/en\/","logo":{"@type":"ImageObject","inLanguage":"en-US","@id":"https:\/\/librairie7l.com\/en\/#\/schema\/logo\/image\/","url":"https:\/\/librairie7l.com\/wp-content\/uploads\/2022\/08\/logo-1.png","contentUrl":"https:\/\/librairie7l.com\/wp-content\/uploads\/2022\/08\/logo-1.png","width":227,"height":301,"caption":"Librairie 7L"},"image":{"@id":"https:\/\/librairie7l.com\/en\/#\/schema\/logo\/image\/"}}]}},"_links":{"self":[{"href":"https:\/\/librairie7l.com\/en\/wp-json\/wp\/v2\/product\/32007"}],"collection":[{"href":"https:\/\/librairie7l.com\/en\/wp-json\/wp\/v2\/product"}],"about":[{"href":"https:\/\/librairie7l.com\/en\/wp-json\/wp\/v2\/types\/product"}],"wp:featuredmedia":[{"embeddable":true,"href":"https:\/\/librairie7l.com\/en\/wp-json\/wp\/v2\/media\/32005"}],"wp:attachment":[{"href":"https:\/\/librairie7l.com\/en\/wp-json\/wp\/v2\/media?parent=32007"}],"wp:term":[{"taxonomy":"product_cat","embeddable":true,"href":"https:\/\/librairie7l.com\/en\/wp-json\/wp\/v2\/product_cat?post=32007"},{"taxonomy":"product_tag","embeddable":true,"href":"https:\/\/librairie7l.com\/en\/wp-json\/wp\/v2\/product_tag?post=32007"}],"curies":[{"name":"wp","href":"https:\/\/api.w.org\/{rel}","templated":true}]}}