{"id":32059,"date":"2023-05-10T15:14:19","date_gmt":"2023-05-10T13:14:19","guid":{"rendered":"https:\/\/librairie7l.com\/?post_type=product&#038;p=32059"},"modified":"2026-04-26T17:05:58","modified_gmt":"2026-04-26T15:05:58","slug":"operas-russes-a-laube-des-ballets-russes","status":"publish","type":"product","link":"https:\/\/librairie7l.com\/en\/produit\/operas-russes-a-laube-des-ballets-russes\/","title":{"rendered":"OP\u00c9RAS RUSSES \u00c0 L&#8217;AUBE DES BALLETS RUSSES"},"content":{"rendered":"<p>Ouvert en 2006, le Centre national du costume de sc\u00e8ne est la premi\u00e8re structure au monde \u00e0 \u00eatre enti\u00e8rement consacr\u00e9e au patrimoine du spectacle vivant (th\u00e9\u00e2tre, op\u00e9ra, danse&#8230;) et plus pr\u00e9cis\u00e9ment \u00e0 la sc\u00e9nographie et aux costumes.<br \/>\nLe CNCS occupe le Quartier Villars, caserne de cavalerie b\u00e2tie pendant le r\u00e8gne de Louis XV, qui porte le nom du Mar\u00e9chal de Villars, grand homme de guerre, n\u00e9 \u00e0 Moulins, qui s&#8217;illustra sous le Roi Soleil, notamment \u00e0 la bataille de Denain en 1712. Bien des cavaliers illustres fr\u00e9quent\u00e8rent ce beau b\u00e2timent \u00e0 la noble architecture, aujourd&#8217;hui class\u00e9 monument historique, et aussi les f\u00eates moulinoises et leur Grand Caf\u00e9, ainsi cet \u00c9tienne Balsan qui, \u00e0 la Belle Epoque, aida une toute jeune couturi\u00e8re \u00e0 se faire un nom, celui de Coco Chanel.<br \/>\nLe CNCS conserve aujourd&#8217;hui un fonds d&#8217;environ 9000 costumes, d\u00e9p\u00f4ts de la Biblioth\u00e8que nationale de France, de la Com\u00e9die-Fran\u00e7aise et de l&#8217;Op\u00e9ra national de Paris, ou encore collections propres au Centre, dons de th\u00e9\u00e2tres, de compagnies, de costumiers, d&#8217;artistes&#8230; Le b\u00e2timent de r\u00e9serves a \u00e9t\u00e9 construit par Jean-Michel Wilmotte, qui a \u00e9galement con\u00e7u la mus\u00e9ographie des espaces d&#8217;exposition du b\u00e2timent principal.<br \/>\nLes costumes sont pr\u00e9sent\u00e9s par roulement dans des expositions temporaires qui se succ\u00e8dent au rythme des saisons, abordant tous les sujets, des &#8221; B\u00e9tes de sc\u00e8ne &#8221; \u00e0 &#8221; J&#8217;aime les militaires ! &#8220;, des &#8221; Mille et une nuits &#8221; \u00e0 &#8221; Au fil des fleurs, sc\u00e8nes dejardins &#8220;, et derni\u00e8rement un hommage \u00e0 Rudolf Noureev, ic\u00f4ne de la danse, en attendant d&#8217;ouvrir des salles permanentes qui lui seront d\u00e9di\u00e9es, gr\u00e2ce au don consenti par la Rudolf Nureyev Foundation.<br \/>\nBien s\u00fbr, le CNCS a mis en lumi\u00e8re Christian Lacroix, son pr\u00e9sident d&#8217;honneur, grand couturier, grand costumier, et l&#8217;exposition qui lui a \u00e9t\u00e9 consacr\u00e9e \u00e0 Moulins a couru le monde, de Singapour \u00e0 Sao Paulo&#8230; L&#8217;exposition &#8221; Op\u00e9ras russes, \u00e0 l&#8217;aube des Ballets Russes &#8221; traite des somptueuses productions de grandes oeuvres lyriques mont\u00e9es par Diaghilev, de Boris Godounov en 1908 \u00e0 La Khovantchina en 1913.<br \/>\nLieu d&#8217;histoire et lieu de vie, le CNCS illustre dans tous les domaines, expositions, centre de documentation, auditorium boutique, restaurant&#8230; les fastes du spectacle et ceux qui patiemment, dans l&#8217;ombre, les tissent, d\u00e9corateurs, couturiers costumiers, ateliers&#8230; Le CNCS b\u00e9n\u00e9ficie, dans la conduite de ses missions et actions, du financement du Minist\u00e8re de la culture et de la communication, de la Ville de Moulins, du Conseil g\u00e9n\u00e9ral de l&#8217;Allier, du soutien de ses institutions fondatrices la Biblioth\u00e8que nationale de France, la Com\u00e9die-Fran\u00e7aise et l&#8217;Op\u00e9ra national de Paris, et de l&#8217;appui du Conseil r\u00e9gional d&#8217;Auvergne.<\/p>\n","protected":false},"excerpt":{"rendered":"<p>Ouvert en 2006, le Centre national du costume de sc\u00e8ne est la premi\u00e8re structure au monde \u00e0 \u00eatre enti\u00e8rement consacr\u00e9e au patrimoine du spectacle vivant (th\u00e9\u00e2tre, op\u00e9ra, danse&#8230;) et plus pr\u00e9cis\u00e9ment \u00e0 la sc\u00e9nographie et aux costumes. Le CNCS occupe le Quartier Villars, caserne de cavalerie b\u00e2tie pendant le r\u00e8gne de Louis XV, qui porte [&hellip;]<\/p>\n","protected":false},"featured_media":32057,"template":"","meta":[],"product_cat":[55,2948,2957,19],"product_tag":[],"acf":[],"yoast_head":"<!-- This site is optimized with the Yoast SEO plugin v20.11 - https:\/\/yoast.com\/wordpress\/plugins\/seo\/ -->\n<title>OP\u00c9RAS RUSSES \u00c0 L&#039;AUBE DES BALLETS RUSSES - Librairie 7L<\/title>\n<meta name=\"robots\" content=\"index, follow, max-snippet:-1, max-image-preview:large, max-video-preview:-1\" \/>\n<link rel=\"canonical\" href=\"https:\/\/librairie7l.com\/en\/produit\/operas-russes-a-laube-des-ballets-russes\/\" \/>\n<meta property=\"og:locale\" content=\"en_US\" \/>\n<meta property=\"og:type\" content=\"article\" \/>\n<meta property=\"og:title\" content=\"OP\u00c9RAS RUSSES \u00c0 L&#039;AUBE DES BALLETS RUSSES - Librairie 7L\" \/>\n<meta property=\"og:description\" content=\"Ouvert en 2006, le Centre national du costume de sc\u00e8ne est la premi\u00e8re structure au monde \u00e0 \u00eatre enti\u00e8rement consacr\u00e9e au patrimoine du spectacle vivant (th\u00e9\u00e2tre, op\u00e9ra, danse&#8230;) et plus pr\u00e9cis\u00e9ment \u00e0 la sc\u00e9nographie et aux costumes. Le CNCS occupe le Quartier Villars, caserne de cavalerie b\u00e2tie pendant le r\u00e8gne de Louis XV, qui porte [&hellip;]\" \/>\n<meta property=\"og:url\" content=\"https:\/\/librairie7l.com\/en\/produit\/operas-russes-a-laube-des-ballets-russes\/\" \/>\n<meta property=\"og:site_name\" content=\"Librairie 7L\" \/>\n<meta property=\"article:modified_time\" content=\"2026-04-26T15:05:58+00:00\" \/>\n<meta property=\"og:image\" content=\"https:\/\/librairie7l.com\/wp-content\/uploads\/2009\/09\/9782358960052_1_75.jpg\" \/>\n\t<meta property=\"og:image:width\" content=\"500\" \/>\n\t<meta property=\"og:image:height\" content=\"618\" \/>\n\t<meta property=\"og:image:type\" content=\"image\/jpeg\" \/>\n<meta name=\"twitter:card\" content=\"summary_large_image\" \/>\n<meta name=\"twitter:label1\" content=\"Est. reading time\" \/>\n\t<meta name=\"twitter:data1\" content=\"2 minutes\" \/>\n<script type=\"application\/ld+json\" class=\"yoast-schema-graph\">{\"@context\":\"https:\/\/schema.org\",\"@graph\":[{\"@type\":\"WebPage\",\"@id\":\"https:\/\/librairie7l.com\/en\/produit\/operas-russes-a-laube-des-ballets-russes\/\",\"url\":\"https:\/\/librairie7l.com\/en\/produit\/operas-russes-a-laube-des-ballets-russes\/\",\"name\":\"OP\u00c9RAS RUSSES \u00c0 L'AUBE DES BALLETS RUSSES - Librairie 7L\",\"isPartOf\":{\"@id\":\"https:\/\/librairie7l.com\/en\/#website\"},\"datePublished\":\"2023-05-10T13:14:19+00:00\",\"dateModified\":\"2026-04-26T15:05:58+00:00\",\"breadcrumb\":{\"@id\":\"https:\/\/librairie7l.com\/en\/produit\/operas-russes-a-laube-des-ballets-russes\/#breadcrumb\"},\"inLanguage\":\"en-US\",\"potentialAction\":[{\"@type\":\"ReadAction\",\"target\":[\"https:\/\/librairie7l.com\/en\/produit\/operas-russes-a-laube-des-ballets-russes\/\"]}]},{\"@type\":\"BreadcrumbList\",\"@id\":\"https:\/\/librairie7l.com\/en\/produit\/operas-russes-a-laube-des-ballets-russes\/#breadcrumb\",\"itemListElement\":[{\"@type\":\"ListItem\",\"position\":1,\"name\":\"Accueil\",\"item\":\"https:\/\/librairie7l.com\/en\/\"},{\"@type\":\"ListItem\",\"position\":2,\"name\":\"Shop\",\"item\":\"https:\/\/librairie7l.com\/en\/shop\/\"},{\"@type\":\"ListItem\",\"position\":3,\"name\":\"OP\u00c9RAS RUSSES \u00c0 L&#8217;AUBE DES BALLETS RUSSES\"}]},{\"@type\":\"WebSite\",\"@id\":\"https:\/\/librairie7l.com\/en\/#website\",\"url\":\"https:\/\/librairie7l.com\/en\/\",\"name\":\"Librairie 7L\",\"description\":\"Librairie fond\u00e9e en 1999 par Karl Lagerfeld \u00e0 Paris\",\"publisher\":{\"@id\":\"https:\/\/librairie7l.com\/en\/#organization\"},\"potentialAction\":[{\"@type\":\"SearchAction\",\"target\":{\"@type\":\"EntryPoint\",\"urlTemplate\":\"https:\/\/librairie7l.com\/en\/?s={search_term_string}\"},\"query-input\":\"required name=search_term_string\"}],\"inLanguage\":\"en-US\"},{\"@type\":\"Organization\",\"@id\":\"https:\/\/librairie7l.com\/en\/#organization\",\"name\":\"Librairie 7L\",\"url\":\"https:\/\/librairie7l.com\/en\/\",\"logo\":{\"@type\":\"ImageObject\",\"inLanguage\":\"en-US\",\"@id\":\"https:\/\/librairie7l.com\/en\/#\/schema\/logo\/image\/\",\"url\":\"https:\/\/librairie7l.com\/wp-content\/uploads\/2022\/08\/logo-1.png\",\"contentUrl\":\"https:\/\/librairie7l.com\/wp-content\/uploads\/2022\/08\/logo-1.png\",\"width\":227,\"height\":301,\"caption\":\"Librairie 7L\"},\"image\":{\"@id\":\"https:\/\/librairie7l.com\/en\/#\/schema\/logo\/image\/\"}}]}<\/script>\n<!-- \/ Yoast SEO plugin. -->","yoast_head_json":{"title":"OP\u00c9RAS RUSSES \u00c0 L'AUBE DES BALLETS RUSSES - Librairie 7L","robots":{"index":"index","follow":"follow","max-snippet":"max-snippet:-1","max-image-preview":"max-image-preview:large","max-video-preview":"max-video-preview:-1"},"canonical":"https:\/\/librairie7l.com\/en\/produit\/operas-russes-a-laube-des-ballets-russes\/","og_locale":"en_US","og_type":"article","og_title":"OP\u00c9RAS RUSSES \u00c0 L'AUBE DES BALLETS RUSSES - Librairie 7L","og_description":"Ouvert en 2006, le Centre national du costume de sc\u00e8ne est la premi\u00e8re structure au monde \u00e0 \u00eatre enti\u00e8rement consacr\u00e9e au patrimoine du spectacle vivant (th\u00e9\u00e2tre, op\u00e9ra, danse&#8230;) et plus pr\u00e9cis\u00e9ment \u00e0 la sc\u00e9nographie et aux costumes. Le CNCS occupe le Quartier Villars, caserne de cavalerie b\u00e2tie pendant le r\u00e8gne de Louis XV, qui porte [&hellip;]","og_url":"https:\/\/librairie7l.com\/en\/produit\/operas-russes-a-laube-des-ballets-russes\/","og_site_name":"Librairie 7L","article_modified_time":"2026-04-26T15:05:58+00:00","og_image":[{"width":500,"height":618,"url":"https:\/\/librairie7l.com\/wp-content\/uploads\/2009\/09\/9782358960052_1_75.jpg","type":"image\/jpeg"}],"twitter_card":"summary_large_image","twitter_misc":{"Est. reading time":"2 minutes"},"schema":{"@context":"https:\/\/schema.org","@graph":[{"@type":"WebPage","@id":"https:\/\/librairie7l.com\/en\/produit\/operas-russes-a-laube-des-ballets-russes\/","url":"https:\/\/librairie7l.com\/en\/produit\/operas-russes-a-laube-des-ballets-russes\/","name":"OP\u00c9RAS RUSSES \u00c0 L'AUBE DES BALLETS RUSSES - Librairie 7L","isPartOf":{"@id":"https:\/\/librairie7l.com\/en\/#website"},"datePublished":"2023-05-10T13:14:19+00:00","dateModified":"2026-04-26T15:05:58+00:00","breadcrumb":{"@id":"https:\/\/librairie7l.com\/en\/produit\/operas-russes-a-laube-des-ballets-russes\/#breadcrumb"},"inLanguage":"en-US","potentialAction":[{"@type":"ReadAction","target":["https:\/\/librairie7l.com\/en\/produit\/operas-russes-a-laube-des-ballets-russes\/"]}]},{"@type":"BreadcrumbList","@id":"https:\/\/librairie7l.com\/en\/produit\/operas-russes-a-laube-des-ballets-russes\/#breadcrumb","itemListElement":[{"@type":"ListItem","position":1,"name":"Accueil","item":"https:\/\/librairie7l.com\/en\/"},{"@type":"ListItem","position":2,"name":"Shop","item":"https:\/\/librairie7l.com\/en\/shop\/"},{"@type":"ListItem","position":3,"name":"OP\u00c9RAS RUSSES \u00c0 L&#8217;AUBE DES BALLETS RUSSES"}]},{"@type":"WebSite","@id":"https:\/\/librairie7l.com\/en\/#website","url":"https:\/\/librairie7l.com\/en\/","name":"Librairie 7L","description":"Librairie fond\u00e9e en 1999 par Karl Lagerfeld \u00e0 Paris","publisher":{"@id":"https:\/\/librairie7l.com\/en\/#organization"},"potentialAction":[{"@type":"SearchAction","target":{"@type":"EntryPoint","urlTemplate":"https:\/\/librairie7l.com\/en\/?s={search_term_string}"},"query-input":"required name=search_term_string"}],"inLanguage":"en-US"},{"@type":"Organization","@id":"https:\/\/librairie7l.com\/en\/#organization","name":"Librairie 7L","url":"https:\/\/librairie7l.com\/en\/","logo":{"@type":"ImageObject","inLanguage":"en-US","@id":"https:\/\/librairie7l.com\/en\/#\/schema\/logo\/image\/","url":"https:\/\/librairie7l.com\/wp-content\/uploads\/2022\/08\/logo-1.png","contentUrl":"https:\/\/librairie7l.com\/wp-content\/uploads\/2022\/08\/logo-1.png","width":227,"height":301,"caption":"Librairie 7L"},"image":{"@id":"https:\/\/librairie7l.com\/en\/#\/schema\/logo\/image\/"}}]}},"_links":{"self":[{"href":"https:\/\/librairie7l.com\/en\/wp-json\/wp\/v2\/product\/32059"}],"collection":[{"href":"https:\/\/librairie7l.com\/en\/wp-json\/wp\/v2\/product"}],"about":[{"href":"https:\/\/librairie7l.com\/en\/wp-json\/wp\/v2\/types\/product"}],"wp:featuredmedia":[{"embeddable":true,"href":"https:\/\/librairie7l.com\/en\/wp-json\/wp\/v2\/media\/32057"}],"wp:attachment":[{"href":"https:\/\/librairie7l.com\/en\/wp-json\/wp\/v2\/media?parent=32059"}],"wp:term":[{"taxonomy":"product_cat","embeddable":true,"href":"https:\/\/librairie7l.com\/en\/wp-json\/wp\/v2\/product_cat?post=32059"},{"taxonomy":"product_tag","embeddable":true,"href":"https:\/\/librairie7l.com\/en\/wp-json\/wp\/v2\/product_tag?post=32059"}],"curies":[{"name":"wp","href":"https:\/\/api.w.org\/{rel}","templated":true}]}}