{"id":32067,"date":"2023-05-10T15:14:27","date_gmt":"2023-05-10T13:14:27","guid":{"rendered":"https:\/\/librairie7l.com\/?post_type=product&#038;p=32067"},"modified":"2026-04-17T15:38:55","modified_gmt":"2026-04-17T13:38:55","slug":"jules-perahim","status":"publish","type":"product","link":"https:\/\/librairie7l.com\/en\/produit\/jules-perahim\/","title":{"rendered":"JULES PERAHIM"},"content":{"rendered":"<p>\u00c0 l&#8217;occasion du centenaire de la naissance de l&#8217;artiste, le mus\u00e9e d&#8217;Art moderne et contemporain de Strasbourg pr\u00e9sente pour la premi\u00e8re fois en France une exposition r\u00e9trospective de l&#8217;oeuvre de Jules Perahim (1914-2008), figure majeure de l&#8217;avant-garde roumaine. Artiste complet aux diff\u00e9rentes facettes, dessinateur, peintre, illustrateur, sc\u00e9nographe, Perahim est l&#8217;auteur d&#8217;une oeuvre foisonnante, \u00e0 la fois onirique et engag\u00e9e, qu&#8217;il d\u00e9veloppe d&#8217;abord \u00e0 Bucarest d\u00e8s les ann\u00e9es 1930, puis en France. Ses dessins paraissent aux c\u00f4t\u00e9s des travaux de Victor Brauner dans la revue non conformiste d&#8217;esprit dada et surr\u00e9aliste Unu puis dans Alge dont Perahim est un des fondateurs avec le po\u00e8te Gherasim Luca. Ses expositions personnelles puis ses collaborations \u00e0 des revues de contestation sociale et politique, telles que Cuvantul Liber, attirent la vindicte des forces r\u00e9actionnaires dans un pays en perte de valeurs d\u00e9mocratiques.<br \/>\nSon oeuvre picturale emprunte aux mythes classiques en incluant des allusions aux tarots, \u00e0 l&#8217;alchimie, \u00e0 l&#8217;animisme. Au fil de bestiaires fantastiques, de paysages imaginaires, de rencontres entre \u00e9l\u00e9ments m\u00e9caniques et organiques, Perahim \u00e9tablit un univers singulier dont le pouvoir \u00e9vocateur appelle \u00e0 l&#8217;imm\u00e9diatet\u00e9 de l&#8217;image po\u00e9tique. Ses nombreuses collaborations th\u00e9\u00e2trales (Les Bains de Ma\u00efakovski, Arturo Ui de Brecht, Faust de Marlowe.) et po\u00e9tiques, r\u00e9v\u00e8lent la proximit\u00e9 de l&#8217;oeuvre de Perahim avec la litt\u00e9rature. Apr\u00e8s des d\u00e9sillusions de toutes sortes, Perahim s&#8217;\u00e9tablit en France en 1969, il se lie d&#8217;amiti\u00e9 avec le po\u00e8te Alain Jouffroy et avec \u00c9douard Jaguer, fondateur de la revue Phases et auteur de la premi\u00e8re monographie consacr\u00e9e \u00e0 Perahim. Il entreprend plusieurs voyages en Afrique \u00ab celle noire, blanche, verte et rouge, de nos songes et de nos chim\u00e8res \u00bb, comme l&#8217;\u00e9crit \u00c9douard Jaguer, qui le marquent profond\u00e9ment. Au cours des ann\u00e9es 1980-1990 Perahim est fascin\u00e9 par le jeu subtil entre apparence et apparition qu&#8217;il exprime dans de vastes paysages oniriques.<br \/>\nLe catalogue r\u00e9unit une centaine d&#8217;oeuvres picturales et graphiques, ainsi que divers documents et revues des ann\u00e9es 1930 \u00e0 2000, o\u00f9 se lisent la fantaisie et l&#8217;humour sans cesse renouvel\u00e9s d&#8217;un artiste \u00e0 l&#8217;imagination fr\u00e9n\u00e9tique.<\/p>\n","protected":false},"excerpt":{"rendered":"<p>\u00c0 l&#8217;occasion du centenaire de la naissance de l&#8217;artiste, le mus\u00e9e d&#8217;Art moderne et contemporain de Strasbourg pr\u00e9sente pour la premi\u00e8re fois en France une exposition r\u00e9trospective de l&#8217;oeuvre de Jules Perahim (1914-2008), figure majeure de l&#8217;avant-garde roumaine. Artiste complet aux diff\u00e9rentes facettes, dessinateur, peintre, illustrateur, sc\u00e9nographe, Perahim est l&#8217;auteur d&#8217;une oeuvre foisonnante, \u00e0 la [&hellip;]<\/p>\n","protected":false},"featured_media":32065,"template":"","meta":[],"product_cat":[55,2948,47,2953],"product_tag":[],"acf":[],"yoast_head":"<!-- This site is optimized with the Yoast SEO plugin v20.11 - https:\/\/yoast.com\/wordpress\/plugins\/seo\/ -->\n<title>JULES PERAHIM - Librairie 7L<\/title>\n<meta name=\"robots\" content=\"index, follow, max-snippet:-1, max-image-preview:large, max-video-preview:-1\" \/>\n<link rel=\"canonical\" href=\"https:\/\/librairie7l.com\/en\/produit\/jules-perahim\/\" \/>\n<meta property=\"og:locale\" content=\"en_US\" \/>\n<meta property=\"og:type\" content=\"article\" \/>\n<meta property=\"og:title\" content=\"JULES PERAHIM - Librairie 7L\" \/>\n<meta property=\"og:description\" content=\"\u00c0 l&#8217;occasion du centenaire de la naissance de l&#8217;artiste, le mus\u00e9e d&#8217;Art moderne et contemporain de Strasbourg pr\u00e9sente pour la premi\u00e8re fois en France une exposition r\u00e9trospective de l&#8217;oeuvre de Jules Perahim (1914-2008), figure majeure de l&#8217;avant-garde roumaine. Artiste complet aux diff\u00e9rentes facettes, dessinateur, peintre, illustrateur, sc\u00e9nographe, Perahim est l&#8217;auteur d&#8217;une oeuvre foisonnante, \u00e0 la [&hellip;]\" \/>\n<meta property=\"og:url\" content=\"https:\/\/librairie7l.com\/en\/produit\/jules-perahim\/\" \/>\n<meta property=\"og:site_name\" content=\"Librairie 7L\" \/>\n<meta property=\"article:modified_time\" content=\"2026-04-17T13:38:55+00:00\" \/>\n<meta property=\"og:image\" content=\"https:\/\/librairie7l.com\/wp-content\/uploads\/2014\/04\/9782351251140_1_75.jpg\" \/>\n\t<meta property=\"og:image:width\" content=\"1000\" \/>\n\t<meta property=\"og:image:height\" content=\"1193\" \/>\n\t<meta property=\"og:image:type\" content=\"image\/jpeg\" \/>\n<meta name=\"twitter:card\" content=\"summary_large_image\" \/>\n<meta name=\"twitter:label1\" content=\"Est. reading time\" \/>\n\t<meta name=\"twitter:data1\" content=\"2 minutes\" \/>\n<script type=\"application\/ld+json\" class=\"yoast-schema-graph\">{\"@context\":\"https:\/\/schema.org\",\"@graph\":[{\"@type\":\"WebPage\",\"@id\":\"https:\/\/librairie7l.com\/en\/produit\/jules-perahim\/\",\"url\":\"https:\/\/librairie7l.com\/en\/produit\/jules-perahim\/\",\"name\":\"JULES PERAHIM - Librairie 7L\",\"isPartOf\":{\"@id\":\"https:\/\/librairie7l.com\/en\/#website\"},\"datePublished\":\"2023-05-10T13:14:27+00:00\",\"dateModified\":\"2026-04-17T13:38:55+00:00\",\"breadcrumb\":{\"@id\":\"https:\/\/librairie7l.com\/en\/produit\/jules-perahim\/#breadcrumb\"},\"inLanguage\":\"en-US\",\"potentialAction\":[{\"@type\":\"ReadAction\",\"target\":[\"https:\/\/librairie7l.com\/en\/produit\/jules-perahim\/\"]}]},{\"@type\":\"BreadcrumbList\",\"@id\":\"https:\/\/librairie7l.com\/en\/produit\/jules-perahim\/#breadcrumb\",\"itemListElement\":[{\"@type\":\"ListItem\",\"position\":1,\"name\":\"Accueil\",\"item\":\"https:\/\/librairie7l.com\/en\/\"},{\"@type\":\"ListItem\",\"position\":2,\"name\":\"Shop\",\"item\":\"https:\/\/librairie7l.com\/en\/shop\/\"},{\"@type\":\"ListItem\",\"position\":3,\"name\":\"JULES PERAHIM\"}]},{\"@type\":\"WebSite\",\"@id\":\"https:\/\/librairie7l.com\/en\/#website\",\"url\":\"https:\/\/librairie7l.com\/en\/\",\"name\":\"Librairie 7L\",\"description\":\"Librairie fond\u00e9e en 1999 par Karl Lagerfeld \u00e0 Paris\",\"publisher\":{\"@id\":\"https:\/\/librairie7l.com\/en\/#organization\"},\"potentialAction\":[{\"@type\":\"SearchAction\",\"target\":{\"@type\":\"EntryPoint\",\"urlTemplate\":\"https:\/\/librairie7l.com\/en\/?s={search_term_string}\"},\"query-input\":\"required name=search_term_string\"}],\"inLanguage\":\"en-US\"},{\"@type\":\"Organization\",\"@id\":\"https:\/\/librairie7l.com\/en\/#organization\",\"name\":\"Librairie 7L\",\"url\":\"https:\/\/librairie7l.com\/en\/\",\"logo\":{\"@type\":\"ImageObject\",\"inLanguage\":\"en-US\",\"@id\":\"https:\/\/librairie7l.com\/en\/#\/schema\/logo\/image\/\",\"url\":\"https:\/\/librairie7l.com\/wp-content\/uploads\/2022\/08\/logo-1.png\",\"contentUrl\":\"https:\/\/librairie7l.com\/wp-content\/uploads\/2022\/08\/logo-1.png\",\"width\":227,\"height\":301,\"caption\":\"Librairie 7L\"},\"image\":{\"@id\":\"https:\/\/librairie7l.com\/en\/#\/schema\/logo\/image\/\"}}]}<\/script>\n<!-- \/ Yoast SEO plugin. -->","yoast_head_json":{"title":"JULES PERAHIM - Librairie 7L","robots":{"index":"index","follow":"follow","max-snippet":"max-snippet:-1","max-image-preview":"max-image-preview:large","max-video-preview":"max-video-preview:-1"},"canonical":"https:\/\/librairie7l.com\/en\/produit\/jules-perahim\/","og_locale":"en_US","og_type":"article","og_title":"JULES PERAHIM - Librairie 7L","og_description":"\u00c0 l&#8217;occasion du centenaire de la naissance de l&#8217;artiste, le mus\u00e9e d&#8217;Art moderne et contemporain de Strasbourg pr\u00e9sente pour la premi\u00e8re fois en France une exposition r\u00e9trospective de l&#8217;oeuvre de Jules Perahim (1914-2008), figure majeure de l&#8217;avant-garde roumaine. Artiste complet aux diff\u00e9rentes facettes, dessinateur, peintre, illustrateur, sc\u00e9nographe, Perahim est l&#8217;auteur d&#8217;une oeuvre foisonnante, \u00e0 la [&hellip;]","og_url":"https:\/\/librairie7l.com\/en\/produit\/jules-perahim\/","og_site_name":"Librairie 7L","article_modified_time":"2026-04-17T13:38:55+00:00","og_image":[{"width":1000,"height":1193,"url":"https:\/\/librairie7l.com\/wp-content\/uploads\/2014\/04\/9782351251140_1_75.jpg","type":"image\/jpeg"}],"twitter_card":"summary_large_image","twitter_misc":{"Est. reading time":"2 minutes"},"schema":{"@context":"https:\/\/schema.org","@graph":[{"@type":"WebPage","@id":"https:\/\/librairie7l.com\/en\/produit\/jules-perahim\/","url":"https:\/\/librairie7l.com\/en\/produit\/jules-perahim\/","name":"JULES PERAHIM - Librairie 7L","isPartOf":{"@id":"https:\/\/librairie7l.com\/en\/#website"},"datePublished":"2023-05-10T13:14:27+00:00","dateModified":"2026-04-17T13:38:55+00:00","breadcrumb":{"@id":"https:\/\/librairie7l.com\/en\/produit\/jules-perahim\/#breadcrumb"},"inLanguage":"en-US","potentialAction":[{"@type":"ReadAction","target":["https:\/\/librairie7l.com\/en\/produit\/jules-perahim\/"]}]},{"@type":"BreadcrumbList","@id":"https:\/\/librairie7l.com\/en\/produit\/jules-perahim\/#breadcrumb","itemListElement":[{"@type":"ListItem","position":1,"name":"Accueil","item":"https:\/\/librairie7l.com\/en\/"},{"@type":"ListItem","position":2,"name":"Shop","item":"https:\/\/librairie7l.com\/en\/shop\/"},{"@type":"ListItem","position":3,"name":"JULES PERAHIM"}]},{"@type":"WebSite","@id":"https:\/\/librairie7l.com\/en\/#website","url":"https:\/\/librairie7l.com\/en\/","name":"Librairie 7L","description":"Librairie fond\u00e9e en 1999 par Karl Lagerfeld \u00e0 Paris","publisher":{"@id":"https:\/\/librairie7l.com\/en\/#organization"},"potentialAction":[{"@type":"SearchAction","target":{"@type":"EntryPoint","urlTemplate":"https:\/\/librairie7l.com\/en\/?s={search_term_string}"},"query-input":"required name=search_term_string"}],"inLanguage":"en-US"},{"@type":"Organization","@id":"https:\/\/librairie7l.com\/en\/#organization","name":"Librairie 7L","url":"https:\/\/librairie7l.com\/en\/","logo":{"@type":"ImageObject","inLanguage":"en-US","@id":"https:\/\/librairie7l.com\/en\/#\/schema\/logo\/image\/","url":"https:\/\/librairie7l.com\/wp-content\/uploads\/2022\/08\/logo-1.png","contentUrl":"https:\/\/librairie7l.com\/wp-content\/uploads\/2022\/08\/logo-1.png","width":227,"height":301,"caption":"Librairie 7L"},"image":{"@id":"https:\/\/librairie7l.com\/en\/#\/schema\/logo\/image\/"}}]}},"_links":{"self":[{"href":"https:\/\/librairie7l.com\/en\/wp-json\/wp\/v2\/product\/32067"}],"collection":[{"href":"https:\/\/librairie7l.com\/en\/wp-json\/wp\/v2\/product"}],"about":[{"href":"https:\/\/librairie7l.com\/en\/wp-json\/wp\/v2\/types\/product"}],"wp:featuredmedia":[{"embeddable":true,"href":"https:\/\/librairie7l.com\/en\/wp-json\/wp\/v2\/media\/32065"}],"wp:attachment":[{"href":"https:\/\/librairie7l.com\/en\/wp-json\/wp\/v2\/media?parent=32067"}],"wp:term":[{"taxonomy":"product_cat","embeddable":true,"href":"https:\/\/librairie7l.com\/en\/wp-json\/wp\/v2\/product_cat?post=32067"},{"taxonomy":"product_tag","embeddable":true,"href":"https:\/\/librairie7l.com\/en\/wp-json\/wp\/v2\/product_tag?post=32067"}],"curies":[{"name":"wp","href":"https:\/\/api.w.org\/{rel}","templated":true}]}}