{"id":32075,"date":"2023-05-10T15:14:41","date_gmt":"2023-05-10T13:14:41","guid":{"rendered":"https:\/\/librairie7l.com\/?post_type=product&#038;p=32075"},"modified":"2026-04-29T20:05:01","modified_gmt":"2026-04-29T18:05:01","slug":"sylvie-fleury","status":"publish","type":"product","link":"https:\/\/librairie7l.com\/en\/produit\/sylvie-fleury\/","title":{"rendered":"SYLVIE FLEURY"},"content":{"rendered":"<p>Monographie de r\u00e9f\u00e9rence, cette publication rassemble pour la premi\u00e8re fois les oeuvres classiques de Sylvie Fleury dat\u00e9es des ann\u00e9es 1990 ainsi que ses travaux chromatiques et mystiques du d\u00e9but du XXIe si\u00e8cle, participant ainsi \u00e0 red\u00e9finir l&#8217;apport de Fleury \u00e0 l&#8217;art des derni\u00e8res d\u00e9cennies.<br \/>\nLe travail de Sylvie Fleury refl\u00e8te et anticipe son \u00e9poque autant qu&#8217;il y participe. Apr\u00e8s quelques ann\u00e9es pass\u00e9es \u00e0 New York \u00e0 \u00e9tudier la photographie et d\u00e9velopper son int\u00e9r\u00eat pour le cin\u00e9ma et la vie nocturne, Sylvie Fleury est retourn\u00e9e \u00e0 Gen\u00e8ve \u00ab confronter \u00bb ses r\u00e9flexions \u00e0 celles de John Armleder et Olivier Mosset. Dans les premiers temps, elle r\u00e9alise ses premiers \u00ab shopping bags \u00bb puis produit des sculptures en bronze de produits de luxe. Explorant la culture automobile, revisitant les ic\u00f4nes de l&#8217;art moderne et contemporain (Mondrian, Warhol, John McCracken), Fleury est parvenue \u00e0 cr\u00e9er un idiome formel bien plus complexe et d\u00e9concertant que nombre de ses contemporains. Faisant face \u00e0 son attachement f\u00e9tichiste pour la marchandise, ph\u00e9nom\u00e8ne caract\u00e9ristique du monde de la mode, Fleury s&#8217;est ensuite tourn\u00e9e vers un art chromatique, lumineux et mystique compos\u00e9 de pi\u00e8ces color\u00e9es, surfaces brillantes, pendules et cristaux.<br \/>\nSylvie Fleury (n\u00e9e \u00e0 Gen\u00e8ve en 1961), depuis son apparition sur la sc\u00e8ne internationale au d\u00e9but des ann\u00e9es 1990, se joue des codes et s&#8217;amuse \u00e0 croiser les univers, entre le f\u00e9minin et le masculin ou l&#8217;art et la mode dont elle explore les relations d&#8217;emprunts et inversions multiples, de ses shopping bags inauguraux (sacs de boutiques de luxe pos\u00e9s simplement au sol et remplis des achats effectu\u00e9s par l&#8217;artiste) aux faux tableaux de Mondrian en fourrure synth\u00e9tique ou aux slogans tir\u00e9s de publicit\u00e9s de marques qui rappellent \u00e9trangement les oeuvres conceptuelles d&#8217;un Joseph Kosuth. Chasseuse de tendances, observatrice et actrice de la \u00ab?Hype society?\u00bb, elle dresse un catalogue des accessoires \u00e0 la mode, tout \u00e0 la fois objets de d\u00e9sir, f\u00e9tiches modernes et marqueurs identitaires. Depuis quelques ann\u00e9es d\u00e9j\u00e0, Sylvie Fleury explore de nouveaux territoires, tous aussi significatifs d&#8217;une \u00e9poque en mal de rep\u00e8res et pour lesquels elle ne cache d&#8217;ailleurs pas son int\u00e9r\u00eat, celui des sciences occultes, des pratiques zen et du d\u00e9veloppement personnel.<\/p>\n","protected":false},"excerpt":{"rendered":"<p>Monographie de r\u00e9f\u00e9rence, cette publication rassemble pour la premi\u00e8re fois les oeuvres classiques de Sylvie Fleury dat\u00e9es des ann\u00e9es 1990 ainsi que ses travaux chromatiques et mystiques du d\u00e9but du XXIe si\u00e8cle, participant ainsi \u00e0 red\u00e9finir l&#8217;apport de Fleury \u00e0 l&#8217;art des derni\u00e8res d\u00e9cennies. Le travail de Sylvie Fleury refl\u00e8te et anticipe son \u00e9poque autant [&hellip;]<\/p>\n","protected":false},"featured_media":32073,"template":"","meta":[],"product_cat":[55,2948,47,2953],"product_tag":[],"acf":[],"yoast_head":"<!-- This site is optimized with the Yoast SEO plugin v20.11 - https:\/\/yoast.com\/wordpress\/plugins\/seo\/ -->\n<title>SYLVIE FLEURY - Librairie 7L<\/title>\n<meta name=\"robots\" content=\"index, follow, max-snippet:-1, max-image-preview:large, max-video-preview:-1\" \/>\n<link rel=\"canonical\" href=\"https:\/\/librairie7l.com\/en\/produit\/sylvie-fleury\/\" \/>\n<meta property=\"og:locale\" content=\"en_US\" \/>\n<meta property=\"og:type\" content=\"article\" \/>\n<meta property=\"og:title\" content=\"SYLVIE FLEURY - Librairie 7L\" \/>\n<meta property=\"og:description\" content=\"Monographie de r\u00e9f\u00e9rence, cette publication rassemble pour la premi\u00e8re fois les oeuvres classiques de Sylvie Fleury dat\u00e9es des ann\u00e9es 1990 ainsi que ses travaux chromatiques et mystiques du d\u00e9but du XXIe si\u00e8cle, participant ainsi \u00e0 red\u00e9finir l&#8217;apport de Fleury \u00e0 l&#8217;art des derni\u00e8res d\u00e9cennies. Le travail de Sylvie Fleury refl\u00e8te et anticipe son \u00e9poque autant [&hellip;]\" \/>\n<meta property=\"og:url\" content=\"https:\/\/librairie7l.com\/en\/produit\/sylvie-fleury\/\" \/>\n<meta property=\"og:site_name\" content=\"Librairie 7L\" \/>\n<meta property=\"article:modified_time\" content=\"2026-04-29T18:05:01+00:00\" \/>\n<meta property=\"og:image\" content=\"https:\/\/librairie7l.com\/wp-content\/uploads\/2015\/12\/9783037644287_1_75.jpg\" \/>\n\t<meta property=\"og:image:width\" content=\"248\" \/>\n\t<meta property=\"og:image:height\" content=\"300\" \/>\n\t<meta property=\"og:image:type\" content=\"image\/jpeg\" \/>\n<meta name=\"twitter:card\" content=\"summary_large_image\" \/>\n<meta name=\"twitter:label1\" content=\"Est. reading time\" \/>\n\t<meta name=\"twitter:data1\" content=\"2 minutes\" \/>\n<script type=\"application\/ld+json\" class=\"yoast-schema-graph\">{\"@context\":\"https:\/\/schema.org\",\"@graph\":[{\"@type\":\"WebPage\",\"@id\":\"https:\/\/librairie7l.com\/en\/produit\/sylvie-fleury\/\",\"url\":\"https:\/\/librairie7l.com\/en\/produit\/sylvie-fleury\/\",\"name\":\"SYLVIE FLEURY - Librairie 7L\",\"isPartOf\":{\"@id\":\"https:\/\/librairie7l.com\/en\/#website\"},\"datePublished\":\"2023-05-10T13:14:41+00:00\",\"dateModified\":\"2026-04-29T18:05:01+00:00\",\"breadcrumb\":{\"@id\":\"https:\/\/librairie7l.com\/en\/produit\/sylvie-fleury\/#breadcrumb\"},\"inLanguage\":\"en-US\",\"potentialAction\":[{\"@type\":\"ReadAction\",\"target\":[\"https:\/\/librairie7l.com\/en\/produit\/sylvie-fleury\/\"]}]},{\"@type\":\"BreadcrumbList\",\"@id\":\"https:\/\/librairie7l.com\/en\/produit\/sylvie-fleury\/#breadcrumb\",\"itemListElement\":[{\"@type\":\"ListItem\",\"position\":1,\"name\":\"Accueil\",\"item\":\"https:\/\/librairie7l.com\/en\/\"},{\"@type\":\"ListItem\",\"position\":2,\"name\":\"Shop\",\"item\":\"https:\/\/librairie7l.com\/en\/shop\/\"},{\"@type\":\"ListItem\",\"position\":3,\"name\":\"SYLVIE FLEURY\"}]},{\"@type\":\"WebSite\",\"@id\":\"https:\/\/librairie7l.com\/en\/#website\",\"url\":\"https:\/\/librairie7l.com\/en\/\",\"name\":\"Librairie 7L\",\"description\":\"Librairie fond\u00e9e en 1999 par Karl Lagerfeld \u00e0 Paris\",\"publisher\":{\"@id\":\"https:\/\/librairie7l.com\/en\/#organization\"},\"potentialAction\":[{\"@type\":\"SearchAction\",\"target\":{\"@type\":\"EntryPoint\",\"urlTemplate\":\"https:\/\/librairie7l.com\/en\/?s={search_term_string}\"},\"query-input\":\"required name=search_term_string\"}],\"inLanguage\":\"en-US\"},{\"@type\":\"Organization\",\"@id\":\"https:\/\/librairie7l.com\/en\/#organization\",\"name\":\"Librairie 7L\",\"url\":\"https:\/\/librairie7l.com\/en\/\",\"logo\":{\"@type\":\"ImageObject\",\"inLanguage\":\"en-US\",\"@id\":\"https:\/\/librairie7l.com\/en\/#\/schema\/logo\/image\/\",\"url\":\"https:\/\/librairie7l.com\/wp-content\/uploads\/2022\/08\/logo-1.png\",\"contentUrl\":\"https:\/\/librairie7l.com\/wp-content\/uploads\/2022\/08\/logo-1.png\",\"width\":227,\"height\":301,\"caption\":\"Librairie 7L\"},\"image\":{\"@id\":\"https:\/\/librairie7l.com\/en\/#\/schema\/logo\/image\/\"}}]}<\/script>\n<!-- \/ Yoast SEO plugin. -->","yoast_head_json":{"title":"SYLVIE FLEURY - Librairie 7L","robots":{"index":"index","follow":"follow","max-snippet":"max-snippet:-1","max-image-preview":"max-image-preview:large","max-video-preview":"max-video-preview:-1"},"canonical":"https:\/\/librairie7l.com\/en\/produit\/sylvie-fleury\/","og_locale":"en_US","og_type":"article","og_title":"SYLVIE FLEURY - Librairie 7L","og_description":"Monographie de r\u00e9f\u00e9rence, cette publication rassemble pour la premi\u00e8re fois les oeuvres classiques de Sylvie Fleury dat\u00e9es des ann\u00e9es 1990 ainsi que ses travaux chromatiques et mystiques du d\u00e9but du XXIe si\u00e8cle, participant ainsi \u00e0 red\u00e9finir l&#8217;apport de Fleury \u00e0 l&#8217;art des derni\u00e8res d\u00e9cennies. Le travail de Sylvie Fleury refl\u00e8te et anticipe son \u00e9poque autant [&hellip;]","og_url":"https:\/\/librairie7l.com\/en\/produit\/sylvie-fleury\/","og_site_name":"Librairie 7L","article_modified_time":"2026-04-29T18:05:01+00:00","og_image":[{"width":248,"height":300,"url":"https:\/\/librairie7l.com\/wp-content\/uploads\/2015\/12\/9783037644287_1_75.jpg","type":"image\/jpeg"}],"twitter_card":"summary_large_image","twitter_misc":{"Est. reading time":"2 minutes"},"schema":{"@context":"https:\/\/schema.org","@graph":[{"@type":"WebPage","@id":"https:\/\/librairie7l.com\/en\/produit\/sylvie-fleury\/","url":"https:\/\/librairie7l.com\/en\/produit\/sylvie-fleury\/","name":"SYLVIE FLEURY - Librairie 7L","isPartOf":{"@id":"https:\/\/librairie7l.com\/en\/#website"},"datePublished":"2023-05-10T13:14:41+00:00","dateModified":"2026-04-29T18:05:01+00:00","breadcrumb":{"@id":"https:\/\/librairie7l.com\/en\/produit\/sylvie-fleury\/#breadcrumb"},"inLanguage":"en-US","potentialAction":[{"@type":"ReadAction","target":["https:\/\/librairie7l.com\/en\/produit\/sylvie-fleury\/"]}]},{"@type":"BreadcrumbList","@id":"https:\/\/librairie7l.com\/en\/produit\/sylvie-fleury\/#breadcrumb","itemListElement":[{"@type":"ListItem","position":1,"name":"Accueil","item":"https:\/\/librairie7l.com\/en\/"},{"@type":"ListItem","position":2,"name":"Shop","item":"https:\/\/librairie7l.com\/en\/shop\/"},{"@type":"ListItem","position":3,"name":"SYLVIE FLEURY"}]},{"@type":"WebSite","@id":"https:\/\/librairie7l.com\/en\/#website","url":"https:\/\/librairie7l.com\/en\/","name":"Librairie 7L","description":"Librairie fond\u00e9e en 1999 par Karl Lagerfeld \u00e0 Paris","publisher":{"@id":"https:\/\/librairie7l.com\/en\/#organization"},"potentialAction":[{"@type":"SearchAction","target":{"@type":"EntryPoint","urlTemplate":"https:\/\/librairie7l.com\/en\/?s={search_term_string}"},"query-input":"required name=search_term_string"}],"inLanguage":"en-US"},{"@type":"Organization","@id":"https:\/\/librairie7l.com\/en\/#organization","name":"Librairie 7L","url":"https:\/\/librairie7l.com\/en\/","logo":{"@type":"ImageObject","inLanguage":"en-US","@id":"https:\/\/librairie7l.com\/en\/#\/schema\/logo\/image\/","url":"https:\/\/librairie7l.com\/wp-content\/uploads\/2022\/08\/logo-1.png","contentUrl":"https:\/\/librairie7l.com\/wp-content\/uploads\/2022\/08\/logo-1.png","width":227,"height":301,"caption":"Librairie 7L"},"image":{"@id":"https:\/\/librairie7l.com\/en\/#\/schema\/logo\/image\/"}}]}},"_links":{"self":[{"href":"https:\/\/librairie7l.com\/en\/wp-json\/wp\/v2\/product\/32075"}],"collection":[{"href":"https:\/\/librairie7l.com\/en\/wp-json\/wp\/v2\/product"}],"about":[{"href":"https:\/\/librairie7l.com\/en\/wp-json\/wp\/v2\/types\/product"}],"wp:featuredmedia":[{"embeddable":true,"href":"https:\/\/librairie7l.com\/en\/wp-json\/wp\/v2\/media\/32073"}],"wp:attachment":[{"href":"https:\/\/librairie7l.com\/en\/wp-json\/wp\/v2\/media?parent=32075"}],"wp:term":[{"taxonomy":"product_cat","embeddable":true,"href":"https:\/\/librairie7l.com\/en\/wp-json\/wp\/v2\/product_cat?post=32075"},{"taxonomy":"product_tag","embeddable":true,"href":"https:\/\/librairie7l.com\/en\/wp-json\/wp\/v2\/product_tag?post=32075"}],"curies":[{"name":"wp","href":"https:\/\/api.w.org\/{rel}","templated":true}]}}